{"id":10182,"date":"2021-11-12T17:06:03","date_gmt":"2021-11-12T16:06:03","guid":{"rendered":"https:\/\/www.immensiva.com\/venice-vr-expanded\/"},"modified":"2024-04-18T13:41:42","modified_gmt":"2024-04-18T11:41:42","slug":"venice-vr-expanded","status":"publish","type":"page","link":"https:\/\/www.immensiva.com\/ca\/venice-vr-expanded\/","title":{"rendered":"VENICE VR EXPANDED"},"content":{"rendered":"<div class=\"wpb-content-wrapper\"><p>[vc_row css=&#8221;.vc_custom_1594644421345{padding-top: 90px !important;padding-bottom: 50px !important;}&#8221;][vc_column]<style>.ld_spacer_69fc9820e9621{height:100px;}<\/style>\n<div class=\"ld-empty-space ld_spacer_69fc9820e9621\"><span class=\"liquid_empty_space_inner\"><\/span><\/div>[vc_single_image image=&#8221;12406&#8243; img_size=&#8221;full&#8221;]<style>.ld_spacer_69fc9820e96eb{height:50px;}<\/style>\n<div class=\"ld-empty-space ld_spacer_69fc9820e96eb\"><span class=\"liquid_empty_space_inner\"><\/span><\/div><style>.ld_fancy_heading_69fc9820e97c8 .lqd-highlight-inner{height:0.275em;bottom:0px;}<\/style><div class=\"ld-fancy-heading ld_fancy_heading_69fc9820e97c8\">\n\t<h1 class=\"lqd-highlight-underline lqd-highlight-grow-left\" ><span class=\"ld-fh-txt\"> <\/p>\n<p style=\"text-align: center\"><strong><span style=\"font-size: 36px\">Venice VR Expanded: Barcelona Satellite<\/span><\/strong><\/p>\n<p><\/span><\/h1><\/div>[vc_column_text]<\/p>\n<p style=\"text-align: center;\"><b><i>De l\u20191 al 19 de setembre de 2021 torna el Venice VR Expanded<\/i><\/b><\/p>\n<p style=\"text-align: center;\"><b><i>a ESPRONCEDA \u2013 Institute of Art &amp; Culture<\/i><\/b><\/p>\n<p style=\"text-align: center;\"><b><i>La preestrena per a la premsa ser\u00e0 el dia 31 d\u2019agost<\/i><\/b><\/p>\n<p style=\"text-align: center;\"><b><i>M\u00e9s de 40 projectes immersius, 9 hores al dia i 8 estacions simult\u00e0nies\u2026<\/i><\/b><\/p>\n<p style=\"text-align: center;\"><b><i>El futur ha arribat!<\/i><\/b><\/p>\n<p>[\/vc_column_text]<style>.ld_spacer_69fc982117991{height:13px;}<\/style>\n<div class=\"ld-empty-space ld_spacer_69fc982117991\"><span class=\"liquid_empty_space_inner\"><\/span><\/div>[\/vc_column][\/vc_row][vc_row][vc_column][vc_column_text]<span style=\"font-weight: 400;\">Per segon any consecutiu, la Biennal de Ven\u00e8cia organitza la seva versi\u00f3 expandida dedicada a la realitat virtual per a oferir al p\u00fablic de tot el m\u00f3n la possibilitat d\u2019experimentar la selecci\u00f3 de Venice VR Expanded, i ESPRONCEDA \u2013 Institute of Art &amp; Culture forma part d\u2019aquest programa.<\/span><\/p>\n<p><span style=\"font-weight: 400;\">Les peces de VR seleccionades seran accessibles per als espectadors acreditats del 78\u00e8 VIFF i els visitants de les institucions sat\u00e8l\u00b7lit, a trav\u00e9s dels cascos PCVR i Oculus Quest, en les plataformes Venice VR Expanded online associades HTC Viveport i Oculus de Facebook.<\/span><\/p>\n<p><span style=\"font-weight: 400;\">El Venice VR Expanded de 2021 est\u00e0 compost per 30 projectes immersius en Competici\u00f3, 10 projectes immersius en la secci\u00f3 Best Of i una selecci\u00f3 de projectes desenvolupats a trav\u00e9s del programa Biennale College Cinema VR.<\/span><\/p>\n<p><span style=\"font-weight: 400;\">L\u2019horari d\u2019obertura \u00e9s d\u201911 a 20h de l\u20191 al 19 de setembre, inclosos els caps de setmana.<\/span><\/p>\n<p><span style=\"font-weight: 400;\">Pots aconseguir les teves <\/span><b>entrades<\/b><span style=\"font-weight: 400;\"> aqu\u00ed: <\/span><a href=\"https:\/\/4tickets.es\/espronceda\/public\/janto\/\"><span style=\"font-weight: 400;\">https:\/\/4tickets.es\/espronceda\/public\/janto\/<\/span><\/a><\/p>\n<p><span style=\"font-weight: 400;\">A m\u00e9s d\u2019ESPRONCEDA, les obres de Venice VR Expanded tamb\u00e9 estaran disponibles en altres prestigioses institucions culturals de tot el m\u00f3n:<\/span><\/p>\n<p>&nbsp;<\/p>\n<p>&#8211; Centre PHI, Montr\u00e9al, Canada<br \/>\n&#8211; Sandman Studios \u2013 Sandbox Immersive Festival, Beijing, China<br \/>\n&#8211; MC2: Grenoble, Grenoble, France<br \/>\n&#8211; Centquatre-Paris, Paris, France<br \/>\n&#8211; Invr.Space, Berlin, Germany<br \/>\n&#8211; MEET Digital Culture Center | Fondazione Cariplo, Milan, Italy<br \/>\n&#8211; Fondazione Giacomo Brodolini \u2013 Aperto di Modena, Modena, Italy<br \/>\n&#8211; Museo Nazionale del Cinema, Turin, Italy<br \/>\n&#8211; M9 \u2013 Museum of the 20th Century, Venice Master, Italy<br \/>\n&#8211; Eye Filmmuseum, Amsterdam, Netherlands<br \/>\n&#8211; Less Media Group \u2013 Moscow Museum of Modern Art (MMOMA), Moscow, Russia<br \/>\n&#8211; Euromersive Turkey \u2013 IKSV Salon , Kolektif House (Maslak), Istanbul, Turkey<br \/>\n&#8211; Portland Art Museum , Northwest Film Center \u2013 Portland Art Museum, Portland, United States[\/vc_column_text]<style>.ld_spacer_69fc982117a59{height:100px;}<\/style>\n<div class=\"ld-empty-space ld_spacer_69fc982117a59\"><span class=\"liquid_empty_space_inner\"><\/span><\/div>[vc_column_text]<\/p>\n<h4 style=\"text-align: left;\"><a href=\"https:\/\/www.labiennale.org\/en\/cinema\/2021\/venice-vr-expanded-web-section\"><strong>ART PROJECTS<\/strong><\/a><\/h4>\n<p>[\/vc_column_text]<style>.ld_spacer_69fc982117afd{height:40px;}<\/style>\n<div class=\"ld-empty-space ld_spacer_69fc982117afd\"><span class=\"liquid_empty_space_inner\"><\/span><\/div>[\/vc_column][\/vc_row][vc_row css=&#8221;.vc_custom_1613992813216{background-color: #6524e9 !important;}&#8221;][vc_column width=&#8221;1\/2&#8243;]<style>.ld_spacer_69fc982117b8e{height:80px;}<\/style>\n<div class=\"ld-empty-space ld_spacer_69fc982117b8e\"><span class=\"liquid_empty_space_inner\"><\/span><\/div>[vc_column_text]<span style=\"color: #ffffff;\"><b>ENGELEN VAN AMSTERDAM (ANGELS IN AMSTERDAM)<\/b><\/span><\/p>\n<p><span style=\"font-weight: 400; color: #ffffff;\">de ANNA ABRAHAMS, AVINASH CHANGA<\/span>[\/vc_column_text][\/vc_column][vc_column width=&#8221;1\/2&#8243;]<style>.ld_spacer_69fc982117c1d{height:40px;}<\/style>\n<div class=\"ld-empty-space ld_spacer_69fc982117c1d\"><span class=\"liquid_empty_space_inner\"><\/span><\/div>[vc_video link=&#8221;https:\/\/www.youtube.com\/watch?v=8SEaY6wSfSI&amp;ab_channel=WeMakeVR&#8221; align=&#8221;center&#8221;][\/vc_column][\/vc_row][vc_row][vc_column width=&#8221;1\/2&#8243;]<style>.ld_spacer_69fc982117caa{height:40px;}<\/style>\n<div class=\"ld-empty-space ld_spacer_69fc982117caa\"><span class=\"liquid_empty_space_inner\"><\/span><\/div>[vc_single_image image=&#8221;12660&#8243; img_size=&#8221;870 x 547&#8243; css=&#8221;&#8221;][\/vc_column][vc_column width=&#8221;1\/2&#8243;]<style>.ld_spacer_69fc982117d3e{height:80px;}<\/style>\n<div class=\"ld-empty-space ld_spacer_69fc982117d3e\"><span class=\"liquid_empty_space_inner\"><\/span><\/div>[vc_column_text]<b>END OF NIGHT<\/b><\/p>\n<p><span style=\"font-weight: 400;\">de DAVID ADLER<\/span>[\/vc_column_text][\/vc_column][\/vc_row][vc_row css=&#8221;.vc_custom_1613992813216{background-color: #6524e9 !important;}&#8221;][vc_column width=&#8221;1\/2&#8243;]<style>.ld_spacer_69fc982117dca{height:80px;}<\/style>\n<div class=\"ld-empty-space ld_spacer_69fc982117dca\"><span class=\"liquid_empty_space_inner\"><\/span><\/div>[vc_column_text]<span style=\"color: #ffffff;\"><b>LA PLAGE DE SABLE \u00c9TOIL\u00c9 (THE STARRY SAND BEACH)<\/b><\/span><\/p>\n<p><span style=\"font-weight: 400; color: #ffffff;\">de NINA BARBIER, HSIN-CHIEN HUANG<\/span>[\/vc_column_text][\/vc_column][vc_column width=&#8221;1\/2&#8243;]<style>.ld_spacer_69fc982117e56{height:40px;}<\/style>\n<div class=\"ld-empty-space ld_spacer_69fc982117e56\"><span class=\"liquid_empty_space_inner\"><\/span><\/div>[vc_video link=&#8221;https:\/\/www.youtube.com\/watch?v=ZqRsF3YJGPE&amp;ab_channel=Hsin-ChienHuang&#8221; align=&#8221;center&#8221;][\/vc_column][\/vc_row][vc_row][vc_column width=&#8221;1\/2&#8243;]<style>.ld_spacer_69fc982117ee0{height:40px;}<\/style>\n<div class=\"ld-empty-space ld_spacer_69fc982117ee0\"><span class=\"liquid_empty_space_inner\"><\/span><\/div>[vc_video link=&#8221;https:\/\/www.youtube.com\/watch?v=GmSFiZpvLEo&amp;ab_channel=caquet&#8221;][\/vc_column][vc_column width=&#8221;1\/2&#8243;]<style>.ld_spacer_69fc982117f6b{height:80px;}<\/style>\n<div class=\"ld-empty-space ld_spacer_69fc982117f6b\"><span class=\"liquid_empty_space_inner\"><\/span><\/div>[vc_column_text]<b>CAVES<\/b><\/p>\n<p><span style=\"font-weight: 400;\">de CARLOS ISABEL GARC\u00cdA<\/span>[\/vc_column_text][\/vc_column][\/vc_row][vc_row css=&#8221;.vc_custom_1613992813216{background-color: #6524e9 !important;}&#8221;][vc_column width=&#8221;1\/2&#8243;]<style>.ld_spacer_69fc982117fe8{height:80px;}<\/style>\n<div class=\"ld-empty-space ld_spacer_69fc982117fe8\"><span class=\"liquid_empty_space_inner\"><\/span><\/div>[vc_column_text]<span style=\"color: #ffffff;\"><b>GENESIS<\/b><\/span><\/p>\n<p><span style=\"font-weight: 400; color: #ffffff;\">de JOERG COURTIAL<\/span>[\/vc_column_text][\/vc_column][vc_column width=&#8221;1\/2&#8243;]<style>.ld_spacer_69fc982118065{height:40px;}<\/style>\n<div class=\"ld-empty-space ld_spacer_69fc982118065\"><span class=\"liquid_empty_space_inner\"><\/span><\/div>[vc_video link=&#8221;https:\/\/vimeo.com\/584820349&#8243; align=&#8221;center&#8221;][\/vc_column][\/vc_row][vc_row][vc_column width=&#8221;1\/2&#8243;]<style>.ld_spacer_69fc9821180e3{height:40px;}<\/style>\n<div class=\"ld-empty-space ld_spacer_69fc9821180e3\"><span class=\"liquid_empty_space_inner\"><\/span><\/div>[vc_video link=&#8221;https:\/\/www.youtube.com\/watch?v=cqtR12HWjN0&amp;ab_channel=deac.online&#8221;][\/vc_column][vc_column width=&#8221;1\/2&#8243;]<style>.ld_spacer_69fc982118161{height:80px;}<\/style>\n<div class=\"ld-empty-space ld_spacer_69fc982118161\"><span class=\"liquid_empty_space_inner\"><\/span><\/div>[vc_column_text]<b>SPIRIT OF PLACE<\/b><\/p>\n<p><span style=\"font-weight: 400;\">de DALE DEACON<\/span>[\/vc_column_text][\/vc_column][\/vc_row][vc_row css=&#8221;.vc_custom_1613992813216{background-color: #6524e9 !important;}&#8221;][vc_column width=&#8221;1\/2&#8243;]<style>.ld_spacer_69fc9821181e1{height:80px;}<\/style>\n<div class=\"ld-empty-space ld_spacer_69fc9821181e1\"><span class=\"liquid_empty_space_inner\"><\/span><\/div>[vc_column_text]<span style=\"color: #ffffff;\"><b>TEARLESS<\/b><\/span><\/p>\n<p><span style=\"font-weight: 400; color: #ffffff;\">de KIM GINA<\/span>[\/vc_column_text][\/vc_column][vc_column width=&#8221;1\/2&#8243;]<style>.ld_spacer_69fc98211825f{height:40px;}<\/style>\n<div class=\"ld-empty-space ld_spacer_69fc98211825f\"><span class=\"liquid_empty_space_inner\"><\/span><\/div>[vc_video link=&#8221;https:\/\/www.youtube.com\/watch?v=vz2ThXcRsME&amp;feature=emb_logo&amp;ab_channel=CyanFilms&#8221; align=&#8221;center&#8221;][\/vc_column][\/vc_row][vc_row][vc_column width=&#8221;1\/2&#8243;]<style>.ld_spacer_69fc9821182db{height:40px;}<\/style>\n<div class=\"ld-empty-space ld_spacer_69fc9821182db\"><span class=\"liquid_empty_space_inner\"><\/span><\/div>[vc_video link=&#8221;https:\/\/www.youtube.com\/watch?v=9IygU6BpINQ&amp;ab_channel=Hsin-ChienHuang&#8221;][\/vc_column][vc_column width=&#8221;1\/2&#8243;]<style>.ld_spacer_69fc982118357{height:80px;}<\/style>\n<div class=\"ld-empty-space ld_spacer_69fc982118357\"><span class=\"liquid_empty_space_inner\"><\/span><\/div>[vc_column_text]<b>LUN HUI (SAMSARA) COMPLETE PART 1 AND 2 VERSION<\/b><\/p>\n<p><span style=\"font-weight: 400;\">de HSIN-CHIEN HUANG<\/span>[\/vc_column_text][\/vc_column][\/vc_row][vc_row css=&#8221;.vc_custom_1613992813216{background-color: #6524e9 !important;}&#8221;][vc_column width=&#8221;1\/2&#8243;]<style>.ld_spacer_69fc9821183d4{height:80px;}<\/style>\n<div class=\"ld-empty-space ld_spacer_69fc9821183d4\"><span class=\"liquid_empty_space_inner\"><\/span><\/div>[vc_column_text]<span style=\"color: #ffffff;\"><b>CONTAINER<\/b><\/span><\/p>\n<p><span style=\"font-weight: 400; color: #ffffff;\">de MEGHNA SINGH, SIMON WOOD<\/span>[\/vc_column_text][\/vc_column][vc_column width=&#8221;1\/2&#8243;]<style>.ld_spacer_69fc982118450{height:40px;}<\/style>\n<div class=\"ld-empty-space ld_spacer_69fc982118450\"><span class=\"liquid_empty_space_inner\"><\/span><\/div>[vc_video link=&#8221;https:\/\/vimeo.com\/580361988&#8243;][\/vc_column][\/vc_row][vc_row][vc_column width=&#8221;1\/2&#8243;]<style>.ld_spacer_69fc9821184cb{height:40px;}<\/style>\n<div class=\"ld-empty-space ld_spacer_69fc9821184cb\"><span class=\"liquid_empty_space_inner\"><\/span><\/div>[vc_video link=&#8221;https:\/\/www.youtube.com\/watch?v=zZpYzjM8ZeQ&amp;ab_channel=TeatrosdelCanal&#8221;][\/vc_column][vc_column width=&#8221;1\/2&#8243;]<style>.ld_spacer_69fc982118547{height:80px;}<\/style>\n<div class=\"ld-empty-space ld_spacer_69fc982118547\"><span class=\"liquid_empty_space_inner\"><\/span><\/div>[vc_column_text]<b>LE BAL DE PARIS DE BLANCA LI<\/b><\/p>\n<p><span style=\"font-weight: 400;\">de BLANCA LI<\/span>[\/vc_column_text][\/vc_column][\/vc_row][vc_row css=&#8221;.vc_custom_1613992813216{background-color: #6524e9 !important;}&#8221;][vc_column width=&#8221;1\/2&#8243;]<style>.ld_spacer_69fc9821185c4{height:80px;}<\/style>\n<div class=\"ld-empty-space ld_spacer_69fc9821185c4\"><span class=\"liquid_empty_space_inner\"><\/span><\/div>[vc_column_text]<span style=\"color: #ffffff;\"><b>ANANDALA<\/b><\/span><\/p>\n<p><span style=\"font-weight: 400; color: #ffffff;\">de KEVIN MACK<\/span>[\/vc_column_text][\/vc_column][vc_column width=&#8221;1\/2&#8243;]<style>.ld_spacer_69fc982118640{height:40px;}<\/style>\n<div class=\"ld-empty-space ld_spacer_69fc982118640\"><span class=\"liquid_empty_space_inner\"><\/span><\/div>[vc_video link=&#8221;https:\/\/www.youtube.com\/watch?v=9V2C2g2Go3k&amp;ab_channel=ALife2020Conference&#8221; align=&#8221;center&#8221;][\/vc_column][\/vc_row][vc_row][vc_column]<style>.ld_spacer_69fc9821186bc{height:100px;}<\/style>\n<div class=\"ld-empty-space ld_spacer_69fc9821186bc\"><span class=\"liquid_empty_space_inner\"><\/span><\/div>[\/vc_column][\/vc_row]<\/p>\n<\/div>","protected":false},"excerpt":{"rendered":"<p>[vc_row css=&#8221;.vc_custom_1594644421345{padding-top: 90px !important;padding-bottom: 50px !important;}&#8221;][vc_column][vc_single_image image=&#8221;12406&#8243; img_size=&#8221;full&#8221;][vc_column_text] De l\u20191 al 19 de setembre de&#8230;<\/p>\n","protected":false},"author":2,"featured_media":0,"parent":0,"menu_order":0,"comment_status":"closed","ping_status":"closed","template":"","meta":{"footnotes":""},"featured_image_urls":{"full":"","thumbnail":"","medium":"","medium_large":"","large":"","1536x1536":"","2048x2048":"","awb_sm":"","awb_md":"","awb_lg":"","awb_xl":"","liquid-default-blog":"","liquid-standard-blog":"","liquid-featured-blog":"","liquid-rounded-blog":"","liquid-classic-meta-blog":"","liquid-classic-2-blog":"","liquid-grid":"","liquid-split-blog":"","liquid-classic-full-blog":"","liquid-metro-blog":"","liquid-timeline-blog":"","liquid-carousel-blog":"","liquid-square-blog":"","liquid-candy-blog":"","liquid-category-blog":"","liquid-cover-post":"","liquid-default-post":"","liquid-cover-spaced":"","liquid-masonry-shortest":"","liquid-masonry-short":"","liquid-masonry-tall":"","liquid-masonry-taller":"","liquid-medium":"","liquid-large":"","liquid-thumbnail":"","liquid-masonry-header-small":"","liquid-masonry-header-big":"","liquid-thumbnail-post":"","liquid-small-blog":"","liquid-related-post":"","liquid-portfolio":"","liquid-portfolio-sq":"","liquid-portfolio-big-sq":"","liquid-portfolio-portrait":"","liquid-portfolio-wide":"","liquid-packery-wide":"","liquid-packery-portrait":"","liquid-grid-hover-overlay":"","liquid-grid-hover-classic":"","liquid-grid-hover-3d":"","liquid-grid-caption":"","liquid-large-slider":"","liquid-widget":"","liquid-portfolio-vertical-overlay":""},"post_excerpt_stackable":"<p>[vc_row css=&#8221;.vc_custom_1594644421345{padding-top: 90px !important;padding-bottom: 50px !important;}&#8221;][vc_column] [vc_single_image image=&#8221;12406&#8243; img_size=&#8221;full&#8221;] Venice VR Expanded: Barcelona Satellite [vc_column_text] De l\u20191 al 19 de setembre de 2021 torna el Venice VR Expanded a ESPRONCEDA \u2013 Institute of Art &amp; Culture La preestrena per a la premsa ser\u00e0 el dia 31 d\u2019agost M\u00e9s de 40 projectes immersius, 9 hores al dia i 8 estacions simult\u00e0nies\u2026 El futur ha arribat! [\/vc_column_text] [\/vc_column][\/vc_row][vc_row][vc_column][vc_column_text]Per segon any consecutiu, la Biennal de Ven\u00e8cia organitza la seva versi\u00f3 expandida dedicada a la realitat virtual per a oferir al p\u00fablic de tot el m\u00f3n la possibilitat d\u2019experimentar la selecci\u00f3 de Venice VR&hellip;<\/p>\n","category_list":"","author_info":{"name":"vitor","url":"https:\/\/www.immensiva.com\/ca\/author\/vitor\/"},"comments_num":"0 comments","yoast_head":"<!-- This site is optimized with the Yoast SEO plugin v22.5 - https:\/\/yoast.com\/wordpress\/plugins\/seo\/ -->\n<title>Venice VR Expanded: Explorant el Futur de la Realitat Virtual<\/title>\n<meta name=\"description\" content=\"Submergeix-te en Venice VR Expanded, una experi\u00e8ncia \u00fanica en IMMENSIVA que et porta al cor de la creaci\u00f3 en realitat virtual.\" \/>\n<meta name=\"robots\" content=\"index, follow, max-snippet:-1, max-image-preview:large, max-video-preview:-1\" \/>\n<link rel=\"canonical\" href=\"https:\/\/www.immensiva.com\/ca\/venice-vr-expanded\/\" \/>\n<meta property=\"og:locale\" content=\"ca_ES\" \/>\n<meta property=\"og:type\" content=\"article\" \/>\n<meta property=\"og:title\" content=\"Venice VR Expanded: Explorant el Futur de la Realitat Virtual\" \/>\n<meta property=\"og:description\" content=\"Submergeix-te en Venice VR Expanded, una experi\u00e8ncia \u00fanica en IMMENSIVA que et porta al cor de la creaci\u00f3 en realitat virtual.\" \/>\n<meta property=\"og:url\" content=\"https:\/\/www.immensiva.com\/ca\/venice-vr-expanded\/\" \/>\n<meta property=\"og:site_name\" content=\"IMMENSIVA\" \/>\n<meta property=\"article:modified_time\" content=\"2024-04-18T11:41:42+00:00\" \/>\n<meta name=\"twitter:card\" content=\"summary_large_image\" \/>\n<meta name=\"twitter:label1\" content=\"Temps estimat de lectura\" \/>\n\t<meta name=\"twitter:data1\" content=\"3 minuts\" \/>\n<script type=\"application\/ld+json\" class=\"yoast-schema-graph\">{\"@context\":\"https:\/\/schema.org\",\"@graph\":[{\"@type\":\"WebPage\",\"@id\":\"https:\/\/www.immensiva.com\/ca\/venice-vr-expanded\/\",\"url\":\"https:\/\/www.immensiva.com\/ca\/venice-vr-expanded\/\",\"name\":\"Venice VR Expanded: Explorant el Futur de la Realitat Virtual\",\"isPartOf\":{\"@id\":\"https:\/\/www.immensiva.com\/#website\"},\"datePublished\":\"2021-11-12T16:06:03+00:00\",\"dateModified\":\"2024-04-18T11:41:42+00:00\",\"description\":\"Submergeix-te en Venice VR Expanded, una experi\u00e8ncia \u00fanica en IMMENSIVA que et porta al cor de la creaci\u00f3 en realitat virtual.\",\"breadcrumb\":{\"@id\":\"https:\/\/www.immensiva.com\/ca\/venice-vr-expanded\/#breadcrumb\"},\"inLanguage\":\"ca\",\"potentialAction\":[{\"@type\":\"ReadAction\",\"target\":[\"https:\/\/www.immensiva.com\/ca\/venice-vr-expanded\/\"]}]},{\"@type\":\"BreadcrumbList\",\"@id\":\"https:\/\/www.immensiva.com\/ca\/venice-vr-expanded\/#breadcrumb\",\"itemListElement\":[{\"@type\":\"ListItem\",\"position\":1,\"name\":\"Home\",\"item\":\"https:\/\/www.immensiva.com\/ca\/\"},{\"@type\":\"ListItem\",\"position\":2,\"name\":\"VENICE VR EXPANDED\"}]},{\"@type\":\"WebSite\",\"@id\":\"https:\/\/www.immensiva.com\/#website\",\"url\":\"https:\/\/www.immensiva.com\/\",\"name\":\"IMMENSIVA\",\"description\":\"Focusing on VR, AR, XR art &amp; AI art\",\"potentialAction\":[{\"@type\":\"SearchAction\",\"target\":{\"@type\":\"EntryPoint\",\"urlTemplate\":\"https:\/\/www.immensiva.com\/?s={search_term_string}\"},\"query-input\":\"required name=search_term_string\"}],\"inLanguage\":\"ca\"}]}<\/script>\n<!-- \/ Yoast SEO plugin. -->","yoast_head_json":{"title":"Venice VR Expanded: Explorant el Futur de la Realitat Virtual","description":"Submergeix-te en Venice VR Expanded, una experi\u00e8ncia \u00fanica en IMMENSIVA que et porta al cor de la creaci\u00f3 en realitat virtual.","robots":{"index":"index","follow":"follow","max-snippet":"max-snippet:-1","max-image-preview":"max-image-preview:large","max-video-preview":"max-video-preview:-1"},"canonical":"https:\/\/www.immensiva.com\/ca\/venice-vr-expanded\/","og_locale":"ca_ES","og_type":"article","og_title":"Venice VR Expanded: Explorant el Futur de la Realitat Virtual","og_description":"Submergeix-te en Venice VR Expanded, una experi\u00e8ncia \u00fanica en IMMENSIVA que et porta al cor de la creaci\u00f3 en realitat virtual.","og_url":"https:\/\/www.immensiva.com\/ca\/venice-vr-expanded\/","og_site_name":"IMMENSIVA","article_modified_time":"2024-04-18T11:41:42+00:00","twitter_card":"summary_large_image","twitter_misc":{"Temps estimat de lectura":"3 minuts"},"schema":{"@context":"https:\/\/schema.org","@graph":[{"@type":"WebPage","@id":"https:\/\/www.immensiva.com\/ca\/venice-vr-expanded\/","url":"https:\/\/www.immensiva.com\/ca\/venice-vr-expanded\/","name":"Venice VR Expanded: Explorant el Futur de la Realitat Virtual","isPartOf":{"@id":"https:\/\/www.immensiva.com\/#website"},"datePublished":"2021-11-12T16:06:03+00:00","dateModified":"2024-04-18T11:41:42+00:00","description":"Submergeix-te en Venice VR Expanded, una experi\u00e8ncia \u00fanica en IMMENSIVA que et porta al cor de la creaci\u00f3 en realitat virtual.","breadcrumb":{"@id":"https:\/\/www.immensiva.com\/ca\/venice-vr-expanded\/#breadcrumb"},"inLanguage":"ca","potentialAction":[{"@type":"ReadAction","target":["https:\/\/www.immensiva.com\/ca\/venice-vr-expanded\/"]}]},{"@type":"BreadcrumbList","@id":"https:\/\/www.immensiva.com\/ca\/venice-vr-expanded\/#breadcrumb","itemListElement":[{"@type":"ListItem","position":1,"name":"Home","item":"https:\/\/www.immensiva.com\/ca\/"},{"@type":"ListItem","position":2,"name":"VENICE VR EXPANDED"}]},{"@type":"WebSite","@id":"https:\/\/www.immensiva.com\/#website","url":"https:\/\/www.immensiva.com\/","name":"IMMENSIVA","description":"Focusing on VR, AR, XR art &amp; AI art","potentialAction":[{"@type":"SearchAction","target":{"@type":"EntryPoint","urlTemplate":"https:\/\/www.immensiva.com\/?s={search_term_string}"},"query-input":"required name=search_term_string"}],"inLanguage":"ca"}]}},"_links":{"self":[{"href":"https:\/\/www.immensiva.com\/ca\/wp-json\/wp\/v2\/pages\/10182"}],"collection":[{"href":"https:\/\/www.immensiva.com\/ca\/wp-json\/wp\/v2\/pages"}],"about":[{"href":"https:\/\/www.immensiva.com\/ca\/wp-json\/wp\/v2\/types\/page"}],"author":[{"embeddable":true,"href":"https:\/\/www.immensiva.com\/ca\/wp-json\/wp\/v2\/users\/2"}],"replies":[{"embeddable":true,"href":"https:\/\/www.immensiva.com\/ca\/wp-json\/wp\/v2\/comments?post=10182"}],"version-history":[{"count":11,"href":"https:\/\/www.immensiva.com\/ca\/wp-json\/wp\/v2\/pages\/10182\/revisions"}],"predecessor-version":[{"id":12715,"href":"https:\/\/www.immensiva.com\/ca\/wp-json\/wp\/v2\/pages\/10182\/revisions\/12715"}],"wp:attachment":[{"href":"https:\/\/www.immensiva.com\/ca\/wp-json\/wp\/v2\/media?parent=10182"}],"curies":[{"name":"wp","href":"https:\/\/api.w.org\/{rel}","templated":true}]}}