{"id":10680,"date":"2021-11-19T11:00:44","date_gmt":"2021-11-19T10:00:44","guid":{"rendered":"https:\/\/www.immensiva.com\/la-comedie-virtuelle\/"},"modified":"2024-04-15T14:22:38","modified_gmt":"2024-04-15T12:22:38","slug":"la-comedie-virtuelle","status":"publish","type":"page","link":"https:\/\/www.immensiva.com\/ca\/la-comedie-virtuelle\/","title":{"rendered":"LA COM\u00c9DIE VIRTUELLE"},"content":{"rendered":"<div class=\"wpb-content-wrapper\"><p>[vc_row css=&#8221;.vc_custom_1594644421345{padding-top: 90px !important;padding-bottom: 50px !important;}&#8221;][vc_column]<style>.ld_spacer_69e3ec9a072c4{height:100px;}<\/style>\n<div class=\"ld-empty-space ld_spacer_69e3ec9a072c4\"><span class=\"liquid_empty_space_inner\"><\/span><\/div><style>.ld_spacer_69e3ec9a0746a{height:50px;}<\/style>\n<div class=\"ld-empty-space ld_spacer_69e3ec9a0746a\"><span class=\"liquid_empty_space_inner\"><\/span><\/div><style>.ld_fancy_heading_69e3ec9a075d7 .lqd-highlight-inner{height:0.275em;bottom:0px;}<\/style><div class=\"ld-fancy-heading ld_fancy_heading_69e3ec9a075d7\">\n\t<h1 class=\"lqd-highlight-underline lqd-highlight-grow-left\" ><span class=\"ld-fh-txt\"> <\/p>\n<p style=\"text-align: center\"><span style=\"font-size: 36px\"><strong>LA COM\u00c9DIE VIRTUELLE BY GILLES JOBIN CIE<\/strong><\/span><\/p>\n<p><\/span><\/h1><\/div>[vc_row_inner][vc_column_inner width=&#8221;1\/2&#8243;][vc_column_text]<\/p>\n<p style=\"text-align: left;\"><strong><span style=\"color: #999999; font-size: 21px;\">Uneix-te els dies 12, 13, 19 i 20 de Junny\u00a0<\/span><\/strong><\/p>\n<p>[\/vc_column_text]<style>.ld_spacer_69e3ec9a114a2{height:30px;}<\/style>\n<div class=\"ld-empty-space ld_spacer_69e3ec9a114a2\"><span class=\"liquid_empty_space_inner\"><\/span><\/div>[vc_column_text]<span style=\"font-weight: 400;\">La Com\u00e9die Virtuelle \u00e9s una experi\u00e8ncia de realitat virtual multiusuari que permet al p\u00fablic visitar la Future Com\u00e9die de Gen\u00e8ve, el nou edifici del teatre m\u00e9s antic de Ginebra, que inaugurar\u00e0 les seves noves instal\u00b7lacions el proper any. El p\u00fablic es podr\u00e0 moure per les diferents \u00e0rees de l\u2019edifici, interactuant amb l\u2019espai, aix\u00ed com amb els altres \u201cvisitants\u201d. Quant a la primera creaci\u00f3 de realitat virtual immersiva de Cie Gilles Jobin, VR_I, no hi ha tecnologia per tecnologia, sin\u00f3 una narrativa no lineal real, q\u00fcestions est\u00e8tiques reals i una creaci\u00f3 art\u00edstica genu\u00efna i, sobretot, la construcci\u00f3 d\u2019un nou espai creatiu i d\u2019allotjament per a projectes virtuals. La Com\u00e9die Virtuelle \u00e9s un projecte innovador i social, accessible tant amb un dispositiu de realitat virtual com de forma remota des d\u2019una pantalla d\u2019ordinador.<\/span>[\/vc_column_text]<style>.ld_spacer_69e3ec9a117d4{height:30px;}<\/style>\n<div class=\"ld-empty-space ld_spacer_69e3ec9a117d4\"><span class=\"liquid_empty_space_inner\"><\/span><\/div>[vc_btn title=&#8221;AGAFA EL TEU TICKET&#8221; style=&#8221;3d&#8221; color=&#8221;danger&#8221; size=&#8221;lg&#8221; align=&#8221;center&#8221; link=&#8221;url:https%3A%2F%2Fwww.eventbrite.com%2Fe%2F159111034387|&#8221;][\/vc_column_inner][vc_column_inner width=&#8221;1\/2&#8243;][vc_single_image image=&#8221;12390&#8243; img_size=&#8221;full&#8221;][\/vc_column_inner][\/vc_row_inner]<style>.ld_spacer_69e3ec9a11aae{height:40px;}<\/style>\n<div class=\"ld-empty-space ld_spacer_69e3ec9a11aae\"><span class=\"liquid_empty_space_inner\"><\/span><\/div>[vc_column_text]<\/p>\n<h4 style=\"text-align: left;\"><strong>TRAILER: La Com\u00e9die Virtuelle<\/strong><\/h4>\n<p>[\/vc_column_text]<style>.ld_spacer_69e3ec9a11d78{height:40px;}<\/style>\n<div class=\"ld-empty-space ld_spacer_69e3ec9a11d78\"><span class=\"liquid_empty_space_inner\"><\/span><\/div>[vc_video link=&#8221;https:\/\/www.youtube.com\/watch?v=LeL7dwGlcRw&amp;ab_channel=Com%C3%A9diedeGen%C3%A8ve&#8221;]<style>.ld_spacer_69e3ec9a1205d{height:30px;}<\/style>\n<div class=\"ld-empty-space ld_spacer_69e3ec9a1205d\"><span class=\"liquid_empty_space_inner\"><\/span><\/div>[vc_column_text]<\/p>\n<h4 style=\"text-align: left;\"><strong>GILLES JOBIN a Espronceda Institute of Art and Culture<\/strong><\/h4>\n<p>[\/vc_column_text]<style>.ld_spacer_69e3ec9a12323{height:30px;}<\/style>\n<div class=\"ld-empty-space ld_spacer_69e3ec9a12323\"><span class=\"liquid_empty_space_inner\"><\/span><\/div>[vc_video link=&#8221;https:\/\/www.youtube.com\/watch?v=Z8NXEnNb7tE&amp;t=15s&amp;ab_channel=Espronceda&#8221;]<style>.ld_spacer_69e3ec9a125de{height:30px;}<\/style>\n<div class=\"ld-empty-space ld_spacer_69e3ec9a125de\"><span class=\"liquid_empty_space_inner\"><\/span><\/div>[\/vc_column][\/vc_row]<\/p>\n<\/div>","protected":false},"excerpt":{"rendered":"<p>[vc_row css=&#8221;.vc_custom_1594644421345{padding-top: 90px !important;padding-bottom: 50px !important;}&#8221;][vc_column][vc_row_inner][vc_column_inner width=&#8221;1\/2&#8243;][vc_column_text] Uneix-te els dies 12, 13, 19 i 20&#8230;<\/p>\n","protected":false},"author":2,"featured_media":0,"parent":0,"menu_order":0,"comment_status":"closed","ping_status":"closed","template":"","meta":{"footnotes":""},"featured_image_urls":{"full":"","thumbnail":"","medium":"","medium_large":"","large":"","1536x1536":"","2048x2048":"","awb_sm":"","awb_md":"","awb_lg":"","awb_xl":"","liquid-default-blog":"","liquid-standard-blog":"","liquid-featured-blog":"","liquid-rounded-blog":"","liquid-classic-meta-blog":"","liquid-classic-2-blog":"","liquid-grid":"","liquid-split-blog":"","liquid-classic-full-blog":"","liquid-metro-blog":"","liquid-timeline-blog":"","liquid-carousel-blog":"","liquid-square-blog":"","liquid-candy-blog":"","liquid-category-blog":"","liquid-cover-post":"","liquid-default-post":"","liquid-cover-spaced":"","liquid-masonry-shortest":"","liquid-masonry-short":"","liquid-masonry-tall":"","liquid-masonry-taller":"","liquid-medium":"","liquid-large":"","liquid-thumbnail":"","liquid-masonry-header-small":"","liquid-masonry-header-big":"","liquid-thumbnail-post":"","liquid-small-blog":"","liquid-related-post":"","liquid-portfolio":"","liquid-portfolio-sq":"","liquid-portfolio-big-sq":"","liquid-portfolio-portrait":"","liquid-portfolio-wide":"","liquid-packery-wide":"","liquid-packery-portrait":"","liquid-grid-hover-overlay":"","liquid-grid-hover-classic":"","liquid-grid-hover-3d":"","liquid-grid-caption":"","liquid-large-slider":"","liquid-widget":"","liquid-portfolio-vertical-overlay":""},"post_excerpt_stackable":"<p>[vc_row css=&#8221;.vc_custom_1594644421345{padding-top: 90px !important;padding-bottom: 50px !important;}&#8221;][vc_column] LA COM\u00c9DIE VIRTUELLE BY GILLES JOBIN CIE [vc_row_inner][vc_column_inner width=&#8221;1\/2&#8243;][vc_column_text] Uneix-te els dies 12, 13, 19 i 20 de Junny\u00a0 [\/vc_column_text] [vc_column_text]La Com\u00e9die Virtuelle \u00e9s una experi\u00e8ncia de realitat virtual multiusuari que permet al p\u00fablic visitar la Future Com\u00e9die de Gen\u00e8ve, el nou edifici del teatre m\u00e9s antic de Ginebra, que inaugurar\u00e0 les seves noves instal\u00b7lacions el proper any. El p\u00fablic es podr\u00e0 moure per les diferents \u00e0rees de l\u2019edifici, interactuant amb l\u2019espai, aix\u00ed com amb els altres \u201cvisitants\u201d. Quant a la primera creaci\u00f3 de realitat virtual immersiva de Cie Gilles Jobin, VR_I, no hi&hellip;<\/p>\n","category_list":"","author_info":{"name":"vitor","url":"https:\/\/www.immensiva.com\/ca\/author\/vitor\/"},"comments_num":"0 comments","yoast_head":"<!-- This site is optimized with the Yoast SEO plugin v22.5 - https:\/\/yoast.com\/wordpress\/plugins\/seo\/ -->\n<title>LA COM\u00c9DIE VIRTUELLE: Innovaci\u00f3 Teatral VR | IMMENSIVA<\/title>\n<meta name=\"description\" content=\"Experimenta &#039;La Com\u00e9die Virtuelle&#039; de Gilles Jobin: una revolucion\u00e0ria immersi\u00f3 VR en el futur teatre de Ginebra.\" \/>\n<meta name=\"robots\" content=\"index, follow, max-snippet:-1, max-image-preview:large, max-video-preview:-1\" \/>\n<link rel=\"canonical\" href=\"https:\/\/www.immensiva.com\/ca\/la-comedie-virtuelle\/\" \/>\n<meta property=\"og:locale\" content=\"ca_ES\" \/>\n<meta property=\"og:type\" content=\"article\" \/>\n<meta property=\"og:title\" content=\"LA COM\u00c9DIE VIRTUELLE: Innovaci\u00f3 Teatral VR | IMMENSIVA\" \/>\n<meta property=\"og:description\" content=\"Experimenta &#039;La Com\u00e9die Virtuelle&#039; de Gilles Jobin: una revolucion\u00e0ria immersi\u00f3 VR en el futur teatre de Ginebra.\" \/>\n<meta property=\"og:url\" content=\"https:\/\/www.immensiva.com\/ca\/la-comedie-virtuelle\/\" \/>\n<meta property=\"og:site_name\" content=\"IMMENSIVA\" \/>\n<meta property=\"article:modified_time\" content=\"2024-04-15T12:22:38+00:00\" \/>\n<meta name=\"twitter:card\" content=\"summary_large_image\" \/>\n<meta name=\"twitter:label1\" content=\"Temps estimat de lectura\" \/>\n\t<meta name=\"twitter:data1\" content=\"1 minut\" \/>\n<script type=\"application\/ld+json\" class=\"yoast-schema-graph\">{\"@context\":\"https:\/\/schema.org\",\"@graph\":[{\"@type\":\"WebPage\",\"@id\":\"https:\/\/www.immensiva.com\/ca\/la-comedie-virtuelle\/\",\"url\":\"https:\/\/www.immensiva.com\/ca\/la-comedie-virtuelle\/\",\"name\":\"LA COM\u00c9DIE VIRTUELLE: Innovaci\u00f3 Teatral VR | IMMENSIVA\",\"isPartOf\":{\"@id\":\"https:\/\/www.immensiva.com\/#website\"},\"datePublished\":\"2021-11-19T10:00:44+00:00\",\"dateModified\":\"2024-04-15T12:22:38+00:00\",\"description\":\"Experimenta 'La Com\u00e9die Virtuelle' de Gilles Jobin: una revolucion\u00e0ria immersi\u00f3 VR en el futur teatre de Ginebra.\",\"breadcrumb\":{\"@id\":\"https:\/\/www.immensiva.com\/ca\/la-comedie-virtuelle\/#breadcrumb\"},\"inLanguage\":\"ca\",\"potentialAction\":[{\"@type\":\"ReadAction\",\"target\":[\"https:\/\/www.immensiva.com\/ca\/la-comedie-virtuelle\/\"]}]},{\"@type\":\"BreadcrumbList\",\"@id\":\"https:\/\/www.immensiva.com\/ca\/la-comedie-virtuelle\/#breadcrumb\",\"itemListElement\":[{\"@type\":\"ListItem\",\"position\":1,\"name\":\"Home\",\"item\":\"https:\/\/www.immensiva.com\/ca\/\"},{\"@type\":\"ListItem\",\"position\":2,\"name\":\"LA COM\u00c9DIE VIRTUELLE\"}]},{\"@type\":\"WebSite\",\"@id\":\"https:\/\/www.immensiva.com\/#website\",\"url\":\"https:\/\/www.immensiva.com\/\",\"name\":\"IMMENSIVA\",\"description\":\"Focusing on VR, AR, XR art &amp; AI art\",\"potentialAction\":[{\"@type\":\"SearchAction\",\"target\":{\"@type\":\"EntryPoint\",\"urlTemplate\":\"https:\/\/www.immensiva.com\/?s={search_term_string}\"},\"query-input\":\"required name=search_term_string\"}],\"inLanguage\":\"ca\"}]}<\/script>\n<!-- \/ Yoast SEO plugin. -->","yoast_head_json":{"title":"LA COM\u00c9DIE VIRTUELLE: Innovaci\u00f3 Teatral VR | IMMENSIVA","description":"Experimenta 'La Com\u00e9die Virtuelle' de Gilles Jobin: una revolucion\u00e0ria immersi\u00f3 VR en el futur teatre de Ginebra.","robots":{"index":"index","follow":"follow","max-snippet":"max-snippet:-1","max-image-preview":"max-image-preview:large","max-video-preview":"max-video-preview:-1"},"canonical":"https:\/\/www.immensiva.com\/ca\/la-comedie-virtuelle\/","og_locale":"ca_ES","og_type":"article","og_title":"LA COM\u00c9DIE VIRTUELLE: Innovaci\u00f3 Teatral VR | IMMENSIVA","og_description":"Experimenta 'La Com\u00e9die Virtuelle' de Gilles Jobin: una revolucion\u00e0ria immersi\u00f3 VR en el futur teatre de Ginebra.","og_url":"https:\/\/www.immensiva.com\/ca\/la-comedie-virtuelle\/","og_site_name":"IMMENSIVA","article_modified_time":"2024-04-15T12:22:38+00:00","twitter_card":"summary_large_image","twitter_misc":{"Temps estimat de lectura":"1 minut"},"schema":{"@context":"https:\/\/schema.org","@graph":[{"@type":"WebPage","@id":"https:\/\/www.immensiva.com\/ca\/la-comedie-virtuelle\/","url":"https:\/\/www.immensiva.com\/ca\/la-comedie-virtuelle\/","name":"LA COM\u00c9DIE VIRTUELLE: Innovaci\u00f3 Teatral VR | IMMENSIVA","isPartOf":{"@id":"https:\/\/www.immensiva.com\/#website"},"datePublished":"2021-11-19T10:00:44+00:00","dateModified":"2024-04-15T12:22:38+00:00","description":"Experimenta 'La Com\u00e9die Virtuelle' de Gilles Jobin: una revolucion\u00e0ria immersi\u00f3 VR en el futur teatre de Ginebra.","breadcrumb":{"@id":"https:\/\/www.immensiva.com\/ca\/la-comedie-virtuelle\/#breadcrumb"},"inLanguage":"ca","potentialAction":[{"@type":"ReadAction","target":["https:\/\/www.immensiva.com\/ca\/la-comedie-virtuelle\/"]}]},{"@type":"BreadcrumbList","@id":"https:\/\/www.immensiva.com\/ca\/la-comedie-virtuelle\/#breadcrumb","itemListElement":[{"@type":"ListItem","position":1,"name":"Home","item":"https:\/\/www.immensiva.com\/ca\/"},{"@type":"ListItem","position":2,"name":"LA COM\u00c9DIE VIRTUELLE"}]},{"@type":"WebSite","@id":"https:\/\/www.immensiva.com\/#website","url":"https:\/\/www.immensiva.com\/","name":"IMMENSIVA","description":"Focusing on VR, AR, XR art &amp; AI art","potentialAction":[{"@type":"SearchAction","target":{"@type":"EntryPoint","urlTemplate":"https:\/\/www.immensiva.com\/?s={search_term_string}"},"query-input":"required name=search_term_string"}],"inLanguage":"ca"}]}},"_links":{"self":[{"href":"https:\/\/www.immensiva.com\/ca\/wp-json\/wp\/v2\/pages\/10680"}],"collection":[{"href":"https:\/\/www.immensiva.com\/ca\/wp-json\/wp\/v2\/pages"}],"about":[{"href":"https:\/\/www.immensiva.com\/ca\/wp-json\/wp\/v2\/types\/page"}],"author":[{"embeddable":true,"href":"https:\/\/www.immensiva.com\/ca\/wp-json\/wp\/v2\/users\/2"}],"replies":[{"embeddable":true,"href":"https:\/\/www.immensiva.com\/ca\/wp-json\/wp\/v2\/comments?post=10680"}],"version-history":[{"count":4,"href":"https:\/\/www.immensiva.com\/ca\/wp-json\/wp\/v2\/pages\/10680\/revisions"}],"predecessor-version":[{"id":12394,"href":"https:\/\/www.immensiva.com\/ca\/wp-json\/wp\/v2\/pages\/10680\/revisions\/12394"}],"wp:attachment":[{"href":"https:\/\/www.immensiva.com\/ca\/wp-json\/wp\/v2\/media?parent=10680"}],"curies":[{"name":"wp","href":"https:\/\/api.w.org\/{rel}","templated":true}]}}