{"id":10700,"date":"2021-11-19T11:15:44","date_gmt":"2021-11-19T10:15:44","guid":{"rendered":"https:\/\/www.immensiva.com\/new-images-festival\/"},"modified":"2024-04-15T14:22:56","modified_gmt":"2024-04-15T12:22:56","slug":"new-images-festival","status":"publish","type":"page","link":"https:\/\/www.immensiva.com\/ca\/new-images-festival\/","title":{"rendered":"NEW IMAGES FESTIVAL"},"content":{"rendered":"<div class=\"wpb-content-wrapper\"><p>[vc_row css=&#8221;.vc_custom_1594644421345{padding-top: 90px !important;padding-bottom: 50px !important;}&#8221;][vc_column]<style>.ld_spacer_69fe521cd3401{height:100px;}<\/style>\n<div class=\"ld-empty-space ld_spacer_69fe521cd3401\"><span class=\"liquid_empty_space_inner\"><\/span><\/div><style>.ld_fancy_heading_69fe521cd353a .lqd-highlight-inner{height:0.275em;bottom:0px;}<\/style><div class=\"ld-fancy-heading text-center ld_fancy_heading_69fe521cd353a\">\n\t<h1 class=\"lqd-highlight-underline lqd-highlight-grow-left\" ><span class=\"ld-fh-txt\"> <\/p>\n<p style=\"text-align: center\"><span style=\"font-size: 36px\"><strong>NEW IMAGES FESTIVAL<\/strong><\/span><\/p>\n<p><\/span><\/h1><\/div><style>.ld_spacer_69fe521ce6392{height:50px;}<\/style>\n<div class=\"ld-empty-space ld_spacer_69fe521ce6392\"><span class=\"liquid_empty_space_inner\"><\/span><\/div>[vc_single_image image=&#8221;12384&#8243; img_size=&#8221;full&#8221; alignment=&#8221;center&#8221;]<style>.ld_spacer_69fe521ce645f{height:50px;}<\/style>\n<div class=\"ld-empty-space ld_spacer_69fe521ce645f\"><span class=\"liquid_empty_space_inner\"><\/span><\/div>[vc_column_text]<\/p>\n<p><span style=\"font-weight: 400;\">Espronceda presenta el NewImages Festival, situant-se com una de les galeries m\u00e9s innovadores de Barcelona. Durant els darrers anys, Espronceda &#8211; Institute of Art &amp; Culture s&#8217;ha consolidat com un dels referents de l&#8217;art digital a Barcelona. Despr\u00e9s de l&#8217;\u00e8xit de les experi\u00e8ncies realitzades durant l&#8217;any passat, entre les quals destaquem la resid\u00e8ncia IMMENSIVA, us presentem aquesta col\u00b7laboraci\u00f3 tan especial. La participaci\u00f3 amb el NewImages Festival, la incubadora del coneixement i l&#8217;experimentaci\u00f3 que ofereix un nou enfocament a les t\u00e8cniques creatives innovadores. Noves formes de narraci\u00f3 que podreu gaudir a Espronceda del 9 al 20 de juny d&#8217;11 a 20 h, de dilluns a divendres.<\/span><\/p>\n<p>&nbsp;<\/p>\n<p><span style=\"font-weight: 400;\">Aquesta iniciativa forma part d&#8217;una alian\u00e7a entre tres dels festivals m\u00e9s importants del m\u00f3n audiovisual a nivell europeu: NewImages Festival, Cannes XR i el Tribeca Film Festival que han titulat XR3 Edition. Cadasc\u00fa ha realitzat una selecci\u00f3 de vehicles rodants que s&#8217;exposaran al Museu d&#8217;Altres Realitats (MOR), un impressionant espai d&#8217;exposici\u00f3 virtual en el qual cada sala acollir\u00e0 una escenografia original i inventiva, especialment dissenyada per a aquesta transcendental ocasi\u00f3 pels artistes seleccionats. Una col\u00b7laboraci\u00f3 sense precedents amb la qual els tres festivals fan que la RV i les \u00faltimes creacions immersives siguin f\u00e0cilment accessibles.<\/span><\/p>\n<p>&nbsp;<\/p>\n<p><span style=\"font-weight: 400;\">Des d&#8217;Espronceda, pots accedir a aquesta selecci\u00f3 i viure les experi\u00e8ncies immersives m\u00e9s revolucion\u00e0ries i \u00faniques que hi ha fins ara.<\/span>[\/vc_column_text]<style>.ld_spacer_69fe521ce6504{height:13px;}<\/style>\n<div class=\"ld-empty-space ld_spacer_69fe521ce6504\"><span class=\"liquid_empty_space_inner\"><\/span><\/div><style>.ld_spacer_69fe521ce65a0{height:100px;}<\/style>\n<div class=\"ld-empty-space ld_spacer_69fe521ce65a0\"><span class=\"liquid_empty_space_inner\"><\/span><\/div>[\/vc_column][\/vc_row]<\/p>\n<\/div>","protected":false},"excerpt":{"rendered":"<p>[vc_row css=&#8221;.vc_custom_1594644421345{padding-top: 90px !important;padding-bottom: 50px !important;}&#8221;][vc_column][vc_single_image image=&#8221;12384&#8243; img_size=&#8221;full&#8221; alignment=&#8221;center&#8221;][vc_column_text] Espronceda presenta el NewImages Festival, situant-se&#8230;<\/p>\n","protected":false},"author":2,"featured_media":0,"parent":0,"menu_order":0,"comment_status":"closed","ping_status":"closed","template":"","meta":{"footnotes":""},"featured_image_urls":{"full":"","thumbnail":"","medium":"","medium_large":"","large":"","1536x1536":"","2048x2048":"","awb_sm":"","awb_md":"","awb_lg":"","awb_xl":"","liquid-default-blog":"","liquid-standard-blog":"","liquid-featured-blog":"","liquid-rounded-blog":"","liquid-classic-meta-blog":"","liquid-classic-2-blog":"","liquid-grid":"","liquid-split-blog":"","liquid-classic-full-blog":"","liquid-metro-blog":"","liquid-timeline-blog":"","liquid-carousel-blog":"","liquid-square-blog":"","liquid-candy-blog":"","liquid-category-blog":"","liquid-cover-post":"","liquid-default-post":"","liquid-cover-spaced":"","liquid-masonry-shortest":"","liquid-masonry-short":"","liquid-masonry-tall":"","liquid-masonry-taller":"","liquid-medium":"","liquid-large":"","liquid-thumbnail":"","liquid-masonry-header-small":"","liquid-masonry-header-big":"","liquid-thumbnail-post":"","liquid-small-blog":"","liquid-related-post":"","liquid-portfolio":"","liquid-portfolio-sq":"","liquid-portfolio-big-sq":"","liquid-portfolio-portrait":"","liquid-portfolio-wide":"","liquid-packery-wide":"","liquid-packery-portrait":"","liquid-grid-hover-overlay":"","liquid-grid-hover-classic":"","liquid-grid-hover-3d":"","liquid-grid-caption":"","liquid-large-slider":"","liquid-widget":"","liquid-portfolio-vertical-overlay":""},"post_excerpt_stackable":"<p>[vc_row css=&#8221;.vc_custom_1594644421345{padding-top: 90px !important;padding-bottom: 50px !important;}&#8221;][vc_column] NEW IMAGES FESTIVAL [vc_single_image image=&#8221;12384&#8243; img_size=&#8221;full&#8221; alignment=&#8221;center&#8221;] [vc_column_text] Espronceda presenta el NewImages Festival, situant-se com una de les galeries m\u00e9s innovadores de Barcelona. Durant els darrers anys, Espronceda &#8211; Institute of Art &amp; Culture s&#8217;ha consolidat com un dels referents de l&#8217;art digital a Barcelona. Despr\u00e9s de l&#8217;\u00e8xit de les experi\u00e8ncies realitzades durant l&#8217;any passat, entre les quals destaquem la resid\u00e8ncia IMMENSIVA, us presentem aquesta col\u00b7laboraci\u00f3 tan especial. La participaci\u00f3 amb el NewImages Festival, la incubadora del coneixement i l&#8217;experimentaci\u00f3 que ofereix un nou enfocament a les t\u00e8cniques creatives innovadores. Noves formes de narraci\u00f3&hellip;<\/p>\n","category_list":"","author_info":{"name":"vitor","url":"https:\/\/www.immensiva.com\/ca\/author\/vitor\/"},"comments_num":"0 comments","yoast_head":"<!-- This site is optimized with the Yoast SEO plugin v22.5 - https:\/\/yoast.com\/wordpress\/plugins\/seo\/ -->\n<title>New Images Festival: T\u00e8cniques creatives innovadores<\/title>\n<meta name=\"description\" content=\"Uneix-te al New Images Festival a Espronceda, en col\u00b7laboraci\u00f3 amb IMMENSIVA, per a explorar noves narratives digitals i t\u00e8cniques creatives.\" \/>\n<meta name=\"robots\" content=\"index, follow, max-snippet:-1, max-image-preview:large, max-video-preview:-1\" \/>\n<link rel=\"canonical\" href=\"https:\/\/www.immensiva.com\/ca\/new-images-festival\/\" \/>\n<meta property=\"og:locale\" content=\"ca_ES\" \/>\n<meta property=\"og:type\" content=\"article\" \/>\n<meta property=\"og:title\" content=\"New Images Festival: T\u00e8cniques creatives innovadores\" \/>\n<meta property=\"og:description\" content=\"Uneix-te al New Images Festival a Espronceda, en col\u00b7laboraci\u00f3 amb IMMENSIVA, per a explorar noves narratives digitals i t\u00e8cniques creatives.\" \/>\n<meta property=\"og:url\" content=\"https:\/\/www.immensiva.com\/ca\/new-images-festival\/\" \/>\n<meta property=\"og:site_name\" content=\"IMMENSIVA\" \/>\n<meta property=\"article:modified_time\" content=\"2024-04-15T12:22:56+00:00\" \/>\n<meta name=\"twitter:card\" content=\"summary_large_image\" \/>\n<meta name=\"twitter:label1\" content=\"Temps estimat de lectura\" \/>\n\t<meta name=\"twitter:data1\" content=\"2 minuts\" \/>\n<script type=\"application\/ld+json\" class=\"yoast-schema-graph\">{\"@context\":\"https:\/\/schema.org\",\"@graph\":[{\"@type\":\"WebPage\",\"@id\":\"https:\/\/www.immensiva.com\/ca\/new-images-festival\/\",\"url\":\"https:\/\/www.immensiva.com\/ca\/new-images-festival\/\",\"name\":\"New Images Festival: T\u00e8cniques creatives innovadores\",\"isPartOf\":{\"@id\":\"https:\/\/www.immensiva.com\/#website\"},\"datePublished\":\"2021-11-19T10:15:44+00:00\",\"dateModified\":\"2024-04-15T12:22:56+00:00\",\"description\":\"Uneix-te al New Images Festival a Espronceda, en col\u00b7laboraci\u00f3 amb IMMENSIVA, per a explorar noves narratives digitals i t\u00e8cniques creatives.\",\"breadcrumb\":{\"@id\":\"https:\/\/www.immensiva.com\/ca\/new-images-festival\/#breadcrumb\"},\"inLanguage\":\"ca\",\"potentialAction\":[{\"@type\":\"ReadAction\",\"target\":[\"https:\/\/www.immensiva.com\/ca\/new-images-festival\/\"]}]},{\"@type\":\"BreadcrumbList\",\"@id\":\"https:\/\/www.immensiva.com\/ca\/new-images-festival\/#breadcrumb\",\"itemListElement\":[{\"@type\":\"ListItem\",\"position\":1,\"name\":\"Home\",\"item\":\"https:\/\/www.immensiva.com\/ca\/\"},{\"@type\":\"ListItem\",\"position\":2,\"name\":\"NEW IMAGES FESTIVAL\"}]},{\"@type\":\"WebSite\",\"@id\":\"https:\/\/www.immensiva.com\/#website\",\"url\":\"https:\/\/www.immensiva.com\/\",\"name\":\"IMMENSIVA\",\"description\":\"Focusing on VR, AR, XR art &amp; AI art\",\"potentialAction\":[{\"@type\":\"SearchAction\",\"target\":{\"@type\":\"EntryPoint\",\"urlTemplate\":\"https:\/\/www.immensiva.com\/?s={search_term_string}\"},\"query-input\":\"required name=search_term_string\"}],\"inLanguage\":\"ca\"}]}<\/script>\n<!-- \/ Yoast SEO plugin. -->","yoast_head_json":{"title":"New Images Festival: T\u00e8cniques creatives innovadores","description":"Uneix-te al New Images Festival a Espronceda, en col\u00b7laboraci\u00f3 amb IMMENSIVA, per a explorar noves narratives digitals i t\u00e8cniques creatives.","robots":{"index":"index","follow":"follow","max-snippet":"max-snippet:-1","max-image-preview":"max-image-preview:large","max-video-preview":"max-video-preview:-1"},"canonical":"https:\/\/www.immensiva.com\/ca\/new-images-festival\/","og_locale":"ca_ES","og_type":"article","og_title":"New Images Festival: T\u00e8cniques creatives innovadores","og_description":"Uneix-te al New Images Festival a Espronceda, en col\u00b7laboraci\u00f3 amb IMMENSIVA, per a explorar noves narratives digitals i t\u00e8cniques creatives.","og_url":"https:\/\/www.immensiva.com\/ca\/new-images-festival\/","og_site_name":"IMMENSIVA","article_modified_time":"2024-04-15T12:22:56+00:00","twitter_card":"summary_large_image","twitter_misc":{"Temps estimat de lectura":"2 minuts"},"schema":{"@context":"https:\/\/schema.org","@graph":[{"@type":"WebPage","@id":"https:\/\/www.immensiva.com\/ca\/new-images-festival\/","url":"https:\/\/www.immensiva.com\/ca\/new-images-festival\/","name":"New Images Festival: T\u00e8cniques creatives innovadores","isPartOf":{"@id":"https:\/\/www.immensiva.com\/#website"},"datePublished":"2021-11-19T10:15:44+00:00","dateModified":"2024-04-15T12:22:56+00:00","description":"Uneix-te al New Images Festival a Espronceda, en col\u00b7laboraci\u00f3 amb IMMENSIVA, per a explorar noves narratives digitals i t\u00e8cniques creatives.","breadcrumb":{"@id":"https:\/\/www.immensiva.com\/ca\/new-images-festival\/#breadcrumb"},"inLanguage":"ca","potentialAction":[{"@type":"ReadAction","target":["https:\/\/www.immensiva.com\/ca\/new-images-festival\/"]}]},{"@type":"BreadcrumbList","@id":"https:\/\/www.immensiva.com\/ca\/new-images-festival\/#breadcrumb","itemListElement":[{"@type":"ListItem","position":1,"name":"Home","item":"https:\/\/www.immensiva.com\/ca\/"},{"@type":"ListItem","position":2,"name":"NEW IMAGES FESTIVAL"}]},{"@type":"WebSite","@id":"https:\/\/www.immensiva.com\/#website","url":"https:\/\/www.immensiva.com\/","name":"IMMENSIVA","description":"Focusing on VR, AR, XR art &amp; AI art","potentialAction":[{"@type":"SearchAction","target":{"@type":"EntryPoint","urlTemplate":"https:\/\/www.immensiva.com\/?s={search_term_string}"},"query-input":"required name=search_term_string"}],"inLanguage":"ca"}]}},"_links":{"self":[{"href":"https:\/\/www.immensiva.com\/ca\/wp-json\/wp\/v2\/pages\/10700"}],"collection":[{"href":"https:\/\/www.immensiva.com\/ca\/wp-json\/wp\/v2\/pages"}],"about":[{"href":"https:\/\/www.immensiva.com\/ca\/wp-json\/wp\/v2\/types\/page"}],"author":[{"embeddable":true,"href":"https:\/\/www.immensiva.com\/ca\/wp-json\/wp\/v2\/users\/2"}],"replies":[{"embeddable":true,"href":"https:\/\/www.immensiva.com\/ca\/wp-json\/wp\/v2\/comments?post=10700"}],"version-history":[{"count":4,"href":"https:\/\/www.immensiva.com\/ca\/wp-json\/wp\/v2\/pages\/10700\/revisions"}],"predecessor-version":[{"id":12387,"href":"https:\/\/www.immensiva.com\/ca\/wp-json\/wp\/v2\/pages\/10700\/revisions\/12387"}],"wp:attachment":[{"href":"https:\/\/www.immensiva.com\/ca\/wp-json\/wp\/v2\/media?parent=10700"}],"curies":[{"name":"wp","href":"https:\/\/api.w.org\/{rel}","templated":true}]}}