{"id":10719,"date":"2021-11-19T11:42:50","date_gmt":"2021-11-19T10:42:50","guid":{"rendered":"https:\/\/www.immensiva.com\/refik-anadol-melting-memories\/"},"modified":"2024-04-15T14:27:22","modified_gmt":"2024-04-15T12:27:22","slug":"refik-anadol-melting-memories","status":"publish","type":"page","link":"https:\/\/www.immensiva.com\/ca\/refik-anadol-melting-memories\/","title":{"rendered":"REFIK ANADOL &#8211; MELTING MEMORIES"},"content":{"rendered":"<div class=\"wpb-content-wrapper\"><p>[vc_row css=&#8221;.vc_custom_1594644421345{padding-top: 90px !important;padding-bottom: 50px !important;}&#8221;][vc_column]<style>.ld_spacer_69e08dcc4f8a1{height:100px;}<\/style>\n<div class=\"ld-empty-space ld_spacer_69e08dcc4f8a1\"><span class=\"liquid_empty_space_inner\"><\/span><\/div><style>.ld_fancy_heading_69e08dcc4f9ba .lqd-highlight-inner{height:0.275em;bottom:0px;}<\/style><div class=\"ld-fancy-heading text-center ld_fancy_heading_69e08dcc4f9ba\">\n\t<h1 class=\"lqd-highlight-underline lqd-highlight-grow-left\" ><span class=\"ld-fh-txt\"> <\/p>\n<p style=\"text-align: center\"><span style=\"font-size: 36px\"><strong>REFIK ANADOL &#8211; MELTING MEMORIES<\/strong><\/span><\/p>\n<p><\/span><\/h1><\/div>[vc_column_text]<strong><span style=\"color: #999999; font-size: 21px;\">Del 5 al 9 June, Espronceda \u2013 Institute of Art &amp; Culture presentar\u00e0 el projecte de Refik Anadol<\/span><\/strong>[\/vc_column_text]<style>.ld_spacer_69e08dcc5538e{height:50px;}<\/style>\n<div class=\"ld-empty-space ld_spacer_69e08dcc5538e\"><span class=\"liquid_empty_space_inner\"><\/span><\/div>[vc_single_image image=&#8221;12377&#8243; img_size=&#8221;full&#8221;]<style>.ld_spacer_69e08dcc55456{height:33px;}<\/style>\n<div class=\"ld-empty-space ld_spacer_69e08dcc55456\"><span class=\"liquid_empty_space_inner\"><\/span><\/div>[vc_btn title=&#8221;P\u00c0GINA WEB OFFICIAL&#8221; style=&#8221;3d&#8221; color=&#8221;violet&#8221; link=&#8221;url:https%3A%2F%2Frefikanadol.com%2Fworks%2Fmelting-memories%2F|&#8221;]<style>.ld_spacer_69e08dcc554fa{height:33px;}<\/style>\n<div class=\"ld-empty-space ld_spacer_69e08dcc554fa\"><span class=\"liquid_empty_space_inner\"><\/span><\/div>[vc_column_text]<span style=\"font-weight: 400;\">\u00a0\u201cMelting Memories\u201d, \u00e9s una impressionant instal\u00b7laci\u00f3 de 5x5m que ofereix noves perspectives sobre les possibilitats de representaci\u00f3 que sorgeixen de la intersecci\u00f3 de la tecnologia avan\u00e7ada i l&#8217;art contemporani. Amb la presentaci\u00f3 de diversos projectes interdisciplinaris que tradueixen el proc\u00e9s dif\u00edcil de recuperar de la mem\u00f2ria en col\u00b7leccions de dades, l&#8217;exposici\u00f3 submergir\u00e0 els visitants en la visi\u00f3 creativa d&#8217;Anadol del &#8220;record&#8221;.<\/span><\/p>\n<p>&nbsp;<\/p>\n<p><span style=\"font-weight: 400;\">\u201cLa ci\u00e8ncia indica significats; l&#8217;art els expressa\u201d, escriu el fil\u00f2sof nord-americ\u00e0 John Dewey i fa una curiosa distinci\u00f3 entre el que considera els principals modes de comunicaci\u00f3 en ambdues disciplines. A \u201cMelting Memories\u201d, les declaracions expressives de Refik Anadol ofereixen a l&#8217;espectador obres d&#8217;art reveladores i contemplatives que generaran respostes a la tesi de Dewey.<\/span><\/p>\n<p>&nbsp;<\/p>\n<p><span style=\"font-weight: 400;\">Comprenent pintures de dades, escultures de dades augmentades i projeccions de llum, el projecte en conjunt presenta nous aven\u00e7os en tecnologia que permeten als visitants experimentar interpretacions est\u00e8tiques dels moviments motors dins d&#8217;un cervell hum\u00e0. Cada obra neix dels impressionants experiments de l&#8217;artista amb les eines tecnol\u00f2giques avan\u00e7ades que ofereix el Neuroscape Laboratory de la Universitat de Calif\u00f2rnia, San Francisco. Neuroscape \u00e9s un centre de neuroci\u00e8ncia centrat en la creaci\u00f3 de tecnologia i la investigaci\u00f3 cient\u00edfica sobre la funci\u00f3 cerebral tant de persones sanes com amb discapacitats. Anadol recopila dades sobre els mecanismes neuronals de control cognitiu a partir d&#8217;un EEG (electroencefalograma) que mesura els canvis en l&#8217;activitat de les ones cerebrals i proporciona proves de com funciona el cervell al llarg del temps. Aquests conjunts de dades constitueixen els blocs de construcci\u00f3 dels algorismes \u00fanics que l&#8217;artista necessita per a les estructures visuals multidimensionals que es mostren.<\/span><\/p>\n<p>&nbsp;<\/p>\n<p><span style=\"font-weight: 400;\">Les instal\u00b7lacions d&#8217;Anadol no nom\u00e9s aborden una aposta productiva de la tecnologia i l&#8217;art d&#8217;avantguarda, sin\u00f3 tamb\u00e9 una forta preocupaci\u00f3 per l&#8217;estudi de la mem\u00f2ria humana des dels antics egipcis fins a Blade Runner 2049. El t\u00edtol de l\u2019obra, \u201cMelting Memories\u201d, fa refer\u00e8ncia a l&#8217;experi\u00e8ncia de l&#8217;artista amb interconnexions inesperades entre obres filos\u00f2fiques fonamentals, indagacions acad\u00e8miques i obres d&#8217;art que prenen la mem\u00f2ria com a temes principals. El t\u00edtol crida encara m\u00e9s l&#8217;atenci\u00f3 sobre la fusi\u00f3 de la neuroci\u00e8ncia i la tecnologia en aquests debats filos\u00f2fics de segles de durada, q\u00fcestionant l&#8217;aparici\u00f3 d&#8217;un nou espai on la intel\u00b7lig\u00e8ncia artificial no estigui en conflicte amb la individualitat i la intimitat.<\/span><\/p>\n<p>&nbsp;<\/p>\n<p><span style=\"font-weight: 400;\">CR\u00c8DITS:<\/span><\/p>\n<p><span style=\"font-weight: 400;\">Designed &amp; Developed at Refik Anadol Studio<\/span><\/p>\n<p><span style=\"font-weight: 400;\">Nicholas Boss<\/span><\/p>\n<p><span style=\"font-weight: 400;\">Efsun Erkilic<\/span><\/p>\n<p><span style=\"font-weight: 400;\">Kian Khiaban<\/span><\/p>\n<p><span style=\"font-weight: 400;\">Ho Man Leung<\/span><\/p>\n<p><span style=\"font-weight: 400;\">Raman K. Mustafa<\/span><\/p>\n<p><span style=\"font-weight: 400;\">Toby Heinemann<\/span><\/p>\n<p><span style=\"font-weight: 400;\">Sound Design : Kerim Karaoglu<\/span><\/p>\n<p><span style=\"font-weight: 400;\">Software Development : Kyle McLean \/ Steffan Klaue<\/span><\/p>\n<p><span style=\"font-weight: 400;\">Scientific Support<\/span><\/p>\n<p><span style=\"font-weight: 400;\">UCSF \/ Neuroscape Lab Members<\/span><\/p>\n<p><span style=\"font-weight: 400;\">Adam Gazzaley, M.D., PH.D.<\/span>[\/vc_column_text]<style>.ld_spacer_69e08dcc5558e{height:13px;}<\/style>\n<div class=\"ld-empty-space ld_spacer_69e08dcc5558e\"><span class=\"liquid_empty_space_inner\"><\/span><\/div><style>.ld_spacer_69e08dcc5561e{height:30px;}<\/style>\n<div class=\"ld-empty-space ld_spacer_69e08dcc5561e\"><span class=\"liquid_empty_space_inner\"><\/span><\/div>[vc_video link=&#8221;https:\/\/www.youtube.com\/watch?v=jRAWryc6X5E&amp;ab_channel=LEDDREAMSL&#8221;][\/vc_column][\/vc_row]<\/p>\n<\/div>","protected":false},"excerpt":{"rendered":"<p>[vc_row css=&#8221;.vc_custom_1594644421345{padding-top: 90px !important;padding-bottom: 50px !important;}&#8221;][vc_column][vc_column_text]Del 5 al 9 June, Espronceda \u2013 Institute of Art&#8230;<\/p>\n","protected":false},"author":2,"featured_media":0,"parent":0,"menu_order":0,"comment_status":"closed","ping_status":"closed","template":"","meta":{"footnotes":""},"featured_image_urls":{"full":"","thumbnail":"","medium":"","medium_large":"","large":"","1536x1536":"","2048x2048":"","awb_sm":"","awb_md":"","awb_lg":"","awb_xl":"","liquid-default-blog":"","liquid-standard-blog":"","liquid-featured-blog":"","liquid-rounded-blog":"","liquid-classic-meta-blog":"","liquid-classic-2-blog":"","liquid-grid":"","liquid-split-blog":"","liquid-classic-full-blog":"","liquid-metro-blog":"","liquid-timeline-blog":"","liquid-carousel-blog":"","liquid-square-blog":"","liquid-candy-blog":"","liquid-category-blog":"","liquid-cover-post":"","liquid-default-post":"","liquid-cover-spaced":"","liquid-masonry-shortest":"","liquid-masonry-short":"","liquid-masonry-tall":"","liquid-masonry-taller":"","liquid-medium":"","liquid-large":"","liquid-thumbnail":"","liquid-masonry-header-small":"","liquid-masonry-header-big":"","liquid-thumbnail-post":"","liquid-small-blog":"","liquid-related-post":"","liquid-portfolio":"","liquid-portfolio-sq":"","liquid-portfolio-big-sq":"","liquid-portfolio-portrait":"","liquid-portfolio-wide":"","liquid-packery-wide":"","liquid-packery-portrait":"","liquid-grid-hover-overlay":"","liquid-grid-hover-classic":"","liquid-grid-hover-3d":"","liquid-grid-caption":"","liquid-large-slider":"","liquid-widget":"","liquid-portfolio-vertical-overlay":""},"post_excerpt_stackable":"<p>[vc_row css=&#8221;.vc_custom_1594644421345{padding-top: 90px !important;padding-bottom: 50px !important;}&#8221;][vc_column] REFIK ANADOL &#8211; MELTING MEMORIES [vc_column_text]Del 5 al 9 June, Espronceda \u2013 Institute of Art &amp; Culture presentar\u00e0 el projecte de Refik Anadol[\/vc_column_text] [vc_single_image image=&#8221;12377&#8243; img_size=&#8221;full&#8221;] [vc_btn title=&#8221;P\u00c0GINA WEB OFFICIAL&#8221; style=&#8221;3d&#8221; color=&#8221;violet&#8221; link=&#8221;url:https%3A%2F%2Frefikanadol.com%2Fworks%2Fmelting-memories%2F|&#8221;] [vc_column_text]\u00a0\u201cMelting Memories\u201d, \u00e9s una impressionant instal\u00b7laci\u00f3 de 5x5m que ofereix noves perspectives sobre les possibilitats de representaci\u00f3 que sorgeixen de la intersecci\u00f3 de la tecnologia avan\u00e7ada i l&#8217;art contemporani. Amb la presentaci\u00f3 de diversos projectes interdisciplinaris que tradueixen el proc\u00e9s dif\u00edcil de recuperar de la mem\u00f2ria en col\u00b7leccions de dades, l&#8217;exposici\u00f3 submergir\u00e0 els visitants en la visi\u00f3 creativa d&#8217;Anadol del &#8220;record&#8221;.&hellip;<\/p>\n","category_list":"","author_info":{"name":"vitor","url":"https:\/\/www.immensiva.com\/ca\/author\/vitor\/"},"comments_num":"0 comments","yoast_head":"<!-- This site is optimized with the Yoast SEO plugin v22.5 - https:\/\/yoast.com\/wordpress\/plugins\/seo\/ -->\n<title>Coneix IMMENSIVA: Pioners en Art amb VR, AR, i AI<\/title>\n<meta name=\"description\" content=\"Submergeix-te en la hist\u00f2ria de IMMENSIVA, revolucionant l&#039;art amb VR, AR i AI. Descobreix com reinventem la creativitat.\" \/>\n<meta name=\"robots\" content=\"index, follow, max-snippet:-1, max-image-preview:large, max-video-preview:-1\" \/>\n<link rel=\"canonical\" href=\"https:\/\/www.immensiva.com\/ca\/refik-anadol-melting-memories\/\" \/>\n<meta property=\"og:locale\" content=\"ca_ES\" \/>\n<meta property=\"og:type\" content=\"article\" \/>\n<meta property=\"og:title\" content=\"Coneix IMMENSIVA: Pioners en Art amb VR, AR, i AI\" \/>\n<meta property=\"og:description\" content=\"Submergeix-te en la hist\u00f2ria de IMMENSIVA, revolucionant l&#039;art amb VR, AR i AI. Descobreix com reinventem la creativitat.\" \/>\n<meta property=\"og:url\" content=\"https:\/\/www.immensiva.com\/ca\/refik-anadol-melting-memories\/\" \/>\n<meta property=\"og:site_name\" content=\"IMMENSIVA\" \/>\n<meta property=\"article:modified_time\" content=\"2024-04-15T12:27:22+00:00\" \/>\n<meta name=\"twitter:card\" content=\"summary_large_image\" \/>\n<meta name=\"twitter:label1\" content=\"Temps estimat de lectura\" \/>\n\t<meta name=\"twitter:data1\" content=\"3 minuts\" \/>\n<script type=\"application\/ld+json\" class=\"yoast-schema-graph\">{\"@context\":\"https:\/\/schema.org\",\"@graph\":[{\"@type\":\"WebPage\",\"@id\":\"https:\/\/www.immensiva.com\/ca\/refik-anadol-melting-memories\/\",\"url\":\"https:\/\/www.immensiva.com\/ca\/refik-anadol-melting-memories\/\",\"name\":\"Coneix IMMENSIVA: Pioners en Art amb VR, AR, i AI\",\"isPartOf\":{\"@id\":\"https:\/\/www.immensiva.com\/#website\"},\"datePublished\":\"2021-11-19T10:42:50+00:00\",\"dateModified\":\"2024-04-15T12:27:22+00:00\",\"description\":\"Submergeix-te en la hist\u00f2ria de IMMENSIVA, revolucionant l'art amb VR, AR i AI. Descobreix com reinventem la creativitat.\",\"breadcrumb\":{\"@id\":\"https:\/\/www.immensiva.com\/ca\/refik-anadol-melting-memories\/#breadcrumb\"},\"inLanguage\":\"ca\",\"potentialAction\":[{\"@type\":\"ReadAction\",\"target\":[\"https:\/\/www.immensiva.com\/ca\/refik-anadol-melting-memories\/\"]}]},{\"@type\":\"BreadcrumbList\",\"@id\":\"https:\/\/www.immensiva.com\/ca\/refik-anadol-melting-memories\/#breadcrumb\",\"itemListElement\":[{\"@type\":\"ListItem\",\"position\":1,\"name\":\"Home\",\"item\":\"https:\/\/www.immensiva.com\/ca\/\"},{\"@type\":\"ListItem\",\"position\":2,\"name\":\"REFIK ANADOL &#8211; MELTING MEMORIES\"}]},{\"@type\":\"WebSite\",\"@id\":\"https:\/\/www.immensiva.com\/#website\",\"url\":\"https:\/\/www.immensiva.com\/\",\"name\":\"IMMENSIVA\",\"description\":\"Focusing on VR, AR, XR art &amp; AI art\",\"potentialAction\":[{\"@type\":\"SearchAction\",\"target\":{\"@type\":\"EntryPoint\",\"urlTemplate\":\"https:\/\/www.immensiva.com\/?s={search_term_string}\"},\"query-input\":\"required name=search_term_string\"}],\"inLanguage\":\"ca\"}]}<\/script>\n<!-- \/ Yoast SEO plugin. -->","yoast_head_json":{"title":"Coneix IMMENSIVA: Pioners en Art amb VR, AR, i AI","description":"Submergeix-te en la hist\u00f2ria de IMMENSIVA, revolucionant l'art amb VR, AR i AI. Descobreix com reinventem la creativitat.","robots":{"index":"index","follow":"follow","max-snippet":"max-snippet:-1","max-image-preview":"max-image-preview:large","max-video-preview":"max-video-preview:-1"},"canonical":"https:\/\/www.immensiva.com\/ca\/refik-anadol-melting-memories\/","og_locale":"ca_ES","og_type":"article","og_title":"Coneix IMMENSIVA: Pioners en Art amb VR, AR, i AI","og_description":"Submergeix-te en la hist\u00f2ria de IMMENSIVA, revolucionant l'art amb VR, AR i AI. Descobreix com reinventem la creativitat.","og_url":"https:\/\/www.immensiva.com\/ca\/refik-anadol-melting-memories\/","og_site_name":"IMMENSIVA","article_modified_time":"2024-04-15T12:27:22+00:00","twitter_card":"summary_large_image","twitter_misc":{"Temps estimat de lectura":"3 minuts"},"schema":{"@context":"https:\/\/schema.org","@graph":[{"@type":"WebPage","@id":"https:\/\/www.immensiva.com\/ca\/refik-anadol-melting-memories\/","url":"https:\/\/www.immensiva.com\/ca\/refik-anadol-melting-memories\/","name":"Coneix IMMENSIVA: Pioners en Art amb VR, AR, i AI","isPartOf":{"@id":"https:\/\/www.immensiva.com\/#website"},"datePublished":"2021-11-19T10:42:50+00:00","dateModified":"2024-04-15T12:27:22+00:00","description":"Submergeix-te en la hist\u00f2ria de IMMENSIVA, revolucionant l'art amb VR, AR i AI. Descobreix com reinventem la creativitat.","breadcrumb":{"@id":"https:\/\/www.immensiva.com\/ca\/refik-anadol-melting-memories\/#breadcrumb"},"inLanguage":"ca","potentialAction":[{"@type":"ReadAction","target":["https:\/\/www.immensiva.com\/ca\/refik-anadol-melting-memories\/"]}]},{"@type":"BreadcrumbList","@id":"https:\/\/www.immensiva.com\/ca\/refik-anadol-melting-memories\/#breadcrumb","itemListElement":[{"@type":"ListItem","position":1,"name":"Home","item":"https:\/\/www.immensiva.com\/ca\/"},{"@type":"ListItem","position":2,"name":"REFIK ANADOL &#8211; MELTING MEMORIES"}]},{"@type":"WebSite","@id":"https:\/\/www.immensiva.com\/#website","url":"https:\/\/www.immensiva.com\/","name":"IMMENSIVA","description":"Focusing on VR, AR, XR art &amp; AI art","potentialAction":[{"@type":"SearchAction","target":{"@type":"EntryPoint","urlTemplate":"https:\/\/www.immensiva.com\/?s={search_term_string}"},"query-input":"required name=search_term_string"}],"inLanguage":"ca"}]}},"_links":{"self":[{"href":"https:\/\/www.immensiva.com\/ca\/wp-json\/wp\/v2\/pages\/10719"}],"collection":[{"href":"https:\/\/www.immensiva.com\/ca\/wp-json\/wp\/v2\/pages"}],"about":[{"href":"https:\/\/www.immensiva.com\/ca\/wp-json\/wp\/v2\/types\/page"}],"author":[{"embeddable":true,"href":"https:\/\/www.immensiva.com\/ca\/wp-json\/wp\/v2\/users\/2"}],"replies":[{"embeddable":true,"href":"https:\/\/www.immensiva.com\/ca\/wp-json\/wp\/v2\/comments?post=10719"}],"version-history":[{"count":9,"href":"https:\/\/www.immensiva.com\/ca\/wp-json\/wp\/v2\/pages\/10719\/revisions"}],"predecessor-version":[{"id":12380,"href":"https:\/\/www.immensiva.com\/ca\/wp-json\/wp\/v2\/pages\/10719\/revisions\/12380"}],"wp:attachment":[{"href":"https:\/\/www.immensiva.com\/ca\/wp-json\/wp\/v2\/media?parent=10719"}],"curies":[{"name":"wp","href":"https:\/\/api.w.org\/{rel}","templated":true}]}}