{"id":11184,"date":"2023-01-10T10:43:39","date_gmt":"2023-01-10T09:43:39","guid":{"rendered":"https:\/\/www.immensiva.com\/convocatoria-oberta-immensiva-residencia-2023\/"},"modified":"2025-01-15T11:15:04","modified_gmt":"2025-01-15T10:15:04","slug":"convocatoria-oberta-immensiva-residencia-2023","status":"publish","type":"page","link":"https:\/\/www.immensiva.com\/ca\/convocatoria-oberta-immensiva-residencia-2023\/","title":{"rendered":"OPEN CALL :  IMMENSIVA RESIDENCE 2023"},"content":{"rendered":"<div class=\"wpb-content-wrapper\"><p>[vc_row][vc_column]<style>.ld_spacer_6a09471af2250{height:200px;}<\/style>\n<div class=\"ld-empty-space ld_spacer_6a09471af2250\"><span class=\"liquid_empty_space_inner\"><\/span><\/div>[vc_column_text]<\/p>\n<div class=\"traductor-textarea form-group\">\n<div class=\"textarea-desti col-xs-12 col-sm-6\">\n<div class=\"form-control second-textarea\" style=\"text-align: center;\"><span style=\"font-size: 28px;\"><strong>CONVOCAT\u00d2RIA OBERTA: IMMENSIVA RESID\u00c8NCIA 2023<\/strong><\/span><\/div>\n<\/div>\n<\/div>\n<div class=\"traductor-checkbox form-group\">\n<div id=\"panel-radioneuronal\" class=\"row\">\n<div class=\"col-sm-5 col-sm-offset-2\"><\/div>\n<\/div>\n<\/div>\n<p>[\/vc_column_text]<style>.ld_spacer_6a09471af232f{height:32px;}<\/style>\n<div class=\"ld-empty-space ld_spacer_6a09471af232f\"><span class=\"liquid_empty_space_inner\"><\/span><\/div>[vc_single_image image=&#8221;12479&#8243; img_size=&#8221;large&#8221; alignment=&#8221;center&#8221; onclick=&#8221;custom_link&#8221; img_link_target=&#8221;_blank&#8221; link=&#8221;https:%2F%2Fdocs.google.com%2Fforms%2Fd%2Fe%2F1FAIpQLSdPKByBhs_3EES6kqxM2tw1g4qWu8yJqG4-lPO9YJ8iJw1IWw%2Fviewform%3Fusp%3Dsf_link|&#8221;]<style>.ld_spacer_6a09471af23bc{height:32px;}<\/style>\n<div class=\"ld-empty-space ld_spacer_6a09471af23bc\"><span class=\"liquid_empty_space_inner\"><\/span><\/div>[\/vc_column][\/vc_row][vc_row][vc_column][vc_column_text]<strong><span style=\"font-size: 18px;\">BE IRREVERENT: Resid\u00e8ncia internacional per a ments vision\u00e0ries i art\u00edstiques<\/span><\/strong><\/p>\n<p>Barcelona, 6 de mar\u00e7 a 31 de mar\u00e7 de 2023.<\/p>\n<p>Busquem ments art\u00edstiques i curioses que vulguin crear projectes immersius i interactius amb equips interdisciplinaris.<\/p>\n<p>Resid\u00e8ncia creativa a Barcelona, ESPRONCEDA- Institut d&#8217;Art i Cultura, durant 3 setmanes per crear projectes i prototips amb tecnologies avan\u00e7ades: XR, IA, esc\u00e0ners, sensors, holograms, 360 projecci\u00f3 \/ so i h\u00e0ptics.<\/p>\n<p>Termini d&#8217;aplicaci\u00f3 del 6 de febrer[\/vc_column_text]<style>.ld_spacer_6a09471af2440{height:15px;}<\/style>\n<div class=\"ld-empty-space ld_spacer_6a09471af2440\"><span class=\"liquid_empty_space_inner\"><\/span><\/div>[vc_btn title=&#8221;Uneix-te&#8221; style=&#8221;3d&#8221; color=&#8221;violet&#8221; size=&#8221;lg&#8221; css_animation=&#8221;slideInRight&#8221; link=&#8221;url:https%3A%2F%2Fdocs.google.com%2Fforms%2Fd%2Fe%2F1FAIpQLSdPKByBhs_3EES6kqxM2tw1g4qWu8yJqG4-lPO9YJ8iJw1IWw%2Fviewform%3Fusp%3Dsf_link|title:Google%20Forms|target:%20_blank|&#8221;]<style>.ld_spacer_6a09471af24bf{height:32px;}<\/style>\n<div class=\"ld-empty-space ld_spacer_6a09471af24bf\"><span class=\"liquid_empty_space_inner\"><\/span><\/div>[vc_column_text]<\/p>\n<p>BASES: IMMENSIVE RESID\u00c8NCIA INTERNACIONAL 2023<\/p>\n<p>Ubicaci\u00f3: ESPRONCEDA- Institut d&#8217;Art i Cultura, Barcelona<br \/>\nDates: 6 de mar\u00e7 al 31 de mar\u00e7 de 2022<br \/>\nNombre de participants: 10 artistes\/creatius\/desenvolupadors t\u00e8cnics.<br \/>\nParticipaci\u00f3: per invitaci\u00f3 o crida oberta.<\/p>\n<p>OBRE LA CONVOCAT\u00d2RIA<\/p>\n<p>Convocat\u00f2ria oberta p\u00fablica fins al 6 de febrer.<br \/>\nEls residents seleccionats seran anunciats el 7 de febrer per correu electr\u00f2nic als participants.<br \/>\nL&#8217;arribada a Barcelona podria ser del 4 de mar\u00e7 al 7 de mar\u00e7, sent el primer taller organitzat el 8 de mar\u00e7.<\/p>\n<p>La resid\u00e8ncia inclou:<br \/>\n1) Acomodaci\u00f3 en cases compartides amb habitacions individuals i bany compartit\/ cuina, sala d&#8217;estar. De franc.<br \/>\n2) Acc\u00e9s a tot l&#8217;equip t\u00e8cnic d&#8217;ESPRONCEDA: ordinadors port\u00e0tils, VR,<br \/>\nauriculars, projectors (hologr\u00e0fic incl\u00f2s)<br \/>\n3) Tallers per experts. Acc\u00e9s lliure. Quant a: Intel\u00b7lig\u00e8ncia artificial, virtual\/<br \/>\nrealitat estesa, narraci\u00f3 creativa, so 3D, creaci\u00f3 de liminal<br \/>\ninstal\u00b7lacions.<br \/>\n4) Visites guiades a institucions clau de Barcelona: Hangar, CCCB, IDEAL, etc.<br \/>\nLa resid\u00e8ncia no inclou:<br \/>\n1) Cost del viatge. Podr\u00edem ajudar l&#8217;artista a rebre una subvenci\u00f3 enviant una carta d&#8217;invitaci\u00f3.<br \/>\nActualment, &#8220;Culture Moves Europe&#8221; \u00e9s una bona subvenci\u00f3. Hi ha altres disponibles.<br \/>\n2) Peus o per diem. ESPRONCEDA no ofereix cap subvenci\u00f3 per a aquests conceptes.<br \/>\n3) Assegurances.<\/p>\n<p>METODOLOGIA de la resid\u00e8ncia<br \/>\nT\u00f2pic de 2023: Sigues irreverent!<br \/>\nEls projectes han de ser noves produccions\/idees.<br \/>\nProjecte per equips, animem la creaci\u00f3 d&#8217;equips: 2\/3 membres a negociar i<br \/>\ncrear junts un projecte des del concepte fins a la implementaci\u00f3.<br \/>\n&#8211; Primera setmana: taller de construcci\u00f3 d&#8217;equips \/ tallers tecnol\u00f2gics inicials \/ creaci\u00f3 d&#8217;equips.<br \/>\n&#8211; Segona setmana: tallers tecnol\u00f2gics \/ visites institucionals<br \/>\n&#8211; Tercera setmana: treballant en projectes d&#8217;equip.<br \/>\n&#8211; Quatre setmanes: Pitch davant del jurat \/ prototips a la sala d&#8217;exposicions d&#8217;Espronceda.<\/p>\n<p>FLEXIBILITAT de la resid\u00e8ncia:<br \/>\nLa resid\u00e8ncia \u00e9s present a Barcelona, per\u00f2 podr\u00edem ser flexibles amb l&#8217;agenda de<br \/>\nel participant. M\u00ednim a Barcelona: 2 setmanes. Recomanat 1 setmana s (creaci\u00f3 de<br \/>\nequips) i \u00faltima setmana (implementaci\u00f3 dels projectes).<\/p>\n<p>[\/vc_column_text]<style>.ld_spacer_6a09471af253d{height:50px;}<\/style>\n<div class=\"ld-empty-space ld_spacer_6a09471af253d\"><span class=\"liquid_empty_space_inner\"><\/span><\/div>[\/vc_column][\/vc_row][vc_row css=&#8221;.vc_custom_1623752758394{background-color: #2555e8 !important;}&#8221;][vc_column]<style>.ld_spacer_6a09471af25ba{height:32px;}<\/style>\n<div class=\"ld-empty-space ld_spacer_6a09471af25ba\"><span class=\"liquid_empty_space_inner\"><\/span><\/div>[vc_column_text]<strong><span style=\"color: #00ffff;\">International and national partners:<\/span><\/strong><\/p>\n<p>[\/vc_column_text]<style>.ld_spacer_6a09471af2635{height:32px;}<\/style>\n<div class=\"ld-empty-space ld_spacer_6a09471af2635\"><span class=\"liquid_empty_space_inner\"><\/span><\/div>[\/vc_column][vc_column][vc_gallery type=&#8221;image_grid&#8221; images=&#8221;10873,10876,10849,10846,10867,10843,10861,10855,10858&#8243; img_size=&#8221;medium&#8221;][\/vc_column][\/vc_row]<\/p>\n<\/div>","protected":false},"excerpt":{"rendered":"<p>[vc_row][vc_column][vc_column_text] CONVOCAT\u00d2RIA OBERTA: IMMENSIVA RESID\u00c8NCIA 2023 [\/vc_column_text][vc_single_image image=&#8221;12479&#8243; img_size=&#8221;large&#8221; alignment=&#8221;center&#8221; onclick=&#8221;custom_link&#8221; img_link_target=&#8221;_blank&#8221; link=&#8221;https:%2F%2Fdocs.google.com%2Fforms%2Fd%2Fe%2F1FAIpQLSdPKByBhs_3EES6kqxM2tw1g4qWu8yJqG4-lPO9YJ8iJw1IWw%2Fviewform%3Fusp%3Dsf_link|&#8221;][\/vc_column][\/vc_row][vc_row][vc_column][vc_column_text]BE IRREVERENT: Resid\u00e8ncia&#8230;<\/p>\n","protected":false},"author":2,"featured_media":0,"parent":0,"menu_order":0,"comment_status":"closed","ping_status":"closed","template":"","meta":{"footnotes":""},"featured_image_urls":{"full":"","thumbnail":"","medium":"","medium_large":"","large":"","1536x1536":"","2048x2048":"","awb_sm":"","awb_md":"","awb_lg":"","awb_xl":"","liquid-default-blog":"","liquid-standard-blog":"","liquid-featured-blog":"","liquid-rounded-blog":"","liquid-classic-meta-blog":"","liquid-classic-2-blog":"","liquid-grid":"","liquid-split-blog":"","liquid-classic-full-blog":"","liquid-metro-blog":"","liquid-timeline-blog":"","liquid-carousel-blog":"","liquid-square-blog":"","liquid-candy-blog":"","liquid-category-blog":"","liquid-cover-post":"","liquid-default-post":"","liquid-cover-spaced":"","liquid-masonry-shortest":"","liquid-masonry-short":"","liquid-masonry-tall":"","liquid-masonry-taller":"","liquid-medium":"","liquid-large":"","liquid-thumbnail":"","liquid-masonry-header-small":"","liquid-masonry-header-big":"","liquid-thumbnail-post":"","liquid-small-blog":"","liquid-related-post":"","liquid-portfolio":"","liquid-portfolio-sq":"","liquid-portfolio-big-sq":"","liquid-portfolio-portrait":"","liquid-portfolio-wide":"","liquid-packery-wide":"","liquid-packery-portrait":"","liquid-grid-hover-overlay":"","liquid-grid-hover-classic":"","liquid-grid-hover-3d":"","liquid-grid-caption":"","liquid-large-slider":"","liquid-widget":"","liquid-portfolio-vertical-overlay":""},"post_excerpt_stackable":"<p>[vc_row][vc_column] [vc_column_text] CONVOCAT\u00d2RIA OBERTA: IMMENSIVA RESID\u00c8NCIA 2023 [\/vc_column_text] [vc_single_image image=&#8221;12479&#8243; img_size=&#8221;large&#8221; alignment=&#8221;center&#8221; onclick=&#8221;custom_link&#8221; img_link_target=&#8221;_blank&#8221; link=&#8221;https:%2F%2Fdocs.google.com%2Fforms%2Fd%2Fe%2F1FAIpQLSdPKByBhs_3EES6kqxM2tw1g4qWu8yJqG4-lPO9YJ8iJw1IWw%2Fviewform%3Fusp%3Dsf_link|&#8221;] [\/vc_column][\/vc_row][vc_row][vc_column][vc_column_text]BE IRREVERENT: Resid\u00e8ncia internacional per a ments vision\u00e0ries i art\u00edstiques Barcelona, 6 de mar\u00e7 a 31 de mar\u00e7 de 2023. Busquem ments art\u00edstiques i curioses que vulguin crear projectes immersius i interactius amb equips interdisciplinaris. Resid\u00e8ncia creativa a Barcelona, ESPRONCEDA- Institut d&#8217;Art i Cultura, durant 3 setmanes per crear projectes i prototips amb tecnologies avan\u00e7ades: XR, IA, esc\u00e0ners, sensors, holograms, 360 projecci\u00f3 \/ so i h\u00e0ptics. Termini d&#8217;aplicaci\u00f3 del 6 de febrer[\/vc_column_text] [vc_btn title=&#8221;Uneix-te&#8221; style=&#8221;3d&#8221; color=&#8221;violet&#8221; size=&#8221;lg&#8221; css_animation=&#8221;slideInRight&#8221; link=&#8221;url:https%3A%2F%2Fdocs.google.com%2Fforms%2Fd%2Fe%2F1FAIpQLSdPKByBhs_3EES6kqxM2tw1g4qWu8yJqG4-lPO9YJ8iJw1IWw%2Fviewform%3Fusp%3Dsf_link|title:Google%20Forms|target:%20_blank|&#8221;] [vc_column_text] BASES: IMMENSIVE RESID\u00c8NCIA INTERNACIONAL 2023&hellip;<\/p>\n","category_list":"","author_info":{"name":"vitor","url":"https:\/\/www.immensiva.com\/ca\/author\/vitor\/"},"comments_num":"0 comments","yoast_head":"<!-- This site is optimized with the Yoast SEO plugin v22.5 - https:\/\/yoast.com\/wordpress\/plugins\/seo\/ -->\n<title>Resid\u00e8ncia Internacional Immensiva 2023: Projectes immersius i interactius<\/title>\n<meta name=\"description\" content=\"Resid\u00e8ncia creativa de 3 setmanes per a impulsar projectes utilitzant tecnologies avan\u00e7ades: XR, AI, hologrames, projecci\u00f3 360\u00ba i molt m\u00e9s.\" \/>\n<meta name=\"robots\" content=\"index, follow, max-snippet:-1, max-image-preview:large, max-video-preview:-1\" \/>\n<link rel=\"canonical\" href=\"https:\/\/www.immensiva.com\/ca\/convocatoria-oberta-immensiva-residencia-2023\/\" \/>\n<meta property=\"og:locale\" content=\"ca_ES\" \/>\n<meta property=\"og:type\" content=\"article\" \/>\n<meta property=\"og:title\" content=\"Resid\u00e8ncia Internacional Immensiva 2023: Projectes immersius i interactius\" \/>\n<meta property=\"og:description\" content=\"Resid\u00e8ncia creativa de 3 setmanes per a impulsar projectes utilitzant tecnologies avan\u00e7ades: XR, AI, hologrames, projecci\u00f3 360\u00ba i molt m\u00e9s.\" \/>\n<meta property=\"og:url\" content=\"https:\/\/www.immensiva.com\/ca\/convocatoria-oberta-immensiva-residencia-2023\/\" \/>\n<meta property=\"og:site_name\" content=\"IMMENSIVA\" \/>\n<meta property=\"article:modified_time\" content=\"2025-01-15T10:15:04+00:00\" \/>\n<meta name=\"twitter:card\" content=\"summary_large_image\" \/>\n<meta name=\"twitter:label1\" content=\"Temps estimat de lectura\" \/>\n\t<meta name=\"twitter:data1\" content=\"4 minuts\" \/>\n<script type=\"application\/ld+json\" class=\"yoast-schema-graph\">{\"@context\":\"https:\/\/schema.org\",\"@graph\":[{\"@type\":\"WebPage\",\"@id\":\"https:\/\/www.immensiva.com\/ca\/convocatoria-oberta-immensiva-residencia-2023\/\",\"url\":\"https:\/\/www.immensiva.com\/ca\/convocatoria-oberta-immensiva-residencia-2023\/\",\"name\":\"Resid\u00e8ncia Internacional Immensiva 2023: Projectes immersius i interactius\",\"isPartOf\":{\"@id\":\"https:\/\/www.immensiva.com\/#website\"},\"datePublished\":\"2023-01-10T09:43:39+00:00\",\"dateModified\":\"2025-01-15T10:15:04+00:00\",\"description\":\"Resid\u00e8ncia creativa de 3 setmanes per a impulsar projectes utilitzant tecnologies avan\u00e7ades: XR, AI, hologrames, projecci\u00f3 360\u00ba i molt m\u00e9s.\",\"breadcrumb\":{\"@id\":\"https:\/\/www.immensiva.com\/ca\/convocatoria-oberta-immensiva-residencia-2023\/#breadcrumb\"},\"inLanguage\":\"ca\",\"potentialAction\":[{\"@type\":\"ReadAction\",\"target\":[\"https:\/\/www.immensiva.com\/ca\/convocatoria-oberta-immensiva-residencia-2023\/\"]}]},{\"@type\":\"BreadcrumbList\",\"@id\":\"https:\/\/www.immensiva.com\/ca\/convocatoria-oberta-immensiva-residencia-2023\/#breadcrumb\",\"itemListElement\":[{\"@type\":\"ListItem\",\"position\":1,\"name\":\"Home\",\"item\":\"https:\/\/www.immensiva.com\/ca\/\"},{\"@type\":\"ListItem\",\"position\":2,\"name\":\"OPEN CALL : IMMENSIVA RESIDENCE 2023\"}]},{\"@type\":\"WebSite\",\"@id\":\"https:\/\/www.immensiva.com\/#website\",\"url\":\"https:\/\/www.immensiva.com\/\",\"name\":\"IMMENSIVA\",\"description\":\"Focusing on VR, AR, XR art &amp; AI art\",\"potentialAction\":[{\"@type\":\"SearchAction\",\"target\":{\"@type\":\"EntryPoint\",\"urlTemplate\":\"https:\/\/www.immensiva.com\/?s={search_term_string}\"},\"query-input\":\"required name=search_term_string\"}],\"inLanguage\":\"ca\"}]}<\/script>\n<!-- \/ Yoast SEO plugin. -->","yoast_head_json":{"title":"Resid\u00e8ncia Internacional Immensiva 2023: Projectes immersius i interactius","description":"Resid\u00e8ncia creativa de 3 setmanes per a impulsar projectes utilitzant tecnologies avan\u00e7ades: XR, AI, hologrames, projecci\u00f3 360\u00ba i molt m\u00e9s.","robots":{"index":"index","follow":"follow","max-snippet":"max-snippet:-1","max-image-preview":"max-image-preview:large","max-video-preview":"max-video-preview:-1"},"canonical":"https:\/\/www.immensiva.com\/ca\/convocatoria-oberta-immensiva-residencia-2023\/","og_locale":"ca_ES","og_type":"article","og_title":"Resid\u00e8ncia Internacional Immensiva 2023: Projectes immersius i interactius","og_description":"Resid\u00e8ncia creativa de 3 setmanes per a impulsar projectes utilitzant tecnologies avan\u00e7ades: XR, AI, hologrames, projecci\u00f3 360\u00ba i molt m\u00e9s.","og_url":"https:\/\/www.immensiva.com\/ca\/convocatoria-oberta-immensiva-residencia-2023\/","og_site_name":"IMMENSIVA","article_modified_time":"2025-01-15T10:15:04+00:00","twitter_card":"summary_large_image","twitter_misc":{"Temps estimat de lectura":"4 minuts"},"schema":{"@context":"https:\/\/schema.org","@graph":[{"@type":"WebPage","@id":"https:\/\/www.immensiva.com\/ca\/convocatoria-oberta-immensiva-residencia-2023\/","url":"https:\/\/www.immensiva.com\/ca\/convocatoria-oberta-immensiva-residencia-2023\/","name":"Resid\u00e8ncia Internacional Immensiva 2023: Projectes immersius i interactius","isPartOf":{"@id":"https:\/\/www.immensiva.com\/#website"},"datePublished":"2023-01-10T09:43:39+00:00","dateModified":"2025-01-15T10:15:04+00:00","description":"Resid\u00e8ncia creativa de 3 setmanes per a impulsar projectes utilitzant tecnologies avan\u00e7ades: XR, AI, hologrames, projecci\u00f3 360\u00ba i molt m\u00e9s.","breadcrumb":{"@id":"https:\/\/www.immensiva.com\/ca\/convocatoria-oberta-immensiva-residencia-2023\/#breadcrumb"},"inLanguage":"ca","potentialAction":[{"@type":"ReadAction","target":["https:\/\/www.immensiva.com\/ca\/convocatoria-oberta-immensiva-residencia-2023\/"]}]},{"@type":"BreadcrumbList","@id":"https:\/\/www.immensiva.com\/ca\/convocatoria-oberta-immensiva-residencia-2023\/#breadcrumb","itemListElement":[{"@type":"ListItem","position":1,"name":"Home","item":"https:\/\/www.immensiva.com\/ca\/"},{"@type":"ListItem","position":2,"name":"OPEN CALL : IMMENSIVA RESIDENCE 2023"}]},{"@type":"WebSite","@id":"https:\/\/www.immensiva.com\/#website","url":"https:\/\/www.immensiva.com\/","name":"IMMENSIVA","description":"Focusing on VR, AR, XR art &amp; AI art","potentialAction":[{"@type":"SearchAction","target":{"@type":"EntryPoint","urlTemplate":"https:\/\/www.immensiva.com\/?s={search_term_string}"},"query-input":"required name=search_term_string"}],"inLanguage":"ca"}]}},"_links":{"self":[{"href":"https:\/\/www.immensiva.com\/ca\/wp-json\/wp\/v2\/pages\/11184"}],"collection":[{"href":"https:\/\/www.immensiva.com\/ca\/wp-json\/wp\/v2\/pages"}],"about":[{"href":"https:\/\/www.immensiva.com\/ca\/wp-json\/wp\/v2\/types\/page"}],"author":[{"embeddable":true,"href":"https:\/\/www.immensiva.com\/ca\/wp-json\/wp\/v2\/users\/2"}],"replies":[{"embeddable":true,"href":"https:\/\/www.immensiva.com\/ca\/wp-json\/wp\/v2\/comments?post=11184"}],"version-history":[{"count":14,"href":"https:\/\/www.immensiva.com\/ca\/wp-json\/wp\/v2\/pages\/11184\/revisions"}],"predecessor-version":[{"id":13237,"href":"https:\/\/www.immensiva.com\/ca\/wp-json\/wp\/v2\/pages\/11184\/revisions\/13237"}],"wp:attachment":[{"href":"https:\/\/www.immensiva.com\/ca\/wp-json\/wp\/v2\/media?parent=11184"}],"curies":[{"name":"wp","href":"https:\/\/api.w.org\/{rel}","templated":true}]}}