{"id":12891,"date":"2024-06-04T15:09:04","date_gmt":"2024-06-04T13:09:04","guid":{"rendered":"https:\/\/www.immensiva.com\/?page_id=12891"},"modified":"2024-06-10T18:48:08","modified_gmt":"2024-06-10T16:48:08","slug":"politica-de-cookies","status":"publish","type":"page","link":"https:\/\/www.immensiva.com\/ca\/politica-de-cookies\/","title":{"rendered":"Pol\u00edtica de Cookies"},"content":{"rendered":"<div class=\"wpb-content-wrapper\"><p>[vc_row][vc_column responsive_css=&#8221;margin_top_large:170px&#8221;][vc_column_text css=&#8221;&#8221;]\u00daltima actualitzaci\u00f3 04 de juny de 2024<\/p>\n<p>Aquesta Pol\u00edtica de Cookies explica com Asociaci\u00f3n Encontrarte (\u201cEmpresa\u201d, \u201cnosaltres\u201d, \u201cens\u201d i \u201cnostre\u201d) utilitza les cookies i tecnologies similars per recon\u00e8ixer-vos quan visiteu el nostre lloc web a\u00a0www.immensiva.com\u00a0(\u201cLloc Web\u201d). S\u2019hi explica qu\u00e8 s\u00f3n aquestes tecnologies i per qu\u00e8 les utilitzem, aix\u00ed com els vostres drets per controlar-ne l\u2019\u00fas. En alguns casos podem utilitzar cookies per recollir informaci\u00f3 personal, o que es converteix en informaci\u00f3 personal si la combinem amb una altra informaci\u00f3.<\/p>\n<p><strong>Qu\u00e8 s\u00f3n les cookies?<\/strong><br \/>\nLes cookies s\u00f3n petits arxius de dades que es col\u00b7loquen al vostre ordinador o dispositiu m\u00f2bil quan visiteu un lloc web. Els propietaris de llocs web utilitzen \u00e0mpliament les cookies per fer que els seus llocs web funcionin, o per fer-los funcionar de manera m\u00e9s eficient, aix\u00ed com per proporcionar informaci\u00f3 d\u2019informes. Les cookies establertes pel propietari del lloc web (en aquest cas, Asociaci\u00f3n Encontrarte) s\u2019anomenen \u201ccookies pr\u00f2pies\u201d. Les cookies establertes per parts diferents del propietari del lloc web s\u2019anomenen \u201ccookies de tercers.\u201d Les cookies de tercers permeten proporcionar caracter\u00edstiques o funcionalitats de tercers en o a trav\u00e9s del lloc web (per exemple, publicitat, contingut interactiu i an\u00e0lisi). Les parts que estableixen aquestes cookies de tercers poden recon\u00e8ixer el vostre ordinador tant quan visiteu el lloc web en q\u00fcesti\u00f3 com quan visiteu altres llocs web.<\/p>\n<p><strong>Per qu\u00e8 utilitzem cookies?<\/strong><br \/>\nUtilitzem cookies pr\u00f2pies i de tercers per diverses raons. Algunes cookies s\u00f3n necess\u00e0ries per raons t\u00e8cniques perqu\u00e8 el nostre lloc web funcioni, i ens referim a elles com a cookies \u201cessencials\u201d o \u201cestrictament necess\u00e0ries\u201d. Altres cookies tamb\u00e9 ens permeten rastrejar i orientar els interessos dels nostres usuaris per millorar l\u2019experi\u00e8ncia a les nostres Propietats en l\u00ednia. Els tercers utilitzen cookies al nostre lloc web amb finalitats publicit\u00e0ries, anal\u00edtiques i d\u2019altres tipus. Aix\u00f2 es descriu amb m\u00e9s detall a continuaci\u00f3.<\/p>\n<p><strong>Com puc controlar les cookies?<\/strong><br \/>\nVost\u00e8 t\u00e9 dret a decidir si accepta o rebutja les cookies. Pot exercir els seus drets sobre les cookies configurant les seves prefer\u00e8ncies en el Gestor de Consentiment de Cookies. El Gestor de Consentiment de Cookies li permet seleccionar quines categories de cookies accepta o rebutja. Les cookies essencials no poden rebutjar-se, ja que s\u00f3n estrictament necess\u00e0ries per prestar-li serveis. El Gestor de Consentiment de Cookies es troba al b\u00e0ner de notificaci\u00f3 i al nostre lloc web. Si decideix rebutjar les cookies, podr\u00e0 continuar utilitzant el nostre lloc web, tot i que el seu acc\u00e9s a algunes funcions i \u00e0rees del nostre lloc web pot estar restringit. Tamb\u00e9 pot configurar o modificar els controls del seu navegador web per acceptar o rebutjar les cookies. Els tipus espec\u00edfics de cookies pr\u00f2pies i de tercers que es serveixen a trav\u00e9s del nostre lloc web i les finalitats que persegueixen es descriuen a la taula seg\u00fcent (tingui en compte que les cookies espec\u00edfiques que es serveixen poden variar en funci\u00f3 de les Propietats en l\u00ednia concretes que visiti):<\/p>\n<ul>\n<li>Cookies essencials del lloc web: Aquestes cookies s\u00f3n estrictament necess\u00e0ries per prestar-li els serveis disponibles a trav\u00e9s del nostre Lloc Web i per utilitzar algunes de les seves funcions, com ara l\u2019acc\u00e9s a \u00e0rees segures.\n<ul>\n<li>Nom: wordpress_test_cookie.<\/li>\n<li>Finalitat: Utilitzat per llocs creats amb WordPress per comprovar si un navegador t\u00e9 les cookies habilitades.<\/li>\n<li>Prove\u00efdor: Servei:<\/li>\n<li>Tipus: Caduca en:<\/li>\n<\/ul>\n<\/li>\n<\/ul>\n<p><strong>Com puc controlar les cookies al meu navegador?<\/strong><br \/>\nAt\u00e8s que els mitjans pels quals pot rebutjar les cookies a trav\u00e9s dels controls del seu navegador web varien d\u2019un navegador a un altre, heu de visitar el men\u00fa d\u2019ajuda del vostre navegador per obtenir m\u00e9s informaci\u00f3. A continuaci\u00f3, trobareu informaci\u00f3 sobre com gestionar les cookies als navegadors m\u00e9s populars:<\/p>\n<ul>\n<li>Chrome<\/li>\n<li>Internet Explorer<\/li>\n<li>Firefox<\/li>\n<li>Safari<\/li>\n<li>Edge<\/li>\n<li>Opera<\/li>\n<\/ul>\n<p>A m\u00e9s, la majoria de les xarxes publicit\u00e0ries li ofereixen la possibilitat de rebutjar la publicitat dirigida. Si voleu obtenir m\u00e9s informaci\u00f3, visiteu:<\/p>\n<ul>\n<li>Alian\u00e7a de Publicitat Digital<\/li>\n<li>Alian\u00e7a de Publicitat Digital del Canad\u00e0<\/li>\n<li>Alian\u00e7a Europea de Publicitat Digital Interactiva<\/li>\n<\/ul>\n<p><strong>Qu\u00e8 passa amb altres tecnologies de seguiment, com les balises web?<\/strong><br \/>\nLes cookies no s\u00f3n l\u2019\u00fanica forma de recon\u00e8ixer o rastrejar els visitants d\u2019un lloc web. De tant en tant podem utilitzar altres tecnologies similars, com les balises web (a vegades denominades \u201cp\u00edxels de seguiment\u201d o \u201cgifs transparents\u201d). Es tracta de petits arxius gr\u00e0fics que contenen un identificador \u00fanic que ens permet recon\u00e8ixer quan alg\u00fa ha visitat el nostre lloc web o ha obert un correu electr\u00f2nic que els inclou. Aix\u00f2 ens permet, per exemple, controlar els patrons de tr\u00e0nsit dels usuaris d\u2019una p\u00e0gina a una altra dins d\u2019un lloc web, lliurar cookies o comunicar-nos amb elles, comprendre si heu arribat al lloc web des d\u2019un anunci en l\u00ednia mostrat en un lloc web de tercers, millorar el rendiment del lloc i mesurar l\u2019\u00e8xit de les campanyes de m\u00e0rqueting per correu electr\u00f2nic. En molts casos, aquestes tecnologies depenen de les cookies per funcionar correctament, per la qual cosa rebutjar-les afectar\u00e0 el seu funcionament.<\/p>\n<p><strong>Utilitzen cookies Flash o Objectes Locals Compartits?<\/strong><br \/>\nEls llocs web tamb\u00e9 poden utilitzar les anomenades \u201cFlash Cookies\u201d (tamb\u00e9 conegudes com a Local Shared Objects o \u201cLSOs\u201d) per, entre altres coses, recopilar i emmagatzemar informaci\u00f3 sobre l\u2019\u00fas dels nostres serveis, prevenci\u00f3 del frau i per altres operacions del lloc. Si no desitgeu que s\u2019emmagatzemin Flash Cookies al vostre ordinador, podeu ajustar la configuraci\u00f3 del vostre reproductor Flash per bloquejar l\u2019emmagatzematge de Flash Cookies mitjan\u00e7ant les eines incloses en el Panell de configuraci\u00f3 d\u2019emmagatzematge del lloc web. Tamb\u00e9 podeu controlar les Flash Cookies accedint al Panell de configuraci\u00f3 global d\u2019emmagatzematge i seguint les instruccions (que poden incloure instruccions que expliquin, per exemple, com eliminar les Flash Cookies existents (denominades \u201cinformaci\u00f3\u201d al lloc de Macromedia), com evitar que es col\u00b7loquin Flash LSO al vostre ordinador sense que ho sol\u00b7liciteu i (per a Flash Player 8 i posteriors) com bloquejar les Flash Cookies que no estiguin sent lliurades per l\u2019operador de la p\u00e0gina en la qual us trobeu en aquell moment). Tingueu en compte que configurar Flash Player per restringir o limitar l\u2019acceptaci\u00f3 de Flash Cookies pot reduir o impedir la funcionalitat d\u2019algunes aplicacions Flash, incloses, potencialment, les aplicacions Flash utilitzades en relaci\u00f3 amb els nostres serveis o continguts en l\u00ednia.<\/p>\n<p><strong>Ofereixen publicitat dirigida?<\/strong><br \/>\nTercers poden instal\u00b7lar cookies al vostre ordinador o dispositiu m\u00f2bil per oferir-vos publicitat a trav\u00e9s del nostre lloc web. Aquestes empreses poden utilitzar informaci\u00f3 sobre les vostres visites a aquest i altres llocs web amb la finalitat de proporcionar anuncis rellevants sobre b\u00e9ns i serveis que puguin ser del vostre inter\u00e8s. Tamb\u00e9 poden emprar tecnologia per mesurar l\u2019efic\u00e0cia dels anuncis. Per a aix\u00f2, poden utilitzar cookies o balises web per recopilar informaci\u00f3 sobre les vostres visites a aquest i altres llocs amb la finalitat de proporcionar anuncis rellevants sobre b\u00e9ns i serveis que puguin interessar-vos. La informaci\u00f3 recopilada a trav\u00e9s d\u2019aquest proc\u00e9s no ens permet a nosaltres ni a ells identificar el vostre nom, dades de contacte o altres detalls que us identifiquin directament, tret que decidiu proporcionar-los.<\/p>\n<p><strong>Amb quina freq\u00fc\u00e8ncia actualitzaran aquesta Pol\u00edtica de Cookies?<\/strong><br \/>\nPodem actualitzar aquesta Pol\u00edtica de Cookies de tant en tant per reflectir, per exemple, els canvis en les cookies que utilitzem o per altres raons operatives, legals o reglament\u00e0ries. Per tant, torneu a visitar aquesta Pol\u00edtica de Cookies regularment per mantenir-vos informat sobre el nostre \u00fas de cookies i tecnologies relacionades. La data a la part superior d\u2019aquesta Pol\u00edtica de Cookies indica quan es va actualitzar per \u00faltima vegada.<\/p>\n<p><strong>On puc obtenir m\u00e9s informaci\u00f3?<\/strong><br \/>\nSi teniu alguna pregunta sobre el nostre \u00fas de cookies o altres tecnologies, envieu-nos un correu electr\u00f2nic a\u00a0info@espronceda.net\u00a0o per correu postal a:<\/p>\n<p>Asociaci\u00f3n Encontrarte<br \/>\nG66433111<br \/>\nEspronceda 326, nau 4, 5<br \/>\n08027 Barcelona<br \/>\nTel\u00e8fon: 930184126[\/vc_column_text][\/vc_column][\/vc_row]<\/p>\n<\/div>","protected":false},"excerpt":{"rendered":"<p>[vc_row][vc_column responsive_css=&#8221;margin_top_large:170px&#8221;][vc_column_text css=&#8221;&#8221;]\u00daltima actualitzaci\u00f3 04 de juny de 2024 Aquesta Pol\u00edtica de Cookies explica com&#8230;<\/p>\n","protected":false},"author":2,"featured_media":0,"parent":0,"menu_order":0,"comment_status":"closed","ping_status":"open","template":"","meta":{"footnotes":""},"featured_image_urls":{"full":"","thumbnail":"","medium":"","medium_large":"","large":"","1536x1536":"","2048x2048":"","awb_sm":"","awb_md":"","awb_lg":"","awb_xl":"","liquid-default-blog":"","liquid-standard-blog":"","liquid-featured-blog":"","liquid-rounded-blog":"","liquid-classic-meta-blog":"","liquid-classic-2-blog":"","liquid-grid":"","liquid-split-blog":"","liquid-classic-full-blog":"","liquid-metro-blog":"","liquid-timeline-blog":"","liquid-carousel-blog":"","liquid-square-blog":"","liquid-candy-blog":"","liquid-category-blog":"","liquid-cover-post":"","liquid-default-post":"","liquid-cover-spaced":"","liquid-masonry-shortest":"","liquid-masonry-short":"","liquid-masonry-tall":"","liquid-masonry-taller":"","liquid-medium":"","liquid-large":"","liquid-thumbnail":"","liquid-masonry-header-small":"","liquid-masonry-header-big":"","liquid-thumbnail-post":"","liquid-small-blog":"","liquid-related-post":"","liquid-portfolio":"","liquid-portfolio-sq":"","liquid-portfolio-big-sq":"","liquid-portfolio-portrait":"","liquid-portfolio-wide":"","liquid-packery-wide":"","liquid-packery-portrait":"","liquid-grid-hover-overlay":"","liquid-grid-hover-classic":"","liquid-grid-hover-3d":"","liquid-grid-caption":"","liquid-large-slider":"","liquid-widget":"","liquid-portfolio-vertical-overlay":""},"post_excerpt_stackable":"<p>[vc_row][vc_column responsive_css=&#8221;margin_top_large:170px&#8221;][vc_column_text css=&#8221;&#8221;]\u00daltima actualitzaci\u00f3 04 de juny de 2024 Aquesta Pol\u00edtica de Cookies explica com Asociaci\u00f3n Encontrarte (\u201cEmpresa\u201d, \u201cnosaltres\u201d, \u201cens\u201d i \u201cnostre\u201d) utilitza les cookies i tecnologies similars per recon\u00e8ixer-vos quan visiteu el nostre lloc web a\u00a0www.immensiva.com\u00a0(\u201cLloc Web\u201d). S\u2019hi explica qu\u00e8 s\u00f3n aquestes tecnologies i per qu\u00e8 les utilitzem, aix\u00ed com els vostres drets per controlar-ne l\u2019\u00fas. En alguns casos podem utilitzar cookies per recollir informaci\u00f3 personal, o que es converteix en informaci\u00f3 personal si la combinem amb una altra informaci\u00f3. Qu\u00e8 s\u00f3n les cookies? Les cookies s\u00f3n petits arxius de dades que es col\u00b7loquen al vostre ordinador o dispositiu&hellip;<\/p>\n","category_list":"","author_info":{"name":"vitor","url":"https:\/\/www.immensiva.com\/ca\/author\/vitor\/"},"comments_num":"0 comments","yoast_head":"<!-- This site is optimized with the Yoast SEO plugin v22.5 - https:\/\/yoast.com\/wordpress\/plugins\/seo\/ -->\n<title>Pol\u00edtica de Cookies - IMMENSIVA<\/title>\n<meta name=\"robots\" content=\"index, follow, max-snippet:-1, max-image-preview:large, max-video-preview:-1\" \/>\n<link rel=\"canonical\" href=\"https:\/\/www.immensiva.com\/ca\/politica-de-cookies\/\" \/>\n<meta property=\"og:locale\" content=\"ca_ES\" \/>\n<meta property=\"og:type\" content=\"article\" \/>\n<meta property=\"og:title\" content=\"Pol\u00edtica de Cookies - IMMENSIVA\" \/>\n<meta property=\"og:description\" content=\"[vc_row][vc_column responsive_css=&#8221;margin_top_large:170px&#8221;][vc_column_text css=&#8221;&#8221;]\u00daltima actualitzaci\u00f3 04 de juny de 2024 Aquesta Pol\u00edtica de Cookies explica com...\" \/>\n<meta property=\"og:url\" content=\"https:\/\/www.immensiva.com\/ca\/politica-de-cookies\/\" \/>\n<meta property=\"og:site_name\" content=\"IMMENSIVA\" \/>\n<meta property=\"article:modified_time\" content=\"2024-06-10T16:48:08+00:00\" \/>\n<meta name=\"twitter:card\" content=\"summary_large_image\" \/>\n<meta name=\"twitter:label1\" content=\"Temps estimat de lectura\" \/>\n\t<meta name=\"twitter:data1\" content=\"6 minuts\" \/>\n<script type=\"application\/ld+json\" class=\"yoast-schema-graph\">{\"@context\":\"https:\/\/schema.org\",\"@graph\":[{\"@type\":\"WebPage\",\"@id\":\"https:\/\/www.immensiva.com\/ca\/politica-de-cookies\/\",\"url\":\"https:\/\/www.immensiva.com\/ca\/politica-de-cookies\/\",\"name\":\"Pol\u00edtica de Cookies - IMMENSIVA\",\"isPartOf\":{\"@id\":\"https:\/\/www.immensiva.com\/#website\"},\"datePublished\":\"2024-06-04T13:09:04+00:00\",\"dateModified\":\"2024-06-10T16:48:08+00:00\",\"breadcrumb\":{\"@id\":\"https:\/\/www.immensiva.com\/ca\/politica-de-cookies\/#breadcrumb\"},\"inLanguage\":\"ca\",\"potentialAction\":[{\"@type\":\"ReadAction\",\"target\":[\"https:\/\/www.immensiva.com\/ca\/politica-de-cookies\/\"]}]},{\"@type\":\"BreadcrumbList\",\"@id\":\"https:\/\/www.immensiva.com\/ca\/politica-de-cookies\/#breadcrumb\",\"itemListElement\":[{\"@type\":\"ListItem\",\"position\":1,\"name\":\"Home\",\"item\":\"https:\/\/www.immensiva.com\/ca\/\"},{\"@type\":\"ListItem\",\"position\":2,\"name\":\"Pol\u00edtica de Cookies\"}]},{\"@type\":\"WebSite\",\"@id\":\"https:\/\/www.immensiva.com\/#website\",\"url\":\"https:\/\/www.immensiva.com\/\",\"name\":\"IMMENSIVA\",\"description\":\"Focusing on VR, AR, XR art &amp; AI art\",\"potentialAction\":[{\"@type\":\"SearchAction\",\"target\":{\"@type\":\"EntryPoint\",\"urlTemplate\":\"https:\/\/www.immensiva.com\/?s={search_term_string}\"},\"query-input\":\"required name=search_term_string\"}],\"inLanguage\":\"ca\"}]}<\/script>\n<!-- \/ Yoast SEO plugin. -->","yoast_head_json":{"title":"Pol\u00edtica de Cookies - IMMENSIVA","robots":{"index":"index","follow":"follow","max-snippet":"max-snippet:-1","max-image-preview":"max-image-preview:large","max-video-preview":"max-video-preview:-1"},"canonical":"https:\/\/www.immensiva.com\/ca\/politica-de-cookies\/","og_locale":"ca_ES","og_type":"article","og_title":"Pol\u00edtica de Cookies - IMMENSIVA","og_description":"[vc_row][vc_column responsive_css=&#8221;margin_top_large:170px&#8221;][vc_column_text css=&#8221;&#8221;]\u00daltima actualitzaci\u00f3 04 de juny de 2024 Aquesta Pol\u00edtica de Cookies explica com...","og_url":"https:\/\/www.immensiva.com\/ca\/politica-de-cookies\/","og_site_name":"IMMENSIVA","article_modified_time":"2024-06-10T16:48:08+00:00","twitter_card":"summary_large_image","twitter_misc":{"Temps estimat de lectura":"6 minuts"},"schema":{"@context":"https:\/\/schema.org","@graph":[{"@type":"WebPage","@id":"https:\/\/www.immensiva.com\/ca\/politica-de-cookies\/","url":"https:\/\/www.immensiva.com\/ca\/politica-de-cookies\/","name":"Pol\u00edtica de Cookies - IMMENSIVA","isPartOf":{"@id":"https:\/\/www.immensiva.com\/#website"},"datePublished":"2024-06-04T13:09:04+00:00","dateModified":"2024-06-10T16:48:08+00:00","breadcrumb":{"@id":"https:\/\/www.immensiva.com\/ca\/politica-de-cookies\/#breadcrumb"},"inLanguage":"ca","potentialAction":[{"@type":"ReadAction","target":["https:\/\/www.immensiva.com\/ca\/politica-de-cookies\/"]}]},{"@type":"BreadcrumbList","@id":"https:\/\/www.immensiva.com\/ca\/politica-de-cookies\/#breadcrumb","itemListElement":[{"@type":"ListItem","position":1,"name":"Home","item":"https:\/\/www.immensiva.com\/ca\/"},{"@type":"ListItem","position":2,"name":"Pol\u00edtica de Cookies"}]},{"@type":"WebSite","@id":"https:\/\/www.immensiva.com\/#website","url":"https:\/\/www.immensiva.com\/","name":"IMMENSIVA","description":"Focusing on VR, AR, XR art &amp; AI art","potentialAction":[{"@type":"SearchAction","target":{"@type":"EntryPoint","urlTemplate":"https:\/\/www.immensiva.com\/?s={search_term_string}"},"query-input":"required name=search_term_string"}],"inLanguage":"ca"}]}},"_links":{"self":[{"href":"https:\/\/www.immensiva.com\/ca\/wp-json\/wp\/v2\/pages\/12891"}],"collection":[{"href":"https:\/\/www.immensiva.com\/ca\/wp-json\/wp\/v2\/pages"}],"about":[{"href":"https:\/\/www.immensiva.com\/ca\/wp-json\/wp\/v2\/types\/page"}],"author":[{"embeddable":true,"href":"https:\/\/www.immensiva.com\/ca\/wp-json\/wp\/v2\/users\/2"}],"replies":[{"embeddable":true,"href":"https:\/\/www.immensiva.com\/ca\/wp-json\/wp\/v2\/comments?post=12891"}],"version-history":[{"count":19,"href":"https:\/\/www.immensiva.com\/ca\/wp-json\/wp\/v2\/pages\/12891\/revisions"}],"predecessor-version":[{"id":13045,"href":"https:\/\/www.immensiva.com\/ca\/wp-json\/wp\/v2\/pages\/12891\/revisions\/13045"}],"wp:attachment":[{"href":"https:\/\/www.immensiva.com\/ca\/wp-json\/wp\/v2\/media?parent=12891"}],"curies":[{"name":"wp","href":"https:\/\/api.w.org\/{rel}","templated":true}]}}