{"id":13630,"date":"2025-05-20T09:40:43","date_gmt":"2025-05-20T07:40:43","guid":{"rendered":"https:\/\/www.immensiva.com\/?page_id=13630"},"modified":"2026-01-27T14:40:32","modified_gmt":"2026-01-27T13:40:32","slug":"open-call-immensiva-residence-2025","status":"publish","type":"page","link":"https:\/\/www.immensiva.com\/ca\/open-call-immensiva-residence-2025\/","title":{"rendered":"CONVOCAT\u00d2RIA OBERTA: RESID\u00c8NCIA IMMENSIVA 2025"},"content":{"rendered":"<div class=\"wpb-content-wrapper\"><p>[vc_row][vc_column]<style>.ld_spacer_69e307279b9e0{height:230px;}<\/style>\n<div class=\"ld-empty-space ld_spacer_69e307279b9e0\"><span class=\"liquid_empty_space_inner\"><\/span><\/div><style>.ld_fancy_heading_69e307279bb02 .lqd-highlight-inner{height:0.275em;bottom:0px;}<\/style><div class=\"ld-fancy-heading text-center ld_fancy_heading_69e307279bb02\">\n\t<h1 class=\"lqd-highlight-underline lqd-highlight-grow-left\" ><span class=\"ld-fh-txt\"> <\/p>\n<h2>OPEN CALL IMMENSIVA 2025 \u2013 SOCIAL BLOCKS XR: Creative Residency<\/h2>\n<p><\/span><\/h1><\/div>[vc_column_text css=&#8221;&#8221;]<span class=\"s1\"><strong>Ubicaci\u00f3<\/strong>: Barcelona, Espai Espronceda, Institute of Art and Culture<br \/><\/span><span class=\"s1\"><strong>Dates<\/strong>: De juny a novembre de 2025 (dates per confirmar)<br \/><\/span><span class=\"s1\"><strong>Participants<\/strong>: Fins a 8 creadors seleccionats (4 residents a Catalunya i 4 internacionals)<br \/><\/span><span class=\"s1\"><strong>Data l\u00edmit de la convocat\u00f2ria oberta<\/strong>: 6 de juny de 2025<br \/><\/span><span class=\"s1\"><strong>Notificaci\u00f3 als participants seleccionats<\/strong>: 13 de juny de 2025<br \/><\/span><span class=\"s1\"><strong>Formulari de sol\u00b7licitud<\/strong>:<br \/><a href=\"https:\/\/docs.google.com\/forms\/d\/1mlJI_wUusDiE6_N5ixGP-Lv8CQQS0HkS1qmHMwGktrk\/edit\">https:\/\/docs.google.com\/forms\/d\/1mlJI_wUusDiE6_N5ixGP-Lv8CQQS0HkS1qmHMwGktrk\/edit<\/a><br \/><\/span><\/p>\n<p><span class=\"s1\"><br \/>En la seva cinquena edici\u00f3,<b> IMMENSIVA 2025<\/b> es reinventa fusionant intel\u00b7lig\u00e8ncia artificial, realitat estesa (XR) i dansa col\u00b7laborativa per crear projectes immersius amb un fort enfocament social. Aquesta \u00e9s l&#8217;oportunitat perfecta per a artistes, creadors i desenvolupadors interessats en com la tecnologia pot transformar la societat a trav\u00e9s de la inclusi\u00f3, la diversitat i la sostenibilitat.<\/span><\/p>\n<p class=\"p1\"><span class=\"s1\"><b>IMMENSIVA 2025<\/b> \u00e9s m\u00e9s que un festival: \u00e9s un laboratori creatiu on podr\u00e0s desenvolupar prototips de XR utilitzant l&#8217;AI\/XR Toolkit, col\u00b7laborant amb altres artistes i experts per produir experi\u00e8ncies immersives que generin un impacte en museus, centres educatius i escenaris internacionals.<\/span><\/p>\n<p class=\"p1\"><span class=\"s1\">El festival et convida a dissenyar \u201cSocial Blocks\u201d narratius \u2014peces innovadores que combinen dansa, m\u00fasica i tecnologia per impulsar el canvi social a trav\u00e9s de la creativitat. Aprofita la resid\u00e8ncia art\u00edstica per explorar nous llenguatges i col\u00b7laborar en projectes interdisciplinaris amb impacte col\u00b7lectiu. Tamb\u00e9 podr\u00e0s escalar i adaptar el teu projecte a diversos contextos, contribuint a la professionalitzaci\u00f3 de la cultura digital catalana i enfortint l&#8217;abast internacional del teu projecte XR.<\/span><\/p>\n<p class=\"p1\"><span class=\"s1\">No et perdis aquesta oportunitat \u00fanica per fer cr\u00e9ixer la teva visi\u00f3 art\u00edstica en un entorn vibrant i col\u00b7laboratiu. Inscriu-te a<b> IMMENSIVA 2025 \u2013 XR SOCIAL BLOCKS<\/b> i forma part d&#8217;un moviment creatiu amb un potencial de creixement i visibilitat excepcionals.<\/span><\/p>\n<p class=\"p1\"><span class=\"s1\">Si tens idees innovadores per crear experi\u00e8ncies immersives que fomentin l&#8217;empatia i transformin realitats socials, aquesta \u00e9s la teva oportunitat per unir-te a un projecte amb gran impacte i visibilitat.<\/span><\/p>\n<p class=\"p1\"><span class=\"s1\"><b>Volem con\u00e8ixer-te!<\/b><\/span><\/p>\n<p class=\"p2\"><span class=\"s1\">M\u00e9s informaci\u00f3:<\/span><\/p>\n<ul class=\"ul1\">\n<li class=\"li3\"><span class=\"s2\"><a href=\"https:\/\/www.immensiva.com\/ca\/festival-immensiva-2025\/\"><span class=\"s3\">IMMENSIVA 2025 \u2013 Visi\u00f3 general del festival<\/span><\/a><\/span><\/li>\n<li class=\"li3\"><span class=\"s2\"><a href=\"https:\/\/www.immensiva.com\/ca\/proposta-del-projecte-immensiva-2025\/\"><span class=\"s3\">IMMENSIVA 2025 \u2013 Concepte del projecte XR SOCIAL BLOCKS<\/span><\/a><\/span><\/li>\n<li class=\"li4\"><span class=\"s2\"><a href=\"https:\/\/www.immensiva.com\/ca\/programa-educatiu-immensiva-2025\/\"><span class=\"s3\">IMMENSIVA 2025 \u2013 Programa Educatiu<\/span><\/a><\/span><span class=\"s4\"> <i>(dates subjectes a canvi)<\/i><\/span><\/li>\n<\/ul>\n<p class=\"p5\"><span class=\"s5\">M\u00e9s informaci\u00f3 a la nostra <b>web<\/b> i a<a href=\"http:\/\/www.espronceda.net\/\"> <span class=\"s6\">www.espronceda.net<\/span><\/a>!<\/span><span class=\"s1\"><i><br \/><\/i><\/span><\/p>\n<p>[\/vc_column_text]<style>.ld_spacer_69e30727aec62{height:50px;}<\/style>\n<div class=\"ld-empty-space ld_spacer_69e30727aec62\"><span class=\"liquid_empty_space_inner\"><\/span><\/div>[vc_single_image image=&#8221;13622&#8243; img_size=&#8221;large&#8221; css=&#8221;&#8221;]<style>.ld_spacer_69e30727aed32{height:30px;}<\/style>\n<div class=\"ld-empty-space ld_spacer_69e30727aed32\"><span class=\"liquid_empty_space_inner\"><\/span><\/div>[\/vc_column][\/vc_row][vc_row][vc_column][\/vc_column][\/vc_row][vc_row][vc_column][\/vc_column][\/vc_row][vc_row][vc_column][\/vc_column][\/vc_row]<\/p>\n<\/div>","protected":false},"excerpt":{"rendered":"<p>[vc_row][vc_column][vc_column_text css=&#8221;&#8221;]Ubicaci\u00f3: Barcelona, Espai Espronceda, Institute of Art and CultureDates: De juny a novembre de&#8230;<\/p>\n","protected":false},"author":2,"featured_media":0,"parent":0,"menu_order":0,"comment_status":"closed","ping_status":"closed","template":"","meta":{"footnotes":""},"featured_image_urls":{"full":"","thumbnail":"","medium":"","medium_large":"","large":"","1536x1536":"","2048x2048":"","awb_sm":"","awb_md":"","awb_lg":"","awb_xl":"","liquid-default-blog":"","liquid-standard-blog":"","liquid-featured-blog":"","liquid-rounded-blog":"","liquid-classic-meta-blog":"","liquid-classic-2-blog":"","liquid-grid":"","liquid-split-blog":"","liquid-classic-full-blog":"","liquid-metro-blog":"","liquid-timeline-blog":"","liquid-carousel-blog":"","liquid-square-blog":"","liquid-candy-blog":"","liquid-category-blog":"","liquid-cover-post":"","liquid-default-post":"","liquid-cover-spaced":"","liquid-masonry-shortest":"","liquid-masonry-short":"","liquid-masonry-tall":"","liquid-masonry-taller":"","liquid-medium":"","liquid-large":"","liquid-thumbnail":"","liquid-masonry-header-small":"","liquid-masonry-header-big":"","liquid-thumbnail-post":"","liquid-small-blog":"","liquid-related-post":"","liquid-portfolio":"","liquid-portfolio-sq":"","liquid-portfolio-big-sq":"","liquid-portfolio-portrait":"","liquid-portfolio-wide":"","liquid-packery-wide":"","liquid-packery-portrait":"","liquid-grid-hover-overlay":"","liquid-grid-hover-classic":"","liquid-grid-hover-3d":"","liquid-grid-caption":"","liquid-large-slider":"","liquid-widget":"","liquid-portfolio-vertical-overlay":""},"post_excerpt_stackable":"<p>[vc_row][vc_column] OPEN CALL IMMENSIVA 2025 \u2013 SOCIAL BLOCKS XR: Creative Residency [vc_column_text css=&#8221;&#8221;]Ubicaci\u00f3: Barcelona, Espai Espronceda, Institute of Art and CultureDates: De juny a novembre de 2025 (dates per confirmar)Participants: Fins a 8 creadors seleccionats (4 residents a Catalunya i 4 internacionals)Data l\u00edmit de la convocat\u00f2ria oberta: 6 de juny de 2025Notificaci\u00f3 als participants seleccionats: 13 de juny de 2025Formulari de sol\u00b7licitud:https:\/\/docs.google.com\/forms\/d\/1mlJI_wUusDiE6_N5ixGP-Lv8CQQS0HkS1qmHMwGktrk\/edit En la seva cinquena edici\u00f3, IMMENSIVA 2025 es reinventa fusionant intel\u00b7lig\u00e8ncia artificial, realitat estesa (XR) i dansa col\u00b7laborativa per crear projectes immersius amb un fort enfocament social. Aquesta \u00e9s l&#8217;oportunitat perfecta per a artistes, creadors i desenvolupadors interessats&hellip;<\/p>\n","category_list":"","author_info":{"name":"vitor","url":"https:\/\/www.immensiva.com\/ca\/author\/vitor\/"},"comments_num":"0 comments","yoast_head":"<!-- This site is optimized with the Yoast SEO plugin v22.5 - https:\/\/yoast.com\/wordpress\/plugins\/seo\/ -->\n<title>Open Call: Resid\u00e8ncia Immensiva 2025<\/title>\n<meta name=\"description\" content=\"IMMENSIVA 2025 es reinventa fusionant intel\u00b7lig\u00e8ncia artificial, realitat estesa i dansa col\u00b7laborativa per a crear projectes immersius.\" \/>\n<meta name=\"robots\" content=\"index, follow, max-snippet:-1, max-image-preview:large, max-video-preview:-1\" \/>\n<link rel=\"canonical\" href=\"https:\/\/www.immensiva.com\/ca\/open-call-immensiva-residence-2025\/\" \/>\n<meta property=\"og:locale\" content=\"ca_ES\" \/>\n<meta property=\"og:type\" content=\"article\" \/>\n<meta property=\"og:title\" content=\"Open Call: Resid\u00e8ncia Immensiva 2025\" \/>\n<meta property=\"og:description\" content=\"IMMENSIVA 2025 es reinventa fusionant intel\u00b7lig\u00e8ncia artificial, realitat estesa i dansa col\u00b7laborativa per a crear projectes immersius.\" \/>\n<meta property=\"og:url\" content=\"https:\/\/www.immensiva.com\/ca\/open-call-immensiva-residence-2025\/\" \/>\n<meta property=\"og:site_name\" content=\"IMMENSIVA\" \/>\n<meta property=\"article:modified_time\" content=\"2026-01-27T13:40:32+00:00\" \/>\n<meta name=\"twitter:card\" content=\"summary_large_image\" \/>\n<meta name=\"twitter:label1\" content=\"Temps estimat de lectura\" \/>\n\t<meta name=\"twitter:data1\" content=\"2 minuts\" \/>\n<script type=\"application\/ld+json\" class=\"yoast-schema-graph\">{\"@context\":\"https:\/\/schema.org\",\"@graph\":[{\"@type\":\"WebPage\",\"@id\":\"https:\/\/www.immensiva.com\/ca\/open-call-immensiva-residence-2025\/\",\"url\":\"https:\/\/www.immensiva.com\/ca\/open-call-immensiva-residence-2025\/\",\"name\":\"Open Call: Resid\u00e8ncia Immensiva 2025\",\"isPartOf\":{\"@id\":\"https:\/\/www.immensiva.com\/#website\"},\"datePublished\":\"2025-05-20T07:40:43+00:00\",\"dateModified\":\"2026-01-27T13:40:32+00:00\",\"description\":\"IMMENSIVA 2025 es reinventa fusionant intel\u00b7lig\u00e8ncia artificial, realitat estesa i dansa col\u00b7laborativa per a crear projectes immersius.\",\"breadcrumb\":{\"@id\":\"https:\/\/www.immensiva.com\/ca\/open-call-immensiva-residence-2025\/#breadcrumb\"},\"inLanguage\":\"ca\",\"potentialAction\":[{\"@type\":\"ReadAction\",\"target\":[\"https:\/\/www.immensiva.com\/ca\/open-call-immensiva-residence-2025\/\"]}]},{\"@type\":\"BreadcrumbList\",\"@id\":\"https:\/\/www.immensiva.com\/ca\/open-call-immensiva-residence-2025\/#breadcrumb\",\"itemListElement\":[{\"@type\":\"ListItem\",\"position\":1,\"name\":\"Home\",\"item\":\"https:\/\/www.immensiva.com\/ca\/\"},{\"@type\":\"ListItem\",\"position\":2,\"name\":\"CONVOCAT\u00d2RIA OBERTA: RESID\u00c8NCIA IMMENSIVA 2025\"}]},{\"@type\":\"WebSite\",\"@id\":\"https:\/\/www.immensiva.com\/#website\",\"url\":\"https:\/\/www.immensiva.com\/\",\"name\":\"IMMENSIVA\",\"description\":\"Focusing on VR, AR, XR art &amp; AI art\",\"potentialAction\":[{\"@type\":\"SearchAction\",\"target\":{\"@type\":\"EntryPoint\",\"urlTemplate\":\"https:\/\/www.immensiva.com\/?s={search_term_string}\"},\"query-input\":\"required name=search_term_string\"}],\"inLanguage\":\"ca\"}]}<\/script>\n<!-- \/ Yoast SEO plugin. -->","yoast_head_json":{"title":"Open Call: Resid\u00e8ncia Immensiva 2025","description":"IMMENSIVA 2025 es reinventa fusionant intel\u00b7lig\u00e8ncia artificial, realitat estesa i dansa col\u00b7laborativa per a crear projectes immersius.","robots":{"index":"index","follow":"follow","max-snippet":"max-snippet:-1","max-image-preview":"max-image-preview:large","max-video-preview":"max-video-preview:-1"},"canonical":"https:\/\/www.immensiva.com\/ca\/open-call-immensiva-residence-2025\/","og_locale":"ca_ES","og_type":"article","og_title":"Open Call: Resid\u00e8ncia Immensiva 2025","og_description":"IMMENSIVA 2025 es reinventa fusionant intel\u00b7lig\u00e8ncia artificial, realitat estesa i dansa col\u00b7laborativa per a crear projectes immersius.","og_url":"https:\/\/www.immensiva.com\/ca\/open-call-immensiva-residence-2025\/","og_site_name":"IMMENSIVA","article_modified_time":"2026-01-27T13:40:32+00:00","twitter_card":"summary_large_image","twitter_misc":{"Temps estimat de lectura":"2 minuts"},"schema":{"@context":"https:\/\/schema.org","@graph":[{"@type":"WebPage","@id":"https:\/\/www.immensiva.com\/ca\/open-call-immensiva-residence-2025\/","url":"https:\/\/www.immensiva.com\/ca\/open-call-immensiva-residence-2025\/","name":"Open Call: Resid\u00e8ncia Immensiva 2025","isPartOf":{"@id":"https:\/\/www.immensiva.com\/#website"},"datePublished":"2025-05-20T07:40:43+00:00","dateModified":"2026-01-27T13:40:32+00:00","description":"IMMENSIVA 2025 es reinventa fusionant intel\u00b7lig\u00e8ncia artificial, realitat estesa i dansa col\u00b7laborativa per a crear projectes immersius.","breadcrumb":{"@id":"https:\/\/www.immensiva.com\/ca\/open-call-immensiva-residence-2025\/#breadcrumb"},"inLanguage":"ca","potentialAction":[{"@type":"ReadAction","target":["https:\/\/www.immensiva.com\/ca\/open-call-immensiva-residence-2025\/"]}]},{"@type":"BreadcrumbList","@id":"https:\/\/www.immensiva.com\/ca\/open-call-immensiva-residence-2025\/#breadcrumb","itemListElement":[{"@type":"ListItem","position":1,"name":"Home","item":"https:\/\/www.immensiva.com\/ca\/"},{"@type":"ListItem","position":2,"name":"CONVOCAT\u00d2RIA OBERTA: RESID\u00c8NCIA IMMENSIVA 2025"}]},{"@type":"WebSite","@id":"https:\/\/www.immensiva.com\/#website","url":"https:\/\/www.immensiva.com\/","name":"IMMENSIVA","description":"Focusing on VR, AR, XR art &amp; AI art","potentialAction":[{"@type":"SearchAction","target":{"@type":"EntryPoint","urlTemplate":"https:\/\/www.immensiva.com\/?s={search_term_string}"},"query-input":"required name=search_term_string"}],"inLanguage":"ca"}]}},"_links":{"self":[{"href":"https:\/\/www.immensiva.com\/ca\/wp-json\/wp\/v2\/pages\/13630"}],"collection":[{"href":"https:\/\/www.immensiva.com\/ca\/wp-json\/wp\/v2\/pages"}],"about":[{"href":"https:\/\/www.immensiva.com\/ca\/wp-json\/wp\/v2\/types\/page"}],"author":[{"embeddable":true,"href":"https:\/\/www.immensiva.com\/ca\/wp-json\/wp\/v2\/users\/2"}],"replies":[{"embeddable":true,"href":"https:\/\/www.immensiva.com\/ca\/wp-json\/wp\/v2\/comments?post=13630"}],"version-history":[{"count":9,"href":"https:\/\/www.immensiva.com\/ca\/wp-json\/wp\/v2\/pages\/13630\/revisions"}],"predecessor-version":[{"id":13876,"href":"https:\/\/www.immensiva.com\/ca\/wp-json\/wp\/v2\/pages\/13630\/revisions\/13876"}],"wp:attachment":[{"href":"https:\/\/www.immensiva.com\/ca\/wp-json\/wp\/v2\/media?parent=13630"}],"curies":[{"name":"wp","href":"https:\/\/api.w.org\/{rel}","templated":true}]}}