{"id":13907,"date":"2026-01-28T10:06:20","date_gmt":"2026-01-28T09:06:20","guid":{"rendered":"https:\/\/www.immensiva.com\/sensai-hack-barcelona-2025-xr-ai-creative-lab\/"},"modified":"2026-01-28T10:39:16","modified_gmt":"2026-01-28T09:39:16","slug":"sensai-hack-barcelona-2025-xr-ai-creative-lab","status":"publish","type":"page","link":"https:\/\/www.immensiva.com\/ca\/sensai-hack-barcelona-2025-xr-ai-creative-lab\/","title":{"rendered":"SensAI Hack Barcelona 2025 \u2014 XR &amp; AI Creative Lab"},"content":{"rendered":"<div class=\"wpb-content-wrapper\"><p>[vc_row][vc_column][\/vc_column][\/vc_row][vc_column][\/vc_column]<style>.ld_spacer_69f3f1d750dc3{height:170px;}<\/style>\n<div class=\"ld-empty-space ld_spacer_69f3f1d750dc3\"><span class=\"liquid_empty_space_inner\"><\/span><\/div><style>.ld_fancy_heading_69f3f1d750ee9 .lqd-highlight-inner{height:0.275em;bottom:0px;}<\/style><div class=\"ld-fancy-heading text-center ld_fancy_heading_69f3f1d750ee9\">\n\t<h1 class=\"lqd-highlight-underline lqd-highlight-grow-left\" ><span class=\"ld-fh-txt\"> <\/p>\n<h2><b>SensAI Hack Barcelona 2025 \u2014 XR &amp; AI Creative Lab<\/b><\/h2>\n<p><\/span><\/h1><\/div><style>.ld_spacer_69f3f1d7551b2{height:5px;}<\/style>\n<div class=\"ld-empty-space ld_spacer_69f3f1d7551b2\"><span class=\"liquid_empty_space_inner\"><\/span><\/div>[vc_row][vc_column][vc_single_image image=&#8221;13891&#8243; img_size=&#8221;large&#8221; alignment=&#8221;center&#8221; css=&#8221;&#8221;][vc_gallery interval=&#8221;3&#8243; images=&#8221;13948,13951&#8243; img_size=&#8221;large&#8221; css=&#8221;&#8221;][vc_column_text css=&#8221;&#8221;]Com a part del programa <strong>IMMENSIVA 2025, l\u2019ESPRONCEDA Institute of Art &amp; Culture<\/strong> va presentar <strong>SensAI Hack Barcelona 2025<\/strong>, el hackathon d\u2019XR i IA m\u00e9s gran del m\u00f3n. Del <strong>16 al 18 de novembre de 2025<\/strong>, 150 desenvolupadors, dissenyadors i enginyers d\u2019XR\/IA es van reunir a Barcelona per crear jocs, aplicacions i prototips immersius innovadors utilitzant tecnologies capdavanteres d\u2019IA, visi\u00f3 per computador i XR.<\/p>\n<p>SensAI Hack va oferir una plataforma \u00fanica d\u2019aprenentatge, experimentaci\u00f3 i col\u00b7laboraci\u00f3. Les persones participants van interactuar amb experts i mentors de <strong>Unity, Meta i Owlchemy Labs<\/strong>, van assistir a tallers pr\u00e0ctics sobre XR, IA, visi\u00f3 per computador i creaci\u00f3 de jocs a <strong>Horizon Worlds<\/strong>, i van competir per un premi total de <strong>10.000 USD<\/strong>, amb oportunitats addicionals en competicions globals que superen <strong>1 mili\u00f3 de USD<\/strong>.<\/p>\n<p>Per a estudis de videojocs i desenvolupadors independents, el hackathon va funcionar com un laboratori creatiu per provar noves mec\u00e0niques i din\u00e0miques de joc social en VR, integrar IA i visi\u00f3 per computador en projectes en desenvolupament, i rebre mentoratge d\u2019alguns dels professionals m\u00e9s influents dels camps de l\u2019XR i la IA.<\/p>\n<h2>Celebraci\u00f3 Post-Hack<\/h2>\n<p>Per cloure aquesta extraordin\u00e0ria setmana de creativitat i experimentaci\u00f3 tecnol\u00f2gica, <strong>ESPRONCEDA<\/strong> va organitzar una celebraci\u00f3 <strong>post-hack, pre-Unite<\/strong>, que va reunir la comunitat global d\u2019XR, IA i creaci\u00f3 en una vetllada d\u2019exhibicions, actuacions i networking.<\/p>\n<p>Els visitants van poder veure els projectes guardonats desenvolupats durant <strong>SensAI Hack<\/strong>, con\u00e8ixer els hackers, mentors, socis i jurats que estan donant forma al futur de la computaci\u00f3 espacial, i gaudir d\u2019un programa que va combinar innovaci\u00f3 i expressi\u00f3 art\u00edstica. Els moments destacats van incloure:<\/p>\n<p>Actuacions en directe de <strong>Gantasmo, Nina Vondi, Ailin Bars, Cocogirl i disorder<\/strong><br \/>\nExhibicions visuals de <strong>KYSS i Brainrot<\/strong><br \/>\nInstal\u00b7laci\u00f3 XR <strong>Love Vibes<\/strong> de <strong>Daniel Gonzalez Franco<\/strong><\/p>\n<p>La celebraci\u00f3 va oferir un entorn vibrant i informal per connectar amb altres professionals, intercanviar idees i reflexionar sobre una setmana de col\u00b7laboraci\u00f3 i experimentaci\u00f3. L\u2019entrada va ser gratu\u00efta amb inscripci\u00f3 pr\u00e8via (limitada a 100 persones).<\/p>\n<h2>Sobre SensAI Hack<\/h2>\n<p><strong>SensAI Hack<\/strong> \u00e9s la primera <strong>XR Champions League<\/strong> global, que convida m\u00e9s de <strong>500 desenvolupadors d\u2019XR i IA<\/strong> a hackathons presencials a <strong>Londres, Col\u00f2nia<\/strong> (Gamescom Week, STARTPLATZ), <strong>Barcelona<\/strong> (just abans d\u2019Unite 2025) i <strong>San Francisco<\/strong> (Frontier Tower).<\/p>\n<p>Organitzat per <strong>XR Bootcamp<\/strong> en col\u00b7laboraci\u00f3 amb <strong>Meta<\/strong>, els socis corporatius proposen reptes reals i premis que fomenten la innovaci\u00f3 i el networking professional. Els hackers treballen amb les tecnologies XR i IA m\u00e9s avan\u00e7ades mentre col\u00b7laboren directament amb responsables del sector.<\/p>\n<p>Com a <strong>SensAI Hack Network Partner, ESPRONCEDA<\/strong> dona suport a la col\u00b7laboraci\u00f3 internacional i al desenvolupament de projectes d\u2019art digital i videojocs immersius, \u00e8tics i sostenibles.[\/vc_column_text]<style>.ld_spacer_69f3f1d755282{height:32px;}<\/style>\n<div class=\"ld-empty-space ld_spacer_69f3f1d755282\"><span class=\"liquid_empty_space_inner\"><\/span><\/div>[\/vc_column][\/vc_row][vc_row][vc_column][\/vc_column][\/vc_row]<\/p>\n<\/div>","protected":false},"excerpt":{"rendered":"<p>[vc_row][vc_column][\/vc_column][\/vc_row][vc_column][\/vc_column][vc_row][vc_column][vc_single_image image=&#8221;13891&#8243; img_size=&#8221;large&#8221; alignment=&#8221;center&#8221; css=&#8221;&#8221;][vc_gallery interval=&#8221;3&#8243; images=&#8221;13948,13951&#8243; img_size=&#8221;large&#8221; css=&#8221;&#8221;][vc_column_text css=&#8221;&#8221;]Com a part del programa IMMENSIVA&#8230;<\/p>\n","protected":false},"author":2,"featured_media":0,"parent":0,"menu_order":0,"comment_status":"closed","ping_status":"closed","template":"","meta":{"footnotes":""},"featured_image_urls":{"full":"","thumbnail":"","medium":"","medium_large":"","large":"","1536x1536":"","2048x2048":"","awb_sm":"","awb_md":"","awb_lg":"","awb_xl":"","liquid-default-blog":"","liquid-standard-blog":"","liquid-featured-blog":"","liquid-rounded-blog":"","liquid-classic-meta-blog":"","liquid-classic-2-blog":"","liquid-grid":"","liquid-split-blog":"","liquid-classic-full-blog":"","liquid-metro-blog":"","liquid-timeline-blog":"","liquid-carousel-blog":"","liquid-square-blog":"","liquid-candy-blog":"","liquid-category-blog":"","liquid-cover-post":"","liquid-default-post":"","liquid-cover-spaced":"","liquid-masonry-shortest":"","liquid-masonry-short":"","liquid-masonry-tall":"","liquid-masonry-taller":"","liquid-medium":"","liquid-large":"","liquid-thumbnail":"","liquid-masonry-header-small":"","liquid-masonry-header-big":"","liquid-thumbnail-post":"","liquid-small-blog":"","liquid-related-post":"","liquid-portfolio":"","liquid-portfolio-sq":"","liquid-portfolio-big-sq":"","liquid-portfolio-portrait":"","liquid-portfolio-wide":"","liquid-packery-wide":"","liquid-packery-portrait":"","liquid-grid-hover-overlay":"","liquid-grid-hover-classic":"","liquid-grid-hover-3d":"","liquid-grid-caption":"","liquid-large-slider":"","liquid-widget":"","liquid-portfolio-vertical-overlay":""},"post_excerpt_stackable":"<p>[vc_row][vc_column][\/vc_column][\/vc_row][vc_column][\/vc_column] SensAI Hack Barcelona 2025 \u2014 XR &amp; AI Creative Lab [vc_row][vc_column][vc_single_image image=&#8221;13891&#8243; img_size=&#8221;large&#8221; alignment=&#8221;center&#8221; css=&#8221;&#8221;][vc_gallery interval=&#8221;3&#8243; images=&#8221;13948,13951&#8243; img_size=&#8221;large&#8221; css=&#8221;&#8221;][vc_column_text css=&#8221;&#8221;]Com a part del programa IMMENSIVA 2025, l\u2019ESPRONCEDA Institute of Art &amp; Culture va presentar SensAI Hack Barcelona 2025, el hackathon d\u2019XR i IA m\u00e9s gran del m\u00f3n. Del 16 al 18 de novembre de 2025, 150 desenvolupadors, dissenyadors i enginyers d\u2019XR\/IA es van reunir a Barcelona per crear jocs, aplicacions i prototips immersius innovadors utilitzant tecnologies capdavanteres d\u2019IA, visi\u00f3 per computador i XR. SensAI Hack va oferir una plataforma \u00fanica d\u2019aprenentatge, experimentaci\u00f3 i col\u00b7laboraci\u00f3. Les persones participants van interactuar&hellip;<\/p>\n","category_list":"","author_info":{"name":"vitor","url":"https:\/\/www.immensiva.com\/ca\/author\/vitor\/"},"comments_num":"0 comments","yoast_head":"<!-- This site is optimized with the Yoast SEO plugin v22.5 - https:\/\/yoast.com\/wordpress\/plugins\/seo\/ -->\n<title>SensAI Hack Barcelona 2025 \u2014 XR &amp; AI Creative Lab<\/title>\n<meta name=\"description\" content=\"IMMENSIVA 2025 i ESPRONCEDA Institute of Art &amp; Culture va presentar SensAI Hack Barcelona 2025, el hackathon d\u2019XR i IA m\u00e9s gran del m\u00f3n.\" \/>\n<meta name=\"robots\" content=\"index, follow, max-snippet:-1, max-image-preview:large, max-video-preview:-1\" \/>\n<link rel=\"canonical\" href=\"https:\/\/www.immensiva.com\/ca\/sensai-hack-barcelona-2025-xr-ai-creative-lab\/\" \/>\n<meta property=\"og:locale\" content=\"ca_ES\" \/>\n<meta property=\"og:type\" content=\"article\" \/>\n<meta property=\"og:title\" content=\"SensAI Hack Barcelona 2025 \u2014 XR &amp; AI Creative Lab\" \/>\n<meta property=\"og:description\" content=\"IMMENSIVA 2025 i ESPRONCEDA Institute of Art &amp; Culture va presentar SensAI Hack Barcelona 2025, el hackathon d\u2019XR i IA m\u00e9s gran del m\u00f3n.\" \/>\n<meta property=\"og:url\" content=\"https:\/\/www.immensiva.com\/ca\/sensai-hack-barcelona-2025-xr-ai-creative-lab\/\" \/>\n<meta property=\"og:site_name\" content=\"IMMENSIVA\" \/>\n<meta property=\"article:modified_time\" content=\"2026-01-28T09:39:16+00:00\" \/>\n<meta name=\"twitter:card\" content=\"summary_large_image\" \/>\n<meta name=\"twitter:label1\" content=\"Temps estimat de lectura\" \/>\n\t<meta name=\"twitter:data1\" content=\"2 minuts\" \/>\n<script type=\"application\/ld+json\" class=\"yoast-schema-graph\">{\"@context\":\"https:\/\/schema.org\",\"@graph\":[{\"@type\":\"WebPage\",\"@id\":\"https:\/\/www.immensiva.com\/ca\/sensai-hack-barcelona-2025-xr-ai-creative-lab\/\",\"url\":\"https:\/\/www.immensiva.com\/ca\/sensai-hack-barcelona-2025-xr-ai-creative-lab\/\",\"name\":\"SensAI Hack Barcelona 2025 \u2014 XR & AI Creative Lab\",\"isPartOf\":{\"@id\":\"https:\/\/www.immensiva.com\/#website\"},\"datePublished\":\"2026-01-28T09:06:20+00:00\",\"dateModified\":\"2026-01-28T09:39:16+00:00\",\"description\":\"IMMENSIVA 2025 i ESPRONCEDA Institute of Art & Culture va presentar SensAI Hack Barcelona 2025, el hackathon d\u2019XR i IA m\u00e9s gran del m\u00f3n.\",\"breadcrumb\":{\"@id\":\"https:\/\/www.immensiva.com\/ca\/sensai-hack-barcelona-2025-xr-ai-creative-lab\/#breadcrumb\"},\"inLanguage\":\"ca\",\"potentialAction\":[{\"@type\":\"ReadAction\",\"target\":[\"https:\/\/www.immensiva.com\/ca\/sensai-hack-barcelona-2025-xr-ai-creative-lab\/\"]}]},{\"@type\":\"BreadcrumbList\",\"@id\":\"https:\/\/www.immensiva.com\/ca\/sensai-hack-barcelona-2025-xr-ai-creative-lab\/#breadcrumb\",\"itemListElement\":[{\"@type\":\"ListItem\",\"position\":1,\"name\":\"Home\",\"item\":\"https:\/\/www.immensiva.com\/ca\/\"},{\"@type\":\"ListItem\",\"position\":2,\"name\":\"SensAI Hack Barcelona 2025 \u2014 XR &amp; AI Creative Lab\"}]},{\"@type\":\"WebSite\",\"@id\":\"https:\/\/www.immensiva.com\/#website\",\"url\":\"https:\/\/www.immensiva.com\/\",\"name\":\"IMMENSIVA\",\"description\":\"Focusing on VR, AR, XR art &amp; AI art\",\"potentialAction\":[{\"@type\":\"SearchAction\",\"target\":{\"@type\":\"EntryPoint\",\"urlTemplate\":\"https:\/\/www.immensiva.com\/?s={search_term_string}\"},\"query-input\":\"required name=search_term_string\"}],\"inLanguage\":\"ca\"}]}<\/script>\n<!-- \/ Yoast SEO plugin. -->","yoast_head_json":{"title":"SensAI Hack Barcelona 2025 \u2014 XR & AI Creative Lab","description":"IMMENSIVA 2025 i ESPRONCEDA Institute of Art & Culture va presentar SensAI Hack Barcelona 2025, el hackathon d\u2019XR i IA m\u00e9s gran del m\u00f3n.","robots":{"index":"index","follow":"follow","max-snippet":"max-snippet:-1","max-image-preview":"max-image-preview:large","max-video-preview":"max-video-preview:-1"},"canonical":"https:\/\/www.immensiva.com\/ca\/sensai-hack-barcelona-2025-xr-ai-creative-lab\/","og_locale":"ca_ES","og_type":"article","og_title":"SensAI Hack Barcelona 2025 \u2014 XR & AI Creative Lab","og_description":"IMMENSIVA 2025 i ESPRONCEDA Institute of Art & Culture va presentar SensAI Hack Barcelona 2025, el hackathon d\u2019XR i IA m\u00e9s gran del m\u00f3n.","og_url":"https:\/\/www.immensiva.com\/ca\/sensai-hack-barcelona-2025-xr-ai-creative-lab\/","og_site_name":"IMMENSIVA","article_modified_time":"2026-01-28T09:39:16+00:00","twitter_card":"summary_large_image","twitter_misc":{"Temps estimat de lectura":"2 minuts"},"schema":{"@context":"https:\/\/schema.org","@graph":[{"@type":"WebPage","@id":"https:\/\/www.immensiva.com\/ca\/sensai-hack-barcelona-2025-xr-ai-creative-lab\/","url":"https:\/\/www.immensiva.com\/ca\/sensai-hack-barcelona-2025-xr-ai-creative-lab\/","name":"SensAI Hack Barcelona 2025 \u2014 XR & AI Creative Lab","isPartOf":{"@id":"https:\/\/www.immensiva.com\/#website"},"datePublished":"2026-01-28T09:06:20+00:00","dateModified":"2026-01-28T09:39:16+00:00","description":"IMMENSIVA 2025 i ESPRONCEDA Institute of Art & Culture va presentar SensAI Hack Barcelona 2025, el hackathon d\u2019XR i IA m\u00e9s gran del m\u00f3n.","breadcrumb":{"@id":"https:\/\/www.immensiva.com\/ca\/sensai-hack-barcelona-2025-xr-ai-creative-lab\/#breadcrumb"},"inLanguage":"ca","potentialAction":[{"@type":"ReadAction","target":["https:\/\/www.immensiva.com\/ca\/sensai-hack-barcelona-2025-xr-ai-creative-lab\/"]}]},{"@type":"BreadcrumbList","@id":"https:\/\/www.immensiva.com\/ca\/sensai-hack-barcelona-2025-xr-ai-creative-lab\/#breadcrumb","itemListElement":[{"@type":"ListItem","position":1,"name":"Home","item":"https:\/\/www.immensiva.com\/ca\/"},{"@type":"ListItem","position":2,"name":"SensAI Hack Barcelona 2025 \u2014 XR &amp; AI Creative Lab"}]},{"@type":"WebSite","@id":"https:\/\/www.immensiva.com\/#website","url":"https:\/\/www.immensiva.com\/","name":"IMMENSIVA","description":"Focusing on VR, AR, XR art &amp; AI art","potentialAction":[{"@type":"SearchAction","target":{"@type":"EntryPoint","urlTemplate":"https:\/\/www.immensiva.com\/?s={search_term_string}"},"query-input":"required name=search_term_string"}],"inLanguage":"ca"}]}},"_links":{"self":[{"href":"https:\/\/www.immensiva.com\/ca\/wp-json\/wp\/v2\/pages\/13907"}],"collection":[{"href":"https:\/\/www.immensiva.com\/ca\/wp-json\/wp\/v2\/pages"}],"about":[{"href":"https:\/\/www.immensiva.com\/ca\/wp-json\/wp\/v2\/types\/page"}],"author":[{"embeddable":true,"href":"https:\/\/www.immensiva.com\/ca\/wp-json\/wp\/v2\/users\/2"}],"replies":[{"embeddable":true,"href":"https:\/\/www.immensiva.com\/ca\/wp-json\/wp\/v2\/comments?post=13907"}],"version-history":[{"count":7,"href":"https:\/\/www.immensiva.com\/ca\/wp-json\/wp\/v2\/pages\/13907\/revisions"}],"predecessor-version":[{"id":13954,"href":"https:\/\/www.immensiva.com\/ca\/wp-json\/wp\/v2\/pages\/13907\/revisions\/13954"}],"wp:attachment":[{"href":"https:\/\/www.immensiva.com\/ca\/wp-json\/wp\/v2\/media?parent=13907"}],"curies":[{"name":"wp","href":"https:\/\/api.w.org\/{rel}","templated":true}]}}