{"id":14031,"date":"2026-02-17T10:12:18","date_gmt":"2026-02-17T09:12:18","guid":{"rendered":"https:\/\/www.immensiva.com\/immensiva-festival-2026\/"},"modified":"2026-03-11T14:22:20","modified_gmt":"2026-03-11T13:22:20","slug":"immensiva-festival-2026","status":"publish","type":"page","link":"https:\/\/www.immensiva.com\/ca\/immensiva-festival-2026\/","title":{"rendered":"IMMENSIVA FESTIVAL 2026"},"content":{"rendered":"<div class=\"wpb-content-wrapper\"><p>[vc_row][vc_column]<style>.ld_spacer_69d1e703028d4{height:170px;}<\/style>\n<div class=\"ld-empty-space ld_spacer_69d1e703028d4\"><span class=\"liquid_empty_space_inner\"><\/span><\/div><style>.ld_fancy_heading_69d1e70302a09 .lqd-highlight-inner{height:0.275em;bottom:0px;}<\/style><div class=\"ld-fancy-heading text-center ld_fancy_heading_69d1e70302a09\">\n\t<h1 class=\"lqd-highlight-underline lqd-highlight-grow-left\" ><span class=\"ld-fh-txt\"> <\/p>\n<h2><b>IMMENSIVA 2026 <\/b><b>SYNOPSIS<\/b><\/h2>\n<p><\/span><\/h1><\/div><style>.ld_spacer_69d1e703108eb{height:5px;}<\/style>\n<div class=\"ld-empty-space ld_spacer_69d1e703108eb\"><span class=\"liquid_empty_space_inner\"><\/span><\/div>[vc_single_image image=&#8221;14117&#8243; img_size=&#8221;large&#8221; alignment=&#8221;center&#8221; css=&#8221;&#8221;]<style>.ld_spacer_69d1e703109c5{height:50px;}<\/style>\n<div class=\"ld-empty-space ld_spacer_69d1e703109c5\"><span class=\"liquid_empty_space_inner\"><\/span><\/div>[vc_column_text css=&#8221;&#8221;]<\/p>\n<h3><\/h3>\n<p><strong>IMMENSIVA 2026 \u2013 Collective Cartographies<\/strong> transforma el patrimoni material i immaterial de Catalunya en experi\u00e8ncies compartides i multiusuari basades en IA. De febrer a novembre de 2026, sis equips interdisciplinaris cocrear\u00e1n projectes immersius basats en la ubicaci\u00f3 que exploren la mem\u00f2ria, el territori i el significat col\u00b7lectiu.<br \/>\nLa resid\u00e8ncia combina <strong>producci\u00f3 en l\u00ednia, mentoria i classes magistrals<\/strong> amb integraci\u00f3 in situ i exposici\u00f3n en l&#8217;<strong>Espronceda &#8211; Institute of Art &amp; Cutlure, Barcelona<\/strong>, i exposicions regionals a Vilanova i la Geltr\u00fa, Tarragona i Reus. Utilitzant eines d&#8217;avantguarda com <strong>XRoam Solutions and STYLY<\/strong>, els participants dissenyen experi\u00e8ncies escalables, adaptables i accessibles per a contextos culturals i educatius.<\/p>\n<p>A trav\u00e9s de viatges col\u00b7lectius, narratives millorades per la IA i interaccions espacialment sincronitzades, IMMENSIVA 2026 reimagina el <strong>patrimoni com un espai viu i compartit<\/strong>\u2014enfortint les habilitats professionals, la transfer\u00e8ncia de coneixement i l&#8217;ecosistema de cultura digital de Catalunya.[\/vc_column_text]<style>.ld_spacer_69d1e70310a5d{height:30px;}<\/style>\n<div class=\"ld-empty-space ld_spacer_69d1e70310a5d\"><span class=\"liquid_empty_space_inner\"><\/span><\/div>[\/vc_column][\/vc_row][vc_row][vc_column][vc_btn title=&#8221;Veure Proposta de Projecte&#8221; color=&#8221;inverse&#8221; css=&#8221;&#8221; link=&#8221;url:https%3A%2F%2Fwww.immensiva.com%2Fca%2Fproposta-de-projecte-immensiva-2026%2F&#8221;]<style>.ld_spacer_69d1e70310aeb{height:32px;}<\/style>\n<div class=\"ld-empty-space ld_spacer_69d1e70310aeb\"><span class=\"liquid_empty_space_inner\"><\/span><\/div>[\/vc_column][\/vc_row][vc_row][vc_column][vc_btn title=&#8221;Veure Programa Educatiu&#8221; color=&#8221;inverse&#8221; css=&#8221;&#8221; link=&#8221;url:https%3A%2F%2Fwww.immensiva.com%2Fca%2Fprograma-educatiu-immensiva-2026%2F&#8221;][\/vc_column][\/vc_row][vc_row][vc_column][\/vc_column][\/vc_row]<\/p>\n<\/div>","protected":false},"excerpt":{"rendered":"<p>[vc_row][vc_column][vc_single_image image=&#8221;14117&#8243; img_size=&#8221;large&#8221; alignment=&#8221;center&#8221; css=&#8221;&#8221;][vc_column_text css=&#8221;&#8221;] IMMENSIVA 2026 \u2013 Collective Cartographies transforma el patrimoni material&#8230;<\/p>\n","protected":false},"author":2,"featured_media":0,"parent":0,"menu_order":0,"comment_status":"closed","ping_status":"closed","template":"","meta":{"footnotes":""},"featured_image_urls":{"full":"","thumbnail":"","medium":"","medium_large":"","large":"","1536x1536":"","2048x2048":"","awb_sm":"","awb_md":"","awb_lg":"","awb_xl":"","liquid-default-blog":"","liquid-standard-blog":"","liquid-featured-blog":"","liquid-rounded-blog":"","liquid-classic-meta-blog":"","liquid-classic-2-blog":"","liquid-grid":"","liquid-split-blog":"","liquid-classic-full-blog":"","liquid-metro-blog":"","liquid-timeline-blog":"","liquid-carousel-blog":"","liquid-square-blog":"","liquid-candy-blog":"","liquid-category-blog":"","liquid-cover-post":"","liquid-default-post":"","liquid-cover-spaced":"","liquid-masonry-shortest":"","liquid-masonry-short":"","liquid-masonry-tall":"","liquid-masonry-taller":"","liquid-medium":"","liquid-large":"","liquid-thumbnail":"","liquid-masonry-header-small":"","liquid-masonry-header-big":"","liquid-thumbnail-post":"","liquid-small-blog":"","liquid-related-post":"","liquid-portfolio":"","liquid-portfolio-sq":"","liquid-portfolio-big-sq":"","liquid-portfolio-portrait":"","liquid-portfolio-wide":"","liquid-packery-wide":"","liquid-packery-portrait":"","liquid-grid-hover-overlay":"","liquid-grid-hover-classic":"","liquid-grid-hover-3d":"","liquid-grid-caption":"","liquid-large-slider":"","liquid-widget":"","liquid-portfolio-vertical-overlay":""},"post_excerpt_stackable":"<p>[vc_row][vc_column] IMMENSIVA 2026 SYNOPSIS [vc_single_image image=&#8221;14117&#8243; img_size=&#8221;large&#8221; alignment=&#8221;center&#8221; css=&#8221;&#8221;] [vc_column_text css=&#8221;&#8221;] IMMENSIVA 2026 \u2013 Collective Cartographies transforma el patrimoni material i immaterial de Catalunya en experi\u00e8ncies compartides i multiusuari basades en IA. De febrer a novembre de 2026, sis equips interdisciplinaris cocrear\u00e1n projectes immersius basats en la ubicaci\u00f3 que exploren la mem\u00f2ria, el territori i el significat col\u00b7lectiu. La resid\u00e8ncia combina producci\u00f3 en l\u00ednia, mentoria i classes magistrals amb integraci\u00f3 in situ i exposici\u00f3n en l&#8217;Espronceda &#8211; Institute of Art &amp; Cutlure, Barcelona, i exposicions regionals a Vilanova i la Geltr\u00fa, Tarragona i Reus. Utilitzant eines d&#8217;avantguarda com XRoam Solutions&hellip;<\/p>\n","category_list":"","author_info":{"name":"vitor","url":"https:\/\/www.immensiva.com\/ca\/author\/vitor\/"},"comments_num":"0 comments","yoast_head":"<!-- This site is optimized with the Yoast SEO plugin v22.5 - https:\/\/yoast.com\/wordpress\/plugins\/seo\/ -->\n<title>Immensiva Festival 2026<\/title>\n<meta name=\"description\" content=\"Transforma el patrimoni material i immaterial de Catalunya en experi\u00e8ncies compartides i multiusuari basades en IA.\" \/>\n<meta name=\"robots\" content=\"index, follow, max-snippet:-1, max-image-preview:large, max-video-preview:-1\" \/>\n<link rel=\"canonical\" href=\"https:\/\/www.immensiva.com\/ca\/immensiva-festival-2026\/\" \/>\n<meta property=\"og:locale\" content=\"ca_ES\" \/>\n<meta property=\"og:type\" content=\"article\" \/>\n<meta property=\"og:title\" content=\"Immensiva Festival 2026\" \/>\n<meta property=\"og:description\" content=\"Transforma el patrimoni material i immaterial de Catalunya en experi\u00e8ncies compartides i multiusuari basades en IA.\" \/>\n<meta property=\"og:url\" content=\"https:\/\/www.immensiva.com\/ca\/immensiva-festival-2026\/\" \/>\n<meta property=\"og:site_name\" content=\"IMMENSIVA\" \/>\n<meta property=\"article:modified_time\" content=\"2026-03-11T13:22:20+00:00\" \/>\n<meta name=\"twitter:card\" content=\"summary_large_image\" \/>\n<meta name=\"twitter:label1\" content=\"Temps estimat de lectura\" \/>\n\t<meta name=\"twitter:data1\" content=\"1 minut\" \/>\n<script type=\"application\/ld+json\" class=\"yoast-schema-graph\">{\"@context\":\"https:\/\/schema.org\",\"@graph\":[{\"@type\":\"WebPage\",\"@id\":\"https:\/\/www.immensiva.com\/ca\/immensiva-festival-2026\/\",\"url\":\"https:\/\/www.immensiva.com\/ca\/immensiva-festival-2026\/\",\"name\":\"Immensiva Festival 2026\",\"isPartOf\":{\"@id\":\"https:\/\/www.immensiva.com\/#website\"},\"datePublished\":\"2026-02-17T09:12:18+00:00\",\"dateModified\":\"2026-03-11T13:22:20+00:00\",\"description\":\"Transforma el patrimoni material i immaterial de Catalunya en experi\u00e8ncies compartides i multiusuari basades en IA.\",\"breadcrumb\":{\"@id\":\"https:\/\/www.immensiva.com\/ca\/immensiva-festival-2026\/#breadcrumb\"},\"inLanguage\":\"ca\",\"potentialAction\":[{\"@type\":\"ReadAction\",\"target\":[\"https:\/\/www.immensiva.com\/ca\/immensiva-festival-2026\/\"]}]},{\"@type\":\"BreadcrumbList\",\"@id\":\"https:\/\/www.immensiva.com\/ca\/immensiva-festival-2026\/#breadcrumb\",\"itemListElement\":[{\"@type\":\"ListItem\",\"position\":1,\"name\":\"Home\",\"item\":\"https:\/\/www.immensiva.com\/ca\/\"},{\"@type\":\"ListItem\",\"position\":2,\"name\":\"IMMENSIVA FESTIVAL 2026\"}]},{\"@type\":\"WebSite\",\"@id\":\"https:\/\/www.immensiva.com\/#website\",\"url\":\"https:\/\/www.immensiva.com\/\",\"name\":\"IMMENSIVA\",\"description\":\"Focusing on VR, AR, XR art &amp; AI art\",\"potentialAction\":[{\"@type\":\"SearchAction\",\"target\":{\"@type\":\"EntryPoint\",\"urlTemplate\":\"https:\/\/www.immensiva.com\/?s={search_term_string}\"},\"query-input\":\"required name=search_term_string\"}],\"inLanguage\":\"ca\"}]}<\/script>\n<!-- \/ Yoast SEO plugin. -->","yoast_head_json":{"title":"Immensiva Festival 2026","description":"Transforma el patrimoni material i immaterial de Catalunya en experi\u00e8ncies compartides i multiusuari basades en IA.","robots":{"index":"index","follow":"follow","max-snippet":"max-snippet:-1","max-image-preview":"max-image-preview:large","max-video-preview":"max-video-preview:-1"},"canonical":"https:\/\/www.immensiva.com\/ca\/immensiva-festival-2026\/","og_locale":"ca_ES","og_type":"article","og_title":"Immensiva Festival 2026","og_description":"Transforma el patrimoni material i immaterial de Catalunya en experi\u00e8ncies compartides i multiusuari basades en IA.","og_url":"https:\/\/www.immensiva.com\/ca\/immensiva-festival-2026\/","og_site_name":"IMMENSIVA","article_modified_time":"2026-03-11T13:22:20+00:00","twitter_card":"summary_large_image","twitter_misc":{"Temps estimat de lectura":"1 minut"},"schema":{"@context":"https:\/\/schema.org","@graph":[{"@type":"WebPage","@id":"https:\/\/www.immensiva.com\/ca\/immensiva-festival-2026\/","url":"https:\/\/www.immensiva.com\/ca\/immensiva-festival-2026\/","name":"Immensiva Festival 2026","isPartOf":{"@id":"https:\/\/www.immensiva.com\/#website"},"datePublished":"2026-02-17T09:12:18+00:00","dateModified":"2026-03-11T13:22:20+00:00","description":"Transforma el patrimoni material i immaterial de Catalunya en experi\u00e8ncies compartides i multiusuari basades en IA.","breadcrumb":{"@id":"https:\/\/www.immensiva.com\/ca\/immensiva-festival-2026\/#breadcrumb"},"inLanguage":"ca","potentialAction":[{"@type":"ReadAction","target":["https:\/\/www.immensiva.com\/ca\/immensiva-festival-2026\/"]}]},{"@type":"BreadcrumbList","@id":"https:\/\/www.immensiva.com\/ca\/immensiva-festival-2026\/#breadcrumb","itemListElement":[{"@type":"ListItem","position":1,"name":"Home","item":"https:\/\/www.immensiva.com\/ca\/"},{"@type":"ListItem","position":2,"name":"IMMENSIVA FESTIVAL 2026"}]},{"@type":"WebSite","@id":"https:\/\/www.immensiva.com\/#website","url":"https:\/\/www.immensiva.com\/","name":"IMMENSIVA","description":"Focusing on VR, AR, XR art &amp; AI art","potentialAction":[{"@type":"SearchAction","target":{"@type":"EntryPoint","urlTemplate":"https:\/\/www.immensiva.com\/?s={search_term_string}"},"query-input":"required name=search_term_string"}],"inLanguage":"ca"}]}},"_links":{"self":[{"href":"https:\/\/www.immensiva.com\/ca\/wp-json\/wp\/v2\/pages\/14031"}],"collection":[{"href":"https:\/\/www.immensiva.com\/ca\/wp-json\/wp\/v2\/pages"}],"about":[{"href":"https:\/\/www.immensiva.com\/ca\/wp-json\/wp\/v2\/types\/page"}],"author":[{"embeddable":true,"href":"https:\/\/www.immensiva.com\/ca\/wp-json\/wp\/v2\/users\/2"}],"replies":[{"embeddable":true,"href":"https:\/\/www.immensiva.com\/ca\/wp-json\/wp\/v2\/comments?post=14031"}],"version-history":[{"count":8,"href":"https:\/\/www.immensiva.com\/ca\/wp-json\/wp\/v2\/pages\/14031\/revisions"}],"predecessor-version":[{"id":14120,"href":"https:\/\/www.immensiva.com\/ca\/wp-json\/wp\/v2\/pages\/14031\/revisions\/14120"}],"wp:attachment":[{"href":"https:\/\/www.immensiva.com\/ca\/wp-json\/wp\/v2\/media?parent=14031"}],"curies":[{"name":"wp","href":"https:\/\/api.w.org\/{rel}","templated":true}]}}