{"id":9308,"date":"2020-12-14T21:29:38","date_gmt":"2020-12-14T20:29:38","guid":{"rendered":"https:\/\/www.immensiva.com\/projects-innovation\/"},"modified":"2024-04-15T14:25:21","modified_gmt":"2024-04-15T12:25:21","slug":"projectes-innovacio","status":"publish","type":"page","link":"https:\/\/www.immensiva.com\/ca\/projectes-innovacio\/","title":{"rendered":"PROJECTES I INNOVACI\u00d3"},"content":{"rendered":"<div class=\"wpb-content-wrapper\"><p>[vc_row content_placement=&#8221;middle&#8221; css=&#8221;.vc_custom_1608040933391{margin-top: 200px !important;}&#8221;][vc_column]<style>.ld_fancy_heading_69e185d823a7b .lqd-highlight-inner{height:0.275em;bottom:0px;}<\/style><div class=\"ld-fancy-heading text-center ld_fancy_heading_69e185d823a7b\">\n\t<h1 class=\"lqd-highlight-underline lqd-highlight-grow-left\" ><span class=\"ld-fh-txt\"> <\/p>\n<h3 id=\"yiv1685169422yui_3_16_0_ym19_1_1499426697339_50812\" style=\"text-align: center\"><strong>L&#8217;ART ES EL NOSTRE FUTUR PER CONSTRUIR UNA SOCIETAT MILLOR<\/strong><\/h3>\n<p><\/span><\/h1><\/div><style>.ld_spacer_69e185d82b057{height:32px;}<\/style>\n<div class=\"ld-empty-space ld_spacer_69e185d82b057\"><span class=\"liquid_empty_space_inner\"><\/span><\/div>[\/vc_column][\/vc_row][vc_row][vc_column][vc_media_grid style=&#8221;pagination&#8221; paging_design=&#8221;none&#8221; item=&#8221;mediaGrid_ScaleWithRotation&#8221; grid_id=&#8221;vc_gid:1712761753776-af481c24de1264f83c70ccb7b24192e5-6&#8243; include=&#8221;12245,12248,12251,12257,12254,12260&#8243;][\/vc_column][\/vc_row][vc_section css=&#8221;.vc_custom_1608041100898{background-color: #7a25f9 !important;}&#8221;][vc_row][vc_column]<style>.ld_spacer_69e185d82b13a{height:50px;}<\/style>\n<div class=\"ld-empty-space ld_spacer_69e185d82b13a\"><span class=\"liquid_empty_space_inner\"><\/span><\/div>[vc_column_text]<\/p>\n<p style=\"text-align: center;\"><span style=\"color: #ccffff;\">Creiem en el poder de l\u2019art i la seva connexi\u00f3 amb la ci\u00e8ncia i la tecnologia. La innovaci\u00f3 no nom\u00e9s prov\u00e9 d\u2019equacions, matem\u00e0tiques o alguna f\u00f3rmula cient\u00edfica sin\u00f3 que prov\u00e9 d\u2019un lloc hum\u00e0. La innovaci\u00f3 en les ci\u00e8ncies sempre est\u00e0 vinculada d\u2019alguna manera, ja sigui directament o indirectament, a una experi\u00e8ncia humana. I les experi\u00e8ncies humanes succeeixen a trav\u00e9s de la interacci\u00f3 amb les arts i la creaci\u00f3 \u2013 tocar o escoltar m\u00fasica, descobrir una obra d\u2019art, prendre una fotografia, etc. L\u2019art t\u2019ajuda a veure les coses en un espai menys antinatural. La nostra economia es basa en pensadors convergents, persones que executen coses, les fan. Per\u00f2 els artistes i dissenyadors s\u00f3n pensadors divergents: amplien l\u2019horitz\u00f3 de possibilitats, s\u00f3n visionaris. La innovaci\u00f3 superior prov\u00e9 de reunir divergents (artistes i dissenyadors) i convergents (ci\u00e8ncia i enginyeria). Tota la societat necessita involucrar-se en el proc\u00e9s d\u2019innovaci\u00f3 (oberta). Per tant, creiem en la filosofia del<strong>\u00a0programa STARTS<\/strong>, que tracta de connectar la innovaci\u00f3 en el nucli de Ci\u00e8ncia, Tecnologia i ARTS. L\u2019art \u00e9s un catalitzador per al canvi innovador en investigaci\u00f3, negocis, economia, pol\u00edtica i societat.<\/span><\/p>\n<div style=\"text-align: center;\"><\/div>\n<div id=\"yiv1685169422yui_3_16_0_ym19_1_1499426697339_50824\" style=\"text-align: center;\"><span style=\"color: #ccffff;\"><span id=\"yiv1685169422yui_3_16_0_ym19_1_1499426697339_50825\" lang=\"EN-GB\" xml:lang=\"EN-GB\">Visita<span id=\"yiv1685169422yui_3_16_0_ym19_1_1499426697339_50826\">\u00a0<\/span><a id=\"yiv1685169422yui_3_16_0_ym19_1_1499426697339_50827\" style=\"color: #ccffff;\" href=\"http:\/\/www.starts.eu\/\" target=\"_blank\" rel=\"nofollow noopener noreferrer\" name=\"yiv1685169422yui_3_16_0_ym19_1_1499426697339_50827\"><span id=\"yiv1685169422yui_3_16_0_ym19_1_1499426697339_50828\">www.Starts.eu<\/span><\/a>.\u00a0<\/span><span id=\"yiv1685169422yui_3_16_0_ym19_1_1499426697339_50829\" lang=\"EN-GB\" xml:lang=\"EN-GB\"><\/span><\/span><\/div>\n<div id=\"yiv1685169422yui_3_16_0_ym19_1_1499426697339_50831\" style=\"text-align: center;\"><span id=\"yiv1685169422yui_3_16_0_ym19_1_1499426697339_50832\" lang=\"EN-GB\" style=\"color: #ccffff;\" xml:lang=\"EN-GB\"><br id=\"yiv1685169422yui_3_16_0_ym19_1_1499426697339_50834\" \/><span id=\"yiv1685169422yui_3_16_0_ym19_1_1499426697339_50835\"><\/span><span id=\"yiv1685169422yui_3_16_0_ym19_1_1499426697339_50836\" lang=\"EN-GB\" xml:lang=\"EN-GB\"><\/span><\/span><\/div>\n<div id=\"yiv1685169422yui_3_16_0_ym19_1_1499426697339_50838\" dir=\"ltr\" style=\"text-align: center;\"><span style=\"color: #ccffff;\">Tamb\u00e9 estem interessats a participar en projectes de Cooperaci\u00f3 Europea adequats sota\u00a0<strong>Creative Media Europe<\/strong>. Tenim una \u00e0mplia experi\u00e8ncia en la proposta d\u2019edici\u00f3 i el nostre principal desig \u00e9s anar m\u00e9s enll\u00e0 de les nostres fronteres geogr\u00e0fiques.<\/span><\/div>\n<p>[\/vc_column_text]<style>.ld_spacer_69e185d82b1e4{height:50px;}<\/style>\n<div class=\"ld-empty-space ld_spacer_69e185d82b1e4\"><span class=\"liquid_empty_space_inner\"><\/span><\/div>[\/vc_column][\/vc_row][\/vc_section][vc_row][vc_column]<style>.ld_spacer_69e185d82b282{height:200px;}<\/style>\n<div class=\"ld-empty-space ld_spacer_69e185d82b282\"><span class=\"liquid_empty_space_inner\"><\/span><\/div>[\/vc_column][\/vc_row]<\/p>\n<\/div>","protected":false},"excerpt":{"rendered":"<p>[vc_row content_placement=&#8221;middle&#8221; css=&#8221;.vc_custom_1608040933391{margin-top: 200px !important;}&#8221;][vc_column][\/vc_column][\/vc_row][vc_row][vc_column][vc_media_grid style=&#8221;pagination&#8221; paging_design=&#8221;none&#8221; item=&#8221;mediaGrid_ScaleWithRotation&#8221; grid_id=&#8221;vc_gid:1712761753776-af481c24de1264f83c70ccb7b24192e5-6&#8243; include=&#8221;12245,12248,12251,12257,12254,12260&#8243;][\/vc_column][\/vc_row][vc_section css=&#8221;.vc_custom_1608041100898{background-color: #7a25f9 !important;}&#8221;][vc_row][vc_column][vc_column_text] Creiem en&#8230;<\/p>\n","protected":false},"author":2,"featured_media":0,"parent":0,"menu_order":0,"comment_status":"closed","ping_status":"closed","template":"","meta":{"footnotes":""},"featured_image_urls":{"full":"","thumbnail":"","medium":"","medium_large":"","large":"","1536x1536":"","2048x2048":"","awb_sm":"","awb_md":"","awb_lg":"","awb_xl":"","liquid-default-blog":"","liquid-standard-blog":"","liquid-featured-blog":"","liquid-rounded-blog":"","liquid-classic-meta-blog":"","liquid-classic-2-blog":"","liquid-grid":"","liquid-split-blog":"","liquid-classic-full-blog":"","liquid-metro-blog":"","liquid-timeline-blog":"","liquid-carousel-blog":"","liquid-square-blog":"","liquid-candy-blog":"","liquid-category-blog":"","liquid-cover-post":"","liquid-default-post":"","liquid-cover-spaced":"","liquid-masonry-shortest":"","liquid-masonry-short":"","liquid-masonry-tall":"","liquid-masonry-taller":"","liquid-medium":"","liquid-large":"","liquid-thumbnail":"","liquid-masonry-header-small":"","liquid-masonry-header-big":"","liquid-thumbnail-post":"","liquid-small-blog":"","liquid-related-post":"","liquid-portfolio":"","liquid-portfolio-sq":"","liquid-portfolio-big-sq":"","liquid-portfolio-portrait":"","liquid-portfolio-wide":"","liquid-packery-wide":"","liquid-packery-portrait":"","liquid-grid-hover-overlay":"","liquid-grid-hover-classic":"","liquid-grid-hover-3d":"","liquid-grid-caption":"","liquid-large-slider":"","liquid-widget":"","liquid-portfolio-vertical-overlay":""},"post_excerpt_stackable":"<p>[vc_row content_placement=&#8221;middle&#8221; css=&#8221;.vc_custom_1608040933391{margin-top: 200px !important;}&#8221;][vc_column] L&#8217;ART ES EL NOSTRE FUTUR PER CONSTRUIR UNA SOCIETAT MILLOR [\/vc_column][\/vc_row][vc_row][vc_column][vc_media_grid style=&#8221;pagination&#8221; paging_design=&#8221;none&#8221; item=&#8221;mediaGrid_ScaleWithRotation&#8221; grid_id=&#8221;vc_gid:1712761753776-af481c24de1264f83c70ccb7b24192e5-6&#8243; include=&#8221;12245,12248,12251,12257,12254,12260&#8243;][\/vc_column][\/vc_row][vc_section css=&#8221;.vc_custom_1608041100898{background-color: #7a25f9 !important;}&#8221;][vc_row][vc_column] [vc_column_text] Creiem en el poder de l\u2019art i la seva connexi\u00f3 amb la ci\u00e8ncia i la tecnologia. La innovaci\u00f3 no nom\u00e9s prov\u00e9 d\u2019equacions, matem\u00e0tiques o alguna f\u00f3rmula cient\u00edfica sin\u00f3 que prov\u00e9 d\u2019un lloc hum\u00e0. La innovaci\u00f3 en les ci\u00e8ncies sempre est\u00e0 vinculada d\u2019alguna manera, ja sigui directament o indirectament, a una experi\u00e8ncia humana. I les experi\u00e8ncies humanes succeeixen a trav\u00e9s de la interacci\u00f3 amb les arts i la creaci\u00f3 \u2013 tocar o escoltar m\u00fasica, descobrir una&hellip;<\/p>\n","category_list":"","author_info":{"name":"vitor","url":"https:\/\/www.immensiva.com\/ca\/author\/vitor\/"},"comments_num":"0 comments","yoast_head":"<!-- This site is optimized with the Yoast SEO plugin v22.5 - https:\/\/yoast.com\/wordpress\/plugins\/seo\/ -->\n<title>Projectes d&#039;Innovaci\u00f3 IMMENSIVA: Impulsant la Creativitat<\/title>\n<meta name=\"description\" content=\"Explora els projectes desenvolupats per IMMENSIVA, on creativitat i tecnologia s&#039;uneixen per a inspirar i transformar l&#039;art digital.\" \/>\n<meta name=\"robots\" content=\"index, follow, max-snippet:-1, max-image-preview:large, max-video-preview:-1\" \/>\n<link rel=\"canonical\" href=\"https:\/\/www.immensiva.com\/ca\/projectes-innovacio\/\" \/>\n<meta property=\"og:locale\" content=\"ca_ES\" \/>\n<meta property=\"og:type\" content=\"article\" \/>\n<meta property=\"og:title\" content=\"Projectes d&#039;Innovaci\u00f3 IMMENSIVA: Impulsant la Creativitat\" \/>\n<meta property=\"og:description\" content=\"Explora els projectes desenvolupats per IMMENSIVA, on creativitat i tecnologia s&#039;uneixen per a inspirar i transformar l&#039;art digital.\" \/>\n<meta property=\"og:url\" content=\"https:\/\/www.immensiva.com\/ca\/projectes-innovacio\/\" \/>\n<meta property=\"og:site_name\" content=\"IMMENSIVA\" \/>\n<meta property=\"article:modified_time\" content=\"2024-04-15T12:25:21+00:00\" \/>\n<meta name=\"twitter:card\" content=\"summary_large_image\" \/>\n<meta name=\"twitter:label1\" content=\"Temps estimat de lectura\" \/>\n\t<meta name=\"twitter:data1\" content=\"2 minuts\" \/>\n<script type=\"application\/ld+json\" class=\"yoast-schema-graph\">{\"@context\":\"https:\/\/schema.org\",\"@graph\":[{\"@type\":\"WebPage\",\"@id\":\"https:\/\/www.immensiva.com\/ca\/projectes-innovacio\/\",\"url\":\"https:\/\/www.immensiva.com\/ca\/projectes-innovacio\/\",\"name\":\"Projectes d'Innovaci\u00f3 IMMENSIVA: Impulsant la Creativitat\",\"isPartOf\":{\"@id\":\"https:\/\/www.immensiva.com\/#website\"},\"datePublished\":\"2020-12-14T20:29:38+00:00\",\"dateModified\":\"2024-04-15T12:25:21+00:00\",\"description\":\"Explora els projectes desenvolupats per IMMENSIVA, on creativitat i tecnologia s'uneixen per a inspirar i transformar l'art digital.\",\"breadcrumb\":{\"@id\":\"https:\/\/www.immensiva.com\/ca\/projectes-innovacio\/#breadcrumb\"},\"inLanguage\":\"ca\",\"potentialAction\":[{\"@type\":\"ReadAction\",\"target\":[\"https:\/\/www.immensiva.com\/ca\/projectes-innovacio\/\"]}]},{\"@type\":\"BreadcrumbList\",\"@id\":\"https:\/\/www.immensiva.com\/ca\/projectes-innovacio\/#breadcrumb\",\"itemListElement\":[{\"@type\":\"ListItem\",\"position\":1,\"name\":\"Home\",\"item\":\"https:\/\/www.immensiva.com\/ca\/\"},{\"@type\":\"ListItem\",\"position\":2,\"name\":\"PROJECTES I INNOVACI\u00d3\"}]},{\"@type\":\"WebSite\",\"@id\":\"https:\/\/www.immensiva.com\/#website\",\"url\":\"https:\/\/www.immensiva.com\/\",\"name\":\"IMMENSIVA\",\"description\":\"Focusing on VR, AR, XR art &amp; AI art\",\"potentialAction\":[{\"@type\":\"SearchAction\",\"target\":{\"@type\":\"EntryPoint\",\"urlTemplate\":\"https:\/\/www.immensiva.com\/?s={search_term_string}\"},\"query-input\":\"required name=search_term_string\"}],\"inLanguage\":\"ca\"}]}<\/script>\n<!-- \/ Yoast SEO plugin. -->","yoast_head_json":{"title":"Projectes d'Innovaci\u00f3 IMMENSIVA: Impulsant la Creativitat","description":"Explora els projectes desenvolupats per IMMENSIVA, on creativitat i tecnologia s'uneixen per a inspirar i transformar l'art digital.","robots":{"index":"index","follow":"follow","max-snippet":"max-snippet:-1","max-image-preview":"max-image-preview:large","max-video-preview":"max-video-preview:-1"},"canonical":"https:\/\/www.immensiva.com\/ca\/projectes-innovacio\/","og_locale":"ca_ES","og_type":"article","og_title":"Projectes d'Innovaci\u00f3 IMMENSIVA: Impulsant la Creativitat","og_description":"Explora els projectes desenvolupats per IMMENSIVA, on creativitat i tecnologia s'uneixen per a inspirar i transformar l'art digital.","og_url":"https:\/\/www.immensiva.com\/ca\/projectes-innovacio\/","og_site_name":"IMMENSIVA","article_modified_time":"2024-04-15T12:25:21+00:00","twitter_card":"summary_large_image","twitter_misc":{"Temps estimat de lectura":"2 minuts"},"schema":{"@context":"https:\/\/schema.org","@graph":[{"@type":"WebPage","@id":"https:\/\/www.immensiva.com\/ca\/projectes-innovacio\/","url":"https:\/\/www.immensiva.com\/ca\/projectes-innovacio\/","name":"Projectes d'Innovaci\u00f3 IMMENSIVA: Impulsant la Creativitat","isPartOf":{"@id":"https:\/\/www.immensiva.com\/#website"},"datePublished":"2020-12-14T20:29:38+00:00","dateModified":"2024-04-15T12:25:21+00:00","description":"Explora els projectes desenvolupats per IMMENSIVA, on creativitat i tecnologia s'uneixen per a inspirar i transformar l'art digital.","breadcrumb":{"@id":"https:\/\/www.immensiva.com\/ca\/projectes-innovacio\/#breadcrumb"},"inLanguage":"ca","potentialAction":[{"@type":"ReadAction","target":["https:\/\/www.immensiva.com\/ca\/projectes-innovacio\/"]}]},{"@type":"BreadcrumbList","@id":"https:\/\/www.immensiva.com\/ca\/projectes-innovacio\/#breadcrumb","itemListElement":[{"@type":"ListItem","position":1,"name":"Home","item":"https:\/\/www.immensiva.com\/ca\/"},{"@type":"ListItem","position":2,"name":"PROJECTES I INNOVACI\u00d3"}]},{"@type":"WebSite","@id":"https:\/\/www.immensiva.com\/#website","url":"https:\/\/www.immensiva.com\/","name":"IMMENSIVA","description":"Focusing on VR, AR, XR art &amp; AI art","potentialAction":[{"@type":"SearchAction","target":{"@type":"EntryPoint","urlTemplate":"https:\/\/www.immensiva.com\/?s={search_term_string}"},"query-input":"required name=search_term_string"}],"inLanguage":"ca"}]}},"_links":{"self":[{"href":"https:\/\/www.immensiva.com\/ca\/wp-json\/wp\/v2\/pages\/9308"}],"collection":[{"href":"https:\/\/www.immensiva.com\/ca\/wp-json\/wp\/v2\/pages"}],"about":[{"href":"https:\/\/www.immensiva.com\/ca\/wp-json\/wp\/v2\/types\/page"}],"author":[{"embeddable":true,"href":"https:\/\/www.immensiva.com\/ca\/wp-json\/wp\/v2\/users\/2"}],"replies":[{"embeddable":true,"href":"https:\/\/www.immensiva.com\/ca\/wp-json\/wp\/v2\/comments?post=9308"}],"version-history":[{"count":7,"href":"https:\/\/www.immensiva.com\/ca\/wp-json\/wp\/v2\/pages\/9308\/revisions"}],"predecessor-version":[{"id":12639,"href":"https:\/\/www.immensiva.com\/ca\/wp-json\/wp\/v2\/pages\/9308\/revisions\/12639"}],"wp:attachment":[{"href":"https:\/\/www.immensiva.com\/ca\/wp-json\/wp\/v2\/media?parent=9308"}],"curies":[{"name":"wp","href":"https:\/\/api.w.org\/{rel}","templated":true}]}}