{"id":9321,"date":"2020-12-14T21:30:58","date_gmt":"2020-12-14T20:30:58","guid":{"rendered":"https:\/\/www.immensiva.com\/eu-projects\/"},"modified":"2024-04-15T14:16:02","modified_gmt":"2024-04-15T12:16:02","slug":"eu-projects","status":"publish","type":"page","link":"https:\/\/www.immensiva.com\/ca\/eu-projects\/","title":{"rendered":"EU PROJECTS"},"content":{"rendered":"<div class=\"wpb-content-wrapper\"><p>[vc_row css=&#8221;.vc_custom_1608035285224{margin-top: 200px !important;}&#8221;][vc_column align=&#8221;text-center&#8221;]<style>.ld_fancy_heading_6a0945c1e9822 .lqd-highlight-inner{height:0.275em;bottom:0px;}<\/style><div class=\"ld-fancy-heading ld_fancy_heading_6a0945c1e9822\">\n\t<h1 class=\"lqd-highlight-underline lqd-highlight-grow-left\" ><span class=\"ld-fh-txt\"> <\/p>\n<h3 style=\"text-align: center\"><strong>EU PROJECTS<\/strong><\/h3>\n<p><\/span><\/h1><\/div><style>.ld_spacer_6a0945c1efdb7{height:30px;}<\/style>\n<div class=\"ld-empty-space ld_spacer_6a0945c1efdb7\"><span class=\"liquid_empty_space_inner\"><\/span><\/div>[vc_column_text]Espronceda, Institut d\u2019Art i Cultura, amb el suport de Lemongrass, s\u00f3n socis dels seg\u00fcents projectes europeus[\/vc_column_text]<style>.ld_spacer_6a0945c1eff66{height:20px;}<\/style>\n<div class=\"ld-empty-space ld_spacer_6a0945c1eff66\"><span class=\"liquid_empty_space_inner\"><\/span><\/div>[\/vc_column][\/vc_row][vc_section][vc_row][vc_column width=&#8221;1\/4&#8243;]<style>.ld_spacer_6a0945c1f00e6{height:30px;}<\/style>\n<div class=\"ld-empty-space ld_spacer_6a0945c1f00e6\"><span class=\"liquid_empty_space_inner\"><\/span><\/div>[vc_column_text]<span style=\"color: #000000; font-size: 24px;\"><strong>MINDSPACES<\/strong><\/span>[\/vc_column_text]<style>.ld_spacer_6a0945c1f0257{height:50px;}<\/style>\n<div class=\"ld-empty-space ld_spacer_6a0945c1f0257\"><span class=\"liquid_empty_space_inner\"><\/span><\/div>[\/vc_column][vc_column width=&#8221;3\/4&#8243;]<style>.ld_spacer_6a0945c1f03c6{height:30px;}<\/style>\n<div class=\"ld-empty-space ld_spacer_6a0945c1f03c6\"><span class=\"liquid_empty_space_inner\"><\/span><\/div>[vc_column_text]<strong>EU CALL<br \/>\n<\/strong>Programa Horizon 2020 en el marc de la iniciativa STARTS (Ci\u00e8ncia, Tecnologia i Arts)<\/p>\n<p><strong>CRONOLOGIA<br \/>\n<\/strong>2019 \u2013 2021<\/p>\n<p><strong>DESCRIPCI\u00d3<br \/>\n<\/strong>Els pilots del far STARTS exploraran solucions inspirades en l&#8217;art per als desafiaments industrials \/ socials en dues \u00e0rees escollides. Els pilots involucraran la ind\u00fastria, la tecnologia, els usuaris finals i els artistes en una \u00e0mplia exploraci\u00f3 art\u00edstica de les tecnologies amb l&#8217;objectiu de crear productes, processos i serveis nous que responguin millor a les necessitats humanes. El valor afegit de les pr\u00e0ctiques art\u00edstiques per aconseguir solucions inesperades a trav\u00e9s de l\u2019exploraci\u00f3 art\u00edstica s\u2019ha de presentar clarament en els dos pilots del far. MindSpaces \u00e9s un esfor\u00e7 multidisciplinari que integra les arts, les neuroci\u00e8ncies, l\u2019arquitectura, el modelatge 3D, visual, text, EEG, an\u00e0lisi de detecci\u00f3 fisiol\u00f2gica, AR \/ VR i una \u00e0mplia gamma d\u2019usuaris finals, des de ciutadans fins a turistes, persones grans que viuen independentment. El seu objectiu, millorar el disseny d\u2019espais p\u00fablics exteriors, treballs interiors i interiors de cases mitjan\u00e7ant un disseny participatiu que impliqui mesures multisensorials de les respostes de l\u2019usuari final integrar\u00e0 inherentment aquestes m\u00faltiples disciplines cap a un objectiu com\u00fa. Les instal\u00b7lacions art\u00edstiques AR \/ VR resultants, les eines de disseny i les metodologies permetran desenvolupaments futurs dins d\u2019aquest ecosistema mitjan\u00e7ant el seu \u00fas. MindSpaces t\u00e9 l\u2019objectiu de fer cr\u00e9ixer l\u2019ecosistema STARTS mitjan\u00e7ant el desenvolupament d\u2019un nou paradigma de cooperaci\u00f3 entre artistes, tecnologia, investigaci\u00f3, socis industrials i usuaris, i un model de treball com\u00fa (SIO1), que permetr\u00e0 iniciar projectes de naturalesa similar sota l\u2019evoluci\u00f3 de STARTS ecosistema.<\/p>\n<p><strong>SOCIS<\/strong><br \/>\nCentre for Research and Technology, Hellas, CERTH (GR), University of Maastricht (NL), Universitat Pompeu<br \/>\nFabra (ES), Aristotle University of Thessaloniki (GR), McNeel Europe SL (ES), Up2Metric (GR), Nurogames<br \/>\n(DE), Zaha Hadid Architects (UK), Maurice Benayoun (FR), Analog Native (DE), ESPRONCEDA, Institute of Art<br \/>\nand Culture (ES), e-Seniors (FR), City de l\u2019Hospitalet (ES), City of Hong Kong (HK).<\/p>\n<p><strong>LLOC WEB<\/strong><br \/>\n<a href=\"https:\/\/mindspaces.eu\/\">https:\/\/mindspaces.eu\/<\/a>[\/vc_column_text][\/vc_column][\/vc_row][vc_row][vc_column]<style>.ld_spacer_6a0945c1f0511{height:50px;}<\/style>\n<div class=\"ld-empty-space ld_spacer_6a0945c1f0511\"><span class=\"liquid_empty_space_inner\"><\/span><\/div>[\/vc_column][\/vc_row][\/vc_section][vc_section css=&#8221;.vc_custom_1608034682481{background-color: #7a25f9 !important;}&#8221;][vc_row][vc_column]<style>.ld_spacer_6a0945c1f0667{height:50px;}<\/style>\n<div class=\"ld-empty-space ld_spacer_6a0945c1f0667\"><span class=\"liquid_empty_space_inner\"><\/span><\/div>[vc_single_image image=&#8221;12288&#8243; img_size=&#8221;medium&#8221;][\/vc_column][\/vc_row][vc_row][vc_column width=&#8221;1\/4&#8243;][vc_column_text]<span style=\"font-size: 24px; color: #ffffff;\"><strong>AI4FUTURE<\/strong><\/span>[\/vc_column_text][\/vc_column][vc_column width=&#8221;3\/4&#8243;][vc_column_text]<span style=\"color: #ffffff;\"><strong>EU CALL<br \/>\n<\/strong><span style=\"font-weight: 400;\">Creative Europe MEDIA programa<\/span><\/span><\/p>\n<p><span style=\"color: #ffffff;\"><strong>CRONOLOGIA<br \/>\n<\/strong><span style=\"font-weight: 400;\">Artificial Intelligence for Future (2021 \u2013 2022)<\/span><\/span><\/p>\n<p><span style=\"color: #ffffff;\"><strong>DESCRIPCI\u00d3<br \/>\n<\/strong>AI4Future \u00e9s un projecte d\u2019Europa Creativa que implica tres pa\u00efsos europeus diferents: It\u00e0lia, Espanya i Pa\u00efsos Baixos. T\u00e9 com a objectiu millorar la comprensi\u00f3 i la difusi\u00f3 de A.I. tecnologies relacionades per a la participaci\u00f3 activa i creativa de joves activistes en l&#8217;escena cultural europea, que els permet treballar amb artistes per a la creaci\u00f3 conjunta d&#8217;una nova consci\u00e8ncia de la comunitat urbana. L\u2019AI. l&#8217;enfocament permet l&#8217;acc\u00e9s i la interpretaci\u00f3 de dades per entendre millor el funcionament d&#8217;aquestes noves tecnologies i descobrir nous aspectes dels mecanismes socials de la comunitat.<\/span><\/p>\n<p><span style=\"color: #ffffff;\">Les noves generacions tindran un paper fonamental en aquest canvi a mesura que van madurant i creixent en el progr\u00e9s de la revoluci\u00f3 tecnol\u00f2gica. El tema principal de la col\u00b7laboraci\u00f3 entre joves activistes i artistes ser\u00e0 la &#8220;mobilitat&#8221;, considerada amb diferents significats i diferents interpretacions desenvolupades gr\u00e0cies al di\u00e0leg entre els socis. Els significats de mobilitat que van sorgir s\u00f3n: mobilitat mental, fatiga per pand\u00e8mia; mobilitat econ\u00f2mica i pol\u00edtica social; mobilitat virtual i interactiva, en qu\u00e8 A.I. no \u00e9s nom\u00e9s una eina. Els joves activistes, artistes i responsables pol\u00edtics tindran l&#8217;oportunitat de tractar reunions internacionals, tallers i resid\u00e8ncies d&#8217;artistes.<\/span><\/p>\n<p><span style=\"color: #ffffff;\"><strong>SOCIS<br \/>\n<\/strong><a style=\"color: #ffffff;\" href=\"https:\/\/www.sineglossa.it\/\"><span style=\"font-weight: 400;\">Sineglossa<\/span><\/a><span style=\"font-weight: 400;\"> Ancona (ITA), <\/span><a style=\"color: #ffffff;\" href=\"https:\/\/www.espronceda.net\/\"><span style=\"font-weight: 400;\">Espronceda<\/span><\/a><span style=\"font-weight: 400;\"> Institute of Art &amp; Culture, Barcelona (SPA), <\/span><a style=\"color: #ffffff;\" href=\"https:\/\/v2.nl\/\"><span style=\"font-weight: 400;\">V2_ Lab for the Unstable Media<\/span><\/a><span style=\"font-weight: 400;\"> Rotterdam (NL), <\/span><a style=\"color: #ffffff;\" href=\"https:\/\/www.meetcenter.it\/\"><span style=\"font-weight: 400;\">MEET Digital Culture Center<\/span><\/a><span style=\"font-weight: 400;\"> Milan (ITA)<\/span><\/span><\/p>\n<p><span style=\"color: #ffffff;\"><strong>LLOC WEB<\/strong><\/span><br \/>\n<span style=\"color: #ffffff;\"><a style=\"color: #ffffff;\" href=\"http:\/\/ai4future.eu\/\">http:\/\/ai4future.eu\/<\/a><\/span>[\/vc_column_text]<style>.ld_spacer_6a0945c1f07b3{height:50px;}<\/style>\n<div class=\"ld-empty-space ld_spacer_6a0945c1f07b3\"><span class=\"liquid_empty_space_inner\"><\/span><\/div>[\/vc_column][\/vc_row][\/vc_section][vc_row][vc_column width=&#8221;1\/4&#8243;]<style>.ld_spacer_6a0945c1f08fa{height:50px;}<\/style>\n<div class=\"ld-empty-space ld_spacer_6a0945c1f08fa\"><span class=\"liquid_empty_space_inner\"><\/span><\/div>[vc_column_text]<span style=\"font-size: 24px;\"><strong>REAL-IN<\/strong><\/span>[\/vc_column_text][\/vc_column][vc_column width=&#8221;3\/4&#8243;]<style>.ld_spacer_6a0945c1f0a53{height:50px;}<\/style>\n<div class=\"ld-empty-space ld_spacer_6a0945c1f0a53\"><span class=\"liquid_empty_space_inner\"><\/span><\/div>[vc_column_text]<strong>EU CALL<br \/>\n<\/strong>Creative Europe<\/p>\n<p><strong>CRONOLOGIA<br \/>\n<\/strong>2021 \u2013 2022<\/p>\n<p><strong>DESCRIPCI\u00d3<\/strong><br \/>\nREAL-IN t\u00e9 com a objectiu EXPLORAR cru\u00eflles de sectors culturals, audiovisuals i creatius per a propostes immersives i interactives, aprofitant les tecnologies d\u2019escaneig 3D combinades a par\u00e0metres XR. Construirem un PLAYGROUND per prototipar escenaris col\u00b7lectius per impulsar nous enfocaments participatius i experi\u00e8ncies d\u2019usuaris innovadores per a les ind\u00fastries creatives i culturals i el seu p\u00fablic. REAL-IN activar\u00e0 sinergies multidisciplin\u00e0ries en un proc\u00e9s de co-creaci\u00f3 entre creatius, codificadors, ind\u00fastries creatives, amb el resultat de BREAK SILOS entre sectors creatius.<\/p>\n<p><strong>SOCIS<\/strong><br \/>\nREAL-IN \u00e9s una alian\u00e7a formada per 2 grans festivals de la UE (La Manufacture \/ arts esc\u00e8niques a Aviny\u00f3, VRHAM! \/ Arts visuals i disseny interactiu a Hamburg), 2 institucions culturals innovadores a 2 grans ciutats europees i esdeveniments classificats mundialment en ind\u00fastries creatives ( MEET Digital Culture Center de Mil\u00e0, Espronceda, Institut d\u2019Art i Cultura de Barcelona), i una premiada empresa de tecnologia audiovisual Black Euphoria ubicada en un dels principals centres audiovisuals europeus de Marsella.<\/p>\n<p><strong>LLOC WEB<\/strong><br \/>\n<a href=\"http:\/\/real-in.eu\/\">http:\/\/real-in.eu\/<\/a>[\/vc_column_text][\/vc_column][\/vc_row][vc_row][vc_column]<style>.ld_spacer_6a0945c1f0b99{height:100px;}<\/style>\n<div class=\"ld-empty-space ld_spacer_6a0945c1f0b99\"><span class=\"liquid_empty_space_inner\"><\/span><\/div>[\/vc_column][\/vc_row]<\/p>\n<\/div>","protected":false},"excerpt":{"rendered":"<p>[vc_row css=&#8221;.vc_custom_1608035285224{margin-top: 200px !important;}&#8221;][vc_column align=&#8221;text-center&#8221;][vc_column_text]Espronceda, Institut d\u2019Art i Cultura, amb el suport de Lemongrass, s\u00f3n&#8230;<\/p>\n","protected":false},"author":2,"featured_media":0,"parent":0,"menu_order":0,"comment_status":"closed","ping_status":"closed","template":"","meta":{"footnotes":""},"featured_image_urls":{"full":"","thumbnail":"","medium":"","medium_large":"","large":"","1536x1536":"","2048x2048":"","awb_sm":"","awb_md":"","awb_lg":"","awb_xl":"","liquid-default-blog":"","liquid-standard-blog":"","liquid-featured-blog":"","liquid-rounded-blog":"","liquid-classic-meta-blog":"","liquid-classic-2-blog":"","liquid-grid":"","liquid-split-blog":"","liquid-classic-full-blog":"","liquid-metro-blog":"","liquid-timeline-blog":"","liquid-carousel-blog":"","liquid-square-blog":"","liquid-candy-blog":"","liquid-category-blog":"","liquid-cover-post":"","liquid-default-post":"","liquid-cover-spaced":"","liquid-masonry-shortest":"","liquid-masonry-short":"","liquid-masonry-tall":"","liquid-masonry-taller":"","liquid-medium":"","liquid-large":"","liquid-thumbnail":"","liquid-masonry-header-small":"","liquid-masonry-header-big":"","liquid-thumbnail-post":"","liquid-small-blog":"","liquid-related-post":"","liquid-portfolio":"","liquid-portfolio-sq":"","liquid-portfolio-big-sq":"","liquid-portfolio-portrait":"","liquid-portfolio-wide":"","liquid-packery-wide":"","liquid-packery-portrait":"","liquid-grid-hover-overlay":"","liquid-grid-hover-classic":"","liquid-grid-hover-3d":"","liquid-grid-caption":"","liquid-large-slider":"","liquid-widget":"","liquid-portfolio-vertical-overlay":""},"post_excerpt_stackable":"<p>[vc_row css=&#8221;.vc_custom_1608035285224{margin-top: 200px !important;}&#8221;][vc_column align=&#8221;text-center&#8221;] EU PROJECTS [vc_column_text]Espronceda, Institut d\u2019Art i Cultura, amb el suport de Lemongrass, s\u00f3n socis dels seg\u00fcents projectes europeus[\/vc_column_text] [\/vc_column][\/vc_row][vc_section][vc_row][vc_column width=&#8221;1\/4&#8243;] [vc_column_text]MINDSPACES[\/vc_column_text] [\/vc_column][vc_column width=&#8221;3\/4&#8243;] [vc_column_text]EU CALL Programa Horizon 2020 en el marc de la iniciativa STARTS (Ci\u00e8ncia, Tecnologia i Arts) CRONOLOGIA 2019 \u2013 2021 DESCRIPCI\u00d3 Els pilots del far STARTS exploraran solucions inspirades en l&#8217;art per als desafiaments industrials \/ socials en dues \u00e0rees escollides. Els pilots involucraran la ind\u00fastria, la tecnologia, els usuaris finals i els artistes en una \u00e0mplia exploraci\u00f3 art\u00edstica de les tecnologies amb l&#8217;objectiu de crear productes, processos i serveis nous que&hellip;<\/p>\n","category_list":"","author_info":{"name":"vitor","url":"https:\/\/www.immensiva.com\/ca\/author\/vitor\/"},"comments_num":"0 comments","yoast_head":"<!-- This site is optimized with the Yoast SEO plugin v22.5 - https:\/\/yoast.com\/wordpress\/plugins\/seo\/ -->\n<title>Projectes de la UE en IMMENSIVA: Art i Tecnologia<\/title>\n<meta name=\"description\" content=\"Explora projectes de la UE a Immensiva, on art i tecnologia avan\u00e7ada es fusionen en experi\u00e8ncies immersives innovadores.\" \/>\n<meta name=\"robots\" content=\"index, follow, max-snippet:-1, max-image-preview:large, max-video-preview:-1\" \/>\n<link rel=\"canonical\" href=\"https:\/\/www.immensiva.com\/ca\/eu-projects\/\" \/>\n<meta property=\"og:locale\" content=\"ca_ES\" \/>\n<meta property=\"og:type\" content=\"article\" \/>\n<meta property=\"og:title\" content=\"Projectes de la UE en IMMENSIVA: Art i Tecnologia\" \/>\n<meta property=\"og:description\" content=\"Explora projectes de la UE a Immensiva, on art i tecnologia avan\u00e7ada es fusionen en experi\u00e8ncies immersives innovadores.\" \/>\n<meta property=\"og:url\" content=\"https:\/\/www.immensiva.com\/ca\/eu-projects\/\" \/>\n<meta property=\"og:site_name\" content=\"IMMENSIVA\" \/>\n<meta property=\"article:modified_time\" content=\"2024-04-15T12:16:02+00:00\" \/>\n<meta name=\"twitter:card\" content=\"summary_large_image\" \/>\n<meta name=\"twitter:label1\" content=\"Temps estimat de lectura\" \/>\n\t<meta name=\"twitter:data1\" content=\"4 minuts\" \/>\n<script type=\"application\/ld+json\" class=\"yoast-schema-graph\">{\"@context\":\"https:\/\/schema.org\",\"@graph\":[{\"@type\":\"WebPage\",\"@id\":\"https:\/\/www.immensiva.com\/ca\/eu-projects\/\",\"url\":\"https:\/\/www.immensiva.com\/ca\/eu-projects\/\",\"name\":\"Projectes de la UE en IMMENSIVA: Art i Tecnologia\",\"isPartOf\":{\"@id\":\"https:\/\/www.immensiva.com\/#website\"},\"datePublished\":\"2020-12-14T20:30:58+00:00\",\"dateModified\":\"2024-04-15T12:16:02+00:00\",\"description\":\"Explora projectes de la UE a Immensiva, on art i tecnologia avan\u00e7ada es fusionen en experi\u00e8ncies immersives innovadores.\",\"breadcrumb\":{\"@id\":\"https:\/\/www.immensiva.com\/ca\/eu-projects\/#breadcrumb\"},\"inLanguage\":\"ca\",\"potentialAction\":[{\"@type\":\"ReadAction\",\"target\":[\"https:\/\/www.immensiva.com\/ca\/eu-projects\/\"]}]},{\"@type\":\"BreadcrumbList\",\"@id\":\"https:\/\/www.immensiva.com\/ca\/eu-projects\/#breadcrumb\",\"itemListElement\":[{\"@type\":\"ListItem\",\"position\":1,\"name\":\"Home\",\"item\":\"https:\/\/www.immensiva.com\/ca\/\"},{\"@type\":\"ListItem\",\"position\":2,\"name\":\"EU PROJECTS\"}]},{\"@type\":\"WebSite\",\"@id\":\"https:\/\/www.immensiva.com\/#website\",\"url\":\"https:\/\/www.immensiva.com\/\",\"name\":\"IMMENSIVA\",\"description\":\"Focusing on VR, AR, XR art &amp; AI art\",\"potentialAction\":[{\"@type\":\"SearchAction\",\"target\":{\"@type\":\"EntryPoint\",\"urlTemplate\":\"https:\/\/www.immensiva.com\/?s={search_term_string}\"},\"query-input\":\"required name=search_term_string\"}],\"inLanguage\":\"ca\"}]}<\/script>\n<!-- \/ Yoast SEO plugin. -->","yoast_head_json":{"title":"Projectes de la UE en IMMENSIVA: Art i Tecnologia","description":"Explora projectes de la UE a Immensiva, on art i tecnologia avan\u00e7ada es fusionen en experi\u00e8ncies immersives innovadores.","robots":{"index":"index","follow":"follow","max-snippet":"max-snippet:-1","max-image-preview":"max-image-preview:large","max-video-preview":"max-video-preview:-1"},"canonical":"https:\/\/www.immensiva.com\/ca\/eu-projects\/","og_locale":"ca_ES","og_type":"article","og_title":"Projectes de la UE en IMMENSIVA: Art i Tecnologia","og_description":"Explora projectes de la UE a Immensiva, on art i tecnologia avan\u00e7ada es fusionen en experi\u00e8ncies immersives innovadores.","og_url":"https:\/\/www.immensiva.com\/ca\/eu-projects\/","og_site_name":"IMMENSIVA","article_modified_time":"2024-04-15T12:16:02+00:00","twitter_card":"summary_large_image","twitter_misc":{"Temps estimat de lectura":"4 minuts"},"schema":{"@context":"https:\/\/schema.org","@graph":[{"@type":"WebPage","@id":"https:\/\/www.immensiva.com\/ca\/eu-projects\/","url":"https:\/\/www.immensiva.com\/ca\/eu-projects\/","name":"Projectes de la UE en IMMENSIVA: Art i Tecnologia","isPartOf":{"@id":"https:\/\/www.immensiva.com\/#website"},"datePublished":"2020-12-14T20:30:58+00:00","dateModified":"2024-04-15T12:16:02+00:00","description":"Explora projectes de la UE a Immensiva, on art i tecnologia avan\u00e7ada es fusionen en experi\u00e8ncies immersives innovadores.","breadcrumb":{"@id":"https:\/\/www.immensiva.com\/ca\/eu-projects\/#breadcrumb"},"inLanguage":"ca","potentialAction":[{"@type":"ReadAction","target":["https:\/\/www.immensiva.com\/ca\/eu-projects\/"]}]},{"@type":"BreadcrumbList","@id":"https:\/\/www.immensiva.com\/ca\/eu-projects\/#breadcrumb","itemListElement":[{"@type":"ListItem","position":1,"name":"Home","item":"https:\/\/www.immensiva.com\/ca\/"},{"@type":"ListItem","position":2,"name":"EU PROJECTS"}]},{"@type":"WebSite","@id":"https:\/\/www.immensiva.com\/#website","url":"https:\/\/www.immensiva.com\/","name":"IMMENSIVA","description":"Focusing on VR, AR, XR art &amp; AI art","potentialAction":[{"@type":"SearchAction","target":{"@type":"EntryPoint","urlTemplate":"https:\/\/www.immensiva.com\/?s={search_term_string}"},"query-input":"required name=search_term_string"}],"inLanguage":"ca"}]}},"_links":{"self":[{"href":"https:\/\/www.immensiva.com\/ca\/wp-json\/wp\/v2\/pages\/9321"}],"collection":[{"href":"https:\/\/www.immensiva.com\/ca\/wp-json\/wp\/v2\/pages"}],"about":[{"href":"https:\/\/www.immensiva.com\/ca\/wp-json\/wp\/v2\/types\/page"}],"author":[{"embeddable":true,"href":"https:\/\/www.immensiva.com\/ca\/wp-json\/wp\/v2\/users\/2"}],"replies":[{"embeddable":true,"href":"https:\/\/www.immensiva.com\/ca\/wp-json\/wp\/v2\/comments?post=9321"}],"version-history":[{"count":39,"href":"https:\/\/www.immensiva.com\/ca\/wp-json\/wp\/v2\/pages\/9321\/revisions"}],"predecessor-version":[{"id":12631,"href":"https:\/\/www.immensiva.com\/ca\/wp-json\/wp\/v2\/pages\/9321\/revisions\/12631"}],"wp:attachment":[{"href":"https:\/\/www.immensiva.com\/ca\/wp-json\/wp\/v2\/media?parent=9321"}],"curies":[{"name":"wp","href":"https:\/\/api.w.org\/{rel}","templated":true}]}}