{"id":9742,"date":"2021-04-09T21:40:05","date_gmt":"2021-04-09T19:40:05","guid":{"rendered":"https:\/\/www.immensiva.com\/the-smallest-of-worlds-a-social-landscape-of-collected-privacy\/"},"modified":"2024-04-15T14:29:21","modified_gmt":"2024-04-15T12:29:21","slug":"the-smallest-of-worlds","status":"publish","type":"page","link":"https:\/\/www.immensiva.com\/ca\/the-smallest-of-worlds\/","title":{"rendered":"THE SMALLEST OF WORLDS \u2013 A SOCIAL LANDSCAPE OF COLLECTED PRIVACY"},"content":{"rendered":"<div class=\"wpb-content-wrapper\"><p>[vc_row][vc_column]<style>.ld_spacer_69fc8a4ca6d25{height:200px;}<\/style>\n<div class=\"ld-empty-space ld_spacer_69fc8a4ca6d25\"><span class=\"liquid_empty_space_inner\"><\/span><\/div><style>.ld_fancy_heading_69fc8a4ca6e34 .lqd-highlight-inner{height:0.275em;bottom:0px;}<\/style><div class=\"ld-fancy-heading ld_fancy_heading_69fc8a4ca6e34\">\n\t<h1 class=\"lqd-highlight-underline lqd-highlight-grow-left\" ><span class=\"ld-fh-txt\"> <\/p>\n<p style=\"text-align: center\"><strong>THE SMALLEST OF WORLDS \u2013 A SOCIAL LANDSCAPE OF COLLECTED PRIVACY<\/strong><\/p>\n<p><\/span><\/h1><\/div><style>.ld_spacer_69fc8a4cab7ca{height:30px;}<\/style>\n<div class=\"ld-empty-space ld_spacer_69fc8a4cab7ca\"><span class=\"liquid_empty_space_inner\"><\/span><\/div>[vc_gallery interval=&#8221;3&#8243; images=&#8221;12419,12416,12413&#8243; img_size=&#8221;large&#8221; onclick=&#8221;&#8221;]<style>.ld_spacer_69fc8a4cab89f{height:30px;}<\/style>\n<div class=\"ld-empty-space ld_spacer_69fc8a4cab89f\"><span class=\"liquid_empty_space_inner\"><\/span><\/div>[vc_column_text]<strong>Un projecte de: <\/strong><br \/>\n<strong><a href=\"http:\/\/www.immensiva.com\/artists\/\">Bettina Katja Lange<\/a><br \/>\n<a href=\"http:\/\/www.immensiva.com\/artists\/\">Joan Soler-Adillon<\/a><br \/>\n<a href=\"http:\/\/www.immensiva.com\/artists\/\">Uwe Brunner<\/a><\/strong><\/p>\n<p>Les nostres cases s\u00f3n tantes antologies d\u2019hist\u00f2ries i records preciosos, com llocs de descans i confort. Des d\u2019aquestes setmanes d\u2019a\u00efllament i quarantena sense precedents, els nostres espais dom\u00e8stics tenen una gran prioritat; es van convertir en llocs indispensables de refugi segur que dif\u00edcilment podr\u00edem deixar. Ja sigui sols o amb aquells amb qui conviem, vam mantenir noves relacions espacials. Ens vam dedicar a noves rutines, necessitats i activitats, vam trobar nous n\u00ednxols i racons per descansar, repensar, especular i contemplar.<br \/>\nAquest moment ens connecta a tot arreu i, com que encara no ens podem reunir, us convidem a fusionar els nostres llocs d\u2019a\u00efllament.<\/p>\n<p>Com a experi\u00e8ncia immersiva i arxiu interactiu, The Smallest of Worlds desplega un paisatge dom\u00e8stic compartit; un diorama virtual en expansi\u00f3 que representa fragments de la nostra vida quotidiana en temps de dist\u00e0ncia social i autoseparaci\u00f3. Convida a tothom a participar i a compartir els seus records personals i perspectives subjectives.[\/vc_column_text]<style>.ld_spacer_69fc8a4cab93b{height:100px;}<\/style>\n<div class=\"ld-empty-space ld_spacer_69fc8a4cab93b\"><span class=\"liquid_empty_space_inner\"><\/span><\/div>[vc_video link=&#8221;https:\/\/youtu.be\/9dXdotAF_sQ&#8221; el_width=&#8221;80&#8243; align=&#8221;center&#8221;]<style>.ld_spacer_69fc8a4cab9ce{height:100px;}<\/style>\n<div class=\"ld-empty-space ld_spacer_69fc8a4cab9ce\"><span class=\"liquid_empty_space_inner\"><\/span><\/div>[vc_column_text]Vam estar setmanes tancats a casa nostra. Llavors, on vau retirar-vos del vostre apartament? On vas trobar descans per contemplar? Qu\u00e8 et va passar pel cap en aquells moments?<\/p>\n<p>El m\u00e9s petit dels mons: un paisatge social de privadesa recopilada \u00e9s un arxiu immersiu i una c\u00e0psula del temps basada en la participaci\u00f3 global amb l\u2019objectiu de crear una mem\u00f2ria col\u00b7lectiva composta pels llocs i moments m\u00e9s personals que han ajudat les persones a fer front al temps de quarantena a casa. i l&#8217;a\u00efllament personal.<\/p>\n<p>Consulteu el seu lloc web https:\/\/thesmallestofworlds.com\/ i formeu part d\u2019aquest arxiu immersiu.<\/p>\n<p dir=\"ltr\"><strong>El projecte est\u00e0 creat per Bettina Katja Lange, Joan Soler-Adillon i Uwe Brunner. L\u2019equip es va reunir el febrer de 2020 durant l\u2019IMMENSIVA VR \/ AI Art in residency 2020. El programa va ser organitzat per ESPRONCEDA &#8211; Institut d\u2019Art i Cultura de Barcelona. Durant aquesta resid\u00e8ncia, es va oferir als artistes un entorn f\u00e8rtil per cultivar noves idees i m\u00e9s col\u00b7laboracions.<\/strong><\/p>\n<p>[\/vc_column_text]<style>.ld_spacer_69fc8a4caba5e{height:200px;}<\/style>\n<div class=\"ld-empty-space ld_spacer_69fc8a4caba5e\"><span class=\"liquid_empty_space_inner\"><\/span><\/div>[\/vc_column][\/vc_row]<\/p>\n<\/div>","protected":false},"excerpt":{"rendered":"<p>[vc_row][vc_column][vc_gallery interval=&#8221;3&#8243; images=&#8221;12419,12416,12413&#8243; img_size=&#8221;large&#8221; onclick=&#8221;&#8221;][vc_column_text]Un projecte de: Bettina Katja Lange Joan Soler-Adillon Uwe Brunner Les&#8230;<\/p>\n","protected":false},"author":2,"featured_media":0,"parent":0,"menu_order":0,"comment_status":"closed","ping_status":"closed","template":"","meta":{"footnotes":""},"featured_image_urls":{"full":"","thumbnail":"","medium":"","medium_large":"","large":"","1536x1536":"","2048x2048":"","awb_sm":"","awb_md":"","awb_lg":"","awb_xl":"","liquid-default-blog":"","liquid-standard-blog":"","liquid-featured-blog":"","liquid-rounded-blog":"","liquid-classic-meta-blog":"","liquid-classic-2-blog":"","liquid-grid":"","liquid-split-blog":"","liquid-classic-full-blog":"","liquid-metro-blog":"","liquid-timeline-blog":"","liquid-carousel-blog":"","liquid-square-blog":"","liquid-candy-blog":"","liquid-category-blog":"","liquid-cover-post":"","liquid-default-post":"","liquid-cover-spaced":"","liquid-masonry-shortest":"","liquid-masonry-short":"","liquid-masonry-tall":"","liquid-masonry-taller":"","liquid-medium":"","liquid-large":"","liquid-thumbnail":"","liquid-masonry-header-small":"","liquid-masonry-header-big":"","liquid-thumbnail-post":"","liquid-small-blog":"","liquid-related-post":"","liquid-portfolio":"","liquid-portfolio-sq":"","liquid-portfolio-big-sq":"","liquid-portfolio-portrait":"","liquid-portfolio-wide":"","liquid-packery-wide":"","liquid-packery-portrait":"","liquid-grid-hover-overlay":"","liquid-grid-hover-classic":"","liquid-grid-hover-3d":"","liquid-grid-caption":"","liquid-large-slider":"","liquid-widget":"","liquid-portfolio-vertical-overlay":""},"post_excerpt_stackable":"<p>[vc_row][vc_column] THE SMALLEST OF WORLDS \u2013 A SOCIAL LANDSCAPE OF COLLECTED PRIVACY [vc_gallery interval=&#8221;3&#8243; images=&#8221;12419,12416,12413&#8243; img_size=&#8221;large&#8221; onclick=&#8221;&#8221;] [vc_column_text]Un projecte de: Bettina Katja Lange Joan Soler-Adillon Uwe Brunner Les nostres cases s\u00f3n tantes antologies d\u2019hist\u00f2ries i records preciosos, com llocs de descans i confort. Des d\u2019aquestes setmanes d\u2019a\u00efllament i quarantena sense precedents, els nostres espais dom\u00e8stics tenen una gran prioritat; es van convertir en llocs indispensables de refugi segur que dif\u00edcilment podr\u00edem deixar. Ja sigui sols o amb aquells amb qui conviem, vam mantenir noves relacions espacials. Ens vam dedicar a noves rutines, necessitats i activitats, vam trobar nous n\u00ednxols i&hellip;<\/p>\n","category_list":"","author_info":{"name":"vitor","url":"https:\/\/www.immensiva.com\/ca\/author\/vitor\/"},"comments_num":"0 comments","yoast_head":"<!-- This site is optimized with the Yoast SEO plugin v22.5 - https:\/\/yoast.com\/wordpress\/plugins\/seo\/ -->\n<title>The smallest of worlds: Un projecte sorgit de Immensiva<\/title>\n<meta name=\"description\" content=\"Explora mons diminuts en una experi\u00e8ncia immersiva que fusiona art i tecnologia gr\u00e0cies a la participaci\u00f3 global.\" \/>\n<meta name=\"robots\" content=\"index, follow, max-snippet:-1, max-image-preview:large, max-video-preview:-1\" \/>\n<link rel=\"canonical\" href=\"https:\/\/www.immensiva.com\/ca\/the-smallest-of-worlds\/\" \/>\n<meta property=\"og:locale\" content=\"ca_ES\" \/>\n<meta property=\"og:type\" content=\"article\" \/>\n<meta property=\"og:title\" content=\"The smallest of worlds: Un projecte sorgit de Immensiva\" \/>\n<meta property=\"og:description\" content=\"Explora mons diminuts en una experi\u00e8ncia immersiva que fusiona art i tecnologia gr\u00e0cies a la participaci\u00f3 global.\" \/>\n<meta property=\"og:url\" content=\"https:\/\/www.immensiva.com\/ca\/the-smallest-of-worlds\/\" \/>\n<meta property=\"og:site_name\" content=\"IMMENSIVA\" \/>\n<meta property=\"article:modified_time\" content=\"2024-04-15T12:29:21+00:00\" \/>\n<meta name=\"twitter:card\" content=\"summary_large_image\" \/>\n<meta name=\"twitter:label1\" content=\"Temps estimat de lectura\" \/>\n\t<meta name=\"twitter:data1\" content=\"2 minuts\" \/>\n<script type=\"application\/ld+json\" class=\"yoast-schema-graph\">{\"@context\":\"https:\/\/schema.org\",\"@graph\":[{\"@type\":\"WebPage\",\"@id\":\"https:\/\/www.immensiva.com\/ca\/the-smallest-of-worlds\/\",\"url\":\"https:\/\/www.immensiva.com\/ca\/the-smallest-of-worlds\/\",\"name\":\"The smallest of worlds: Un projecte sorgit de Immensiva\",\"isPartOf\":{\"@id\":\"https:\/\/www.immensiva.com\/#website\"},\"datePublished\":\"2021-04-09T19:40:05+00:00\",\"dateModified\":\"2024-04-15T12:29:21+00:00\",\"description\":\"Explora mons diminuts en una experi\u00e8ncia immersiva que fusiona art i tecnologia gr\u00e0cies a la participaci\u00f3 global.\",\"breadcrumb\":{\"@id\":\"https:\/\/www.immensiva.com\/ca\/the-smallest-of-worlds\/#breadcrumb\"},\"inLanguage\":\"ca\",\"potentialAction\":[{\"@type\":\"ReadAction\",\"target\":[\"https:\/\/www.immensiva.com\/ca\/the-smallest-of-worlds\/\"]}]},{\"@type\":\"BreadcrumbList\",\"@id\":\"https:\/\/www.immensiva.com\/ca\/the-smallest-of-worlds\/#breadcrumb\",\"itemListElement\":[{\"@type\":\"ListItem\",\"position\":1,\"name\":\"Home\",\"item\":\"https:\/\/www.immensiva.com\/ca\/\"},{\"@type\":\"ListItem\",\"position\":2,\"name\":\"THE SMALLEST OF WORLDS \u2013 A SOCIAL LANDSCAPE OF COLLECTED PRIVACY\"}]},{\"@type\":\"WebSite\",\"@id\":\"https:\/\/www.immensiva.com\/#website\",\"url\":\"https:\/\/www.immensiva.com\/\",\"name\":\"IMMENSIVA\",\"description\":\"Focusing on VR, AR, XR art &amp; AI art\",\"potentialAction\":[{\"@type\":\"SearchAction\",\"target\":{\"@type\":\"EntryPoint\",\"urlTemplate\":\"https:\/\/www.immensiva.com\/?s={search_term_string}\"},\"query-input\":\"required name=search_term_string\"}],\"inLanguage\":\"ca\"}]}<\/script>\n<!-- \/ Yoast SEO plugin. -->","yoast_head_json":{"title":"The smallest of worlds: Un projecte sorgit de Immensiva","description":"Explora mons diminuts en una experi\u00e8ncia immersiva que fusiona art i tecnologia gr\u00e0cies a la participaci\u00f3 global.","robots":{"index":"index","follow":"follow","max-snippet":"max-snippet:-1","max-image-preview":"max-image-preview:large","max-video-preview":"max-video-preview:-1"},"canonical":"https:\/\/www.immensiva.com\/ca\/the-smallest-of-worlds\/","og_locale":"ca_ES","og_type":"article","og_title":"The smallest of worlds: Un projecte sorgit de Immensiva","og_description":"Explora mons diminuts en una experi\u00e8ncia immersiva que fusiona art i tecnologia gr\u00e0cies a la participaci\u00f3 global.","og_url":"https:\/\/www.immensiva.com\/ca\/the-smallest-of-worlds\/","og_site_name":"IMMENSIVA","article_modified_time":"2024-04-15T12:29:21+00:00","twitter_card":"summary_large_image","twitter_misc":{"Temps estimat de lectura":"2 minuts"},"schema":{"@context":"https:\/\/schema.org","@graph":[{"@type":"WebPage","@id":"https:\/\/www.immensiva.com\/ca\/the-smallest-of-worlds\/","url":"https:\/\/www.immensiva.com\/ca\/the-smallest-of-worlds\/","name":"The smallest of worlds: Un projecte sorgit de Immensiva","isPartOf":{"@id":"https:\/\/www.immensiva.com\/#website"},"datePublished":"2021-04-09T19:40:05+00:00","dateModified":"2024-04-15T12:29:21+00:00","description":"Explora mons diminuts en una experi\u00e8ncia immersiva que fusiona art i tecnologia gr\u00e0cies a la participaci\u00f3 global.","breadcrumb":{"@id":"https:\/\/www.immensiva.com\/ca\/the-smallest-of-worlds\/#breadcrumb"},"inLanguage":"ca","potentialAction":[{"@type":"ReadAction","target":["https:\/\/www.immensiva.com\/ca\/the-smallest-of-worlds\/"]}]},{"@type":"BreadcrumbList","@id":"https:\/\/www.immensiva.com\/ca\/the-smallest-of-worlds\/#breadcrumb","itemListElement":[{"@type":"ListItem","position":1,"name":"Home","item":"https:\/\/www.immensiva.com\/ca\/"},{"@type":"ListItem","position":2,"name":"THE SMALLEST OF WORLDS \u2013 A SOCIAL LANDSCAPE OF COLLECTED PRIVACY"}]},{"@type":"WebSite","@id":"https:\/\/www.immensiva.com\/#website","url":"https:\/\/www.immensiva.com\/","name":"IMMENSIVA","description":"Focusing on VR, AR, XR art &amp; AI art","potentialAction":[{"@type":"SearchAction","target":{"@type":"EntryPoint","urlTemplate":"https:\/\/www.immensiva.com\/?s={search_term_string}"},"query-input":"required name=search_term_string"}],"inLanguage":"ca"}]}},"_links":{"self":[{"href":"https:\/\/www.immensiva.com\/ca\/wp-json\/wp\/v2\/pages\/9742"}],"collection":[{"href":"https:\/\/www.immensiva.com\/ca\/wp-json\/wp\/v2\/pages"}],"about":[{"href":"https:\/\/www.immensiva.com\/ca\/wp-json\/wp\/v2\/types\/page"}],"author":[{"embeddable":true,"href":"https:\/\/www.immensiva.com\/ca\/wp-json\/wp\/v2\/users\/2"}],"replies":[{"embeddable":true,"href":"https:\/\/www.immensiva.com\/ca\/wp-json\/wp\/v2\/comments?post=9742"}],"version-history":[{"count":10,"href":"https:\/\/www.immensiva.com\/ca\/wp-json\/wp\/v2\/pages\/9742\/revisions"}],"predecessor-version":[{"id":12643,"href":"https:\/\/www.immensiva.com\/ca\/wp-json\/wp\/v2\/pages\/9742\/revisions\/12643"}],"wp:attachment":[{"href":"https:\/\/www.immensiva.com\/ca\/wp-json\/wp\/v2\/media?parent=9742"}],"curies":[{"name":"wp","href":"https:\/\/api.w.org\/{rel}","templated":true}]}}