{"id":10235,"date":"2021-11-12T17:58:07","date_gmt":"2021-11-12T16:58:07","guid":{"rendered":"https:\/\/www.immensiva.com\/olea-soliman-lopez\/"},"modified":"2024-04-13T08:11:10","modified_gmt":"2024-04-13T06:11:10","slug":"olea-soliman-lopez","status":"publish","type":"page","link":"https:\/\/www.immensiva.com\/es\/olea-soliman-lopez\/","title":{"rendered":"OLEA &#8211; SOLIM\u00c1N L\u00d3PEZ"},"content":{"rendered":"<div class=\"wpb-content-wrapper\"><p>[vc_row][vc_column]<style>.ld_spacer_69fac197c4ec6{height:200px;}<\/style>\n<div class=\"ld-empty-space ld_spacer_69fac197c4ec6\"><span class=\"liquid_empty_space_inner\"><\/span><\/div><style>.ld_fancy_heading_69fac197c4fcb .lqd-highlight-inner{height:0.275em;bottom:0px;}<\/style><div class=\"ld-fancy-heading ld_fancy_heading_69fac197c4fcb\">\n\t<h1 class=\"lqd-highlight-underline lqd-highlight-grow-left\" ><span class=\"ld-fh-txt\"> <\/p>\n<p style=\"text-align: center\"><strong>OLEA &#8211; SOLIMAN LOPEZ<\/strong><\/p>\n<p><\/span><\/h1><\/div><style>.ld_spacer_69fac1988308f{height:30px;}<\/style>\n<div class=\"ld-empty-space ld_spacer_69fac1988308f\"><span class=\"liquid_empty_space_inner\"><\/span><\/div>[vc_gallery interval=\u00bb10&#8243; images=\u00bb12362,12354,12351&#8243; img_size=\u00bblarge\u00bb onclick=\u00bbcustom_link\u00bb custom_links=\u00bb#E-8_aHR0cHMlM0ElMkYlMkZjcnlwdG9sZWEub3JnJTJG\u00bb]<style>.ld_spacer_69fac19883485{height:30px;}<\/style>\n<div class=\"ld-empty-space ld_spacer_69fac19883485\"><span class=\"liquid_empty_space_inner\"><\/span><\/div>[vc_column_text]Un proyecto de Solim\u00e1n L\u00f3pez<\/p>\n<p>OLEA es un aceite de oliva \u00fanico, fruto del desarrollo entre diferentes disciplinas y coordinado por el artista Solim\u00e1n L\u00f3pez. En colaboraci\u00f3n con el laboratorio Twist Bioscience que se ha encargado de la s\u00edntesis en ADN del contrato inteligente de la cryptomoneda OLEA (programado por Blue Room Innovation) y que posteriormente ser\u00e1 encapsulado en silica para incorporarse a una serie limitada de 1.250 litros de aceite de oliva que ser\u00e1n ampliados con los nuevos supplies de la moneda en los pr\u00f3ximos meses. En este \u00faltimo paso Solim\u00e1n ha contado con el apoyo de Javier Forment, responsable del Servicio de Bioinform\u00e1tica del Instituto de Biolog\u00eda Molecular y Celular de Plantas IBMCP<br \/>\n(UPV Universidad Polit\u00e8cnica de Val\u00e8ncia \u2013 CSIC Consejo Superior de Investigaciones Cient\u00edficas). Con esta acci\u00f3n el artista crea un nuevo espacio de reflexi\u00f3n y un acercamiento de especies, conceptos, econom\u00edas, sociedades y flujos de informaci\u00f3n que convergen en un fluido \u00fanico.<\/p>\n<p>OLEA introduce una innovaci\u00f3n hist\u00f3rica en el mundo del art contempor\u00e1neo y el entorno de las criptomonedas y NFT\u2019s (activos digitales \u00fanicos) incorporando el factor art\u00edstico a<br \/>\nun sector con un car\u00e1cter altamente especulativo. Gracias a la tecnolog\u00eda blockchain, ahora podemos demostrar la propiedad y autenticidad de activos digitales. Adem\u00e1s de facilitar la trazabilidad y transparencia a las obras de los creadores. Hist\u00f3ricamente relacionado con las deidades, la abundancia, la salud, la suavidad y el oro l\u00edquido, el aceite es el lugar perfecto para acoger otras naturalezas. La alteraci\u00f3n gen\u00e9tica, su construcci\u00f3n artificial y la convivencia en espacios h\u00edbridos, configuran un nuevo ecosistema de pensamiento \u00e9tico, religioso, pol\u00edtico y social que gracias a este proyecto pretende enlazarse molecularmente con las estructuras tecnopol\u00edticas, la criptograf\u00eda y los modelos descentralizados de pensamiento y econom\u00eda.[\/vc_column_text]<style>.ld_spacer_69fac198837ae{height:100px;}<\/style>\n<div class=\"ld-empty-space ld_spacer_69fac198837ae\"><span class=\"liquid_empty_space_inner\"><\/span><\/div>[vc_video link=\u00bbhttps:\/\/www.youtube.com\/watch?v=3HoFzIq6GPE&amp;ab_channel=InstitutRamonLlull\u00bb el_width=\u00bb80&#8243; align=\u00bbcenter\u00bb]<style>.ld_spacer_69fac19883aa8{height:100px;}<\/style>\n<div class=\"ld-empty-space ld_spacer_69fac19883aa8\"><span class=\"liquid_empty_space_inner\"><\/span><\/div>[vc_column_text]OLEA es un fluido oleico en el que conviven las propiedades de este aceite junto con la s\u00edntesis molecular del c\u00f3digo que da vida a una criptomoneda en los entornos blockchain.<br \/>\nEsta hibridaci\u00f3n de espacios revela un nuevo lugar de entendimiento. Un nuevo futuro inesperado en la revoluci\u00f3n de las especies.<\/p>\n<p>El proyecto aporta una mirada conceptual a un sector conectado con la ciencia y los \u00faltimos sistemas de almacenamiento digital basados en el c\u00f3digo gen\u00e9tico, transform\u00e1ndose<br \/>\nen una pieza art\u00edstica \u00fanica que habla sobre una de las mayores revoluciones en la historia de la humanidad: la era digital y las econom\u00edas descentralizadas. A trav\u00e9s de este nuevo elemento l\u00edquido el artista desarrolla, a partir de una serie de NFT\u2019s (activos digitales \u00fanicos), una serie de esculturas, audiovisuales e instalaciones que giran en torno al aceite de oliva.<\/p>\n<p>La primera etapa arranca con el lanzamiento de los 250 primeros NFT\u2019s que podr\u00e1n adquirirse en forma de pre-order a trav\u00e9s de la plataforma Known Origin. Con cada NFT su<br \/>\nposeedor obtiene 1 OLEA + 1 Escultura OLEA GENESIS. La pieza seriada OLEA GENESIS en formato f\u00edsico contiene el aceite que incorpora la mol\u00e9cula de ADN, que tambi\u00e9n est\u00e1 identificada en la blockchain a trav\u00e9s de un NFT lo que la hace \u00fanica e irrepetible. Recordemos que Solim\u00e1n L\u00f3pez consum\u00f3 la primera venta de un NFT en ARCO 2021 a trav\u00e9s de la Galer\u00eda Bar\u00f3 por un precio de 14.000 euros a la fundaci\u00f3n el Secreto de la Filantrop\u00eda. Solim\u00e1n lanza este primer drop a un precio de 3.000 euros por NFT-OLEA. Dichas unidades ser\u00e1n ampliadas en noviembre coincidiendo con la disposici\u00f3n del aceite y las esculturas.[\/vc_column_text]<style>.ld_spacer_69fac19883d88{height:60px;}<\/style>\n<div class=\"ld-empty-space ld_spacer_69fac19883d88\"><span class=\"liquid_empty_space_inner\"><\/span><\/div>[vc_btn title=\u00bbOLEA P\u00c1GINA WEB\u00bb style=\u00bb3d\u00bb color=\u00bbgreen\u00bb size=\u00bblg\u00bb align=\u00bbcenter\u00bb link=\u00bburl:https%3A%2F%2Fcryptolea.org%2F|\u00bb]<style>.ld_spacer_69fac19883fdc{height:200px;}<\/style>\n<div class=\"ld-empty-space ld_spacer_69fac19883fdc\"><span class=\"liquid_empty_space_inner\"><\/span><\/div>[\/vc_column][\/vc_row][vc_row][vc_column width=\u00bb1\/2&#8243;][vc_single_image image=\u00bb12345&#8243; img_size=\u00bb870 x 547&#8243;][\/vc_column][vc_column width=\u00bb1\/2&#8243;][vc_column_text]Solim\u00e1n L\u00f3pez es artista, investigador, fundador del<br \/>\nHarddiskmuseum y director de Innovaci\u00f3n en la<br \/>\nEscuela Superior de Arte y Tecnolog\u00eda. Considerado<br \/>\ncomo uno de los grandes representantes del arte<br \/>\ndigital espa\u00f1ol en los \u00faltimos a\u00f1os.[\/vc_column_text][\/vc_column][\/vc_row]<\/p>\n<\/div>","protected":false},"excerpt":{"rendered":"<p>[vc_row][vc_column][vc_gallery interval=\u00bb10&#8243; images=\u00bb12362,12354,12351&#8243; img_size=\u00bblarge\u00bb onclick=\u00bbcustom_link\u00bb custom_links=\u00bb#E-8_aHR0cHMlM0ElMkYlMkZjcnlwdG9sZWEub3JnJTJG\u00bb][vc_column_text]Un proyecto de Solim\u00e1n L\u00f3pez OLEA es un aceite de&#8230;<\/p>\n","protected":false},"author":2,"featured_media":0,"parent":0,"menu_order":0,"comment_status":"closed","ping_status":"closed","template":"","meta":{"footnotes":""},"featured_image_urls":{"full":"","thumbnail":"","medium":"","medium_large":"","large":"","1536x1536":"","2048x2048":"","awb_sm":"","awb_md":"","awb_lg":"","awb_xl":"","liquid-default-blog":"","liquid-standard-blog":"","liquid-featured-blog":"","liquid-rounded-blog":"","liquid-classic-meta-blog":"","liquid-classic-2-blog":"","liquid-grid":"","liquid-split-blog":"","liquid-classic-full-blog":"","liquid-metro-blog":"","liquid-timeline-blog":"","liquid-carousel-blog":"","liquid-square-blog":"","liquid-candy-blog":"","liquid-category-blog":"","liquid-cover-post":"","liquid-default-post":"","liquid-cover-spaced":"","liquid-masonry-shortest":"","liquid-masonry-short":"","liquid-masonry-tall":"","liquid-masonry-taller":"","liquid-medium":"","liquid-large":"","liquid-thumbnail":"","liquid-masonry-header-small":"","liquid-masonry-header-big":"","liquid-thumbnail-post":"","liquid-small-blog":"","liquid-related-post":"","liquid-portfolio":"","liquid-portfolio-sq":"","liquid-portfolio-big-sq":"","liquid-portfolio-portrait":"","liquid-portfolio-wide":"","liquid-packery-wide":"","liquid-packery-portrait":"","liquid-grid-hover-overlay":"","liquid-grid-hover-classic":"","liquid-grid-hover-3d":"","liquid-grid-caption":"","liquid-large-slider":"","liquid-widget":"","liquid-portfolio-vertical-overlay":""},"post_excerpt_stackable":"<p>[vc_row][vc_column] OLEA &#8211; SOLIMAN LOPEZ [vc_gallery interval=\u00bb10&#8243; images=\u00bb12362,12354,12351&#8243; img_size=\u00bblarge\u00bb onclick=\u00bbcustom_link\u00bb custom_links=\u00bb#E-8_aHR0cHMlM0ElMkYlMkZjcnlwdG9sZWEub3JnJTJG\u00bb] [vc_column_text]Un proyecto de Solim\u00e1n L\u00f3pez OLEA es un aceite de oliva \u00fanico, fruto del desarrollo entre diferentes disciplinas y coordinado por el artista Solim\u00e1n L\u00f3pez. En colaboraci\u00f3n con el laboratorio Twist Bioscience que se ha encargado de la s\u00edntesis en ADN del contrato inteligente de la cryptomoneda OLEA (programado por Blue Room Innovation) y que posteriormente ser\u00e1 encapsulado en silica para incorporarse a una serie limitada de 1.250 litros de aceite de oliva que ser\u00e1n ampliados con los nuevos supplies de la moneda en los pr\u00f3ximos meses. En este&hellip;<\/p>\n","category_list":"","author_info":{"name":"vitor","url":"https:\/\/www.immensiva.com\/es\/author\/vitor\/"},"comments_num":"0 comentarios","yoast_head":"<!-- This site is optimized with the Yoast SEO plugin v22.5 - https:\/\/yoast.com\/wordpress\/plugins\/seo\/ -->\n<title>Conoce el proyecto Olea, de Soliman L\u00f3pez | IMMENSIVA<\/title>\n<meta name=\"description\" content=\"Descubre su obra y vive una experiencia \u00fanica que fusiona arte, criptomonedas, NFTs y tecnolog\u00eda blockchain.\" \/>\n<meta name=\"robots\" content=\"index, follow, max-snippet:-1, max-image-preview:large, max-video-preview:-1\" \/>\n<link rel=\"canonical\" href=\"https:\/\/www.immensiva.com\/es\/olea-soliman-lopez\/\" \/>\n<meta property=\"og:locale\" content=\"es_ES\" \/>\n<meta property=\"og:type\" content=\"article\" \/>\n<meta property=\"og:title\" content=\"Conoce el proyecto Olea, de Soliman L\u00f3pez | IMMENSIVA\" \/>\n<meta property=\"og:description\" content=\"Descubre su obra y vive una experiencia \u00fanica que fusiona arte, criptomonedas, NFTs y tecnolog\u00eda blockchain.\" \/>\n<meta property=\"og:url\" content=\"https:\/\/www.immensiva.com\/es\/olea-soliman-lopez\/\" \/>\n<meta property=\"og:site_name\" content=\"IMMENSIVA\" \/>\n<meta property=\"article:modified_time\" content=\"2024-04-13T06:11:10+00:00\" \/>\n<meta name=\"twitter:card\" content=\"summary_large_image\" \/>\n<meta name=\"twitter:label1\" content=\"Tiempo de lectura\" \/>\n\t<meta name=\"twitter:data1\" content=\"3 minutos\" \/>\n<script type=\"application\/ld+json\" class=\"yoast-schema-graph\">{\"@context\":\"https:\/\/schema.org\",\"@graph\":[{\"@type\":\"WebPage\",\"@id\":\"https:\/\/www.immensiva.com\/es\/olea-soliman-lopez\/\",\"url\":\"https:\/\/www.immensiva.com\/es\/olea-soliman-lopez\/\",\"name\":\"Conoce el proyecto Olea, de Soliman L\u00f3pez | IMMENSIVA\",\"isPartOf\":{\"@id\":\"https:\/\/www.immensiva.com\/#website\"},\"datePublished\":\"2021-11-12T16:58:07+00:00\",\"dateModified\":\"2024-04-13T06:11:10+00:00\",\"description\":\"Descubre su obra y vive una experiencia \u00fanica que fusiona arte, criptomonedas, NFTs y tecnolog\u00eda blockchain.\",\"breadcrumb\":{\"@id\":\"https:\/\/www.immensiva.com\/es\/olea-soliman-lopez\/#breadcrumb\"},\"inLanguage\":\"es\",\"potentialAction\":[{\"@type\":\"ReadAction\",\"target\":[\"https:\/\/www.immensiva.com\/es\/olea-soliman-lopez\/\"]}]},{\"@type\":\"BreadcrumbList\",\"@id\":\"https:\/\/www.immensiva.com\/es\/olea-soliman-lopez\/#breadcrumb\",\"itemListElement\":[{\"@type\":\"ListItem\",\"position\":1,\"name\":\"Home\",\"item\":\"https:\/\/www.immensiva.com\/es\/\"},{\"@type\":\"ListItem\",\"position\":2,\"name\":\"OLEA &#8211; SOLIM\u00c1N L\u00d3PEZ\"}]},{\"@type\":\"WebSite\",\"@id\":\"https:\/\/www.immensiva.com\/#website\",\"url\":\"https:\/\/www.immensiva.com\/\",\"name\":\"IMMENSIVA\",\"description\":\"Focusing on VR, AR, XR art &amp; AI art\",\"potentialAction\":[{\"@type\":\"SearchAction\",\"target\":{\"@type\":\"EntryPoint\",\"urlTemplate\":\"https:\/\/www.immensiva.com\/?s={search_term_string}\"},\"query-input\":\"required name=search_term_string\"}],\"inLanguage\":\"es\"}]}<\/script>\n<!-- \/ Yoast SEO plugin. -->","yoast_head_json":{"title":"Conoce el proyecto Olea, de Soliman L\u00f3pez | IMMENSIVA","description":"Descubre su obra y vive una experiencia \u00fanica que fusiona arte, criptomonedas, NFTs y tecnolog\u00eda blockchain.","robots":{"index":"index","follow":"follow","max-snippet":"max-snippet:-1","max-image-preview":"max-image-preview:large","max-video-preview":"max-video-preview:-1"},"canonical":"https:\/\/www.immensiva.com\/es\/olea-soliman-lopez\/","og_locale":"es_ES","og_type":"article","og_title":"Conoce el proyecto Olea, de Soliman L\u00f3pez | IMMENSIVA","og_description":"Descubre su obra y vive una experiencia \u00fanica que fusiona arte, criptomonedas, NFTs y tecnolog\u00eda blockchain.","og_url":"https:\/\/www.immensiva.com\/es\/olea-soliman-lopez\/","og_site_name":"IMMENSIVA","article_modified_time":"2024-04-13T06:11:10+00:00","twitter_card":"summary_large_image","twitter_misc":{"Tiempo de lectura":"3 minutos"},"schema":{"@context":"https:\/\/schema.org","@graph":[{"@type":"WebPage","@id":"https:\/\/www.immensiva.com\/es\/olea-soliman-lopez\/","url":"https:\/\/www.immensiva.com\/es\/olea-soliman-lopez\/","name":"Conoce el proyecto Olea, de Soliman L\u00f3pez | IMMENSIVA","isPartOf":{"@id":"https:\/\/www.immensiva.com\/#website"},"datePublished":"2021-11-12T16:58:07+00:00","dateModified":"2024-04-13T06:11:10+00:00","description":"Descubre su obra y vive una experiencia \u00fanica que fusiona arte, criptomonedas, NFTs y tecnolog\u00eda blockchain.","breadcrumb":{"@id":"https:\/\/www.immensiva.com\/es\/olea-soliman-lopez\/#breadcrumb"},"inLanguage":"es","potentialAction":[{"@type":"ReadAction","target":["https:\/\/www.immensiva.com\/es\/olea-soliman-lopez\/"]}]},{"@type":"BreadcrumbList","@id":"https:\/\/www.immensiva.com\/es\/olea-soliman-lopez\/#breadcrumb","itemListElement":[{"@type":"ListItem","position":1,"name":"Home","item":"https:\/\/www.immensiva.com\/es\/"},{"@type":"ListItem","position":2,"name":"OLEA &#8211; SOLIM\u00c1N L\u00d3PEZ"}]},{"@type":"WebSite","@id":"https:\/\/www.immensiva.com\/#website","url":"https:\/\/www.immensiva.com\/","name":"IMMENSIVA","description":"Focusing on VR, AR, XR art &amp; AI art","potentialAction":[{"@type":"SearchAction","target":{"@type":"EntryPoint","urlTemplate":"https:\/\/www.immensiva.com\/?s={search_term_string}"},"query-input":"required name=search_term_string"}],"inLanguage":"es"}]}},"_links":{"self":[{"href":"https:\/\/www.immensiva.com\/es\/wp-json\/wp\/v2\/pages\/10235"}],"collection":[{"href":"https:\/\/www.immensiva.com\/es\/wp-json\/wp\/v2\/pages"}],"about":[{"href":"https:\/\/www.immensiva.com\/es\/wp-json\/wp\/v2\/types\/page"}],"author":[{"embeddable":true,"href":"https:\/\/www.immensiva.com\/es\/wp-json\/wp\/v2\/users\/2"}],"replies":[{"embeddable":true,"href":"https:\/\/www.immensiva.com\/es\/wp-json\/wp\/v2\/comments?post=10235"}],"version-history":[{"count":8,"href":"https:\/\/www.immensiva.com\/es\/wp-json\/wp\/v2\/pages\/10235\/revisions"}],"predecessor-version":[{"id":12622,"href":"https:\/\/www.immensiva.com\/es\/wp-json\/wp\/v2\/pages\/10235\/revisions\/12622"}],"wp:attachment":[{"href":"https:\/\/www.immensiva.com\/es\/wp-json\/wp\/v2\/media?parent=10235"}],"curies":[{"name":"wp","href":"https:\/\/api.w.org\/{rel}","templated":true}]}}