{"id":10517,"date":"2021-11-17T17:04:41","date_gmt":"2021-11-17T16:04:41","guid":{"rendered":"https:\/\/www.immensiva.com\/galaxy-network-vr-2021-beyond-the-metaverse\/"},"modified":"2024-04-18T12:21:00","modified_gmt":"2024-04-18T10:21:00","slug":"galaxy-network-vr-2021-beyond-the-metaverse","status":"publish","type":"page","link":"https:\/\/www.immensiva.com\/es\/galaxy-network-vr-2021-beyond-the-metaverse\/","title":{"rendered":"GALAXY NETWORK VR 2021 &#8211; BEYOND THE METAVERSE"},"content":{"rendered":"<div class=\"wpb-content-wrapper\"><p>[vc_row css=\u00bb.vc_custom_1594644421345{padding-top: 90px !important;padding-bottom: 50px !important;}\u00bb][vc_column]<style>.ld_spacer_69e1538038e12{height:100px;}<\/style>\n<div class=\"ld-empty-space ld_spacer_69e1538038e12\"><span class=\"liquid_empty_space_inner\"><\/span><\/div><style>.ld_fancy_heading_69e1538038f4f .lqd-highlight-inner{height:0.275em;bottom:0px;}<\/style><div class=\"ld-fancy-heading ld_fancy_heading_69e1538038f4f\">\n\t<h1 class=\"lqd-highlight-underline lqd-highlight-grow-left\" ><span class=\"ld-fh-txt\"> <\/p>\n<p style=\"text-align: center\"><span style=\"font-size: 36px\"><strong>GALAXY NETWORK VR EXHIBITION &#8211; BEYOND THE METAVERSE<\/strong><\/span><\/p>\n<p><\/span><\/h1><\/div><style>.ld_spacer_69e1538046491{height:50px;}<\/style>\n<div class=\"ld-empty-space ld_spacer_69e1538046491\"><span class=\"liquid_empty_space_inner\"><\/span><\/div>[vc_single_image image=\u00bb12538&#8243; img_size=\u00bbfull\u00bb css=\u00bb\u00bb]<style>.ld_spacer_69e153804657e{height:50px;}<\/style>\n<div class=\"ld-empty-space ld_spacer_69e153804657e\"><span class=\"liquid_empty_space_inner\"><\/span><\/div>[vc_column_text]<span style=\"font-size: 18px;\"><b>Llega a Barcelona el Galaxy Network VR Exhibition \u2013 Fall 2021!<\/b><\/span>[\/vc_column_text]<style>.ld_spacer_69e1538046619{height:13px;}<\/style>\n<div class=\"ld-empty-space ld_spacer_69e1538046619\"><span class=\"liquid_empty_space_inner\"><\/span><\/div>[vc_column_text]<span style=\"font-weight: 400;\">Galaxy Network es una red de organizaciones de diversos \u00e1mbitos (empresas, universidades, locales de exposiciones, instituciones culturales, organizadores de eventos) que deseamos presentar experiencias inmersivas a nuestro p\u00fablico con el objetivo de crear y coordinar diversas exposiciones de experiencias de realidad virtual de primera calidad que se mostrar\u00e1n simult\u00e1neamente en las diferentes instituciones que formamos parte. Para m\u00e1s informaci\u00f3n visitad:<\/span><a href=\"https:\/\/galaxynetwork.io\/\"><span style=\"font-weight: 400;\"> www.galaxynetwork.io\/<\/span><\/a><\/p>\n<p><span style=\"font-weight: 400;\">Galaxy Network es un proyecto de:<\/span><\/p>\n<p><a href=\"https:\/\/www.diversioncinema.com\/\"><span style=\"font-weight: 400;\">Diversion cinema<\/span><\/a><span style=\"font-weight: 400;\"> &amp; <\/span><a href=\"https:\/\/lecube.com\/\"><span style=\"font-weight: 400;\">Le Cube<\/span><\/a><\/p>\n<p><a href=\"https:\/\/www.espronceda.net\/\"><span style=\"font-weight: 400;\">Espronceda \u2013 Institute of Art and Culture<\/span><\/a><\/p>\n<p><a href=\"https:\/\/www.lavs.cat\/en\"><span style=\"font-weight: 400;\">LAVS<\/span><\/a><span style=\"font-weight: 400;\"> &amp; <\/span><a href=\"https:\/\/www.vrnrg.com\/\"><span style=\"font-weight: 400;\">VRNRG<\/span><\/a><\/p>\n<p><a href=\"https:\/\/laboratorioapertoferrara.it\/\"><span style=\"font-weight: 400;\">Laboratorio Aperto di Ferrara<\/span><\/a><\/p>\n<p><a href=\"https:\/\/www.meetcenter.it\/en\/home-page\/\"><span style=\"font-weight: 400;\">MEET Digital Culture Center<\/span><\/a><\/p>\n<p><a href=\"https:\/\/invr.space\/\"><span style=\"font-weight: 400;\">INVR.SPACE GmbH<\/span><\/a><\/p>\n<p><a href=\"https:\/\/lessmediagroup.com\/\"><span style=\"font-weight: 400;\">Less Media Group<\/span><\/a><\/p>\n<p><a href=\"https:\/\/www.institutfrancais.ru\/fr\"><span style=\"font-weight: 400;\">Institut fran\u00e7ais de Russie<\/span><\/a><\/p>\n<p><a href=\"https:\/\/euromersiveturkey.com\/\"><span style=\"font-weight: 400;\">Euromersive Turkey<\/span><\/a>[\/vc_column_text]<style>.ld_spacer_69e15380466aa{height:13px;}<\/style>\n<div class=\"ld-empty-space ld_spacer_69e15380466aa\"><span class=\"liquid_empty_space_inner\"><\/span><\/div><style>.ld_fancy_heading_69e1538046785 .lqd-highlight-inner{height:0.275em;bottom:0px;}<\/style><div class=\"ld-fancy-heading ld_fancy_heading_69e1538046785\">\n\t<h1 class=\"lqd-highlight-underline lqd-highlight-grow-left\" ><span class=\"ld-fh-txt\"> <b>Galaxy Network VR Exhibition Fall 2021, what is it?<\/b><\/span><\/h1><\/div>[vc_column_text]<span style=\"font-weight: 400;\">Una exposici\u00f3n de 2 semanas en oto\u00f1o, con experiencias de realidad virtual premiadas en PC-VR, Oculus Quest o v\u00eddeos de 360 \u200b\u200b\u00b0. Esta exposici\u00f3n es pr\u00e1cticamente simult\u00e1nea en todas las ubicaciones de Galaxy Network. El objetivo es ofrecer estas experiencias para que las conozcan nuevos p\u00fablicos, de una manera sin precedentes.<\/span><\/p>\n<p><span style=\"font-weight: 400;\">En Espronceda, las podr\u00e9is ver del 26 de octubre al 8 de noviembre de 12 a 20h, en las fechas indicadas.<\/span><\/p>\n<p><span style=\"font-weight: 400;\">Pod\u00e9is comprar vuestros tickets aqu\u00ed: <\/span><a href=\"https:\/\/4tickets.es\/espronceda\/public\/janto\/\"><span style=\"font-weight: 400;\">https:\/\/4tickets.es\/espronceda\/public\/janto\/<\/span><\/a><\/p>\n<p><span style=\"font-weight: 400;\">Las experiencias, clasificadas en tres secciones, son las siguientes:<\/span>[\/vc_column_text]<style>.ld_spacer_69e1538048343{height:100px;}<\/style>\n<div class=\"ld-empty-space ld_spacer_69e1538048343\"><span class=\"liquid_empty_space_inner\"><\/span><\/div>[\/vc_column][\/vc_row][vc_row gap=\u00bb0&#8243;][vc_column][vc_column_text]<\/p>\n<h4 style=\"text-align: center;\"><span style=\"font-size: 18px;\"><strong>PROJECTOS ART\u00cdSTICOS<\/strong><\/span><\/h4>\n<p>[\/vc_column_text]<style>.ld_spacer_69e15380483f9{height:40px;}<\/style>\n<div class=\"ld-empty-space ld_spacer_69e15380483f9\"><span class=\"liquid_empty_space_inner\"><\/span><\/div>[\/vc_column][\/vc_row][vc_row css=\u00bb.vc_custom_1613992813216{background-color: #6524e9 !important;}\u00bb][vc_column width=\u00bb1\/2&#8243;]<style>.ld_spacer_69e1538048494{height:80px;}<\/style>\n<div class=\"ld-empty-space ld_spacer_69e1538048494\"><span class=\"liquid_empty_space_inner\"><\/span><\/div>[vc_column_text]<span style=\"color: #ffffff;\"><strong>The Line<\/strong><\/span><\/p>\n<p><span style=\"font-weight: 400; color: #ffffff;\">by Ricardo Laganaro<\/span><\/p>\n<p><span style=\"font-weight: 400; color: #ffffff;\">Brazil \u2013 2019 \u2013 15 min \u2013 PC-VR \/ Quest<\/span>[\/vc_column_text][\/vc_column][vc_column width=\u00bb1\/2&#8243;]<style>.ld_spacer_69e153804851b{height:40px;}<\/style>\n<div class=\"ld-empty-space ld_spacer_69e153804851b\"><span class=\"liquid_empty_space_inner\"><\/span><\/div>[vc_video link=\u00bbhttps:\/\/vimeo.com\/360039724&#8243; align=\u00bbcenter\u00bb][\/vc_column][\/vc_row][vc_row][vc_column width=\u00bb1\/2&#8243;]<style>.ld_spacer_69e153804859f{height:40px;}<\/style>\n<div class=\"ld-empty-space ld_spacer_69e153804859f\"><span class=\"liquid_empty_space_inner\"><\/span><\/div>[vc_video link=\u00bbhttps:\/\/www.youtube.com\/watch?v=o_4_PRlVEJk&amp;ab_channel=UniFrance\u00bb align=\u00bbcenter\u00bb][\/vc_column][vc_column width=\u00bb1\/2&#8243;]<style>.ld_spacer_69e1538048622{height:80px;}<\/style>\n<div class=\"ld-empty-space ld_spacer_69e1538048622\"><span class=\"liquid_empty_space_inner\"><\/span><\/div>[vc_column_text]<strong>Vestige<\/strong><\/p>\n<p><span style=\"font-weight: 400;\">by Aaron Bradbury<\/span><\/p>\n<p><span style=\"font-weight: 400;\">France, UK \u2013 2018 \u2013 12 min \u2013 PC-VR \u2013 Quest<\/span>[\/vc_column_text][\/vc_column][\/vc_row][vc_row css=\u00bb.vc_custom_1613993305266{background-color: #6524e9 !important;}\u00bb][vc_column width=\u00bb1\/2&#8243;]<style>.ld_spacer_69e15380486a5{height:50px;}<\/style>\n<div class=\"ld-empty-space ld_spacer_69e15380486a5\"><span class=\"liquid_empty_space_inner\"><\/span><\/div>[vc_column_text]<span style=\"color: #ffffff;\"><strong>Gravity VR<\/strong><\/span><\/p>\n<p><span style=\"font-weight: 400; color: #ffffff;\">by Fabio Rychter &amp; Amir Admoni<\/span><\/p>\n<p><span style=\"font-weight: 400; color: #ffffff;\">Brazil, Perou \u2013 2020 -15 min \u2013 PC-VR<\/span>[\/vc_column_text][\/vc_column][vc_column width=\u00bb1\/2&#8243;]<style>.ld_spacer_69e153804872a{height:60px;}<\/style>\n<div class=\"ld-empty-space ld_spacer_69e153804872a\"><span class=\"liquid_empty_space_inner\"><\/span><\/div>[vc_video link=\u00bbhttps:\/\/www.youtube.com\/watch?v=lni5Ws7L-po&amp;ab_channel=%E9%AB%98%E9%9B%84%E9%9B%BB%E5%BD%B1%E7%AF%80KaohsiungFilmFestival\u00bb align=\u00bbcenter\u00bb][\/vc_column][\/vc_row][vc_row][vc_column width=\u00bb1\/2&#8243;]<style>.ld_spacer_69e15380487ae{height:70px;}<\/style>\n<div class=\"ld-empty-space ld_spacer_69e15380487ae\"><span class=\"liquid_empty_space_inner\"><\/span><\/div>[vc_video link=\u00bbhttps:\/\/www.youtube.com\/watch?v=tCN_jAewgM4&amp;ab_channel=UniFrance\u00bb align=\u00bbcenter\u00bb][\/vc_column][vc_column width=\u00bb1\/2&#8243;]<style>.ld_spacer_69e153804882f{height:60px;}<\/style>\n<div class=\"ld-empty-space ld_spacer_69e153804882f\"><span class=\"liquid_empty_space_inner\"><\/span><\/div>[vc_column_text]<strong>Ayahuasca \u2013 Kosmik Journey<\/strong><\/p>\n<p><span style=\"font-weight: 400;\">by Jan Kounen<\/span><\/p>\n<p><span style=\"font-weight: 400;\">France, Luxembourg \u2013 2019 \u2013 18 min \u2013 PC-VR<\/span>[\/vc_column_text]<style>.ld_spacer_69e15380488b0{height:30px;}<\/style>\n<div class=\"ld-empty-space ld_spacer_69e15380488b0\"><span class=\"liquid_empty_space_inner\"><\/span><\/div>[\/vc_column][\/vc_row][vc_row css=\u00bb.vc_custom_1613993600028{background-color: #6524e9 !important;}\u00bb][vc_column width=\u00bb1\/2&#8243;]<style>.ld_spacer_69e153804892b{height:40px;}<\/style>\n<div class=\"ld-empty-space ld_spacer_69e153804892b\"><span class=\"liquid_empty_space_inner\"><\/span><\/div>[vc_column_text]<span style=\"font-weight: 400; color: #ffffff;\">African Space Makers<\/span><\/p>\n<p><span style=\"font-weight: 400; color: #ffffff;\">by The Nrb Bus Collective<\/span><\/p>\n<p><span style=\"font-weight: 400; color: #ffffff;\">Kenya, Germany \u2013 2020- 50 min \u2013 PC-VR\/Quest<\/span>[\/vc_column_text][\/vc_column][vc_column width=\u00bb1\/2&#8243;]<style>.ld_spacer_69e15380489ae{height:40px;}<\/style>\n<div class=\"ld-empty-space ld_spacer_69e15380489ae\"><span class=\"liquid_empty_space_inner\"><\/span><\/div>[vc_single_image image=\u00bb12528&#8243; img_size=\u00bb450&#215;270&#8243; alignment=\u00bbcenter\u00bb onclick=\u00bbcustom_link\u00bb css=\u00bb\u00bb link=\u00bbhttps:%2F%2Fwww.labiennale.org%2Fen%2Fcinema%2F2020%2Fvenice-vr-expanded%2Fafrican-space-makers|\u00bb][\/vc_column][\/vc_row][vc_row][vc_column width=\u00bb1\/2&#8243;]<style>.ld_spacer_69e1538048a2a{height:70px;}<\/style>\n<div class=\"ld-empty-space ld_spacer_69e1538048a2a\"><span class=\"liquid_empty_space_inner\"><\/span><\/div>[vc_video link=\u00bbhttps:\/\/www.youtube.com\/watch?v=eatmSjf_rj4&amp;ab_channel=JCCTunisie\u00bb align=\u00bbcenter\u00bb][\/vc_column][vc_column width=\u00bb1\/2&#8243;]<style>.ld_spacer_69e1538048aa4{height:70px;}<\/style>\n<div class=\"ld-empty-space ld_spacer_69e1538048aa4\"><span class=\"liquid_empty_space_inner\"><\/span><\/div>[vc_column_text]<span style=\"font-weight: 400;\">Planet \u221e<\/span><\/p>\n<p><span style=\"font-weight: 400;\">by Momoko Seto<\/span><\/p>\n<p><span style=\"font-weight: 400;\">France \u2013 2017- 6 min \u2013 VR 360<\/span>[\/vc_column_text][\/vc_column][\/vc_row][vc_row css=\u00bb.vc_custom_1613994009558{background-color: #6524e9 !important;}\u00bb][vc_column width=\u00bb1\/2&#8243;]<style>.ld_spacer_69e1538048b1f{height:50px;}<\/style>\n<div class=\"ld-empty-space ld_spacer_69e1538048b1f\"><span class=\"liquid_empty_space_inner\"><\/span><\/div>[vc_column_text]<span style=\"color: #ffffff;\"><strong>Home<\/strong><\/span><\/p>\n<p><span style=\"font-weight: 400; color: #ffffff;\">by Hsu Chih Yen<\/span><\/p>\n<p><span style=\"font-weight: 400; color: #ffffff;\">Taiwan \u2013 2019 \u2013 18 min \u2013 VR 360<\/span>[\/vc_column_text][\/vc_column][vc_column width=\u00bb1\/2&#8243;]<style>.ld_spacer_69e1538048b9b{height:50px;}<\/style>\n<div class=\"ld-empty-space ld_spacer_69e1538048b9b\"><span class=\"liquid_empty_space_inner\"><\/span><\/div>[vc_single_image image=\u00bb12541&#8243; img_size=\u00bbfull\u00bb css=\u00bb\u00bb][\/vc_column][\/vc_row][vc_row][vc_column width=\u00bb1\/2&#8243;]<style>.ld_spacer_69e1538048c16{height:50px;}<\/style>\n<div class=\"ld-empty-space ld_spacer_69e1538048c16\"><span class=\"liquid_empty_space_inner\"><\/span><\/div>[vc_video link=\u00bbhttps:\/\/www.youtube.com\/watch?v=oIhRKlDUAnA&amp;ab_channel=PlayStation\u00bb][\/vc_column][vc_column width=\u00bb1\/2&#8243;]<style>.ld_spacer_69e1538048c90{height:50px;}<\/style>\n<div class=\"ld-empty-space ld_spacer_69e1538048c90\"><span class=\"liquid_empty_space_inner\"><\/span><\/div>[vc_column_text]<strong>Everest VR<\/strong><\/p>\n<p><span style=\"font-weight: 400;\">by Jon Griffith<\/span><\/p>\n<p><span style=\"font-weight: 400;\">USA \u2013 2019 \u2013 10 min<\/span>[\/vc_column_text]<style>.ld_spacer_69e1538048d0b{height:40px;}<\/style>\n<div class=\"ld-empty-space ld_spacer_69e1538048d0b\"><span class=\"liquid_empty_space_inner\"><\/span><\/div>[\/vc_column][\/vc_row][vc_row css=\u00bb.vc_custom_1613994023923{background-color: #6524e9 !important;}\u00bb][vc_column width=\u00bb1\/2&#8243;]<style>.ld_spacer_69e1538048d86{height:50px;}<\/style>\n<div class=\"ld-empty-space ld_spacer_69e1538048d86\"><span class=\"liquid_empty_space_inner\"><\/span><\/div>[vc_column_text]<span style=\"color: #ffffff;\"><strong>Space Explorers \u2013 The ISS Experience Ep. 1<\/strong><\/span><\/p>\n<p><span style=\"font-weight: 400; color: #ffffff;\">by F\u00e9lix Lajeunesse &amp; Paul Rapha\u00ebl<\/span><\/p>\n<p><span style=\"font-weight: 400; color: #ffffff;\">Canada, USA \u2013 2021 \u2013 12 min \u2013 VR 360<\/span>[\/vc_column_text]<style>.ld_spacer_69e1538048e00{height:15px;}<\/style>\n<div class=\"ld-empty-space ld_spacer_69e1538048e00\"><span class=\"liquid_empty_space_inner\"><\/span><\/div>[\/vc_column][vc_column width=\u00bb1\/2&#8243;]<style>.ld_spacer_69e1538048e7a{height:40px;}<\/style>\n<div class=\"ld-empty-space ld_spacer_69e1538048e7a\"><span class=\"liquid_empty_space_inner\"><\/span><\/div>[vc_single_image image=\u00bb12535&#8243; img_size=\u00bb450&#215;270&#8243; alignment=\u00bbcenter\u00bb css=\u00bb\u00bb]<style>.ld_spacer_69e1538048ef4{height:15px;}<\/style>\n<div class=\"ld-empty-space ld_spacer_69e1538048ef4\"><span class=\"liquid_empty_space_inner\"><\/span><\/div>[\/vc_column][\/vc_row][vc_row][vc_column width=\u00bb1\/2&#8243;]<style>.ld_spacer_69e1538048f6f{height:50px;}<\/style>\n<div class=\"ld-empty-space ld_spacer_69e1538048f6f\"><span class=\"liquid_empty_space_inner\"><\/span><\/div>[vc_video link=\u00bbhttps:\/\/www.youtube.com\/watch?v=DTLrpNI2TMs&amp;ab_channel=IDEALBarcelona\u00bb][\/vc_column][vc_column width=\u00bb1\/2&#8243;]<style>.ld_spacer_69e1538048fe8{height:50px;}<\/style>\n<div class=\"ld-empty-space ld_spacer_69e1538048fe8\"><span class=\"liquid_empty_space_inner\"><\/span><\/div>[vc_column_text]<strong>Rebuilding Notre-Dame<\/strong><\/p>\n<p><span style=\"font-weight: 400;\">by Targo<\/span><\/p>\n<p><span style=\"font-weight: 400;\">France \u2013 2020 \u2013 10 min \u2013 VR 360<\/span>[\/vc_column_text]<style>.ld_spacer_69e1538049062{height:40px;}<\/style>\n<div class=\"ld-empty-space ld_spacer_69e1538049062\"><span class=\"liquid_empty_space_inner\"><\/span><\/div>[\/vc_column][\/vc_row][vc_row css=\u00bb.vc_custom_1613994023923{background-color: #6524e9 !important;}\u00bb][vc_column width=\u00bb1\/2&#8243;]<style>.ld_spacer_69e15380490dc{height:50px;}<\/style>\n<div class=\"ld-empty-space ld_spacer_69e15380490dc\"><span class=\"liquid_empty_space_inner\"><\/span><\/div>[vc_column_text]<span style=\"color: #ffffff;\"><strong>Conscious Existence<\/strong><\/span><\/p>\n<p><span style=\"font-weight: 400; color: #ffffff;\">by Marc Zimmermann<\/span><\/p>\n<p><span style=\"font-weight: 400; color: #ffffff;\">Germany \u2013 2018 \u2013 12 min \u2013 VR 360<\/span>[\/vc_column_text]<style>.ld_spacer_69e1538049157{height:15px;}<\/style>\n<div class=\"ld-empty-space ld_spacer_69e1538049157\"><span class=\"liquid_empty_space_inner\"><\/span><\/div>[\/vc_column][vc_column width=\u00bb1\/2&#8243;]<style>.ld_spacer_69e15380491d1{height:40px;}<\/style>\n<div class=\"ld-empty-space ld_spacer_69e15380491d1\"><span class=\"liquid_empty_space_inner\"><\/span><\/div>[vc_video link=\u00bbhttps:\/\/vimeo.com\/493705323&#8243;]<style>.ld_spacer_69e153804924a{height:15px;}<\/style>\n<div class=\"ld-empty-space ld_spacer_69e153804924a\"><span class=\"liquid_empty_space_inner\"><\/span><\/div>[\/vc_column][\/vc_row][vc_row][vc_column width=\u00bb1\/2&#8243;]<style>.ld_spacer_69e15380492c5{height:50px;}<\/style>\n<div class=\"ld-empty-space ld_spacer_69e15380492c5\"><span class=\"liquid_empty_space_inner\"><\/span><\/div>[vc_single_image image=\u00bb12531&#8243; img_size=\u00bbmedium\u00bb css=\u00bb\u00bb][\/vc_column][vc_column width=\u00bb1\/2&#8243;]<style>.ld_spacer_69e153804933e{height:50px;}<\/style>\n<div class=\"ld-empty-space ld_spacer_69e153804933e\"><span class=\"liquid_empty_space_inner\"><\/span><\/div>[vc_column_text]<strong>Lockdown 2020<\/strong><\/p>\n<p><span style=\"font-weight: 400;\">by Omar Rashid<\/span><\/p>\n<p><span style=\"font-weight: 400;\">Italy \u2013 2020 \u2013 20 min \u2013 VR 360<\/span>[\/vc_column_text]<style>.ld_spacer_69e15380493b8{height:40px;}<\/style>\n<div class=\"ld-empty-space ld_spacer_69e15380493b8\"><span class=\"liquid_empty_space_inner\"><\/span><\/div>[\/vc_column][\/vc_row]<\/p>\n<\/div>","protected":false},"excerpt":{"rendered":"<p>[vc_row css=\u00bb.vc_custom_1594644421345{padding-top: 90px !important;padding-bottom: 50px !important;}\u00bb][vc_column][vc_single_image image=\u00bb12538&#8243; img_size=\u00bbfull\u00bb css=\u00bb\u00bb][vc_column_text]Llega a Barcelona el Galaxy Network VR&#8230;<\/p>\n","protected":false},"author":2,"featured_media":0,"parent":0,"menu_order":0,"comment_status":"closed","ping_status":"closed","template":"","meta":{"footnotes":""},"featured_image_urls":{"full":"","thumbnail":"","medium":"","medium_large":"","large":"","1536x1536":"","2048x2048":"","awb_sm":"","awb_md":"","awb_lg":"","awb_xl":"","liquid-default-blog":"","liquid-standard-blog":"","liquid-featured-blog":"","liquid-rounded-blog":"","liquid-classic-meta-blog":"","liquid-classic-2-blog":"","liquid-grid":"","liquid-split-blog":"","liquid-classic-full-blog":"","liquid-metro-blog":"","liquid-timeline-blog":"","liquid-carousel-blog":"","liquid-square-blog":"","liquid-candy-blog":"","liquid-category-blog":"","liquid-cover-post":"","liquid-default-post":"","liquid-cover-spaced":"","liquid-masonry-shortest":"","liquid-masonry-short":"","liquid-masonry-tall":"","liquid-masonry-taller":"","liquid-medium":"","liquid-large":"","liquid-thumbnail":"","liquid-masonry-header-small":"","liquid-masonry-header-big":"","liquid-thumbnail-post":"","liquid-small-blog":"","liquid-related-post":"","liquid-portfolio":"","liquid-portfolio-sq":"","liquid-portfolio-big-sq":"","liquid-portfolio-portrait":"","liquid-portfolio-wide":"","liquid-packery-wide":"","liquid-packery-portrait":"","liquid-grid-hover-overlay":"","liquid-grid-hover-classic":"","liquid-grid-hover-3d":"","liquid-grid-caption":"","liquid-large-slider":"","liquid-widget":"","liquid-portfolio-vertical-overlay":""},"post_excerpt_stackable":"<p>[vc_row css=\u00bb.vc_custom_1594644421345{padding-top: 90px !important;padding-bottom: 50px !important;}\u00bb][vc_column] GALAXY NETWORK VR EXHIBITION &#8211; BEYOND THE METAVERSE [vc_single_image image=\u00bb12538&#8243; img_size=\u00bbfull\u00bb css=\u00bb\u00bb] [vc_column_text]Llega a Barcelona el Galaxy Network VR Exhibition \u2013 Fall 2021![\/vc_column_text] [vc_column_text]Galaxy Network es una red de organizaciones de diversos \u00e1mbitos (empresas, universidades, locales de exposiciones, instituciones culturales, organizadores de eventos) que deseamos presentar experiencias inmersivas a nuestro p\u00fablico con el objetivo de crear y coordinar diversas exposiciones de experiencias de realidad virtual de primera calidad que se mostrar\u00e1n simult\u00e1neamente en las diferentes instituciones que formamos parte. Para m\u00e1s informaci\u00f3n visitad: www.galaxynetwork.io\/ Galaxy Network es un proyecto de: Diversion cinema &amp; Le&hellip;<\/p>\n","category_list":"","author_info":{"name":"vitor","url":"https:\/\/www.immensiva.com\/es\/author\/vitor\/"},"comments_num":"0 comentarios","yoast_head":"<!-- This site is optimized with the Yoast SEO plugin v22.5 - https:\/\/yoast.com\/wordpress\/plugins\/seo\/ -->\n<title>Galaxy Network VR Exhibition: Beyond the Metaverse<\/title>\n<meta name=\"description\" content=\"Una exposici\u00f3n de 2 semanas, con experiencias de realidad virtual premiadas en PC-VR, Oculus Quest o v\u00eddeos de 360 \u200b\u200b\u00b0.\" \/>\n<meta name=\"robots\" content=\"index, follow, max-snippet:-1, max-image-preview:large, max-video-preview:-1\" \/>\n<link rel=\"canonical\" href=\"https:\/\/www.immensiva.com\/galaxy-network-vr-2021-beyond-the-metaverse\/\" \/>\n<meta property=\"og:locale\" content=\"es_ES\" \/>\n<meta property=\"og:type\" content=\"article\" \/>\n<meta property=\"og:title\" content=\"Galaxy Network VR Exhibition: Beyond the Metaverse\" \/>\n<meta property=\"og:description\" content=\"Una exposici\u00f3n de 2 semanas, con experiencias de realidad virtual premiadas en PC-VR, Oculus Quest o v\u00eddeos de 360 \u200b\u200b\u00b0.\" \/>\n<meta property=\"og:url\" content=\"https:\/\/www.immensiva.com\/galaxy-network-vr-2021-beyond-the-metaverse\/\" \/>\n<meta property=\"og:site_name\" content=\"IMMENSIVA\" \/>\n<meta property=\"article:modified_time\" content=\"2024-04-18T10:21:00+00:00\" \/>\n<meta name=\"twitter:card\" content=\"summary_large_image\" \/>\n<meta name=\"twitter:label1\" content=\"Tiempo de lectura\" \/>\n\t<meta name=\"twitter:data1\" content=\"3 minutos\" \/>\n<script type=\"application\/ld+json\" class=\"yoast-schema-graph\">{\"@context\":\"https:\/\/schema.org\",\"@graph\":[{\"@type\":\"WebPage\",\"@id\":\"https:\/\/www.immensiva.com\/galaxy-network-vr-2021-beyond-the-metaverse\/\",\"url\":\"https:\/\/www.immensiva.com\/galaxy-network-vr-2021-beyond-the-metaverse\/\",\"name\":\"Galaxy Network VR Exhibition: Beyond the Metaverse\",\"isPartOf\":{\"@id\":\"https:\/\/www.immensiva.com\/#website\"},\"datePublished\":\"2021-11-17T16:04:41+00:00\",\"dateModified\":\"2024-04-18T10:21:00+00:00\",\"description\":\"Una exposici\u00f3n de 2 semanas, con experiencias de realidad virtual premiadas en PC-VR, Oculus Quest o v\u00eddeos de 360 \u200b\u200b\u00b0.\",\"breadcrumb\":{\"@id\":\"https:\/\/www.immensiva.com\/galaxy-network-vr-2021-beyond-the-metaverse\/#breadcrumb\"},\"inLanguage\":\"es\",\"potentialAction\":[{\"@type\":\"ReadAction\",\"target\":[\"https:\/\/www.immensiva.com\/galaxy-network-vr-2021-beyond-the-metaverse\/\"]}]},{\"@type\":\"BreadcrumbList\",\"@id\":\"https:\/\/www.immensiva.com\/galaxy-network-vr-2021-beyond-the-metaverse\/#breadcrumb\",\"itemListElement\":[{\"@type\":\"ListItem\",\"position\":1,\"name\":\"Home\",\"item\":\"https:\/\/www.immensiva.com\/es\/\"},{\"@type\":\"ListItem\",\"position\":2,\"name\":\"GALAXY NETWORK VR 2021 &#8211; BEYOND THE METAVERSE\"}]},{\"@type\":\"WebSite\",\"@id\":\"https:\/\/www.immensiva.com\/#website\",\"url\":\"https:\/\/www.immensiva.com\/\",\"name\":\"IMMENSIVA\",\"description\":\"Focusing on VR, AR, XR art &amp; AI art\",\"potentialAction\":[{\"@type\":\"SearchAction\",\"target\":{\"@type\":\"EntryPoint\",\"urlTemplate\":\"https:\/\/www.immensiva.com\/?s={search_term_string}\"},\"query-input\":\"required name=search_term_string\"}],\"inLanguage\":\"es\"}]}<\/script>\n<!-- \/ Yoast SEO plugin. -->","yoast_head_json":{"title":"Galaxy Network VR Exhibition: Beyond the Metaverse","description":"Una exposici\u00f3n de 2 semanas, con experiencias de realidad virtual premiadas en PC-VR, Oculus Quest o v\u00eddeos de 360 \u200b\u200b\u00b0.","robots":{"index":"index","follow":"follow","max-snippet":"max-snippet:-1","max-image-preview":"max-image-preview:large","max-video-preview":"max-video-preview:-1"},"canonical":"https:\/\/www.immensiva.com\/galaxy-network-vr-2021-beyond-the-metaverse\/","og_locale":"es_ES","og_type":"article","og_title":"Galaxy Network VR Exhibition: Beyond the Metaverse","og_description":"Una exposici\u00f3n de 2 semanas, con experiencias de realidad virtual premiadas en PC-VR, Oculus Quest o v\u00eddeos de 360 \u200b\u200b\u00b0.","og_url":"https:\/\/www.immensiva.com\/galaxy-network-vr-2021-beyond-the-metaverse\/","og_site_name":"IMMENSIVA","article_modified_time":"2024-04-18T10:21:00+00:00","twitter_card":"summary_large_image","twitter_misc":{"Tiempo de lectura":"3 minutos"},"schema":{"@context":"https:\/\/schema.org","@graph":[{"@type":"WebPage","@id":"https:\/\/www.immensiva.com\/galaxy-network-vr-2021-beyond-the-metaverse\/","url":"https:\/\/www.immensiva.com\/galaxy-network-vr-2021-beyond-the-metaverse\/","name":"Galaxy Network VR Exhibition: Beyond the Metaverse","isPartOf":{"@id":"https:\/\/www.immensiva.com\/#website"},"datePublished":"2021-11-17T16:04:41+00:00","dateModified":"2024-04-18T10:21:00+00:00","description":"Una exposici\u00f3n de 2 semanas, con experiencias de realidad virtual premiadas en PC-VR, Oculus Quest o v\u00eddeos de 360 \u200b\u200b\u00b0.","breadcrumb":{"@id":"https:\/\/www.immensiva.com\/galaxy-network-vr-2021-beyond-the-metaverse\/#breadcrumb"},"inLanguage":"es","potentialAction":[{"@type":"ReadAction","target":["https:\/\/www.immensiva.com\/galaxy-network-vr-2021-beyond-the-metaverse\/"]}]},{"@type":"BreadcrumbList","@id":"https:\/\/www.immensiva.com\/galaxy-network-vr-2021-beyond-the-metaverse\/#breadcrumb","itemListElement":[{"@type":"ListItem","position":1,"name":"Home","item":"https:\/\/www.immensiva.com\/es\/"},{"@type":"ListItem","position":2,"name":"GALAXY NETWORK VR 2021 &#8211; BEYOND THE METAVERSE"}]},{"@type":"WebSite","@id":"https:\/\/www.immensiva.com\/#website","url":"https:\/\/www.immensiva.com\/","name":"IMMENSIVA","description":"Focusing on VR, AR, XR art &amp; AI art","potentialAction":[{"@type":"SearchAction","target":{"@type":"EntryPoint","urlTemplate":"https:\/\/www.immensiva.com\/?s={search_term_string}"},"query-input":"required name=search_term_string"}],"inLanguage":"es"}]}},"_links":{"self":[{"href":"https:\/\/www.immensiva.com\/es\/wp-json\/wp\/v2\/pages\/10517"}],"collection":[{"href":"https:\/\/www.immensiva.com\/es\/wp-json\/wp\/v2\/pages"}],"about":[{"href":"https:\/\/www.immensiva.com\/es\/wp-json\/wp\/v2\/types\/page"}],"author":[{"embeddable":true,"href":"https:\/\/www.immensiva.com\/es\/wp-json\/wp\/v2\/users\/2"}],"replies":[{"embeddable":true,"href":"https:\/\/www.immensiva.com\/es\/wp-json\/wp\/v2\/comments?post=10517"}],"version-history":[{"count":4,"href":"https:\/\/www.immensiva.com\/es\/wp-json\/wp\/v2\/pages\/10517\/revisions"}],"predecessor-version":[{"id":12709,"href":"https:\/\/www.immensiva.com\/es\/wp-json\/wp\/v2\/pages\/10517\/revisions\/12709"}],"wp:attachment":[{"href":"https:\/\/www.immensiva.com\/es\/wp-json\/wp\/v2\/media?parent=10517"}],"curies":[{"name":"wp","href":"https:\/\/api.w.org\/{rel}","templated":true}]}}