{"id":10541,"date":"2021-11-18T16:31:23","date_gmt":"2021-11-18T15:31:23","guid":{"rendered":"https:\/\/www.immensiva.com\/xr3-virtual-exhibition\/"},"modified":"2024-04-15T10:06:34","modified_gmt":"2024-04-15T08:06:34","slug":"xr3-virtual-exhibition","status":"publish","type":"page","link":"https:\/\/www.immensiva.com\/es\/xr3-virtual-exhibition\/","title":{"rendered":"XR3 VIRTUAL EXHIBITION"},"content":{"rendered":"<div class=\"wpb-content-wrapper\"><p>[vc_row css=\u00bb.vc_custom_1594644421345{padding-top: 90px !important;padding-bottom: 50px !important;}\u00bb][vc_column]<style>.ld_spacer_6a093c55796e7{height:100px;}<\/style>\n<div class=\"ld-empty-space ld_spacer_6a093c55796e7\"><span class=\"liquid_empty_space_inner\"><\/span><\/div><style>.ld_fancy_heading_6a093c55797fa .lqd-highlight-inner{height:0.275em;bottom:0px;}<\/style><div class=\"ld-fancy-heading ld_fancy_heading_6a093c55797fa\">\n\t<h1 class=\"lqd-highlight-underline lqd-highlight-grow-left\" ><span class=\"ld-fh-txt\"> <\/p>\n<p style=\"text-align: center\"><span style=\"font-size: 36px\"><strong>\u00a0 \u00a0 \u00a0 \u00a0 \u00a0 \u00a0 \u00a0 \u00a0 \u00a0 \u00a0 \u00a0 \u00a0 \u00a0 \u00a0 \u00a0 \u00a0 XR3<\/strong><\/span><\/p>\n<p><\/span><\/h1><\/div>[vc_column_text]<br \/>\n<strong><span style=\"font-size: 24px;\">NewImages Festival, Cannes XR y Tribeca Festival unen fuerzas para crear XR3: \u00a1la exhibici\u00f3n virtual de lo mejor de la creaci\u00f3n de realidad virtual!<\/span><\/strong><\/p>\n<p>[\/vc_column_text]<style>.ld_spacer_6a093c557dd05{height:13px;}<\/style>\n<div class=\"ld-empty-space ld_spacer_6a093c557dd05\"><span class=\"liquid_empty_space_inner\"><\/span><\/div>[vc_column_text]<br \/>\n<span style=\"color: #999999;\"><strong><span style=\"font-size: 18px;\">Del 9 al 20 de junio y del 6 al 15 de julio de 2021<\/span><\/strong><\/span><br \/>\n[\/vc_column_text]<style>.ld_spacer_6a093c557dde4{height:13px;}<\/style>\n<div class=\"ld-empty-space ld_spacer_6a093c557dde4\"><span class=\"liquid_empty_space_inner\"><\/span><\/div>[vc_gallery interval=\u00bb3&#8243; images=\u00bb12401&#8243; img_size=\u00bbfull\u00bb]<style>.ld_spacer_6a093c557de89{height:13px;}<\/style>\n<div class=\"ld-empty-space ld_spacer_6a093c557de89\"><span class=\"liquid_empty_space_inner\"><\/span><\/div>[vc_btn title=\u00bbTICKETS AQU\u00cd\u00bb color=\u00bbdanger\u00bb size=\u00bblg\u00bb align=\u00bbcenter\u00bb link=\u00bburl:https%3A%2F%2F4tickets.es%2Fespronceda%2Fpublic%2Fjanto%2F|\u00bb]<style>.ld_spacer_6a093c557df29{height:13px;}<\/style>\n<div class=\"ld-empty-space ld_spacer_6a093c557df29\"><span class=\"liquid_empty_space_inner\"><\/span><\/div>[vc_column_text]<span style=\"font-weight: 400;\">Los principales eventos internacionales en el campo de la creaci\u00f3n inmersiva, NewImages Festival, Cannes XR y el Tribeca Festival se unen para coproducir una plataforma innovadora dedicada a la realidad virtual y accesible para todos los p\u00fablicos. Una exposici\u00f3n \u00fanica en t\u00e9rminos de lo que est\u00e1 en juego y su alcance, XR3 reunir\u00e1 alrededor de cincuenta obras en realidad virtual, incluidos muchos estrenos mundiales, resultado de la experiencia y la curadur\u00eda de cada evento para explorar el campo de las artes inmersivas. Las tres selecciones de realidad virtual estar\u00e1n disponibles en el Museo de Otras Realidades (MOR), un espacio de exposici\u00f3n virtual con escenograf\u00eda inventiva, que ha sido especialmente dise\u00f1ado para esta ocasi\u00f3n trascendental. Pronto se revelar\u00e1 el cuerpo completo de las obras de realidad virtual. Como evento h\u00edbrido, XR3 podr\u00e1 presentar una emocionante l\u00ednea de trabajos de realidad virtual a una audiencia mundial a trav\u00e9s de varios modos de acceso:<\/span><\/p>\n<p>&nbsp;<\/p>\n<ul>\n<li><span style=\"font-weight: 400;\"> para personas con casco de realidad virtual: acceso en l\u00ednea, a trav\u00e9s de la aplicaci\u00f3n MOR (disponible en las plataformas Steam y Viveport)<\/span><\/li>\n<\/ul>\n<p>&nbsp;<\/p>\n<ul>\n<li><span style=\"font-weight: 400;\"> para todos: acceso in situ en el contexto de los tres eventos, as\u00ed como acceso a estaciones de realidad virtual instaladas por nuestros socios en todo el mundo. Gracias a esta asociaci\u00f3n sin precedentes, NewImages Festival, Cannes XR y Tribeca Festival est\u00e1n encantados de hacer que la realidad virtual y las \u00faltimas creaciones inmersivas sean f\u00e1cilmente accesibles para periodistas, profesionales y el p\u00fablico en general, en el sitio o virtualmente.<\/span><\/li>\n<\/ul>\n<p><span style=\"font-weight: 400;\">&#8211; \u00a1Donde sea que est\u00e9n! Tres puntos de vista sobre la creaci\u00f3n de realidad virtual para un compromiso com\u00fan<\/span><\/p>\n<p>&nbsp;<\/p>\n<p><span style=\"font-weight: 400;\">\u201c\u00a1Estamos muy orgullosos de la asociaci\u00f3n del NewImages Festival con dos eventos tan prestigiosos como Cannes y Tribeca! \u201dSubraya Michael Swierczynski, director del Festival NewImages, cuya 4\u00aa edici\u00f3n tendr\u00e1 lugar del 9 al 13 de junio, en Par\u00eds, en el Forum des Images\u201d.<\/span><\/p>\n<p>&nbsp;<\/p>\n<p><span style=\"font-weight: 400;\">Este enfoque est\u00e1 totalmente en l\u00ednea con nuestra estrategia de reunir y federar una amplia gama de socios clave en todo el mundo para promover un acceso com\u00fan e ilimitado a la creaci\u00f3n de XR, en beneficio de las obras, los artistas y, por supuesto, las audiencias.<\/span><\/p>\n<p>&nbsp;<\/p>\n<p><span style=\"font-weight: 400;\">\u00a0<\/span><\/p>\n<p>&nbsp;<\/p>\n<p><span style=\"font-weight: 400;\">\u201cEstamos encantados de unir fuerzas con socios prestigiosos como Tribeca y NewImagesFestival para apoyar a toda la comunidad XR y crear una de las exposiciones virtuales m\u00e1s ambiciosas adem\u00e1s de nuestro evento f\u00edsico en Cannes este a\u00f1o\u201d, dice Guillaume Esmiol, subdirector del March\u00e9 du Film de Cannes. Cannes XR se desarrollar\u00e1 as\u00ed en dos partes. A partir del 9 de junio, presentaremos \u00abXR3\u00bb, un entorno de realidad virtual especialmente dise\u00f1ado para mostrar el mejor contenido narrativo de realidad virtual. Luego, del 6 al 15 de julio, Cannes XR se beneficiar\u00e1 del impulso del March\u00e9 du Film en el Festival deCannes al conectar la industria del cine con la comunidad XR. No solo demostraremos \u00abXR3\u00bb, sino que tambi\u00e9n habr\u00e1 eventos de networking y conferencias inspiradoras con los mejores oradores \u00ab.\u00bb Estamos muy emocionados de trabajar con Cannes XR y NewImages Festival para presentar la plataforma XR3 esta temporada en el Museo de Otras Realidades \u00ab. dijo Loren Hammonds, Vicepresidente de Programaci\u00f3n Inmersiva del Festival de Tribeca. \u201cEs especialmente conmovedor en este a\u00f1o de transici\u00f3n presentar nuestras 3 curaciones separadas bajo un paraguas para el p\u00fablico en casa. Estamos muy animados por el creciente n\u00famero de entusiastas de la RV en todo el mundo, y estamos ansiosos por lanzar este nuevo y sorprendente trabajo al mundo en junio \u00ab.<\/span><\/p>\n<p>&nbsp;<\/p>\n<p><span style=\"font-weight: 400;\">La vig\u00e9sima edici\u00f3n del Festival de Tribeca se llevar\u00e1 a cabo del 9 al 20 de junio con programaci\u00f3n en vivo en persona en lugares de todos los distritos de la ciudad de Nueva York.<\/span><\/p>\n<p>&nbsp;<\/p>\n<p><span style=\"font-weight: 400;\">\u00a0<\/span><\/p>\n<p>&nbsp;<\/p>\n<p><strong><span style=\"font-size: 21px;\">El MOR, un museo en realidad virtual<\/span><\/strong><\/p>\n<p>&nbsp;<\/p>\n<p><span style=\"font-weight: 400;\">Accesible para quienes posean un visor de realidad virtual: del 9 al 20 de junio y del 6 al 15 de julio de 2021.Con el MOR (Museum of Other Realities), galer\u00eda especializada en la exposici\u00f3n de artistas internacionales de realidad virtual, los participantes podr\u00e1n descubra un lugar \u00fanico y acceda a todo el conjunto de obras ofrecidas por NewImages Festival, Cannes XR y Tribeca. La integralidad del programa estar\u00e1 disponible a trav\u00e9s de la aplicaci\u00f3n MOR que se podr\u00e1 descargar a partir del 9 de junio en Steam y Viveport. El cuerpo completo de obras ser\u00e1 de acceso gratuito las 24 horas del d\u00eda, los 7 d\u00edas de la semana hasta el 20 de junio y del 6 al 15 de julio.<\/span><\/p>\n<p>&nbsp;<\/p>\n<p><span style=\"font-weight: 400;\">\u00a0<\/span><\/p>\n<p>&nbsp;<\/p>\n<p><strong><span style=\"font-size: 21px;\">Acerca de NewImages Festival\u00a0<\/span><\/strong><\/p>\n<p><span style=\"font-weight: 400;\">Dedicado a la creaci\u00f3n digital y a los mundos virtuales, NewImages Festival combina un rico componente profesional con un programa abierto a todos los p\u00fablicos. Con premios en juego, su concurso internacional de XR se somete a un jurado de creadores y profesionales. Su mercado de financiaci\u00f3n XR re\u00fane a los principales actores de la industria XR en torno a una selecci\u00f3n de proyectos abiertos a todos los formatos inmersivos. El festival tambi\u00e9n apoya al creador inmersivo y su industria iniciando colaboraciones, bajo la forma de residencias de creaci\u00f3n de realidad virtual, con otros pa\u00edses y regiones del mundo, como Taiw\u00e1n (festival de cine de Kaohsiung y TAICCA) y \u00c1frica.<\/span><\/p>\n<p>&nbsp;<\/p>\n<p><span style=\"font-weight: 400;\">NewImages Festival es producido y organizado por el Forum des images, la instituci\u00f3n cultural de culto de Par\u00eds dedicada al cine y a la creaci\u00f3n digital.<\/span><\/p>\n<p>&nbsp;<\/p>\n<p><span style=\"font-weight: 400;\">P\u00e1gina web: https:\/\/newimagesfestival.com\/en\/<\/span><\/p>\n<p>&nbsp;<\/p>\n<p><span style=\"font-weight: 400;\">\u00a0<\/span><\/p>\n<p>&nbsp;<\/p>\n<p><strong><span style=\"font-size: 21px;\">Acerca de Cannes XR<\/span><\/strong><\/p>\n<p>&nbsp;<\/p>\n<p><span style=\"font-weight: 400;\">Cannes XR es el programa del March\u00e9 du Film dedicado a las tecnolog\u00edas inmersivas y al contenido cinematogr\u00e1fico. Esta cita ineludible, que se celebra anualmente durante el Festival de Cannes, ofrece una multitud de oportunidades de networking, financiaci\u00f3n y distribuci\u00f3n para toda la comunidad de XR: artistas, directores, productores independientes, ejecutivos de estudio, empresas de tecnolog\u00eda l\u00edderes, distribuidores en l\u00ednea y basados \u200b\u200ben la ubicaci\u00f3n. Dise\u00f1ado como una plataforma de red global para discutir el papel de las tecnolog\u00edas XR, CannesXR est\u00e1 aqu\u00ed para inspirar el arte de la narraci\u00f3n e impulsar el futuro del cine.<\/span><\/p>\n<p>&nbsp;<\/p>\n<p><span style=\"font-weight: 400;\">Sitio web: https: \/\/www.marchedufilm.com\/programs\/cannes-xr\/Para m\u00e1s informaci\u00f3n: Jos\u00e9phine BORIESCannes XR Programm LeaderMarch\u00e9 du Film \u2013 Festival de Cannesjbories@festival-cannes.fr<\/span><\/p>\n<p>&nbsp;<\/p>\n<p><span style=\"font-weight: 400;\">\u00a0<\/span><\/p>\n<p>&nbsp;<\/p>\n<p><strong><span style=\"font-size: 21px;\">Acerca del Festival de Tribeca<\/span><\/strong><\/p>\n<p>&nbsp;<\/p>\n<p><span style=\"font-weight: 400;\">El Festival de Tribeca, presentado por AT&amp;T, re\u00fane a artistas y audiencias diversas para celebrar la narraci\u00f3n de historias en todas sus formas, incluidas pel\u00edculas, televisi\u00f3n, realidad virtual, juegos, m\u00fasica y trabajo en l\u00ednea. Con fuertes ra\u00edces en el cine independiente, Tribeca es una plataforma para la expresi\u00f3n creativa y el entretenimiento inmersivo. Tribecampeones emergentes y voces establecidas; descubre cineastas y creadores galardonados; cura experiencias innovadoras; e introduce nuevas tecnolog\u00edas e ideas a trav\u00e9s de estrenos, exhibiciones, charlas y presentaciones en vivo. El Festival fue fundado por Robert De Niro, Jane Rosenthal y Craig Hatkoff en 2001 para estimular la revitalizaci\u00f3n econ\u00f3mica y cultural del bajo Manhattan luego de los ataques al World Trade Center. Tribeca celebrar\u00e1 su vig\u00e9simo a\u00f1o del 9 al 20 de junio de 2021. En 2019, Lupa Systems de James Murdoch, una compa\u00f1\u00eda de inversi\u00f3n privada con ubicaciones en Nueva York y Mumbai, compr\u00f3 una participaci\u00f3n mayoritaria en Tribeca Enterprises, reuniendo a Rosenthal, De Niro y Murdoch para hacer crecer la empresa.<\/span><\/p>\n<p>&nbsp;<\/p>\n<p><span style=\"font-weight: 400;\">Sitio web: www.tribecafilm.com\/festival Oficina de prensa: Gloria Jones\/gjones@tribecafilm.com y Alyssa Grinder\/agrinder@tribecafilm.com<\/span>[\/vc_column_text]<style>.ld_spacer_6a093c557dfc2{height:13px;}<\/style>\n<div class=\"ld-empty-space ld_spacer_6a093c557dfc2\"><span class=\"liquid_empty_space_inner\"><\/span><\/div>[vc_row_inner][vc_column_inner][\/vc_column_inner][\/vc_row_inner][\/vc_column][\/vc_row]<\/p>\n<\/div>","protected":false},"excerpt":{"rendered":"<p>[vc_row css=\u00bb.vc_custom_1594644421345{padding-top: 90px !important;padding-bottom: 50px !important;}\u00bb][vc_column][vc_column_text] NewImages Festival, Cannes XR y Tribeca Festival unen fuerzas&#8230;<\/p>\n","protected":false},"author":2,"featured_media":0,"parent":0,"menu_order":0,"comment_status":"closed","ping_status":"closed","template":"","meta":{"footnotes":""},"featured_image_urls":{"full":"","thumbnail":"","medium":"","medium_large":"","large":"","1536x1536":"","2048x2048":"","awb_sm":"","awb_md":"","awb_lg":"","awb_xl":"","liquid-default-blog":"","liquid-standard-blog":"","liquid-featured-blog":"","liquid-rounded-blog":"","liquid-classic-meta-blog":"","liquid-classic-2-blog":"","liquid-grid":"","liquid-split-blog":"","liquid-classic-full-blog":"","liquid-metro-blog":"","liquid-timeline-blog":"","liquid-carousel-blog":"","liquid-square-blog":"","liquid-candy-blog":"","liquid-category-blog":"","liquid-cover-post":"","liquid-default-post":"","liquid-cover-spaced":"","liquid-masonry-shortest":"","liquid-masonry-short":"","liquid-masonry-tall":"","liquid-masonry-taller":"","liquid-medium":"","liquid-large":"","liquid-thumbnail":"","liquid-masonry-header-small":"","liquid-masonry-header-big":"","liquid-thumbnail-post":"","liquid-small-blog":"","liquid-related-post":"","liquid-portfolio":"","liquid-portfolio-sq":"","liquid-portfolio-big-sq":"","liquid-portfolio-portrait":"","liquid-portfolio-wide":"","liquid-packery-wide":"","liquid-packery-portrait":"","liquid-grid-hover-overlay":"","liquid-grid-hover-classic":"","liquid-grid-hover-3d":"","liquid-grid-caption":"","liquid-large-slider":"","liquid-widget":"","liquid-portfolio-vertical-overlay":""},"post_excerpt_stackable":"<p>[vc_row css=\u00bb.vc_custom_1594644421345{padding-top: 90px !important;padding-bottom: 50px !important;}\u00bb][vc_column] \u00a0 \u00a0 \u00a0 \u00a0 \u00a0 \u00a0 \u00a0 \u00a0 \u00a0 \u00a0 \u00a0 \u00a0 \u00a0 \u00a0 \u00a0 \u00a0 XR3 [vc_column_text] NewImages Festival, Cannes XR y Tribeca Festival unen fuerzas para crear XR3: \u00a1la exhibici\u00f3n virtual de lo mejor de la creaci\u00f3n de realidad virtual! [\/vc_column_text] [vc_column_text] Del 9 al 20 de junio y del 6 al 15 de julio de 2021 [\/vc_column_text] [vc_gallery interval=\u00bb3&#8243; images=\u00bb12401&#8243; img_size=\u00bbfull\u00bb] [vc_btn title=\u00bbTICKETS AQU\u00cd\u00bb color=\u00bbdanger\u00bb size=\u00bblg\u00bb align=\u00bbcenter\u00bb link=\u00bburl:https%3A%2F%2F4tickets.es%2Fespronceda%2Fpublic%2Fjanto%2F|\u00bb] [vc_column_text]Los principales eventos internacionales en el campo de la creaci\u00f3n inmersiva, NewImages Festival, Cannes XR y el Tribeca Festival se unen para coproducir&hellip;<\/p>\n","category_list":"","author_info":{"name":"vitor","url":"https:\/\/www.immensiva.com\/es\/author\/vitor\/"},"comments_num":"0 comentarios","yoast_head":"<!-- This site is optimized with the Yoast SEO plugin v22.5 - https:\/\/yoast.com\/wordpress\/plugins\/seo\/ -->\n<title>XR3 Virtual Exhibition: Fusi\u00f3n de festivales de arte inmersivo<\/title>\n<meta name=\"description\" content=\"NewImages Festival, Cannes XR y el Tribeca Festival se unen en una plataforma innovadora dedicada a la realidad virtual y accesible a todos.\" \/>\n<meta name=\"robots\" content=\"index, follow, max-snippet:-1, max-image-preview:large, max-video-preview:-1\" \/>\n<link rel=\"canonical\" href=\"https:\/\/www.immensiva.com\/es\/xr3-virtual-exhibition\/\" \/>\n<meta property=\"og:locale\" content=\"es_ES\" \/>\n<meta property=\"og:type\" content=\"article\" \/>\n<meta property=\"og:title\" content=\"XR3 Virtual Exhibition: Fusi\u00f3n de festivales de arte inmersivo\" \/>\n<meta property=\"og:description\" content=\"NewImages Festival, Cannes XR y el Tribeca Festival se unen en una plataforma innovadora dedicada a la realidad virtual y accesible a todos.\" \/>\n<meta property=\"og:url\" content=\"https:\/\/www.immensiva.com\/es\/xr3-virtual-exhibition\/\" \/>\n<meta property=\"og:site_name\" content=\"IMMENSIVA\" \/>\n<meta property=\"article:modified_time\" content=\"2024-04-15T08:06:34+00:00\" \/>\n<meta name=\"twitter:card\" content=\"summary_large_image\" \/>\n<meta name=\"twitter:label1\" content=\"Tiempo de lectura\" \/>\n\t<meta name=\"twitter:data1\" content=\"6 minutos\" \/>\n<script type=\"application\/ld+json\" class=\"yoast-schema-graph\">{\"@context\":\"https:\/\/schema.org\",\"@graph\":[{\"@type\":\"WebPage\",\"@id\":\"https:\/\/www.immensiva.com\/es\/xr3-virtual-exhibition\/\",\"url\":\"https:\/\/www.immensiva.com\/es\/xr3-virtual-exhibition\/\",\"name\":\"XR3 Virtual Exhibition: Fusi\u00f3n de festivales de arte inmersivo\",\"isPartOf\":{\"@id\":\"https:\/\/www.immensiva.com\/#website\"},\"datePublished\":\"2021-11-18T15:31:23+00:00\",\"dateModified\":\"2024-04-15T08:06:34+00:00\",\"description\":\"NewImages Festival, Cannes XR y el Tribeca Festival se unen en una plataforma innovadora dedicada a la realidad virtual y accesible a todos.\",\"breadcrumb\":{\"@id\":\"https:\/\/www.immensiva.com\/es\/xr3-virtual-exhibition\/#breadcrumb\"},\"inLanguage\":\"es\",\"potentialAction\":[{\"@type\":\"ReadAction\",\"target\":[\"https:\/\/www.immensiva.com\/es\/xr3-virtual-exhibition\/\"]}]},{\"@type\":\"BreadcrumbList\",\"@id\":\"https:\/\/www.immensiva.com\/es\/xr3-virtual-exhibition\/#breadcrumb\",\"itemListElement\":[{\"@type\":\"ListItem\",\"position\":1,\"name\":\"Home\",\"item\":\"https:\/\/www.immensiva.com\/es\/\"},{\"@type\":\"ListItem\",\"position\":2,\"name\":\"XR3 VIRTUAL EXHIBITION\"}]},{\"@type\":\"WebSite\",\"@id\":\"https:\/\/www.immensiva.com\/#website\",\"url\":\"https:\/\/www.immensiva.com\/\",\"name\":\"IMMENSIVA\",\"description\":\"Focusing on VR, AR, XR art &amp; AI art\",\"potentialAction\":[{\"@type\":\"SearchAction\",\"target\":{\"@type\":\"EntryPoint\",\"urlTemplate\":\"https:\/\/www.immensiva.com\/?s={search_term_string}\"},\"query-input\":\"required name=search_term_string\"}],\"inLanguage\":\"es\"}]}<\/script>\n<!-- \/ Yoast SEO plugin. -->","yoast_head_json":{"title":"XR3 Virtual Exhibition: Fusi\u00f3n de festivales de arte inmersivo","description":"NewImages Festival, Cannes XR y el Tribeca Festival se unen en una plataforma innovadora dedicada a la realidad virtual y accesible a todos.","robots":{"index":"index","follow":"follow","max-snippet":"max-snippet:-1","max-image-preview":"max-image-preview:large","max-video-preview":"max-video-preview:-1"},"canonical":"https:\/\/www.immensiva.com\/es\/xr3-virtual-exhibition\/","og_locale":"es_ES","og_type":"article","og_title":"XR3 Virtual Exhibition: Fusi\u00f3n de festivales de arte inmersivo","og_description":"NewImages Festival, Cannes XR y el Tribeca Festival se unen en una plataforma innovadora dedicada a la realidad virtual y accesible a todos.","og_url":"https:\/\/www.immensiva.com\/es\/xr3-virtual-exhibition\/","og_site_name":"IMMENSIVA","article_modified_time":"2024-04-15T08:06:34+00:00","twitter_card":"summary_large_image","twitter_misc":{"Tiempo de lectura":"6 minutos"},"schema":{"@context":"https:\/\/schema.org","@graph":[{"@type":"WebPage","@id":"https:\/\/www.immensiva.com\/es\/xr3-virtual-exhibition\/","url":"https:\/\/www.immensiva.com\/es\/xr3-virtual-exhibition\/","name":"XR3 Virtual Exhibition: Fusi\u00f3n de festivales de arte inmersivo","isPartOf":{"@id":"https:\/\/www.immensiva.com\/#website"},"datePublished":"2021-11-18T15:31:23+00:00","dateModified":"2024-04-15T08:06:34+00:00","description":"NewImages Festival, Cannes XR y el Tribeca Festival se unen en una plataforma innovadora dedicada a la realidad virtual y accesible a todos.","breadcrumb":{"@id":"https:\/\/www.immensiva.com\/es\/xr3-virtual-exhibition\/#breadcrumb"},"inLanguage":"es","potentialAction":[{"@type":"ReadAction","target":["https:\/\/www.immensiva.com\/es\/xr3-virtual-exhibition\/"]}]},{"@type":"BreadcrumbList","@id":"https:\/\/www.immensiva.com\/es\/xr3-virtual-exhibition\/#breadcrumb","itemListElement":[{"@type":"ListItem","position":1,"name":"Home","item":"https:\/\/www.immensiva.com\/es\/"},{"@type":"ListItem","position":2,"name":"XR3 VIRTUAL EXHIBITION"}]},{"@type":"WebSite","@id":"https:\/\/www.immensiva.com\/#website","url":"https:\/\/www.immensiva.com\/","name":"IMMENSIVA","description":"Focusing on VR, AR, XR art &amp; AI art","potentialAction":[{"@type":"SearchAction","target":{"@type":"EntryPoint","urlTemplate":"https:\/\/www.immensiva.com\/?s={search_term_string}"},"query-input":"required name=search_term_string"}],"inLanguage":"es"}]}},"_links":{"self":[{"href":"https:\/\/www.immensiva.com\/es\/wp-json\/wp\/v2\/pages\/10541"}],"collection":[{"href":"https:\/\/www.immensiva.com\/es\/wp-json\/wp\/v2\/pages"}],"about":[{"href":"https:\/\/www.immensiva.com\/es\/wp-json\/wp\/v2\/types\/page"}],"author":[{"embeddable":true,"href":"https:\/\/www.immensiva.com\/es\/wp-json\/wp\/v2\/users\/2"}],"replies":[{"embeddable":true,"href":"https:\/\/www.immensiva.com\/es\/wp-json\/wp\/v2\/comments?post=10541"}],"version-history":[{"count":4,"href":"https:\/\/www.immensiva.com\/es\/wp-json\/wp\/v2\/pages\/10541\/revisions"}],"predecessor-version":[{"id":12403,"href":"https:\/\/www.immensiva.com\/es\/wp-json\/wp\/v2\/pages\/10541\/revisions\/12403"}],"wp:attachment":[{"href":"https:\/\/www.immensiva.com\/es\/wp-json\/wp\/v2\/media?parent=10541"}],"curies":[{"name":"wp","href":"https:\/\/api.w.org\/{rel}","templated":true}]}}