{"id":10684,"date":"2021-11-19T11:02:28","date_gmt":"2021-11-19T10:02:28","guid":{"rendered":"https:\/\/www.immensiva.com\/la-comedie-virtuelle\/"},"modified":"2024-04-13T07:54:07","modified_gmt":"2024-04-13T05:54:07","slug":"la-comedie-virtuelle","status":"publish","type":"page","link":"https:\/\/www.immensiva.com\/es\/la-comedie-virtuelle\/","title":{"rendered":"LA COM\u00c9DIE VIRTUELLE"},"content":{"rendered":"<div class=\"wpb-content-wrapper\"><p>[vc_row css=\u00bb.vc_custom_1594644421345{padding-top: 90px !important;padding-bottom: 50px !important;}\u00bb][vc_column]<style>.ld_spacer_69fe4651f0dd9{height:100px;}<\/style>\n<div class=\"ld-empty-space ld_spacer_69fe4651f0dd9\"><span class=\"liquid_empty_space_inner\"><\/span><\/div><style>.ld_spacer_69fe4651f0ead{height:50px;}<\/style>\n<div class=\"ld-empty-space ld_spacer_69fe4651f0ead\"><span class=\"liquid_empty_space_inner\"><\/span><\/div><style>.ld_fancy_heading_69fe4651f0f90 .lqd-highlight-inner{height:0.275em;bottom:0px;}<\/style><div class=\"ld-fancy-heading ld_fancy_heading_69fe4651f0f90\">\n\t<h1 class=\"lqd-highlight-underline lqd-highlight-grow-left\" ><span class=\"ld-fh-txt\"> <\/p>\n<p style=\"text-align: center\"><span style=\"font-size: 36px\"><strong>LA COM\u00c9DIE VIRTUELLE BY GILLES JOBIN CIE<\/strong><\/span><\/p>\n<p><\/span><\/h1><\/div>[vc_row_inner][vc_column_inner width=\u00bb1\/2&#8243;][vc_column_text]<\/p>\n<p style=\"text-align: left;\"><strong><span style=\"color: #999999; font-size: 21px;\">Unete el 12, 13, 19 y 20 de Junio\u00a0<\/span><\/strong><\/p>\n<p>[\/vc_column_text]<style>.ld_spacer_69fe4652061f0{height:30px;}<\/style>\n<div class=\"ld-empty-space ld_spacer_69fe4652061f0\"><span class=\"liquid_empty_space_inner\"><\/span><\/div>[vc_column_text]<span style=\"font-weight: 400;\">\u201cLa Com\u00e9die Virtuelle\u201d de Gilles Jobin Cia: 12, 13, 19 y 20 de junio.<\/span><\/p>\n<p><span style=\"font-weight: 400;\">La Com\u00e9die Virtuelle es una experiencia de realidad virtual multiusuario que permite al p\u00fablico visitar la Future Com\u00e9die de Gen\u00e8ve, el nuevo edificio del teatro m\u00e1s antiguo de Ginebra que inaugurar\u00e1 sus nuevas instalaciones el pr\u00f3ximo a\u00f1o. El p\u00fablico podr\u00e1 moverse por las distintas \u00e1reas del edificio interactuando con el espacio, as\u00ed como con otros \u201cvisitantes\u201d. En cuanto a la primera creaci\u00f3n de realidad virtual inmersiva de Cie Gilles Jobin, VR_I, no hay tecnolog\u00eda por tecnolog\u00eda, sino una narrativa no lineal real, cuestiones est\u00e9ticas reales y una creaci\u00f3n art\u00edstica genuina y, sobre todo, la construcci\u00f3n de un nuevo espacio creativo y de alojamiento. para proyectos virtuales. La Com\u00e9die Virtuelle es un proyecto innovador y social, accesible tanto con un dispositivo de realidad virtual como de forma remota desde una pantalla de ordenador.<\/span>[\/vc_column_text]<style>.ld_spacer_69fe46520651a{height:30px;}<\/style>\n<div class=\"ld-empty-space ld_spacer_69fe46520651a\"><span class=\"liquid_empty_space_inner\"><\/span><\/div>[vc_btn title=\u00bbRESERVA TU ENTRADA\u00bb style=\u00bb3d\u00bb color=\u00bbdanger\u00bb size=\u00bblg\u00bb align=\u00bbcenter\u00bb link=\u00bburl:https%3A%2F%2Fwww.eventbrite.com%2Fe%2F159111034387|\u00bb][\/vc_column_inner][vc_column_inner width=\u00bb1\/2&#8243;][vc_single_image image=\u00bb12389&#8243; img_size=\u00bbfull\u00bb][\/vc_column_inner][\/vc_row_inner]<style>.ld_spacer_69fe4652067d1{height:40px;}<\/style>\n<div class=\"ld-empty-space ld_spacer_69fe4652067d1\"><span class=\"liquid_empty_space_inner\"><\/span><\/div>[vc_column_text]<\/p>\n<h4 style=\"text-align: left;\"><strong>TRAILER: La Com\u00e9die Virtuelle<\/strong><\/h4>\n<p>[\/vc_column_text]<style>.ld_spacer_69fe465206a66{height:40px;}<\/style>\n<div class=\"ld-empty-space ld_spacer_69fe465206a66\"><span class=\"liquid_empty_space_inner\"><\/span><\/div>[vc_video link=\u00bbhttps:\/\/www.youtube.com\/watch?v=LeL7dwGlcRw&amp;ab_channel=Com%C3%A9diedeGen%C3%A8ve\u00bb]<style>.ld_spacer_69fe465206cf1{height:30px;}<\/style>\n<div class=\"ld-empty-space ld_spacer_69fe465206cf1\"><span class=\"liquid_empty_space_inner\"><\/span><\/div>[vc_column_text]<\/p>\n<h4 style=\"text-align: left;\"><strong>GILLES JOBIN en Espronceda Institute of Art and Culture<\/strong><\/h4>\n<p>[\/vc_column_text]<style>.ld_spacer_69fe465206f38{height:30px;}<\/style>\n<div class=\"ld-empty-space ld_spacer_69fe465206f38\"><span class=\"liquid_empty_space_inner\"><\/span><\/div>[vc_video link=\u00bbhttps:\/\/www.youtube.com\/watch?v=Z8NXEnNb7tE&amp;t=15s&amp;ab_channel=Espronceda\u00bb]<style>.ld_spacer_69fe465207147{height:30px;}<\/style>\n<div class=\"ld-empty-space ld_spacer_69fe465207147\"><span class=\"liquid_empty_space_inner\"><\/span><\/div>[\/vc_column][\/vc_row]<\/p>\n<\/div>","protected":false},"excerpt":{"rendered":"<p>[vc_row css=\u00bb.vc_custom_1594644421345{padding-top: 90px !important;padding-bottom: 50px !important;}\u00bb][vc_column][vc_row_inner][vc_column_inner width=\u00bb1\/2&#8243;][vc_column_text] Unete el 12, 13, 19 y 20 de&#8230;<\/p>\n","protected":false},"author":2,"featured_media":0,"parent":0,"menu_order":0,"comment_status":"closed","ping_status":"closed","template":"","meta":{"footnotes":""},"featured_image_urls":{"full":"","thumbnail":"","medium":"","medium_large":"","large":"","1536x1536":"","2048x2048":"","awb_sm":"","awb_md":"","awb_lg":"","awb_xl":"","liquid-default-blog":"","liquid-standard-blog":"","liquid-featured-blog":"","liquid-rounded-blog":"","liquid-classic-meta-blog":"","liquid-classic-2-blog":"","liquid-grid":"","liquid-split-blog":"","liquid-classic-full-blog":"","liquid-metro-blog":"","liquid-timeline-blog":"","liquid-carousel-blog":"","liquid-square-blog":"","liquid-candy-blog":"","liquid-category-blog":"","liquid-cover-post":"","liquid-default-post":"","liquid-cover-spaced":"","liquid-masonry-shortest":"","liquid-masonry-short":"","liquid-masonry-tall":"","liquid-masonry-taller":"","liquid-medium":"","liquid-large":"","liquid-thumbnail":"","liquid-masonry-header-small":"","liquid-masonry-header-big":"","liquid-thumbnail-post":"","liquid-small-blog":"","liquid-related-post":"","liquid-portfolio":"","liquid-portfolio-sq":"","liquid-portfolio-big-sq":"","liquid-portfolio-portrait":"","liquid-portfolio-wide":"","liquid-packery-wide":"","liquid-packery-portrait":"","liquid-grid-hover-overlay":"","liquid-grid-hover-classic":"","liquid-grid-hover-3d":"","liquid-grid-caption":"","liquid-large-slider":"","liquid-widget":"","liquid-portfolio-vertical-overlay":""},"post_excerpt_stackable":"<p>[vc_row css=\u00bb.vc_custom_1594644421345{padding-top: 90px !important;padding-bottom: 50px !important;}\u00bb][vc_column] LA COM\u00c9DIE VIRTUELLE BY GILLES JOBIN CIE [vc_row_inner][vc_column_inner width=\u00bb1\/2&#8243;][vc_column_text] Unete el 12, 13, 19 y 20 de Junio\u00a0 [\/vc_column_text] [vc_column_text]\u201cLa Com\u00e9die Virtuelle\u201d de Gilles Jobin Cia: 12, 13, 19 y 20 de junio. La Com\u00e9die Virtuelle es una experiencia de realidad virtual multiusuario que permite al p\u00fablico visitar la Future Com\u00e9die de Gen\u00e8ve, el nuevo edificio del teatro m\u00e1s antiguo de Ginebra que inaugurar\u00e1 sus nuevas instalaciones el pr\u00f3ximo a\u00f1o. El p\u00fablico podr\u00e1 moverse por las distintas \u00e1reas del edificio interactuando con el espacio, as\u00ed como con otros \u201cvisitantes\u201d. En cuanto a la primera&hellip;<\/p>\n","category_list":"","author_info":{"name":"vitor","url":"https:\/\/www.immensiva.com\/es\/author\/vitor\/"},"comments_num":"0 comentarios","yoast_head":"<!-- This site is optimized with the Yoast SEO plugin v22.5 - https:\/\/yoast.com\/wordpress\/plugins\/seo\/ -->\n<title>LA COM\u00c9DIE VIRTUELLE: Innovaci\u00f3n Teatral VR | IMMENSIVA<\/title>\n<meta name=\"description\" content=\"Experimenta &#039;La Com\u00e9die Virtuelle&#039; de Gilles Jobin: una revolucionaria inmersi\u00f3n de realidad virtual en el teatro m\u00e1s antiguo de Ginebra.\" \/>\n<meta name=\"robots\" content=\"index, follow, max-snippet:-1, max-image-preview:large, max-video-preview:-1\" \/>\n<link rel=\"canonical\" href=\"https:\/\/www.immensiva.com\/es\/la-comedie-virtuelle\/\" \/>\n<meta property=\"og:locale\" content=\"es_ES\" \/>\n<meta property=\"og:type\" content=\"article\" \/>\n<meta property=\"og:title\" content=\"LA COM\u00c9DIE VIRTUELLE: Innovaci\u00f3n Teatral VR | IMMENSIVA\" \/>\n<meta property=\"og:description\" content=\"Experimenta &#039;La Com\u00e9die Virtuelle&#039; de Gilles Jobin: una revolucionaria inmersi\u00f3n de realidad virtual en el teatro m\u00e1s antiguo de Ginebra.\" \/>\n<meta property=\"og:url\" content=\"https:\/\/www.immensiva.com\/es\/la-comedie-virtuelle\/\" \/>\n<meta property=\"og:site_name\" content=\"IMMENSIVA\" \/>\n<meta property=\"article:modified_time\" content=\"2024-04-13T05:54:07+00:00\" \/>\n<meta name=\"twitter:card\" content=\"summary_large_image\" \/>\n<meta name=\"twitter:label1\" content=\"Tiempo de lectura\" \/>\n\t<meta name=\"twitter:data1\" content=\"1 minuto\" \/>\n<script type=\"application\/ld+json\" class=\"yoast-schema-graph\">{\"@context\":\"https:\/\/schema.org\",\"@graph\":[{\"@type\":\"WebPage\",\"@id\":\"https:\/\/www.immensiva.com\/es\/la-comedie-virtuelle\/\",\"url\":\"https:\/\/www.immensiva.com\/es\/la-comedie-virtuelle\/\",\"name\":\"LA COM\u00c9DIE VIRTUELLE: Innovaci\u00f3n Teatral VR | IMMENSIVA\",\"isPartOf\":{\"@id\":\"https:\/\/www.immensiva.com\/#website\"},\"datePublished\":\"2021-11-19T10:02:28+00:00\",\"dateModified\":\"2024-04-13T05:54:07+00:00\",\"description\":\"Experimenta 'La Com\u00e9die Virtuelle' de Gilles Jobin: una revolucionaria inmersi\u00f3n de realidad virtual en el teatro m\u00e1s antiguo de Ginebra.\",\"breadcrumb\":{\"@id\":\"https:\/\/www.immensiva.com\/es\/la-comedie-virtuelle\/#breadcrumb\"},\"inLanguage\":\"es\",\"potentialAction\":[{\"@type\":\"ReadAction\",\"target\":[\"https:\/\/www.immensiva.com\/es\/la-comedie-virtuelle\/\"]}]},{\"@type\":\"BreadcrumbList\",\"@id\":\"https:\/\/www.immensiva.com\/es\/la-comedie-virtuelle\/#breadcrumb\",\"itemListElement\":[{\"@type\":\"ListItem\",\"position\":1,\"name\":\"Home\",\"item\":\"https:\/\/www.immensiva.com\/es\/\"},{\"@type\":\"ListItem\",\"position\":2,\"name\":\"LA COM\u00c9DIE VIRTUELLE\"}]},{\"@type\":\"WebSite\",\"@id\":\"https:\/\/www.immensiva.com\/#website\",\"url\":\"https:\/\/www.immensiva.com\/\",\"name\":\"IMMENSIVA\",\"description\":\"Focusing on VR, AR, XR art &amp; AI art\",\"potentialAction\":[{\"@type\":\"SearchAction\",\"target\":{\"@type\":\"EntryPoint\",\"urlTemplate\":\"https:\/\/www.immensiva.com\/?s={search_term_string}\"},\"query-input\":\"required name=search_term_string\"}],\"inLanguage\":\"es\"}]}<\/script>\n<!-- \/ Yoast SEO plugin. -->","yoast_head_json":{"title":"LA COM\u00c9DIE VIRTUELLE: Innovaci\u00f3n Teatral VR | IMMENSIVA","description":"Experimenta 'La Com\u00e9die Virtuelle' de Gilles Jobin: una revolucionaria inmersi\u00f3n de realidad virtual en el teatro m\u00e1s antiguo de Ginebra.","robots":{"index":"index","follow":"follow","max-snippet":"max-snippet:-1","max-image-preview":"max-image-preview:large","max-video-preview":"max-video-preview:-1"},"canonical":"https:\/\/www.immensiva.com\/es\/la-comedie-virtuelle\/","og_locale":"es_ES","og_type":"article","og_title":"LA COM\u00c9DIE VIRTUELLE: Innovaci\u00f3n Teatral VR | IMMENSIVA","og_description":"Experimenta 'La Com\u00e9die Virtuelle' de Gilles Jobin: una revolucionaria inmersi\u00f3n de realidad virtual en el teatro m\u00e1s antiguo de Ginebra.","og_url":"https:\/\/www.immensiva.com\/es\/la-comedie-virtuelle\/","og_site_name":"IMMENSIVA","article_modified_time":"2024-04-13T05:54:07+00:00","twitter_card":"summary_large_image","twitter_misc":{"Tiempo de lectura":"1 minuto"},"schema":{"@context":"https:\/\/schema.org","@graph":[{"@type":"WebPage","@id":"https:\/\/www.immensiva.com\/es\/la-comedie-virtuelle\/","url":"https:\/\/www.immensiva.com\/es\/la-comedie-virtuelle\/","name":"LA COM\u00c9DIE VIRTUELLE: Innovaci\u00f3n Teatral VR | IMMENSIVA","isPartOf":{"@id":"https:\/\/www.immensiva.com\/#website"},"datePublished":"2021-11-19T10:02:28+00:00","dateModified":"2024-04-13T05:54:07+00:00","description":"Experimenta 'La Com\u00e9die Virtuelle' de Gilles Jobin: una revolucionaria inmersi\u00f3n de realidad virtual en el teatro m\u00e1s antiguo de Ginebra.","breadcrumb":{"@id":"https:\/\/www.immensiva.com\/es\/la-comedie-virtuelle\/#breadcrumb"},"inLanguage":"es","potentialAction":[{"@type":"ReadAction","target":["https:\/\/www.immensiva.com\/es\/la-comedie-virtuelle\/"]}]},{"@type":"BreadcrumbList","@id":"https:\/\/www.immensiva.com\/es\/la-comedie-virtuelle\/#breadcrumb","itemListElement":[{"@type":"ListItem","position":1,"name":"Home","item":"https:\/\/www.immensiva.com\/es\/"},{"@type":"ListItem","position":2,"name":"LA COM\u00c9DIE VIRTUELLE"}]},{"@type":"WebSite","@id":"https:\/\/www.immensiva.com\/#website","url":"https:\/\/www.immensiva.com\/","name":"IMMENSIVA","description":"Focusing on VR, AR, XR art &amp; AI art","potentialAction":[{"@type":"SearchAction","target":{"@type":"EntryPoint","urlTemplate":"https:\/\/www.immensiva.com\/?s={search_term_string}"},"query-input":"required name=search_term_string"}],"inLanguage":"es"}]}},"_links":{"self":[{"href":"https:\/\/www.immensiva.com\/es\/wp-json\/wp\/v2\/pages\/10684"}],"collection":[{"href":"https:\/\/www.immensiva.com\/es\/wp-json\/wp\/v2\/pages"}],"about":[{"href":"https:\/\/www.immensiva.com\/es\/wp-json\/wp\/v2\/types\/page"}],"author":[{"embeddable":true,"href":"https:\/\/www.immensiva.com\/es\/wp-json\/wp\/v2\/users\/2"}],"replies":[{"embeddable":true,"href":"https:\/\/www.immensiva.com\/es\/wp-json\/wp\/v2\/comments?post=10684"}],"version-history":[{"count":4,"href":"https:\/\/www.immensiva.com\/es\/wp-json\/wp\/v2\/pages\/10684\/revisions"}],"predecessor-version":[{"id":12392,"href":"https:\/\/www.immensiva.com\/es\/wp-json\/wp\/v2\/pages\/10684\/revisions\/12392"}],"wp:attachment":[{"href":"https:\/\/www.immensiva.com\/es\/wp-json\/wp\/v2\/media?parent=10684"}],"curies":[{"name":"wp","href":"https:\/\/api.w.org\/{rel}","templated":true}]}}