{"id":10704,"date":"2021-11-19T11:16:07","date_gmt":"2021-11-19T10:16:07","guid":{"rendered":"https:\/\/www.immensiva.com\/new-images-festival\/"},"modified":"2024-04-15T14:08:54","modified_gmt":"2024-04-15T12:08:54","slug":"new-images-festival","status":"publish","type":"page","link":"https:\/\/www.immensiva.com\/es\/new-images-festival\/","title":{"rendered":"NEW IMAGES FESTIVAL"},"content":{"rendered":"<div class=\"wpb-content-wrapper\"><p>[vc_row css=\u00bb.vc_custom_1594644421345{padding-top: 90px !important;padding-bottom: 50px !important;}\u00bb][vc_column]<style>.ld_spacer_69fe469db8d0b{height:100px;}<\/style>\n<div class=\"ld-empty-space ld_spacer_69fe469db8d0b\"><span class=\"liquid_empty_space_inner\"><\/span><\/div><style>.ld_fancy_heading_69fe469db8e43 .lqd-highlight-inner{height:0.275em;bottom:0px;}<\/style><div class=\"ld-fancy-heading text-center ld_fancy_heading_69fe469db8e43\">\n\t<h1 class=\"lqd-highlight-underline lqd-highlight-grow-left\" ><span class=\"ld-fh-txt\"> <\/p>\n<p style=\"text-align: center\"><span style=\"font-size: 36px\"><strong>NEW IMAGES FESTIVAL<\/strong><\/span><\/p>\n<p><\/span><\/h1><\/div><style>.ld_spacer_69fe469dc31ab{height:50px;}<\/style>\n<div class=\"ld-empty-space ld_spacer_69fe469dc31ab\"><span class=\"liquid_empty_space_inner\"><\/span><\/div>[vc_single_image image=\u00bb12385&#8243; img_size=\u00bbfull\u00bb alignment=\u00bbcenter\u00bb]<style>.ld_spacer_69fe469dc3522{height:50px;}<\/style>\n<div class=\"ld-empty-space ld_spacer_69fe469dc3522\"><span class=\"liquid_empty_space_inner\"><\/span><\/div>[vc_column_text]<\/p>\n<p><span style=\"font-weight: 400;\">Espronceda presenta el NewImages Festival, situ\u00e1ndose como una de las galer\u00edas m\u00e1s innovadoras de Barcelona. Durante los \u00faltimos a\u00f1os, Espronceda \u2013 Institute of Art &amp; Culture se ha consolidado como uno de los referentes del arte digital en Barcelona. Tras el \u00e9xito de las experiencias realizadas durante el a\u00f1o pasado, entre las que destacamos la residencia IMMENSIVA, presentamos esta colaboraci\u00f3n tan especial. La participaci\u00f3n con el NewImages Festival, la incubadora del conocimiento y la experimentaci\u00f3n, ofrece un nuevo enfoque en las t\u00e9cnicas creativas innovadoras. Nuevas formas de narraci\u00f3n que podr\u00e1 disfrutar en Espronceda del 9 al 20 de junio de 11 a 20h, de lunes a viernes.<\/span><\/p>\n<p>&nbsp;<\/p>\n<p><span style=\"font-weight: 400;\">Esta iniciativa forma parte de una alianza entre tres de los festivales m\u00e1s importantes del mundo audiovisual a nivel europeo: NewImages Festival, Cannes XR y Tribeca Film Festival que han titulado XR3 Edition. Cada uno ha realizado una selecci\u00f3n de veh\u00edculos rodantes que se expondr\u00e1n en el Museum of Other Realities (MOR), un impresionante espacio de exposici\u00f3n virtual en el que cada sala acoger\u00e1 una escenograf\u00eda original e inventiva, especialmente dise\u00f1ada para esta trascendental ocasi\u00f3n por los artistas seleccionados. Una colaboraci\u00f3n sin precedentes con la que los tres festivales hacen que la RV y las \u00faltimas creaciones inmersivas sean f\u00e1cilmente accesibles.<\/span><\/p>\n<p>&nbsp;<\/p>\n<p><span style=\"font-weight: 400;\">Desde Espronceda, puedes acceder a esta selecci\u00f3n y vivir las experiencias inmersivas m\u00e1s revolucionarias y \u00fanicas que existen hasta ahora.<\/span>[\/vc_column_text]<style>.ld_spacer_69fe469dc3830{height:13px;}<\/style>\n<div class=\"ld-empty-space ld_spacer_69fe469dc3830\"><span class=\"liquid_empty_space_inner\"><\/span><\/div><style>.ld_spacer_69fe469dc3b3a{height:100px;}<\/style>\n<div class=\"ld-empty-space ld_spacer_69fe469dc3b3a\"><span class=\"liquid_empty_space_inner\"><\/span><\/div>[\/vc_column][\/vc_row]<\/p>\n<\/div>","protected":false},"excerpt":{"rendered":"<p>[vc_row css=\u00bb.vc_custom_1594644421345{padding-top: 90px !important;padding-bottom: 50px !important;}\u00bb][vc_column][vc_single_image image=\u00bb12385&#8243; img_size=\u00bbfull\u00bb alignment=\u00bbcenter\u00bb][vc_column_text] Espronceda presenta el NewImages Festival, situ\u00e1ndose&#8230;<\/p>\n","protected":false},"author":2,"featured_media":0,"parent":0,"menu_order":0,"comment_status":"closed","ping_status":"closed","template":"","meta":{"footnotes":""},"featured_image_urls":{"full":"","thumbnail":"","medium":"","medium_large":"","large":"","1536x1536":"","2048x2048":"","awb_sm":"","awb_md":"","awb_lg":"","awb_xl":"","liquid-default-blog":"","liquid-standard-blog":"","liquid-featured-blog":"","liquid-rounded-blog":"","liquid-classic-meta-blog":"","liquid-classic-2-blog":"","liquid-grid":"","liquid-split-blog":"","liquid-classic-full-blog":"","liquid-metro-blog":"","liquid-timeline-blog":"","liquid-carousel-blog":"","liquid-square-blog":"","liquid-candy-blog":"","liquid-category-blog":"","liquid-cover-post":"","liquid-default-post":"","liquid-cover-spaced":"","liquid-masonry-shortest":"","liquid-masonry-short":"","liquid-masonry-tall":"","liquid-masonry-taller":"","liquid-medium":"","liquid-large":"","liquid-thumbnail":"","liquid-masonry-header-small":"","liquid-masonry-header-big":"","liquid-thumbnail-post":"","liquid-small-blog":"","liquid-related-post":"","liquid-portfolio":"","liquid-portfolio-sq":"","liquid-portfolio-big-sq":"","liquid-portfolio-portrait":"","liquid-portfolio-wide":"","liquid-packery-wide":"","liquid-packery-portrait":"","liquid-grid-hover-overlay":"","liquid-grid-hover-classic":"","liquid-grid-hover-3d":"","liquid-grid-caption":"","liquid-large-slider":"","liquid-widget":"","liquid-portfolio-vertical-overlay":""},"post_excerpt_stackable":"<p>[vc_row css=\u00bb.vc_custom_1594644421345{padding-top: 90px !important;padding-bottom: 50px !important;}\u00bb][vc_column] NEW IMAGES FESTIVAL [vc_single_image image=\u00bb12385&#8243; img_size=\u00bbfull\u00bb alignment=\u00bbcenter\u00bb] [vc_column_text] Espronceda presenta el NewImages Festival, situ\u00e1ndose como una de las galer\u00edas m\u00e1s innovadoras de Barcelona. Durante los \u00faltimos a\u00f1os, Espronceda \u2013 Institute of Art &amp; Culture se ha consolidado como uno de los referentes del arte digital en Barcelona. Tras el \u00e9xito de las experiencias realizadas durante el a\u00f1o pasado, entre las que destacamos la residencia IMMENSIVA, presentamos esta colaboraci\u00f3n tan especial. La participaci\u00f3n con el NewImages Festival, la incubadora del conocimiento y la experimentaci\u00f3n, ofrece un nuevo enfoque en las t\u00e9cnicas creativas innovadoras. Nuevas formas&hellip;<\/p>\n","category_list":"","author_info":{"name":"vitor","url":"https:\/\/www.immensiva.com\/es\/author\/vitor\/"},"comments_num":"0 comentarios","yoast_head":"<!-- This site is optimized with the Yoast SEO plugin v22.5 - https:\/\/yoast.com\/wordpress\/plugins\/seo\/ -->\n<title>NEW IMAGES FESTIVAL: T\u00e9cnicas creativas innovadoras<\/title>\n<meta name=\"description\" content=\"\u00danete al New Images Festival en Espronceda, en colaboraci\u00f3n con IMMENSIVA, para explorar nuevas narrativas digitales y t\u00e9cnicas creativas.\" \/>\n<meta name=\"robots\" content=\"index, follow, max-snippet:-1, max-image-preview:large, max-video-preview:-1\" \/>\n<link rel=\"canonical\" href=\"https:\/\/www.immensiva.com\/es\/new-images-festival\/\" \/>\n<meta property=\"og:locale\" content=\"es_ES\" \/>\n<meta property=\"og:type\" content=\"article\" \/>\n<meta property=\"og:title\" content=\"NEW IMAGES FESTIVAL: T\u00e9cnicas creativas innovadoras\" \/>\n<meta property=\"og:description\" content=\"\u00danete al New Images Festival en Espronceda, en colaboraci\u00f3n con IMMENSIVA, para explorar nuevas narrativas digitales y t\u00e9cnicas creativas.\" \/>\n<meta property=\"og:url\" content=\"https:\/\/www.immensiva.com\/es\/new-images-festival\/\" \/>\n<meta property=\"og:site_name\" content=\"IMMENSIVA\" \/>\n<meta property=\"article:modified_time\" content=\"2024-04-15T12:08:54+00:00\" \/>\n<meta name=\"twitter:card\" content=\"summary_large_image\" \/>\n<meta name=\"twitter:label1\" content=\"Tiempo de lectura\" \/>\n\t<meta name=\"twitter:data1\" content=\"2 minutos\" \/>\n<script type=\"application\/ld+json\" class=\"yoast-schema-graph\">{\"@context\":\"https:\/\/schema.org\",\"@graph\":[{\"@type\":\"WebPage\",\"@id\":\"https:\/\/www.immensiva.com\/es\/new-images-festival\/\",\"url\":\"https:\/\/www.immensiva.com\/es\/new-images-festival\/\",\"name\":\"NEW IMAGES FESTIVAL: T\u00e9cnicas creativas innovadoras\",\"isPartOf\":{\"@id\":\"https:\/\/www.immensiva.com\/#website\"},\"datePublished\":\"2021-11-19T10:16:07+00:00\",\"dateModified\":\"2024-04-15T12:08:54+00:00\",\"description\":\"\u00danete al New Images Festival en Espronceda, en colaboraci\u00f3n con IMMENSIVA, para explorar nuevas narrativas digitales y t\u00e9cnicas creativas.\",\"breadcrumb\":{\"@id\":\"https:\/\/www.immensiva.com\/es\/new-images-festival\/#breadcrumb\"},\"inLanguage\":\"es\",\"potentialAction\":[{\"@type\":\"ReadAction\",\"target\":[\"https:\/\/www.immensiva.com\/es\/new-images-festival\/\"]}]},{\"@type\":\"BreadcrumbList\",\"@id\":\"https:\/\/www.immensiva.com\/es\/new-images-festival\/#breadcrumb\",\"itemListElement\":[{\"@type\":\"ListItem\",\"position\":1,\"name\":\"Home\",\"item\":\"https:\/\/www.immensiva.com\/es\/\"},{\"@type\":\"ListItem\",\"position\":2,\"name\":\"NEW IMAGES FESTIVAL\"}]},{\"@type\":\"WebSite\",\"@id\":\"https:\/\/www.immensiva.com\/#website\",\"url\":\"https:\/\/www.immensiva.com\/\",\"name\":\"IMMENSIVA\",\"description\":\"Focusing on VR, AR, XR art &amp; AI art\",\"potentialAction\":[{\"@type\":\"SearchAction\",\"target\":{\"@type\":\"EntryPoint\",\"urlTemplate\":\"https:\/\/www.immensiva.com\/?s={search_term_string}\"},\"query-input\":\"required name=search_term_string\"}],\"inLanguage\":\"es\"}]}<\/script>\n<!-- \/ Yoast SEO plugin. -->","yoast_head_json":{"title":"NEW IMAGES FESTIVAL: T\u00e9cnicas creativas innovadoras","description":"\u00danete al New Images Festival en Espronceda, en colaboraci\u00f3n con IMMENSIVA, para explorar nuevas narrativas digitales y t\u00e9cnicas creativas.","robots":{"index":"index","follow":"follow","max-snippet":"max-snippet:-1","max-image-preview":"max-image-preview:large","max-video-preview":"max-video-preview:-1"},"canonical":"https:\/\/www.immensiva.com\/es\/new-images-festival\/","og_locale":"es_ES","og_type":"article","og_title":"NEW IMAGES FESTIVAL: T\u00e9cnicas creativas innovadoras","og_description":"\u00danete al New Images Festival en Espronceda, en colaboraci\u00f3n con IMMENSIVA, para explorar nuevas narrativas digitales y t\u00e9cnicas creativas.","og_url":"https:\/\/www.immensiva.com\/es\/new-images-festival\/","og_site_name":"IMMENSIVA","article_modified_time":"2024-04-15T12:08:54+00:00","twitter_card":"summary_large_image","twitter_misc":{"Tiempo de lectura":"2 minutos"},"schema":{"@context":"https:\/\/schema.org","@graph":[{"@type":"WebPage","@id":"https:\/\/www.immensiva.com\/es\/new-images-festival\/","url":"https:\/\/www.immensiva.com\/es\/new-images-festival\/","name":"NEW IMAGES FESTIVAL: T\u00e9cnicas creativas innovadoras","isPartOf":{"@id":"https:\/\/www.immensiva.com\/#website"},"datePublished":"2021-11-19T10:16:07+00:00","dateModified":"2024-04-15T12:08:54+00:00","description":"\u00danete al New Images Festival en Espronceda, en colaboraci\u00f3n con IMMENSIVA, para explorar nuevas narrativas digitales y t\u00e9cnicas creativas.","breadcrumb":{"@id":"https:\/\/www.immensiva.com\/es\/new-images-festival\/#breadcrumb"},"inLanguage":"es","potentialAction":[{"@type":"ReadAction","target":["https:\/\/www.immensiva.com\/es\/new-images-festival\/"]}]},{"@type":"BreadcrumbList","@id":"https:\/\/www.immensiva.com\/es\/new-images-festival\/#breadcrumb","itemListElement":[{"@type":"ListItem","position":1,"name":"Home","item":"https:\/\/www.immensiva.com\/es\/"},{"@type":"ListItem","position":2,"name":"NEW IMAGES FESTIVAL"}]},{"@type":"WebSite","@id":"https:\/\/www.immensiva.com\/#website","url":"https:\/\/www.immensiva.com\/","name":"IMMENSIVA","description":"Focusing on VR, AR, XR art &amp; AI art","potentialAction":[{"@type":"SearchAction","target":{"@type":"EntryPoint","urlTemplate":"https:\/\/www.immensiva.com\/?s={search_term_string}"},"query-input":"required name=search_term_string"}],"inLanguage":"es"}]}},"_links":{"self":[{"href":"https:\/\/www.immensiva.com\/es\/wp-json\/wp\/v2\/pages\/10704"}],"collection":[{"href":"https:\/\/www.immensiva.com\/es\/wp-json\/wp\/v2\/pages"}],"about":[{"href":"https:\/\/www.immensiva.com\/es\/wp-json\/wp\/v2\/types\/page"}],"author":[{"embeddable":true,"href":"https:\/\/www.immensiva.com\/es\/wp-json\/wp\/v2\/users\/2"}],"replies":[{"embeddable":true,"href":"https:\/\/www.immensiva.com\/es\/wp-json\/wp\/v2\/comments?post=10704"}],"version-history":[{"count":4,"href":"https:\/\/www.immensiva.com\/es\/wp-json\/wp\/v2\/pages\/10704\/revisions"}],"predecessor-version":[{"id":12388,"href":"https:\/\/www.immensiva.com\/es\/wp-json\/wp\/v2\/pages\/10704\/revisions\/12388"}],"wp:attachment":[{"href":"https:\/\/www.immensiva.com\/es\/wp-json\/wp\/v2\/media?parent=10704"}],"curies":[{"name":"wp","href":"https:\/\/api.w.org\/{rel}","templated":true}]}}