{"id":10723,"date":"2021-11-19T11:44:31","date_gmt":"2021-11-19T10:44:31","guid":{"rendered":"https:\/\/www.immensiva.com\/refik-anadol-melting-memories\/"},"modified":"2024-04-15T09:24:41","modified_gmt":"2024-04-15T07:24:41","slug":"refik-anadol","status":"publish","type":"page","link":"https:\/\/www.immensiva.com\/es\/refik-anadol\/","title":{"rendered":"REFIK ANADOL &#8211; MELTING MEMORIES"},"content":{"rendered":"<div class=\"wpb-content-wrapper\"><p>[vc_row css=\u00bb.vc_custom_1594644421345{padding-top: 90px !important;padding-bottom: 50px !important;}\u00bb][vc_column]<style>.ld_spacer_69ed080dce552{height:100px;}<\/style>\n<div class=\"ld-empty-space ld_spacer_69ed080dce552\"><span class=\"liquid_empty_space_inner\"><\/span><\/div><style>.ld_fancy_heading_69ed080dce698 .lqd-highlight-inner{height:0.275em;bottom:0px;}<\/style><div class=\"ld-fancy-heading text-center ld_fancy_heading_69ed080dce698\">\n\t<h1 class=\"lqd-highlight-underline lqd-highlight-grow-left\" ><span class=\"ld-fh-txt\"> <\/p>\n<p style=\"text-align: center\"><span style=\"font-size: 36px\"><strong>REFIK ANADOL &#8211; MELTING MEMORIES<\/strong><\/span><\/p>\n<p><\/span><\/h1><\/div>[vc_column_text]<strong><span style=\"color: #999999; font-size: 21px;\">From 5 to 9 June, Espronceda \u2013 Institute of Art &amp; Culture presnetar\u00e1 el proyecto de Refik Anadol<\/span><\/strong>[\/vc_column_text]<style>.ld_spacer_69ed080dd8bc6{height:50px;}<\/style>\n<div class=\"ld-empty-space ld_spacer_69ed080dd8bc6\"><span class=\"liquid_empty_space_inner\"><\/span><\/div>[vc_single_image image=\u00bb12379&#8243; img_size=\u00bbfull\u00bb]<style>.ld_spacer_69ed080dd8cab{height:33px;}<\/style>\n<div class=\"ld-empty-space ld_spacer_69ed080dd8cab\"><span class=\"liquid_empty_space_inner\"><\/span><\/div>[vc_btn title=\u00bbP\u00c1GINA WEB OFFICIAL\u00bb style=\u00bb3d\u00bb color=\u00bbviolet\u00bb link=\u00bburl:https%3A%2F%2Frefikanadol.com%2Fworks%2Fmelting-memories%2F|\u00bb]<style>.ld_spacer_69ed080dd8d47{height:33px;}<\/style>\n<div class=\"ld-empty-space ld_spacer_69ed080dd8d47\"><span class=\"liquid_empty_space_inner\"><\/span><\/div>[vc_column_text]<span style=\"font-weight: 400;\">\u201cMelting Memories\u201d, es una impresionante instalaci\u00f3n de 5x5m que ofrece nuevas perspectivas sobre las posibilidades de representaci\u00f3n que surgen de la intersecci\u00f3n de la tecnolog\u00eda avanzada y el arte contempor\u00e1neo. Con la presentaci\u00f3n de varios proyectos interdisciplinarios que traducen el proceso dif\u00edcil de recuperar de la memoria en colecciones de datos, la exposici\u00f3n sumergir\u00e1 a los visitantes en la visi\u00f3n creativa de Anadol del \u00abrecuerdo\u00bb.<\/span><\/p>\n<p>&nbsp;<\/p>\n<p><span style=\"font-weight: 400;\">\u201cLa ciencia indica significados; el arte los expresa\u201d, escribe el fil\u00f3sofo estadounidense John Dewey y hace una curiosa distinci\u00f3n entre lo que considera los principales modos de comunicaci\u00f3n en ambas disciplinas. En \u00abMelting Memories\u00bb, las declaraciones expresivas de Refik Anadol ofrecen al espectador obras de arte reveladoras y contemplativas que generar\u00e1n respuestas a la tesis de Dewey.<\/span><\/p>\n<p>&nbsp;<\/p>\n<p><span style=\"font-weight: 400;\">Comprendiendo pinturas de datos, esculturas de datos aumentadas y proyecciones de luz, el proyecto en su conjunto presenta nuevos avances en tecnolog\u00eda que permiten a los visitantes experimentar interpretaciones est\u00e9ticas de los movimientos motores dentro de un cerebro humano. Cada obra nace de los impresionantes experimentos del artista con las herramientas tecnol\u00f3gicas avanzadas que ofrece Neuroscape Laboratory de la Universidad de California, San Francisco. Neuroscape es un centro de neurociencia centrado en la creaci\u00f3n de tecnolog\u00eda y la investigaci\u00f3n cient\u00edfica sobre la funci\u00f3n cerebral tanto de personas sanas como discapacitadas. Anadol recopila datos sobre los mecanismos neuronales de control cognitivo a partir de un EEG (electroencefalograma) que mide los cambios en la actividad de las ondas cerebrales y proporciona pruebas de c\u00f3mo funciona el cerebro a lo largo del tiempo. Estos conjuntos de datos constituyen los bloques de construcci\u00f3n de los algoritmos \u00fanicos que el artista necesita para las estructuras visuales multidimensionales que se muestran.<\/span><\/p>\n<p>&nbsp;<\/p>\n<p><span style=\"font-weight: 400;\">Las instalaciones de Anadol no s\u00f3lo abordan una apuesta productiva de la tecnolog\u00eda y el arte de vanguardia, sino tambi\u00e9n una fuerte preocupaci\u00f3n por el estudio de la memoria humana desde los antiguos egipcios hasta Blade Runner 2049. El t\u00edtulo de la obra, \u201cMelting Memories\u201d, hace referencia a la experiencia del artista con interconexiones inesperadas entre obras filos\u00f3ficas fundamentales, pesquisas acad\u00e9micas y obras de arte que toman la memoria como temas principales. El t\u00edtulo llama a\u00fan m\u00e1s la atenci\u00f3n sobre la fusi\u00f3n de la neurociencia y la tecnolog\u00eda en estos debates filos\u00f3ficos de siglos de duraci\u00f3n, cuestionando la aparici\u00f3n de un nuevo espacio en el que la inteligencia artificial no est\u00e9 en conflicto con la individualidad y la intimidad.<\/span><\/p>\n<p>&nbsp;<\/p>\n<p><span style=\"font-weight: 400;\">CR\u00c9DITOS:<\/span><\/p>\n<p><span style=\"font-weight: 400;\">Designed &amp; Developed at Refik Anadol Studio<\/span><\/p>\n<p><span style=\"font-weight: 400;\">Nicholas Boss<\/span><\/p>\n<p><span style=\"font-weight: 400;\">Efsun Erkilic<\/span><\/p>\n<p><span style=\"font-weight: 400;\">Kian Khiaban<\/span><\/p>\n<p><span style=\"font-weight: 400;\">Ho Man Leung<\/span><\/p>\n<p><span style=\"font-weight: 400;\">Raman K. Mustafa<\/span><\/p>\n<p><span style=\"font-weight: 400;\">Toby Heinemann<\/span><\/p>\n<p><span style=\"font-weight: 400;\">Sound Design : Kerim Karaoglu<\/span><\/p>\n<p><span style=\"font-weight: 400;\">Software Development : Kyle McLean \/ Steffan Klaue<\/span><\/p>\n<p><span style=\"font-weight: 400;\">Scientific Support<\/span><\/p>\n<p><span style=\"font-weight: 400;\">UCSF \/ Neuroscape Lab Members<\/span><\/p>\n<p><span style=\"font-weight: 400;\">Adam Gazzaley, M.D., PH.D.<\/span>[\/vc_column_text]<style>.ld_spacer_69ed080dd8ddd{height:13px;}<\/style>\n<div class=\"ld-empty-space ld_spacer_69ed080dd8ddd\"><span class=\"liquid_empty_space_inner\"><\/span><\/div><style>.ld_spacer_69ed080dd8e74{height:30px;}<\/style>\n<div class=\"ld-empty-space ld_spacer_69ed080dd8e74\"><span class=\"liquid_empty_space_inner\"><\/span><\/div>[vc_video link=\u00bbhttps:\/\/www.youtube.com\/watch?v=jRAWryc6X5E&amp;ab_channel=LEDDREAMSL\u00bb][\/vc_column][\/vc_row]<\/p>\n<\/div>","protected":false},"excerpt":{"rendered":"<p>[vc_row css=\u00bb.vc_custom_1594644421345{padding-top: 90px !important;padding-bottom: 50px !important;}\u00bb][vc_column][vc_column_text]From 5 to 9 June, Espronceda \u2013 Institute of Art&#8230;<\/p>\n","protected":false},"author":2,"featured_media":0,"parent":0,"menu_order":0,"comment_status":"closed","ping_status":"closed","template":"","meta":{"footnotes":""},"featured_image_urls":{"full":"","thumbnail":"","medium":"","medium_large":"","large":"","1536x1536":"","2048x2048":"","awb_sm":"","awb_md":"","awb_lg":"","awb_xl":"","liquid-default-blog":"","liquid-standard-blog":"","liquid-featured-blog":"","liquid-rounded-blog":"","liquid-classic-meta-blog":"","liquid-classic-2-blog":"","liquid-grid":"","liquid-split-blog":"","liquid-classic-full-blog":"","liquid-metro-blog":"","liquid-timeline-blog":"","liquid-carousel-blog":"","liquid-square-blog":"","liquid-candy-blog":"","liquid-category-blog":"","liquid-cover-post":"","liquid-default-post":"","liquid-cover-spaced":"","liquid-masonry-shortest":"","liquid-masonry-short":"","liquid-masonry-tall":"","liquid-masonry-taller":"","liquid-medium":"","liquid-large":"","liquid-thumbnail":"","liquid-masonry-header-small":"","liquid-masonry-header-big":"","liquid-thumbnail-post":"","liquid-small-blog":"","liquid-related-post":"","liquid-portfolio":"","liquid-portfolio-sq":"","liquid-portfolio-big-sq":"","liquid-portfolio-portrait":"","liquid-portfolio-wide":"","liquid-packery-wide":"","liquid-packery-portrait":"","liquid-grid-hover-overlay":"","liquid-grid-hover-classic":"","liquid-grid-hover-3d":"","liquid-grid-caption":"","liquid-large-slider":"","liquid-widget":"","liquid-portfolio-vertical-overlay":""},"post_excerpt_stackable":"<p>[vc_row css=\u00bb.vc_custom_1594644421345{padding-top: 90px !important;padding-bottom: 50px !important;}\u00bb][vc_column] REFIK ANADOL &#8211; MELTING MEMORIES [vc_column_text]From 5 to 9 June, Espronceda \u2013 Institute of Art &amp; Culture presnetar\u00e1 el proyecto de Refik Anadol[\/vc_column_text] [vc_single_image image=\u00bb12379&#8243; img_size=\u00bbfull\u00bb] [vc_btn title=\u00bbP\u00c1GINA WEB OFFICIAL\u00bb style=\u00bb3d\u00bb color=\u00bbviolet\u00bb link=\u00bburl:https%3A%2F%2Frefikanadol.com%2Fworks%2Fmelting-memories%2F|\u00bb] [vc_column_text]\u201cMelting Memories\u201d, es una impresionante instalaci\u00f3n de 5x5m que ofrece nuevas perspectivas sobre las posibilidades de representaci\u00f3n que surgen de la intersecci\u00f3n de la tecnolog\u00eda avanzada y el arte contempor\u00e1neo. Con la presentaci\u00f3n de varios proyectos interdisciplinarios que traducen el proceso dif\u00edcil de recuperar de la memoria en colecciones de datos, la exposici\u00f3n sumergir\u00e1 a los visitantes en la visi\u00f3n creativa&hellip;<\/p>\n","category_list":"","author_info":{"name":"vitor","url":"https:\/\/www.immensiva.com\/es\/author\/vitor\/"},"comments_num":"0 comentarios","yoast_head":"<!-- This site is optimized with the Yoast SEO plugin v22.5 - https:\/\/yoast.com\/wordpress\/plugins\/seo\/ -->\n<title>REFIK ANADOL - MELTING MEMORIES - IMMENSIVA<\/title>\n<meta name=\"robots\" content=\"index, follow, max-snippet:-1, max-image-preview:large, max-video-preview:-1\" \/>\n<link rel=\"canonical\" href=\"https:\/\/www.immensiva.com\/es\/refik-anadol\/\" \/>\n<meta property=\"og:locale\" content=\"es_ES\" \/>\n<meta property=\"og:type\" content=\"article\" \/>\n<meta property=\"og:title\" content=\"REFIK ANADOL - MELTING MEMORIES - IMMENSIVA\" \/>\n<meta property=\"og:description\" content=\"[vc_row css=\u00bb.vc_custom_1594644421345{padding-top: 90px !important;padding-bottom: 50px !important;}\u00bb][vc_column][vc_column_text]From 5 to 9 June, Espronceda \u2013 Institute of Art...\" \/>\n<meta property=\"og:url\" content=\"https:\/\/www.immensiva.com\/es\/refik-anadol\/\" \/>\n<meta property=\"og:site_name\" content=\"IMMENSIVA\" \/>\n<meta property=\"article:modified_time\" content=\"2024-04-15T07:24:41+00:00\" \/>\n<meta name=\"twitter:card\" content=\"summary_large_image\" \/>\n<meta name=\"twitter:label1\" content=\"Tiempo de lectura\" \/>\n\t<meta name=\"twitter:data1\" content=\"3 minutos\" \/>\n<script type=\"application\/ld+json\" class=\"yoast-schema-graph\">{\"@context\":\"https:\/\/schema.org\",\"@graph\":[{\"@type\":\"WebPage\",\"@id\":\"https:\/\/www.immensiva.com\/es\/refik-anadol\/\",\"url\":\"https:\/\/www.immensiva.com\/es\/refik-anadol\/\",\"name\":\"REFIK ANADOL - MELTING MEMORIES - IMMENSIVA\",\"isPartOf\":{\"@id\":\"https:\/\/www.immensiva.com\/#website\"},\"datePublished\":\"2021-11-19T10:44:31+00:00\",\"dateModified\":\"2024-04-15T07:24:41+00:00\",\"breadcrumb\":{\"@id\":\"https:\/\/www.immensiva.com\/es\/refik-anadol\/#breadcrumb\"},\"inLanguage\":\"es\",\"potentialAction\":[{\"@type\":\"ReadAction\",\"target\":[\"https:\/\/www.immensiva.com\/es\/refik-anadol\/\"]}]},{\"@type\":\"BreadcrumbList\",\"@id\":\"https:\/\/www.immensiva.com\/es\/refik-anadol\/#breadcrumb\",\"itemListElement\":[{\"@type\":\"ListItem\",\"position\":1,\"name\":\"Home\",\"item\":\"https:\/\/www.immensiva.com\/es\/\"},{\"@type\":\"ListItem\",\"position\":2,\"name\":\"REFIK ANADOL &#8211; MELTING MEMORIES\"}]},{\"@type\":\"WebSite\",\"@id\":\"https:\/\/www.immensiva.com\/#website\",\"url\":\"https:\/\/www.immensiva.com\/\",\"name\":\"IMMENSIVA\",\"description\":\"Focusing on VR, AR, XR art &amp; AI art\",\"potentialAction\":[{\"@type\":\"SearchAction\",\"target\":{\"@type\":\"EntryPoint\",\"urlTemplate\":\"https:\/\/www.immensiva.com\/?s={search_term_string}\"},\"query-input\":\"required name=search_term_string\"}],\"inLanguage\":\"es\"}]}<\/script>\n<!-- \/ Yoast SEO plugin. -->","yoast_head_json":{"title":"REFIK ANADOL - MELTING MEMORIES - IMMENSIVA","robots":{"index":"index","follow":"follow","max-snippet":"max-snippet:-1","max-image-preview":"max-image-preview:large","max-video-preview":"max-video-preview:-1"},"canonical":"https:\/\/www.immensiva.com\/es\/refik-anadol\/","og_locale":"es_ES","og_type":"article","og_title":"REFIK ANADOL - MELTING MEMORIES - IMMENSIVA","og_description":"[vc_row css=\u00bb.vc_custom_1594644421345{padding-top: 90px !important;padding-bottom: 50px !important;}\u00bb][vc_column][vc_column_text]From 5 to 9 June, Espronceda \u2013 Institute of Art...","og_url":"https:\/\/www.immensiva.com\/es\/refik-anadol\/","og_site_name":"IMMENSIVA","article_modified_time":"2024-04-15T07:24:41+00:00","twitter_card":"summary_large_image","twitter_misc":{"Tiempo de lectura":"3 minutos"},"schema":{"@context":"https:\/\/schema.org","@graph":[{"@type":"WebPage","@id":"https:\/\/www.immensiva.com\/es\/refik-anadol\/","url":"https:\/\/www.immensiva.com\/es\/refik-anadol\/","name":"REFIK ANADOL - MELTING MEMORIES - IMMENSIVA","isPartOf":{"@id":"https:\/\/www.immensiva.com\/#website"},"datePublished":"2021-11-19T10:44:31+00:00","dateModified":"2024-04-15T07:24:41+00:00","breadcrumb":{"@id":"https:\/\/www.immensiva.com\/es\/refik-anadol\/#breadcrumb"},"inLanguage":"es","potentialAction":[{"@type":"ReadAction","target":["https:\/\/www.immensiva.com\/es\/refik-anadol\/"]}]},{"@type":"BreadcrumbList","@id":"https:\/\/www.immensiva.com\/es\/refik-anadol\/#breadcrumb","itemListElement":[{"@type":"ListItem","position":1,"name":"Home","item":"https:\/\/www.immensiva.com\/es\/"},{"@type":"ListItem","position":2,"name":"REFIK ANADOL &#8211; MELTING MEMORIES"}]},{"@type":"WebSite","@id":"https:\/\/www.immensiva.com\/#website","url":"https:\/\/www.immensiva.com\/","name":"IMMENSIVA","description":"Focusing on VR, AR, XR art &amp; AI art","potentialAction":[{"@type":"SearchAction","target":{"@type":"EntryPoint","urlTemplate":"https:\/\/www.immensiva.com\/?s={search_term_string}"},"query-input":"required name=search_term_string"}],"inLanguage":"es"}]}},"_links":{"self":[{"href":"https:\/\/www.immensiva.com\/es\/wp-json\/wp\/v2\/pages\/10723"}],"collection":[{"href":"https:\/\/www.immensiva.com\/es\/wp-json\/wp\/v2\/pages"}],"about":[{"href":"https:\/\/www.immensiva.com\/es\/wp-json\/wp\/v2\/types\/page"}],"author":[{"embeddable":true,"href":"https:\/\/www.immensiva.com\/es\/wp-json\/wp\/v2\/users\/2"}],"replies":[{"embeddable":true,"href":"https:\/\/www.immensiva.com\/es\/wp-json\/wp\/v2\/comments?post=10723"}],"version-history":[{"count":5,"href":"https:\/\/www.immensiva.com\/es\/wp-json\/wp\/v2\/pages\/10723\/revisions"}],"predecessor-version":[{"id":12381,"href":"https:\/\/www.immensiva.com\/es\/wp-json\/wp\/v2\/pages\/10723\/revisions\/12381"}],"wp:attachment":[{"href":"https:\/\/www.immensiva.com\/es\/wp-json\/wp\/v2\/media?parent=10723"}],"curies":[{"name":"wp","href":"https:\/\/api.w.org\/{rel}","templated":true}]}}