{"id":10890,"date":"2021-12-24T12:47:13","date_gmt":"2021-12-24T11:47:13","guid":{"rendered":"https:\/\/www.immensiva.com\/convocatoria-immensiva-residence-2022\/"},"modified":"2024-04-12T12:12:12","modified_gmt":"2024-04-12T10:12:12","slug":"convocatoria-immensiva-residence-2022","status":"publish","type":"page","link":"https:\/\/www.immensiva.com\/es\/convocatoria-immensiva-residence-2022\/","title":{"rendered":"CONVOCATORIA: IMMENSIVA RESIDENCE 2022"},"content":{"rendered":"<div class=\"wpb-content-wrapper\"><p>[vc_row][vc_column]<style>.ld_spacer_69fac303d8041{height:200px;}<\/style>\n<div class=\"ld-empty-space ld_spacer_69fac303d8041\"><span class=\"liquid_empty_space_inner\"><\/span><\/div>[vc_column_text]<\/p>\n<p style=\"text-align: center;\"><span style=\"font-size: 24px; color: #000000;\"><strong>CONVOCATORIA: IMMENSIVA RESIDENCE 2022<\/strong><\/span><\/p>\n<p>[\/vc_column_text]<style>.ld_spacer_69fac303d810e{height:32px;}<\/style>\n<div class=\"ld-empty-space ld_spacer_69fac303d810e\"><span class=\"liquid_empty_space_inner\"><\/span><\/div>[vc_single_image image=\u00bb12434&#8243; img_size=\u00bblarge\u00bb alignment=\u00bbcenter\u00bb]<style>.ld_spacer_69fac303d81a8{height:32px;}<\/style>\n<div class=\"ld-empty-space ld_spacer_69fac303d81a8\"><span class=\"liquid_empty_space_inner\"><\/span><\/div>[\/vc_column][\/vc_row][vc_row][vc_column][vc_column_text]<span style=\"font-size: 21px;\"><strong>Residencia internacional para un Metaverso social y visionario<\/strong><\/span><\/p>\n<p><span style=\"font-size: 18px;\"><em>Barcelona, 7 de marzo a 7 de abril de 2022.<\/em><\/span><\/p>\n<p>Buscamos mentes art\u00edsticas y curiosas que deseen crear un Metaverso expandido: fusionando redes sociales, jugabilidad y entretenimiento.<\/p>\n<p>Una residencia creativa en Barcelona, ESPRONCEDA- Instituto de Arte y Cultura, durante 4 semanas para crear proyectos y prototipos con equipos interdisciplinarios utilizando tecnolog\u00edas avanzadas: XR, AI, esc\u00e1neres, sensores, hologramas, proyecci\u00f3n 360\/sonido y h\u00e1pticos.[\/vc_column_text]<style>.ld_spacer_69fac303d8234{height:15px;}<\/style>\n<div class=\"ld-empty-space ld_spacer_69fac303d8234\"><span class=\"liquid_empty_space_inner\"><\/span><\/div>[vc_btn title=\u00bbReg\u00edstrate\u00bb style=\u00bb3d\u00bb color=\u00bbviolet\u00bb size=\u00bblg\u00bb css_animation=\u00bbslideInRight\u00bb link=\u00bburl:https%3A%2F%2Fdocs.google.com%2Fforms%2Fd%2Fe%2F1FAIpQLSfoxNN4ZtwOABoTd3tjHE_UgTF9U7RhArGCh-As1jTtMNMNvQ%2Fviewform%3Fusp%3Dsf_link|title:Google%20Forms|target:%20_blank|\u00bb][vc_column_text]<strong>Dead line: 5 de Febrero<\/strong>[\/vc_column_text]<style>.ld_spacer_69fac303d82bc{height:32px;}<\/style>\n<div class=\"ld-empty-space ld_spacer_69fac303d82bc\"><span class=\"liquid_empty_space_inner\"><\/span><\/div>[vc_column_text]<\/p>\n<p><span style=\"font-size: 21px;\"><strong>BASES: IMMENSIVE INTERNATIONAL RESIDENCE \/ NUBIA 2022<\/strong><\/span><\/p>\n<p>&nbsp;<\/p>\n<p><span style=\"text-decoration: underline; font-size: 18px;\"><strong>PRESENTACI\u00d3N<\/strong><\/span><\/p>\n<p>ESPRONCEDA &#8211; Instituto de Arte y Cultura es un centro de investigaci\u00f3n y difusi\u00f3n art\u00edstica y cultural con sede en Barcelona. Cuenta con espacios expositivos, \u00e1reas de talleres y alojamiento para residencia. https:\/www.espronceda.net\/<\/p>\n<p>IMMENSIVA es la plataforma de Espronceda para generar proyectos interdisciplinarios: Arte, Ciencia, Tecnolog\u00eda y Sociedad, y para difundir la creaci\u00f3n contempor\u00e1nea que utiliza tecnolog\u00eda avanzada. https:\/\/www.immensiva.com\/<\/p>\n<p>NUBIA es el nuevo proyecto de Espronceda que ser\u00e1 una plataforma \/ puerta al metaverso y generaci\u00f3n de NFTs. El objetivo es ofrecer una experiencia \u00fanica a visitantes y coleccionistas en metaversos dise\u00f1ados por artistas invitados y que son el marco para exposiciones comisariadas de NFTs generadas por artistas de NUBIA. https:\/\/www.nubia.world<\/p>\n<p>&nbsp;<\/p>\n<p><span style=\"text-decoration: underline; font-size: 18px;\"><strong>Objetivo de la residencia<\/strong><\/span><\/p>\n<p>Durante un mes en Barcelona, del 7 de marzo al 7 de abril de 2022, un grupo de 10 artistas, creativos, codificadores y mentes visionarias (seleccionados en la convocatoria), trabajar\u00e1n en equipos de 3 o 4 personas para generar proyectos Metaverse (en el sentido m\u00e1s amplio) utilizando tecnolog\u00edas avanzadas: Realidad expandida, inteligencia artificial, h\u00e1pticos, esc\u00e1neres en tiempo real, proyecciones y sonido 360, etc.<\/p>\n<p>Los proyectos y \/ o prototipos se expondr\u00e1n al final de la residencia, Open Day show, durante un d\u00eda para recibir comentarios de profesionales: comisarios, directores de centros de arte y plataformas, startups, etc.<\/p>\n<p>Los proyectos deben ser completamente nuevos, generados en el equipo y con la idea de desarrollarlos despu\u00e9s de la residencia.<\/p>\n<p>Los proyectos que alcancen el nivel adecuado podr\u00edan ser invitados a participar en exposiciones posteriores en Espronceda o en otros centros asociados con IMMENSIVA.<\/p>\n<p><span style=\"text-decoration: underline; font-size: 18px;\"><strong>Proceso de selecci\u00f3n<\/strong><\/span><\/p>\n<p>Las convocatorias est\u00e1n abiertas a candidatos de todo el mundo que tengan conocimientos de tecnolog\u00edas avanzadas y que tengan una formaci\u00f3n art\u00edstica, creativa o t\u00e9cnica.<\/p>\n<p>La convocatoria Open se publicar\u00e1 el 27 de diciembre de 2021 y permanecer\u00e1 abierta hasta el 5 de febrero de 2022.<\/p>\n<p>Los candidatos finalistas ser\u00e1n seleccionados por un jurado profesional compuesto por miembros de los diferentes socios de la residencia IMMENSIVA \/ NUBIA 2022.<\/p>\n<p>Los finalistas ser\u00e1n convocados a una entrevista final y ser\u00e1 despu\u00e9s de este proceso que se confirme su participaci\u00f3n.<\/p>\n<p>&nbsp;<\/p>\n<p><span style=\"text-decoration: underline; font-size: 18px;\"><strong>Criterios de evaluaci\u00f3n<\/strong><\/span><\/p>\n<p>Experiencia previa trabajando en equipos multidisciplinarios.<\/p>\n<p>Conocimiento de la realidad expandida e inteligencia artificial.<\/p>\n<p>Tener una beca de apoyo para gastos de viaje, producci\u00f3n y honorarios.<\/p>\n<p>&nbsp;<\/p>\n<p><span style=\"text-decoration: underline; font-size: 18px;\"><strong>\u00bfQu\u00e9 incluye la residencia<\/strong><\/span><\/p>\n<p>Los participantes en la residencia IMMENSIVA \/ NUBIA 2022 se alojar\u00e1n de forma gratuita en una habitaci\u00f3n individual en un apartamento compartido (ba\u00f1o, cocina, sala de estar). Los participantes tendr\u00e1n acceso a cuatro talleres de formaci\u00f3n en tecnolog\u00edas avanzadas y en creaci\u00f3n conceptual del Metaverse gestionados por profesionales del sector.<\/p>\n<p>Espronceda tiene un n\u00famero limitado de equipos: auriculares VR, port\u00e1tiles, PC, proyectores, altavoces, etc., que se pueden utilizar durante la residencia. Si el proyecto requiere otros equipos especiales\/ software, los equipos tendr\u00e1n que ser financiados a trav\u00e9s de subvenciones externas.<\/p>\n<p>La residencia no incluye el costo de viaje, por d\u00eda , costo de producci\u00f3n o honorarios de artista.<\/p>\n<p>&nbsp;<\/p>\n<p><span style=\"text-decoration: underline; font-size: 18px;\"><strong>Obligaciones<\/strong><\/span><\/p>\n<p>Los residentes tienen que dar a conocer la residencia desde el primer momento en que son elegidos, durante su proceso de trabajo y despu\u00e9s de \u00e9l, utilizando hashtags y logotipos proporcionados por la organizaci\u00f3n.<\/p>\n<p>Los residentes firmar\u00e1n un contrato de residencia que incluye un contrato Smart en la cadena de bloques donde se transfiere una copia del proyecto a ESPRONCEDA para su posterior difusi\u00f3n\/explotaci\u00f3n.<\/p>\n<p>Los equipos deben dejar una copia ejecutable del proyecto en Espronceda, para lo cual puede requerir instalaci\u00f3n en un hardware del software creado, aparte de que deben entregar una memoria con la descripci\u00f3n del proyecto y su jinete t\u00e9cnico para la ejecuci\u00f3n perfecta.<\/p>\n<p>[\/vc_column_text]<style>.ld_spacer_69fac303d834f{height:50px;}<\/style>\n<div class=\"ld-empty-space ld_spacer_69fac303d834f\"><span class=\"liquid_empty_space_inner\"><\/span><\/div>[\/vc_column][\/vc_row][vc_row css=\u00bb.vc_custom_1623752758394{background-color: #2555e8 !important;}\u00bb][vc_column]<style>.ld_spacer_69fac303d83d3{height:32px;}<\/style>\n<div class=\"ld-empty-space ld_spacer_69fac303d83d3\"><span class=\"liquid_empty_space_inner\"><\/span><\/div>[vc_column_text]<strong><span style=\"color: #00ffff;\">Con la colaboraci\u00f3n de:<\/span><\/strong><\/p>\n<p><span style=\"color: #ffffff;\">\u00a0Fundaci\u00f3 Antigues Caixes Catalanes\/BBVA<\/span>[\/vc_column_text][vc_gallery type=\u00bbimage_grid\u00bb images=\u00bb12443&#8243; img_size=\u00bbmedium\u00bb]<style>.ld_spacer_69fac303d8455{height:32px;}<\/style>\n<div class=\"ld-empty-space ld_spacer_69fac303d8455\"><span class=\"liquid_empty_space_inner\"><\/span><\/div>[vc_column_text]<strong><span style=\"color: #00ffff;\">Patrocinadores Internacionales y Nacionales<\/span><\/strong><\/p>\n<p><span style=\"color: #ffffff;\">IMMENSIVA, Espronceda Institute of Art and Culture, MEET, OLEA,\u00a0 New Images, Artificia, Lumen Prize, Generalitat de Catalunya, Gobierno de Espa\u00f1a Ministerio de Educaci\u00f3n, Cultura y Deporte, Institut Catal\u00e0 de les Empreses Culturals, Ajuntament de Barcelona.<\/span>[\/vc_column_text]<style>.ld_spacer_69fac303d84d5{height:32px;}<\/style>\n<div class=\"ld-empty-space ld_spacer_69fac303d84d5\"><span class=\"liquid_empty_space_inner\"><\/span><\/div>[\/vc_column][vc_column][vc_gallery type=\u00bbimage_grid\u00bb images=\u00bb10874,10877,10850,10853,10847,10868,10844,10862,10856,10871,10859&#8243; img_size=\u00bbmedium\u00bb][\/vc_column][\/vc_row]<\/p>\n<\/div>","protected":false},"excerpt":{"rendered":"<p>[vc_row][vc_column][vc_column_text] CONVOCATORIA: IMMENSIVA RESIDENCE 2022 [\/vc_column_text][vc_single_image image=\u00bb12434&#8243; img_size=\u00bblarge\u00bb alignment=\u00bbcenter\u00bb][\/vc_column][\/vc_row][vc_row][vc_column][vc_column_text]Residencia internacional para un Metaverso social y&#8230;<\/p>\n","protected":false},"author":2,"featured_media":0,"parent":0,"menu_order":0,"comment_status":"closed","ping_status":"closed","template":"","meta":{"footnotes":""},"featured_image_urls":{"full":"","thumbnail":"","medium":"","medium_large":"","large":"","1536x1536":"","2048x2048":"","awb_sm":"","awb_md":"","awb_lg":"","awb_xl":"","liquid-default-blog":"","liquid-standard-blog":"","liquid-featured-blog":"","liquid-rounded-blog":"","liquid-classic-meta-blog":"","liquid-classic-2-blog":"","liquid-grid":"","liquid-split-blog":"","liquid-classic-full-blog":"","liquid-metro-blog":"","liquid-timeline-blog":"","liquid-carousel-blog":"","liquid-square-blog":"","liquid-candy-blog":"","liquid-category-blog":"","liquid-cover-post":"","liquid-default-post":"","liquid-cover-spaced":"","liquid-masonry-shortest":"","liquid-masonry-short":"","liquid-masonry-tall":"","liquid-masonry-taller":"","liquid-medium":"","liquid-large":"","liquid-thumbnail":"","liquid-masonry-header-small":"","liquid-masonry-header-big":"","liquid-thumbnail-post":"","liquid-small-blog":"","liquid-related-post":"","liquid-portfolio":"","liquid-portfolio-sq":"","liquid-portfolio-big-sq":"","liquid-portfolio-portrait":"","liquid-portfolio-wide":"","liquid-packery-wide":"","liquid-packery-portrait":"","liquid-grid-hover-overlay":"","liquid-grid-hover-classic":"","liquid-grid-hover-3d":"","liquid-grid-caption":"","liquid-large-slider":"","liquid-widget":"","liquid-portfolio-vertical-overlay":""},"post_excerpt_stackable":"<p>[vc_row][vc_column] [vc_column_text] CONVOCATORIA: IMMENSIVA RESIDENCE 2022 [\/vc_column_text] [vc_single_image image=\u00bb12434&#8243; img_size=\u00bblarge\u00bb alignment=\u00bbcenter\u00bb] [\/vc_column][\/vc_row][vc_row][vc_column][vc_column_text]Residencia internacional para un Metaverso social y visionario Barcelona, 7 de marzo a 7 de abril de 2022. Buscamos mentes art\u00edsticas y curiosas que deseen crear un Metaverso expandido: fusionando redes sociales, jugabilidad y entretenimiento. Una residencia creativa en Barcelona, ESPRONCEDA- Instituto de Arte y Cultura, durante 4 semanas para crear proyectos y prototipos con equipos interdisciplinarios utilizando tecnolog\u00edas avanzadas: XR, AI, esc\u00e1neres, sensores, hologramas, proyecci\u00f3n 360\/sonido y h\u00e1pticos.[\/vc_column_text] [vc_btn title=\u00bbReg\u00edstrate\u00bb style=\u00bb3d\u00bb color=\u00bbviolet\u00bb size=\u00bblg\u00bb css_animation=\u00bbslideInRight\u00bb link=\u00bburl:https%3A%2F%2Fdocs.google.com%2Fforms%2Fd%2Fe%2F1FAIpQLSfoxNN4ZtwOABoTd3tjHE_UgTF9U7RhArGCh-As1jTtMNMNvQ%2Fviewform%3Fusp%3Dsf_link|title:Google%20Forms|target:%20_blank|\u00bb][vc_column_text]Dead line: 5 de Febrero[\/vc_column_text] [vc_column_text] BASES: IMMENSIVE INTERNATIONAL RESIDENCE \/ NUBIA 2022 &nbsp;&hellip;<\/p>\n","category_list":"","author_info":{"name":"vitor","url":"https:\/\/www.immensiva.com\/es\/author\/vitor\/"},"comments_num":"0 comentarios","yoast_head":"<!-- This site is optimized with the Yoast SEO plugin v22.5 - https:\/\/yoast.com\/wordpress\/plugins\/seo\/ -->\n<title>CONVOCATORIA Residencia 2022: Fomentando la Innovaci\u00f3n Art\u00edstica<\/title>\n<meta name=\"description\" content=\"Participa en la convocatoria IMMENSIVA Residence 2022 y \u00fanete a una comunidad global de artistas y creativos.\" \/>\n<meta name=\"robots\" content=\"index, follow, max-snippet:-1, max-image-preview:large, max-video-preview:-1\" \/>\n<link rel=\"canonical\" href=\"https:\/\/www.immensiva.com\/es\/convocatoria-immensiva-residence-2022\/\" \/>\n<meta property=\"og:locale\" content=\"es_ES\" \/>\n<meta property=\"og:type\" content=\"article\" \/>\n<meta property=\"og:title\" content=\"CONVOCATORIA Residencia 2022: Fomentando la Innovaci\u00f3n Art\u00edstica\" \/>\n<meta property=\"og:description\" content=\"Participa en la convocatoria IMMENSIVA Residence 2022 y \u00fanete a una comunidad global de artistas y creativos.\" \/>\n<meta property=\"og:url\" content=\"https:\/\/www.immensiva.com\/es\/convocatoria-immensiva-residence-2022\/\" \/>\n<meta property=\"og:site_name\" content=\"IMMENSIVA\" \/>\n<meta property=\"article:modified_time\" content=\"2024-04-12T10:12:12+00:00\" \/>\n<meta name=\"twitter:card\" content=\"summary_large_image\" \/>\n<meta name=\"twitter:label1\" content=\"Tiempo de lectura\" \/>\n\t<meta name=\"twitter:data1\" content=\"4 minutos\" \/>\n<script type=\"application\/ld+json\" class=\"yoast-schema-graph\">{\"@context\":\"https:\/\/schema.org\",\"@graph\":[{\"@type\":\"WebPage\",\"@id\":\"https:\/\/www.immensiva.com\/es\/convocatoria-immensiva-residence-2022\/\",\"url\":\"https:\/\/www.immensiva.com\/es\/convocatoria-immensiva-residence-2022\/\",\"name\":\"CONVOCATORIA Residencia 2022: Fomentando la Innovaci\u00f3n Art\u00edstica\",\"isPartOf\":{\"@id\":\"https:\/\/www.immensiva.com\/#website\"},\"datePublished\":\"2021-12-24T11:47:13+00:00\",\"dateModified\":\"2024-04-12T10:12:12+00:00\",\"description\":\"Participa en la convocatoria IMMENSIVA Residence 2022 y \u00fanete a una comunidad global de artistas y creativos.\",\"breadcrumb\":{\"@id\":\"https:\/\/www.immensiva.com\/es\/convocatoria-immensiva-residence-2022\/#breadcrumb\"},\"inLanguage\":\"es\",\"potentialAction\":[{\"@type\":\"ReadAction\",\"target\":[\"https:\/\/www.immensiva.com\/es\/convocatoria-immensiva-residence-2022\/\"]}]},{\"@type\":\"BreadcrumbList\",\"@id\":\"https:\/\/www.immensiva.com\/es\/convocatoria-immensiva-residence-2022\/#breadcrumb\",\"itemListElement\":[{\"@type\":\"ListItem\",\"position\":1,\"name\":\"Home\",\"item\":\"https:\/\/www.immensiva.com\/es\/\"},{\"@type\":\"ListItem\",\"position\":2,\"name\":\"CONVOCATORIA: IMMENSIVA RESIDENCE 2022\"}]},{\"@type\":\"WebSite\",\"@id\":\"https:\/\/www.immensiva.com\/#website\",\"url\":\"https:\/\/www.immensiva.com\/\",\"name\":\"IMMENSIVA\",\"description\":\"Focusing on VR, AR, XR art &amp; AI art\",\"potentialAction\":[{\"@type\":\"SearchAction\",\"target\":{\"@type\":\"EntryPoint\",\"urlTemplate\":\"https:\/\/www.immensiva.com\/?s={search_term_string}\"},\"query-input\":\"required name=search_term_string\"}],\"inLanguage\":\"es\"}]}<\/script>\n<!-- \/ Yoast SEO plugin. -->","yoast_head_json":{"title":"CONVOCATORIA Residencia 2022: Fomentando la Innovaci\u00f3n Art\u00edstica","description":"Participa en la convocatoria IMMENSIVA Residence 2022 y \u00fanete a una comunidad global de artistas y creativos.","robots":{"index":"index","follow":"follow","max-snippet":"max-snippet:-1","max-image-preview":"max-image-preview:large","max-video-preview":"max-video-preview:-1"},"canonical":"https:\/\/www.immensiva.com\/es\/convocatoria-immensiva-residence-2022\/","og_locale":"es_ES","og_type":"article","og_title":"CONVOCATORIA Residencia 2022: Fomentando la Innovaci\u00f3n Art\u00edstica","og_description":"Participa en la convocatoria IMMENSIVA Residence 2022 y \u00fanete a una comunidad global de artistas y creativos.","og_url":"https:\/\/www.immensiva.com\/es\/convocatoria-immensiva-residence-2022\/","og_site_name":"IMMENSIVA","article_modified_time":"2024-04-12T10:12:12+00:00","twitter_card":"summary_large_image","twitter_misc":{"Tiempo de lectura":"4 minutos"},"schema":{"@context":"https:\/\/schema.org","@graph":[{"@type":"WebPage","@id":"https:\/\/www.immensiva.com\/es\/convocatoria-immensiva-residence-2022\/","url":"https:\/\/www.immensiva.com\/es\/convocatoria-immensiva-residence-2022\/","name":"CONVOCATORIA Residencia 2022: Fomentando la Innovaci\u00f3n Art\u00edstica","isPartOf":{"@id":"https:\/\/www.immensiva.com\/#website"},"datePublished":"2021-12-24T11:47:13+00:00","dateModified":"2024-04-12T10:12:12+00:00","description":"Participa en la convocatoria IMMENSIVA Residence 2022 y \u00fanete a una comunidad global de artistas y creativos.","breadcrumb":{"@id":"https:\/\/www.immensiva.com\/es\/convocatoria-immensiva-residence-2022\/#breadcrumb"},"inLanguage":"es","potentialAction":[{"@type":"ReadAction","target":["https:\/\/www.immensiva.com\/es\/convocatoria-immensiva-residence-2022\/"]}]},{"@type":"BreadcrumbList","@id":"https:\/\/www.immensiva.com\/es\/convocatoria-immensiva-residence-2022\/#breadcrumb","itemListElement":[{"@type":"ListItem","position":1,"name":"Home","item":"https:\/\/www.immensiva.com\/es\/"},{"@type":"ListItem","position":2,"name":"CONVOCATORIA: IMMENSIVA RESIDENCE 2022"}]},{"@type":"WebSite","@id":"https:\/\/www.immensiva.com\/#website","url":"https:\/\/www.immensiva.com\/","name":"IMMENSIVA","description":"Focusing on VR, AR, XR art &amp; AI art","potentialAction":[{"@type":"SearchAction","target":{"@type":"EntryPoint","urlTemplate":"https:\/\/www.immensiva.com\/?s={search_term_string}"},"query-input":"required name=search_term_string"}],"inLanguage":"es"}]}},"_links":{"self":[{"href":"https:\/\/www.immensiva.com\/es\/wp-json\/wp\/v2\/pages\/10890"}],"collection":[{"href":"https:\/\/www.immensiva.com\/es\/wp-json\/wp\/v2\/pages"}],"about":[{"href":"https:\/\/www.immensiva.com\/es\/wp-json\/wp\/v2\/types\/page"}],"author":[{"embeddable":true,"href":"https:\/\/www.immensiva.com\/es\/wp-json\/wp\/v2\/users\/2"}],"replies":[{"embeddable":true,"href":"https:\/\/www.immensiva.com\/es\/wp-json\/wp\/v2\/comments?post=10890"}],"version-history":[{"count":11,"href":"https:\/\/www.immensiva.com\/es\/wp-json\/wp\/v2\/pages\/10890\/revisions"}],"predecessor-version":[{"id":12459,"href":"https:\/\/www.immensiva.com\/es\/wp-json\/wp\/v2\/pages\/10890\/revisions\/12459"}],"wp:attachment":[{"href":"https:\/\/www.immensiva.com\/es\/wp-json\/wp\/v2\/media?parent=10890"}],"curies":[{"name":"wp","href":"https:\/\/api.w.org\/{rel}","templated":true}]}}