{"id":10965,"date":"2022-02-28T10:12:41","date_gmt":"2022-02-28T09:12:41","guid":{"rendered":"https:\/\/www.immensiva.com\/nubia\/"},"modified":"2024-04-13T08:07:16","modified_gmt":"2024-04-13T06:07:16","slug":"nubia","status":"publish","type":"page","link":"https:\/\/www.immensiva.com\/es\/nubia\/","title":{"rendered":"NUBIA"},"content":{"rendered":"<div class=\"wpb-content-wrapper\"><p>[vc_row awb_type=\u00bbyt_vm_video\u00bb awb_video=\u00bbhttps:\/\/youtu.be\/QX6xxGyaSWM\u00bb awb_video_mobile=\u00bb1&#8243;][vc_column]<style>.ld_spacer_6a093b8593780{height:175px;}<\/style>\n<div class=\"ld-empty-space ld_spacer_6a093b8593780\"><span class=\"liquid_empty_space_inner\"><\/span><\/div><style>.ld_spacer_6a093b8593859{height:175px;}<\/style>\n<div class=\"ld-empty-space ld_spacer_6a093b8593859\"><span class=\"liquid_empty_space_inner\"><\/span><\/div><style>.ld_spacer_6a093b85938ee{height:50px;}<\/style>\n<div class=\"ld-empty-space ld_spacer_6a093b85938ee\"><span class=\"liquid_empty_space_inner\"><\/span><\/div><div class=\"nk-awb  vc_custom_1646037600149\" ><style>.ld_spacer_6a093b85939fb{height:70px;}<\/style>\n<div class=\"ld-empty-space ld_spacer_6a093b85939fb\"><span class=\"liquid_empty_space_inner\"><\/span><\/div>[vc_column_text]<\/p>\n<h1 style=\"text-align: center;\"><span style=\"font-size: 36px; color: #ffffff;\">NUBI<\/span><img loading=\"lazy\" decoding=\"async\" class=\"wp-image-10953 alignnone lazyload\" data-src=\"https:\/\/www.immensiva.com\/wp-content\/uploads\/2022\/02\/Nubia-logo-white_outlined-copia.png\" alt=\"\" width=\"75\" height=\"79\" src=\"data:image\/gif;base64,R0lGODlhAQABAAAAACH5BAEKAAEALAAAAAABAAEAAAICTAEAOw==\" style=\"--smush-placeholder-width: 75px; --smush-placeholder-aspect-ratio: 75\/79;\" \/><noscript><img loading=\"lazy\" decoding=\"async\" class=\"wp-image-10953 alignnone\" src=\"https:\/\/www.immensiva.com\/wp-content\/uploads\/2022\/02\/Nubia-logo-white_outlined-copia.png\" alt=\"\" width=\"75\" height=\"79\" \/><\/noscript><\/h1>\n<p>[\/vc_column_text]<style>.ld_spacer_6a093b8593a94{height:10px;}<\/style>\n<div class=\"ld-empty-space ld_spacer_6a093b8593a94\"><span class=\"liquid_empty_space_inner\"><\/span><\/div>[vc_row_inner][vc_column_inner width=\u00bb1\/6&#8243;][\/vc_column_inner][vc_column_inner width=\u00bb4\/6&#8243;][vc_column_text]<\/p>\n<h4><span style=\"font-size: 21px;\"><span style=\"font-weight: 400; color: #ffffff;\">NUBIA (<\/span><span style=\"font-weight: 400;\"><span style=\"color: #ffffff;\"><em>NFT Universe in Blockchain for International Artists<\/em>) Es un ecosistema que oscila entre tokens no-fungables, artistas internacionales y coleccionistas o visitantes. Esta plataforma ofrece la posibilidad que todos participen en una experiencia inmersiva. Somos la puerta del Metaverso, os un\u00eds a nosotros? M\u00e1s informaci\u00f3n<br \/>\n<\/span><\/span><\/span><\/h4>\n<p>[\/vc_column_text][\/vc_column_inner][vc_column_inner width=\u00bb1\/6&#8243;][\/vc_column_inner][\/vc_row_inner][vc_row_inner][vc_column_inner]<style>.ld_countdown_6a093b8593b2e{color:rgb(255, 255, 255);font-size:50px;}.ld_countdown_6a093b8593b2e .countdown-amount{color:rgb(255, 255, 255);}<\/style>\n<div class=\"countdown ld_countdown_6a093b8593b2e\" id=\"ld_countdown_6a093b8593b2e\" data-plugin-countdown=\"true\"  data-countdown-options='{\"until\":\"2022-3-8\",\"daysLabel\":\"D\",\"hoursLabel\":\"H\",\"minutesLabel\":\"M\",\"secondsLabel\":\"S\"}'><\/div>[\/vc_column_inner][\/vc_row_inner]<style>.ld_spacer_6a093b859d2c0{height:60px;}<\/style>\n<div class=\"ld-empty-space ld_spacer_6a093b859d2c0\"><span class=\"liquid_empty_space_inner\"><\/span><\/div><div class=\"nk-awb-wrap\" data-awb-type=\"color\" data-awb-image-background-size=\"cover\" data-awb-image-background-position=\"50% 50%\"><div  class=\"nk-awb-inner\"><\/div><\/div><\/div><style>.ld_spacer_6a093b859d592{height:256px;}<\/style>\n<div class=\"ld-empty-space ld_spacer_6a093b859d592\"><span class=\"liquid_empty_space_inner\"><\/span><\/div><style>.ld_spacer_6a093b859d7fd{height:256px;}<\/style>\n<div class=\"ld-empty-space ld_spacer_6a093b859d7fd\"><span class=\"liquid_empty_space_inner\"><\/span><\/div>[\/vc_column][\/vc_row]<\/p>\n<\/div>","protected":false},"excerpt":{"rendered":"<p>[vc_row awb_type=\u00bbyt_vm_video\u00bb awb_video=\u00bbhttps:\/\/youtu.be\/QX6xxGyaSWM\u00bb awb_video_mobile=\u00bb1&#8243;][vc_column][\/vc_column][\/vc_row]<\/p>\n","protected":false},"author":2,"featured_media":0,"parent":0,"menu_order":0,"comment_status":"closed","ping_status":"closed","template":"","meta":{"footnotes":""},"featured_image_urls":{"full":"","thumbnail":"","medium":"","medium_large":"","large":"","1536x1536":"","2048x2048":"","awb_sm":"","awb_md":"","awb_lg":"","awb_xl":"","liquid-default-blog":"","liquid-standard-blog":"","liquid-featured-blog":"","liquid-rounded-blog":"","liquid-classic-meta-blog":"","liquid-classic-2-blog":"","liquid-grid":"","liquid-split-blog":"","liquid-classic-full-blog":"","liquid-metro-blog":"","liquid-timeline-blog":"","liquid-carousel-blog":"","liquid-square-blog":"","liquid-candy-blog":"","liquid-category-blog":"","liquid-cover-post":"","liquid-default-post":"","liquid-cover-spaced":"","liquid-masonry-shortest":"","liquid-masonry-short":"","liquid-masonry-tall":"","liquid-masonry-taller":"","liquid-medium":"","liquid-large":"","liquid-thumbnail":"","liquid-masonry-header-small":"","liquid-masonry-header-big":"","liquid-thumbnail-post":"","liquid-small-blog":"","liquid-related-post":"","liquid-portfolio":"","liquid-portfolio-sq":"","liquid-portfolio-big-sq":"","liquid-portfolio-portrait":"","liquid-portfolio-wide":"","liquid-packery-wide":"","liquid-packery-portrait":"","liquid-grid-hover-overlay":"","liquid-grid-hover-classic":"","liquid-grid-hover-3d":"","liquid-grid-caption":"","liquid-large-slider":"","liquid-widget":"","liquid-portfolio-vertical-overlay":""},"post_excerpt_stackable":"<p>[vc_row awb_type=\u00bbyt_vm_video\u00bb awb_video=\u00bbhttps:\/\/youtu.be\/QX6xxGyaSWM\u00bb awb_video_mobile=\u00bb1&#8243;][vc_column] [vc_column_text] NUBI [\/vc_column_text] [vc_row_inner][vc_column_inner width=\u00bb1\/6&#8243;][\/vc_column_inner][vc_column_inner width=\u00bb4\/6&#8243;][vc_column_text] NUBIA (NFT Universe in Blockchain for International Artists) Es un ecosistema que oscila entre tokens no-fungables, artistas internacionales y coleccionistas o visitantes. Esta plataforma ofrece la posibilidad que todos participen en una experiencia inmersiva. Somos la puerta del Metaverso, os un\u00eds a nosotros? M\u00e1s informaci\u00f3n [\/vc_column_text][\/vc_column_inner][vc_column_inner width=\u00bb1\/6&#8243;][\/vc_column_inner][\/vc_row_inner][vc_row_inner][vc_column_inner] [\/vc_column_inner][\/vc_row_inner] [\/vc_column][\/vc_row]<\/p>\n","category_list":"","author_info":{"name":"vitor","url":"https:\/\/www.immensiva.com\/es\/author\/vitor\/"},"comments_num":"0 comentarios","yoast_head":"<!-- This site is optimized with the Yoast SEO plugin v22.5 - https:\/\/yoast.com\/wordpress\/plugins\/seo\/ -->\n<title>Nubia: Una experiencia immersiva en el Metaverso | Immensiva<\/title>\n<meta name=\"description\" content=\"NUBIA (NFT Universe in Blockchain for International Artists) es un ecosistema que oscila entre tokens, artistas, coleccionistas y visitantes\" \/>\n<meta name=\"robots\" content=\"index, follow, max-snippet:-1, max-image-preview:large, max-video-preview:-1\" \/>\n<link rel=\"canonical\" href=\"https:\/\/www.immensiva.com\/es\/nubia\/\" \/>\n<meta property=\"og:locale\" content=\"es_ES\" \/>\n<meta property=\"og:type\" content=\"article\" \/>\n<meta property=\"og:title\" content=\"Nubia: Una experiencia immersiva en el Metaverso | Immensiva\" \/>\n<meta property=\"og:description\" content=\"NUBIA (NFT Universe in Blockchain for International Artists) es un ecosistema que oscila entre tokens, artistas, coleccionistas y visitantes\" \/>\n<meta property=\"og:url\" content=\"https:\/\/www.immensiva.com\/es\/nubia\/\" \/>\n<meta property=\"og:site_name\" content=\"IMMENSIVA\" \/>\n<meta property=\"article:modified_time\" content=\"2024-04-13T06:07:16+00:00\" \/>\n<meta property=\"og:image\" content=\"https:\/\/www.immensiva.com\/wp-content\/uploads\/2022\/02\/Nubia-logo-white_outlined-copia.png\" \/>\n<meta name=\"twitter:card\" content=\"summary_large_image\" \/>\n<meta name=\"twitter:label1\" content=\"Tiempo de lectura\" \/>\n\t<meta name=\"twitter:data1\" content=\"1 minuto\" \/>\n<script type=\"application\/ld+json\" class=\"yoast-schema-graph\">{\"@context\":\"https:\/\/schema.org\",\"@graph\":[{\"@type\":\"WebPage\",\"@id\":\"https:\/\/www.immensiva.com\/es\/nubia\/\",\"url\":\"https:\/\/www.immensiva.com\/es\/nubia\/\",\"name\":\"Nubia: Una experiencia immersiva en el Metaverso | Immensiva\",\"isPartOf\":{\"@id\":\"https:\/\/www.immensiva.com\/#website\"},\"primaryImageOfPage\":{\"@id\":\"https:\/\/www.immensiva.com\/es\/nubia\/#primaryimage\"},\"image\":{\"@id\":\"https:\/\/www.immensiva.com\/es\/nubia\/#primaryimage\"},\"thumbnailUrl\":\"https:\/\/www.immensiva.com\/wp-content\/uploads\/2022\/02\/Nubia-logo-white_outlined-copia.png\",\"datePublished\":\"2022-02-28T09:12:41+00:00\",\"dateModified\":\"2024-04-13T06:07:16+00:00\",\"description\":\"NUBIA (NFT Universe in Blockchain for International Artists) es un ecosistema que oscila entre tokens, artistas, coleccionistas y visitantes\",\"breadcrumb\":{\"@id\":\"https:\/\/www.immensiva.com\/es\/nubia\/#breadcrumb\"},\"inLanguage\":\"es\",\"potentialAction\":[{\"@type\":\"ReadAction\",\"target\":[\"https:\/\/www.immensiva.com\/es\/nubia\/\"]}]},{\"@type\":\"ImageObject\",\"inLanguage\":\"es\",\"@id\":\"https:\/\/www.immensiva.com\/es\/nubia\/#primaryimage\",\"url\":\"https:\/\/www.immensiva.com\/wp-content\/uploads\/2022\/02\/Nubia-logo-white_outlined-copia.png\",\"contentUrl\":\"https:\/\/www.immensiva.com\/wp-content\/uploads\/2022\/02\/Nubia-logo-white_outlined-copia.png\"},{\"@type\":\"BreadcrumbList\",\"@id\":\"https:\/\/www.immensiva.com\/es\/nubia\/#breadcrumb\",\"itemListElement\":[{\"@type\":\"ListItem\",\"position\":1,\"name\":\"Home\",\"item\":\"https:\/\/www.immensiva.com\/es\/\"},{\"@type\":\"ListItem\",\"position\":2,\"name\":\"NUBIA\"}]},{\"@type\":\"WebSite\",\"@id\":\"https:\/\/www.immensiva.com\/#website\",\"url\":\"https:\/\/www.immensiva.com\/\",\"name\":\"IMMENSIVA\",\"description\":\"Focusing on VR, AR, XR art &amp; AI art\",\"potentialAction\":[{\"@type\":\"SearchAction\",\"target\":{\"@type\":\"EntryPoint\",\"urlTemplate\":\"https:\/\/www.immensiva.com\/?s={search_term_string}\"},\"query-input\":\"required name=search_term_string\"}],\"inLanguage\":\"es\"}]}<\/script>\n<!-- \/ Yoast SEO plugin. -->","yoast_head_json":{"title":"Nubia: Una experiencia immersiva en el Metaverso | Immensiva","description":"NUBIA (NFT Universe in Blockchain for International Artists) es un ecosistema que oscila entre tokens, artistas, coleccionistas y visitantes","robots":{"index":"index","follow":"follow","max-snippet":"max-snippet:-1","max-image-preview":"max-image-preview:large","max-video-preview":"max-video-preview:-1"},"canonical":"https:\/\/www.immensiva.com\/es\/nubia\/","og_locale":"es_ES","og_type":"article","og_title":"Nubia: Una experiencia immersiva en el Metaverso | Immensiva","og_description":"NUBIA (NFT Universe in Blockchain for International Artists) es un ecosistema que oscila entre tokens, artistas, coleccionistas y visitantes","og_url":"https:\/\/www.immensiva.com\/es\/nubia\/","og_site_name":"IMMENSIVA","article_modified_time":"2024-04-13T06:07:16+00:00","og_image":[{"url":"https:\/\/www.immensiva.com\/wp-content\/uploads\/2022\/02\/Nubia-logo-white_outlined-copia.png"}],"twitter_card":"summary_large_image","twitter_misc":{"Tiempo de lectura":"1 minuto"},"schema":{"@context":"https:\/\/schema.org","@graph":[{"@type":"WebPage","@id":"https:\/\/www.immensiva.com\/es\/nubia\/","url":"https:\/\/www.immensiva.com\/es\/nubia\/","name":"Nubia: Una experiencia immersiva en el Metaverso | Immensiva","isPartOf":{"@id":"https:\/\/www.immensiva.com\/#website"},"primaryImageOfPage":{"@id":"https:\/\/www.immensiva.com\/es\/nubia\/#primaryimage"},"image":{"@id":"https:\/\/www.immensiva.com\/es\/nubia\/#primaryimage"},"thumbnailUrl":"https:\/\/www.immensiva.com\/wp-content\/uploads\/2022\/02\/Nubia-logo-white_outlined-copia.png","datePublished":"2022-02-28T09:12:41+00:00","dateModified":"2024-04-13T06:07:16+00:00","description":"NUBIA (NFT Universe in Blockchain for International Artists) es un ecosistema que oscila entre tokens, artistas, coleccionistas y visitantes","breadcrumb":{"@id":"https:\/\/www.immensiva.com\/es\/nubia\/#breadcrumb"},"inLanguage":"es","potentialAction":[{"@type":"ReadAction","target":["https:\/\/www.immensiva.com\/es\/nubia\/"]}]},{"@type":"ImageObject","inLanguage":"es","@id":"https:\/\/www.immensiva.com\/es\/nubia\/#primaryimage","url":"https:\/\/www.immensiva.com\/wp-content\/uploads\/2022\/02\/Nubia-logo-white_outlined-copia.png","contentUrl":"https:\/\/www.immensiva.com\/wp-content\/uploads\/2022\/02\/Nubia-logo-white_outlined-copia.png"},{"@type":"BreadcrumbList","@id":"https:\/\/www.immensiva.com\/es\/nubia\/#breadcrumb","itemListElement":[{"@type":"ListItem","position":1,"name":"Home","item":"https:\/\/www.immensiva.com\/es\/"},{"@type":"ListItem","position":2,"name":"NUBIA"}]},{"@type":"WebSite","@id":"https:\/\/www.immensiva.com\/#website","url":"https:\/\/www.immensiva.com\/","name":"IMMENSIVA","description":"Focusing on VR, AR, XR art &amp; AI art","potentialAction":[{"@type":"SearchAction","target":{"@type":"EntryPoint","urlTemplate":"https:\/\/www.immensiva.com\/?s={search_term_string}"},"query-input":"required name=search_term_string"}],"inLanguage":"es"}]}},"_links":{"self":[{"href":"https:\/\/www.immensiva.com\/es\/wp-json\/wp\/v2\/pages\/10965"}],"collection":[{"href":"https:\/\/www.immensiva.com\/es\/wp-json\/wp\/v2\/pages"}],"about":[{"href":"https:\/\/www.immensiva.com\/es\/wp-json\/wp\/v2\/types\/page"}],"author":[{"embeddable":true,"href":"https:\/\/www.immensiva.com\/es\/wp-json\/wp\/v2\/users\/2"}],"replies":[{"embeddable":true,"href":"https:\/\/www.immensiva.com\/es\/wp-json\/wp\/v2\/comments?post=10965"}],"version-history":[{"count":5,"href":"https:\/\/www.immensiva.com\/es\/wp-json\/wp\/v2\/pages\/10965\/revisions"}],"predecessor-version":[{"id":10973,"href":"https:\/\/www.immensiva.com\/es\/wp-json\/wp\/v2\/pages\/10965\/revisions\/10973"}],"wp:attachment":[{"href":"https:\/\/www.immensiva.com\/es\/wp-json\/wp\/v2\/media?parent=10965"}],"curies":[{"name":"wp","href":"https:\/\/api.w.org\/{rel}","templated":true}]}}