{"id":11196,"date":"2023-01-10T10:48:06","date_gmt":"2023-01-10T09:48:06","guid":{"rendered":"https:\/\/www.immensiva.com\/convocatoria-abierta-residencia-immensiva-2023\/"},"modified":"2024-04-15T14:07:38","modified_gmt":"2024-04-15T12:07:38","slug":"convocatoria-abierta-residencia-immensiva-2023","status":"publish","type":"page","link":"https:\/\/www.immensiva.com\/es\/convocatoria-abierta-residencia-immensiva-2023\/","title":{"rendered":"CONVOCATORIA ABIERTA: RESIDENCIA IMMENSIVA 2023"},"content":{"rendered":"<div class=\"wpb-content-wrapper\"><p>[vc_row][vc_column]<style>.ld_spacer_6a093c50041de{height:200px;}<\/style>\n<div class=\"ld-empty-space ld_spacer_6a093c50041de\"><span class=\"liquid_empty_space_inner\"><\/span><\/div>[vc_column_text]<\/p>\n<p style=\"text-align: center;\"><span style=\"font-size: 28px;\"><strong>CONVOCATORIA ABIERTA: RESIDENCIA IMMENSIVA 2023<\/strong><\/span><\/p>\n<p>[\/vc_column_text]<style>.ld_spacer_6a093c50042a5{height:32px;}<\/style>\n<div class=\"ld-empty-space ld_spacer_6a093c50042a5\"><span class=\"liquid_empty_space_inner\"><\/span><\/div>[vc_single_image image=\u00bb12480&#8243; img_size=\u00bblarge\u00bb alignment=\u00bbcenter\u00bb onclick=\u00bbcustom_link\u00bb img_link_target=\u00bb_blank\u00bb link=\u00bbhttps:%2F%2Fdocs.google.com%2Fforms%2Fd%2Fe%2F1FAIpQLSdPKByBhs_3EES6kqxM2tw1g4qWu8yJqG4-lPO9YJ8iJw1IWw%2Fviewform%3Fusp%3Dsf_link|\u00bb]<style>.ld_spacer_6a093c5004334{height:32px;}<\/style>\n<div class=\"ld-empty-space ld_spacer_6a093c5004334\"><span class=\"liquid_empty_space_inner\"><\/span><\/div>[\/vc_column][\/vc_row][vc_row][vc_column][vc_column_text]<strong><span style=\"font-size: 18px;\">BE IRREVERENT: Residencia internacional para mentes visionarias y art\u00edsticas<\/span><\/strong><\/p>\n<p>Barcelona, del 6 de marzo al 31 de marzo de 2023.<\/p>\n<p>Buscamos mentes art\u00edsticas y curiosas que deseen crear proyectos inmersivos e interactivos con equipos interdisciplinares.<\/p>\n<p>Una residencia creativa en Barcelona, ESPRONCEDA- Instituto de Arte y Cultura, durante 3 semanas para crear proyectos y prototipos utilizando tecnolog\u00edas avanzadas: XR, AI, esc\u00e1neres, sensores, hologramas, proyecci\u00f3n 360\/sonido y h\u00e1ptica.<\/p>\n<p>&nbsp;<\/p>\n<p>Plazo hasta el 6 de febrero[\/vc_column_text]<style>.ld_spacer_6a093c50043bb{height:15px;}<\/style>\n<div class=\"ld-empty-space ld_spacer_6a093c50043bb\"><span class=\"liquid_empty_space_inner\"><\/span><\/div>[vc_btn title=\u00bbReg\u00edstrate\u00bb style=\u00bb3d\u00bb color=\u00bbviolet\u00bb size=\u00bblg\u00bb css_animation=\u00bbslideInRight\u00bb link=\u00bburl:https%3A%2F%2Fdocs.google.com%2Fforms%2Fd%2Fe%2F1FAIpQLSdPKByBhs_3EES6kqxM2tw1g4qWu8yJqG4-lPO9YJ8iJw1IWw%2Fviewform%3Fusp%3Dsf_link|title:Google%20Forms|target:%20_blank|\u00bb]<style>.ld_spacer_6a093c5004446{height:32px;}<\/style>\n<div class=\"ld-empty-space ld_spacer_6a093c5004446\"><span class=\"liquid_empty_space_inner\"><\/span><\/div>[vc_column_text]<\/p>\n<p><strong><span style=\"font-size: 18px;\">BASES: RESIDENCIA INTERNACIONAL INMENSIVA 2023<\/span><\/strong><\/p>\n<p>&nbsp;<\/p>\n<p>Localizaci\u00f3n: ESPRONCEDA- Instituto de Arte y Cultura, Barcelona<br \/>\nFechas: Del 6 de marzo al 31 de marzo de 2022<br \/>\nN\u00famero de participantes: 10 artistas\/ creativos\/ desarrolladores t\u00e9cnicos.<br \/>\nParticipaci\u00f3n: por invitaci\u00f3n o Convocatoria Abierta.<\/p>\n<p>&nbsp;<\/p>\n<p>CONVOCATORIA ABIERTA<\/p>\n<p>Convocatoria p\u00fablica abierta hasta el 6 de febrero.<br \/>\nLos residentes seleccionados se anunciar\u00e1n el 7 de febrero por correo electr\u00f3nico a los participantes.<br \/>\nLa llegada a Barcelona podr\u00eda ser entre el 4 y el 7 de marzo, siendo el primer taller organizado el 8 de marzo.<br \/>\nel 8 de marzo.<br \/>\nLa residencia incluye:<br \/>\n1) Alojamiento en casas compartidas con habitaciones individuales y ba\u00f1o compartido.<br \/>\ncocina, sala de estar. Gratuito.<br \/>\n2) Acceso a todo el equipamiento t\u00e9cnico de ESPRONCEDA: port\u00e1tiles gamer, VR<br \/>\nproyectores (incluidos los hologr\u00e1ficos).<br \/>\n3) Talleres impartidos por expertos. Acceso gratuito. Sobre: Inteligencia Artificial, realidad virtual\/<br \/>\nrealidad extendida, narraci\u00f3n creativa, sonido 3D, creaci\u00f3n de instalaciones<br \/>\nliminales.<br \/>\n4) Visitas guiadas a instituciones clave de Barcelona: Hangar, CCCB, IDEAL, etc.<br \/>\nLa residencia no incluye<br \/>\n1) Gastos de viaje. Podr\u00edamos ayudar al artista a conseguir una beca enviando una carta de invitaci\u00f3n.<br \/>\nActualmente \u00abCulture Moves Europe\u00bb es una buena beca. Hay otras disponibles.<br \/>\n2) Honorarios o dietas. ESPRONCEDA no ofrece ninguna subvenci\u00f3n por estos conceptos.<br \/>\nA veces hay subvenciones nacionales disponibles para ello.<br \/>\n3) Seguros.<\/p>\n<p>METODOLOG\u00cdA de la RESIDENCIA<br \/>\nTema del 2023: \u00a1S\u00e9 irreverente!<br \/>\nLos proyectos deben ser nuevas producciones\/ ideas.<br \/>\nProyecto por equipos, animamos a la creaci\u00f3n de equipos: 2\/3 miembros para negociar y<br \/>\ncrear juntos un proyecto desde el concepto hasta la realizaci\u00f3n.<br \/>\n&#8211; Primera semana: Taller de creaci\u00f3n de equipos\/ talleres t\u00e9cnicos iniciales\/ creaci\u00f3n de equipos.<br \/>\n&#8211; Segunda semana: talleres t\u00e9cnicos\/visitas institucionales<br \/>\n&#8211; Tercera semana: trabajo en los proyectos de equipo.<br \/>\n&#8211; Cuarta semana: Pitch ante el jurado\/ presentaci\u00f3n de prototipos en la sala de exposiciones de Espronceda.<\/p>\n<p>FLEXIBILIDAD de la RESIDENCIA:<br \/>\nLa residencia es presencial en Barcelona, pero podr\u00edamos ser flexibles con la agenda de<br \/>\ndel participante. M\u00ednimo en Barcelona: 2 semanas. Recomendable 1\u00aa semana (creaci\u00f3n de<br \/>\nequipos) y \u00faltima semana (implementaci\u00f3n de los proyectos).<\/p>\n<p>&nbsp;<\/p>\n<p>[\/vc_column_text]<style>.ld_spacer_6a093c50044ca{height:50px;}<\/style>\n<div class=\"ld-empty-space ld_spacer_6a093c50044ca\"><span class=\"liquid_empty_space_inner\"><\/span><\/div>[\/vc_column][\/vc_row][vc_row css=\u00bb.vc_custom_1623752758394{background-color: #2555e8 !important;}\u00bb][vc_column]<style>.ld_spacer_6a093c500454a{height:32px;}<\/style>\n<div class=\"ld-empty-space ld_spacer_6a093c500454a\"><span class=\"liquid_empty_space_inner\"><\/span><\/div>[vc_column_text]<strong><span style=\"color: #00ffff;\">International and national partners:<\/span><\/strong><\/p>\n<p>[\/vc_column_text]<style>.ld_spacer_6a093c50045c8{height:32px;}<\/style>\n<div class=\"ld-empty-space ld_spacer_6a093c50045c8\"><span class=\"liquid_empty_space_inner\"><\/span><\/div>[\/vc_column][vc_column][vc_gallery type=\u00bbimage_grid\u00bb images=\u00bb10874,10877,10850,10847,10868,10844,10862,10856,10859&#8243; img_size=\u00bbmedium\u00bb][\/vc_column][\/vc_row]<\/p>\n<\/div>","protected":false},"excerpt":{"rendered":"<p>[vc_row][vc_column][vc_column_text] CONVOCATORIA ABIERTA: RESIDENCIA IMMENSIVA 2023 [\/vc_column_text][vc_single_image image=\u00bb12480&#8243; img_size=\u00bblarge\u00bb alignment=\u00bbcenter\u00bb onclick=\u00bbcustom_link\u00bb img_link_target=\u00bb_blank\u00bb link=\u00bbhttps:%2F%2Fdocs.google.com%2Fforms%2Fd%2Fe%2F1FAIpQLSdPKByBhs_3EES6kqxM2tw1g4qWu8yJqG4-lPO9YJ8iJw1IWw%2Fviewform%3Fusp%3Dsf_link|\u00bb][\/vc_column][\/vc_row][vc_row][vc_column][vc_column_text]BE IRREVERENT: Residencia&#8230;<\/p>\n","protected":false},"author":2,"featured_media":0,"parent":0,"menu_order":0,"comment_status":"closed","ping_status":"closed","template":"","meta":{"footnotes":""},"featured_image_urls":{"full":"","thumbnail":"","medium":"","medium_large":"","large":"","1536x1536":"","2048x2048":"","awb_sm":"","awb_md":"","awb_lg":"","awb_xl":"","liquid-default-blog":"","liquid-standard-blog":"","liquid-featured-blog":"","liquid-rounded-blog":"","liquid-classic-meta-blog":"","liquid-classic-2-blog":"","liquid-grid":"","liquid-split-blog":"","liquid-classic-full-blog":"","liquid-metro-blog":"","liquid-timeline-blog":"","liquid-carousel-blog":"","liquid-square-blog":"","liquid-candy-blog":"","liquid-category-blog":"","liquid-cover-post":"","liquid-default-post":"","liquid-cover-spaced":"","liquid-masonry-shortest":"","liquid-masonry-short":"","liquid-masonry-tall":"","liquid-masonry-taller":"","liquid-medium":"","liquid-large":"","liquid-thumbnail":"","liquid-masonry-header-small":"","liquid-masonry-header-big":"","liquid-thumbnail-post":"","liquid-small-blog":"","liquid-related-post":"","liquid-portfolio":"","liquid-portfolio-sq":"","liquid-portfolio-big-sq":"","liquid-portfolio-portrait":"","liquid-portfolio-wide":"","liquid-packery-wide":"","liquid-packery-portrait":"","liquid-grid-hover-overlay":"","liquid-grid-hover-classic":"","liquid-grid-hover-3d":"","liquid-grid-caption":"","liquid-large-slider":"","liquid-widget":"","liquid-portfolio-vertical-overlay":""},"post_excerpt_stackable":"<p>[vc_row][vc_column] [vc_column_text] CONVOCATORIA ABIERTA: RESIDENCIA IMMENSIVA 2023 [\/vc_column_text] [vc_single_image image=\u00bb12480&#8243; img_size=\u00bblarge\u00bb alignment=\u00bbcenter\u00bb onclick=\u00bbcustom_link\u00bb img_link_target=\u00bb_blank\u00bb link=\u00bbhttps:%2F%2Fdocs.google.com%2Fforms%2Fd%2Fe%2F1FAIpQLSdPKByBhs_3EES6kqxM2tw1g4qWu8yJqG4-lPO9YJ8iJw1IWw%2Fviewform%3Fusp%3Dsf_link|\u00bb] [\/vc_column][\/vc_row][vc_row][vc_column][vc_column_text]BE IRREVERENT: Residencia internacional para mentes visionarias y art\u00edsticas Barcelona, del 6 de marzo al 31 de marzo de 2023. Buscamos mentes art\u00edsticas y curiosas que deseen crear proyectos inmersivos e interactivos con equipos interdisciplinares. Una residencia creativa en Barcelona, ESPRONCEDA- Instituto de Arte y Cultura, durante 3 semanas para crear proyectos y prototipos utilizando tecnolog\u00edas avanzadas: XR, AI, esc\u00e1neres, sensores, hologramas, proyecci\u00f3n 360\/sonido y h\u00e1ptica. &nbsp; Plazo hasta el 6 de febrero[\/vc_column_text] [vc_btn title=\u00bbReg\u00edstrate\u00bb style=\u00bb3d\u00bb color=\u00bbviolet\u00bb size=\u00bblg\u00bb css_animation=\u00bbslideInRight\u00bb link=\u00bburl:https%3A%2F%2Fdocs.google.com%2Fforms%2Fd%2Fe%2F1FAIpQLSdPKByBhs_3EES6kqxM2tw1g4qWu8yJqG4-lPO9YJ8iJw1IWw%2Fviewform%3Fusp%3Dsf_link|title:Google%20Forms|target:%20_blank|\u00bb] [vc_column_text] BASES: RESIDENCIA INTERNACIONAL INMENSIVA&hellip;<\/p>\n","category_list":"","author_info":{"name":"vitor","url":"https:\/\/www.immensiva.com\/es\/author\/vitor\/"},"comments_num":"0 comentarios","yoast_head":"<!-- This site is optimized with the Yoast SEO plugin v22.5 - https:\/\/yoast.com\/wordpress\/plugins\/seo\/ -->\n<title>Residencia Internacional Immensiva 2023: Proyectos inmersivos.<\/title>\n<meta name=\"description\" content=\"Residencia creativa de 3 semanas para impulsar proyectos utilizando tecnolog\u00edas avanzadas: XR, AI, hologramas, proyecci\u00f3n 360\u00ba y mucho m\u00e1s.\" \/>\n<meta name=\"robots\" content=\"index, follow, max-snippet:-1, max-image-preview:large, max-video-preview:-1\" \/>\n<link rel=\"canonical\" href=\"https:\/\/www.immensiva.com\/es\/convocatoria-abierta-residencia-immensiva-2023\/\" \/>\n<meta property=\"og:locale\" content=\"es_ES\" \/>\n<meta property=\"og:type\" content=\"article\" \/>\n<meta property=\"og:title\" content=\"Residencia Internacional Immensiva 2023: Proyectos inmersivos.\" \/>\n<meta property=\"og:description\" content=\"Residencia creativa de 3 semanas para impulsar proyectos utilizando tecnolog\u00edas avanzadas: XR, AI, hologramas, proyecci\u00f3n 360\u00ba y mucho m\u00e1s.\" \/>\n<meta property=\"og:url\" content=\"https:\/\/www.immensiva.com\/es\/convocatoria-abierta-residencia-immensiva-2023\/\" \/>\n<meta property=\"og:site_name\" content=\"IMMENSIVA\" \/>\n<meta property=\"article:modified_time\" content=\"2024-04-15T12:07:38+00:00\" \/>\n<meta name=\"twitter:card\" content=\"summary_large_image\" \/>\n<meta name=\"twitter:label1\" content=\"Tiempo de lectura\" \/>\n\t<meta name=\"twitter:data1\" content=\"2 minutos\" \/>\n<script type=\"application\/ld+json\" class=\"yoast-schema-graph\">{\"@context\":\"https:\/\/schema.org\",\"@graph\":[{\"@type\":\"WebPage\",\"@id\":\"https:\/\/www.immensiva.com\/es\/convocatoria-abierta-residencia-immensiva-2023\/\",\"url\":\"https:\/\/www.immensiva.com\/es\/convocatoria-abierta-residencia-immensiva-2023\/\",\"name\":\"Residencia Internacional Immensiva 2023: Proyectos inmersivos.\",\"isPartOf\":{\"@id\":\"https:\/\/www.immensiva.com\/#website\"},\"datePublished\":\"2023-01-10T09:48:06+00:00\",\"dateModified\":\"2024-04-15T12:07:38+00:00\",\"description\":\"Residencia creativa de 3 semanas para impulsar proyectos utilizando tecnolog\u00edas avanzadas: XR, AI, hologramas, proyecci\u00f3n 360\u00ba y mucho m\u00e1s.\",\"breadcrumb\":{\"@id\":\"https:\/\/www.immensiva.com\/es\/convocatoria-abierta-residencia-immensiva-2023\/#breadcrumb\"},\"inLanguage\":\"es\",\"potentialAction\":[{\"@type\":\"ReadAction\",\"target\":[\"https:\/\/www.immensiva.com\/es\/convocatoria-abierta-residencia-immensiva-2023\/\"]}]},{\"@type\":\"BreadcrumbList\",\"@id\":\"https:\/\/www.immensiva.com\/es\/convocatoria-abierta-residencia-immensiva-2023\/#breadcrumb\",\"itemListElement\":[{\"@type\":\"ListItem\",\"position\":1,\"name\":\"Home\",\"item\":\"https:\/\/www.immensiva.com\/es\/\"},{\"@type\":\"ListItem\",\"position\":2,\"name\":\"CONVOCATORIA ABIERTA: RESIDENCIA IMMENSIVA 2023\"}]},{\"@type\":\"WebSite\",\"@id\":\"https:\/\/www.immensiva.com\/#website\",\"url\":\"https:\/\/www.immensiva.com\/\",\"name\":\"IMMENSIVA\",\"description\":\"Focusing on VR, AR, XR art &amp; AI art\",\"potentialAction\":[{\"@type\":\"SearchAction\",\"target\":{\"@type\":\"EntryPoint\",\"urlTemplate\":\"https:\/\/www.immensiva.com\/?s={search_term_string}\"},\"query-input\":\"required name=search_term_string\"}],\"inLanguage\":\"es\"}]}<\/script>\n<!-- \/ Yoast SEO plugin. -->","yoast_head_json":{"title":"Residencia Internacional Immensiva 2023: Proyectos inmersivos.","description":"Residencia creativa de 3 semanas para impulsar proyectos utilizando tecnolog\u00edas avanzadas: XR, AI, hologramas, proyecci\u00f3n 360\u00ba y mucho m\u00e1s.","robots":{"index":"index","follow":"follow","max-snippet":"max-snippet:-1","max-image-preview":"max-image-preview:large","max-video-preview":"max-video-preview:-1"},"canonical":"https:\/\/www.immensiva.com\/es\/convocatoria-abierta-residencia-immensiva-2023\/","og_locale":"es_ES","og_type":"article","og_title":"Residencia Internacional Immensiva 2023: Proyectos inmersivos.","og_description":"Residencia creativa de 3 semanas para impulsar proyectos utilizando tecnolog\u00edas avanzadas: XR, AI, hologramas, proyecci\u00f3n 360\u00ba y mucho m\u00e1s.","og_url":"https:\/\/www.immensiva.com\/es\/convocatoria-abierta-residencia-immensiva-2023\/","og_site_name":"IMMENSIVA","article_modified_time":"2024-04-15T12:07:38+00:00","twitter_card":"summary_large_image","twitter_misc":{"Tiempo de lectura":"2 minutos"},"schema":{"@context":"https:\/\/schema.org","@graph":[{"@type":"WebPage","@id":"https:\/\/www.immensiva.com\/es\/convocatoria-abierta-residencia-immensiva-2023\/","url":"https:\/\/www.immensiva.com\/es\/convocatoria-abierta-residencia-immensiva-2023\/","name":"Residencia Internacional Immensiva 2023: Proyectos inmersivos.","isPartOf":{"@id":"https:\/\/www.immensiva.com\/#website"},"datePublished":"2023-01-10T09:48:06+00:00","dateModified":"2024-04-15T12:07:38+00:00","description":"Residencia creativa de 3 semanas para impulsar proyectos utilizando tecnolog\u00edas avanzadas: XR, AI, hologramas, proyecci\u00f3n 360\u00ba y mucho m\u00e1s.","breadcrumb":{"@id":"https:\/\/www.immensiva.com\/es\/convocatoria-abierta-residencia-immensiva-2023\/#breadcrumb"},"inLanguage":"es","potentialAction":[{"@type":"ReadAction","target":["https:\/\/www.immensiva.com\/es\/convocatoria-abierta-residencia-immensiva-2023\/"]}]},{"@type":"BreadcrumbList","@id":"https:\/\/www.immensiva.com\/es\/convocatoria-abierta-residencia-immensiva-2023\/#breadcrumb","itemListElement":[{"@type":"ListItem","position":1,"name":"Home","item":"https:\/\/www.immensiva.com\/es\/"},{"@type":"ListItem","position":2,"name":"CONVOCATORIA ABIERTA: RESIDENCIA IMMENSIVA 2023"}]},{"@type":"WebSite","@id":"https:\/\/www.immensiva.com\/#website","url":"https:\/\/www.immensiva.com\/","name":"IMMENSIVA","description":"Focusing on VR, AR, XR art &amp; AI art","potentialAction":[{"@type":"SearchAction","target":{"@type":"EntryPoint","urlTemplate":"https:\/\/www.immensiva.com\/?s={search_term_string}"},"query-input":"required name=search_term_string"}],"inLanguage":"es"}]}},"_links":{"self":[{"href":"https:\/\/www.immensiva.com\/es\/wp-json\/wp\/v2\/pages\/11196"}],"collection":[{"href":"https:\/\/www.immensiva.com\/es\/wp-json\/wp\/v2\/pages"}],"about":[{"href":"https:\/\/www.immensiva.com\/es\/wp-json\/wp\/v2\/types\/page"}],"author":[{"embeddable":true,"href":"https:\/\/www.immensiva.com\/es\/wp-json\/wp\/v2\/users\/2"}],"replies":[{"embeddable":true,"href":"https:\/\/www.immensiva.com\/es\/wp-json\/wp\/v2\/comments?post=11196"}],"version-history":[{"count":4,"href":"https:\/\/www.immensiva.com\/es\/wp-json\/wp\/v2\/pages\/11196\/revisions"}],"predecessor-version":[{"id":12486,"href":"https:\/\/www.immensiva.com\/es\/wp-json\/wp\/v2\/pages\/11196\/revisions\/12486"}],"wp:attachment":[{"href":"https:\/\/www.immensiva.com\/es\/wp-json\/wp\/v2\/media?parent=11196"}],"curies":[{"name":"wp","href":"https:\/\/api.w.org\/{rel}","templated":true}]}}