{"id":11401,"date":"2024-02-23T01:57:44","date_gmt":"2024-02-23T00:57:44","guid":{"rendered":"https:\/\/www.immensiva.com\/open-call-immensiva-residence-2024\/"},"modified":"2025-01-15T18:18:56","modified_gmt":"2025-01-15T17:18:56","slug":"open-call-immensiva-residence-2024","status":"publish","type":"page","link":"https:\/\/www.immensiva.com\/es\/open-call-immensiva-residence-2024\/","title":{"rendered":"OPEN CALL : IMMENSIVA RESIDENCE 2024"},"content":{"rendered":"<div class=\"wpb-content-wrapper\"><p>[vc_row][vc_column][vc_row_inner][vc_column_inner]<style>.ld_spacer_69f417a4767f6{height:200px;}<\/style>\n<div class=\"ld-empty-space ld_spacer_69f417a4767f6\"><span class=\"liquid_empty_space_inner\"><\/span><\/div>[vc_column_text css=\u00bb\u00bb]<\/p>\r\n<h2 style=\"text-align: center;\"><strong>IMMENSIVA RESIDENCE 2024<\/strong><\/h2>\r\n<p>[\/vc_column_text]<style>.ld_spacer_69f417a4768d7{height:32px;}<\/style>\n<div class=\"ld-empty-space ld_spacer_69f417a4768d7\"><span class=\"liquid_empty_space_inner\"><\/span><\/div>[\/vc_column_inner][\/vc_row_inner][vc_column_text css=\u00bb\u00bb]<\/p>\r\n<p>[vc_row][vc_column width=\u00bb1\/1&#8243;][vc_column_text]<\/p>\r\n<figure class=\"wp-block-image size-large is-resized\"><img loading=\"lazy\" decoding=\"async\" class=\"aligncenter wp-image-12490 size-large lazyload\" data-src=\"https:\/\/www.immensiva.com\/wp-content\/uploads\/2024\/04\/IMMENSIVA-RESIDENCE-2024-731x1024.webp\" alt=\"\" width=\"731\" height=\"1024\" data-srcset=\"https:\/\/www.immensiva.com\/wp-content\/uploads\/2024\/04\/IMMENSIVA-RESIDENCE-2024-731x1024.webp 731w, https:\/\/www.immensiva.com\/wp-content\/uploads\/2024\/04\/IMMENSIVA-RESIDENCE-2024-214x300.webp 214w, https:\/\/www.immensiva.com\/wp-content\/uploads\/2024\/04\/IMMENSIVA-RESIDENCE-2024.webp 800w\" data-sizes=\"(max-width: 731px) 100vw, 731px\" src=\"data:image\/gif;base64,R0lGODlhAQABAAAAACH5BAEKAAEALAAAAAABAAEAAAICTAEAOw==\" style=\"--smush-placeholder-width: 731px; --smush-placeholder-aspect-ratio: 731\/1024;\" \/><noscript><img loading=\"lazy\" decoding=\"async\" class=\"aligncenter wp-image-12490 size-large\" src=\"https:\/\/www.immensiva.com\/wp-content\/uploads\/2024\/04\/IMMENSIVA-RESIDENCE-2024-731x1024.webp\" alt=\"\" width=\"731\" height=\"1024\" srcset=\"https:\/\/www.immensiva.com\/wp-content\/uploads\/2024\/04\/IMMENSIVA-RESIDENCE-2024-731x1024.webp 731w, https:\/\/www.immensiva.com\/wp-content\/uploads\/2024\/04\/IMMENSIVA-RESIDENCE-2024-214x300.webp 214w, https:\/\/www.immensiva.com\/wp-content\/uploads\/2024\/04\/IMMENSIVA-RESIDENCE-2024.webp 800w\" sizes=\"(max-width: 731px) 100vw, 731px\" \/><\/noscript><\/figure>\r\n\r\n<p>&nbsp;<\/p>\r\n\r\n<p>&nbsp;<\/p>\r\n\r\n<p>&nbsp;<\/p>\r\n\r\n<div class=\"wp-block-stackable-subtitle stk-block-subtitle stk-block stk-b7055be\" data-block-id=\"b7055be\">\r\n<p style=\"text-align: left;\">Localizaci\u00f3n: ESPRONCEDA- Instituto de Arte y Cultura, Barcelona<br \/>Fechas: Del 2 al 26 de abril de 2024.<br \/>N\u00famero de participantes: 8 artistas\/ creativos\/ t\u00e9cnicos (4 residentes en Catalu\u00f1a y 4 residentes en otros pa\u00edses).<br \/>Participaci\u00f3n: por invitaci\u00f3n o solicitud Open Call.<\/p>\r\n<p style=\"text-align: left;\"><strong>FORMULARIO DE INSCRIPCI\u00d3N:<\/strong> <a href=\"https:\/\/forms.gle\/8iFdR8v5wNJsfV4M6\">https:\/\/forms.gle\/8iFdR8v5wNJsfV4M6<\/a><\/p>\r\n<p style=\"text-align: left;\"><strong>CONVOCATORIA ABIERTA<\/strong><br \/>Convocatoria p\u00fablica abierta hasta el 8 de marzo<br \/>Los residentes seleccionados ser\u00e1n anunciados el 11 de marzo por correo electr\u00f3nico.<br \/>La llegada a Barcelona podr\u00eda ser entre el 2 y el 3 de abril, siendo la presentaci\u00f3n de los residentes y el primer taller organizado el 4 de abril.<\/p>\r\n<p style=\"text-align: left;\"><strong>La residencia en Barcelona incluye:<\/strong><\/p>\r\n<p style=\"text-align: left;\">Espacio de trabajo con acceso a todo el equipamiento t\u00e9cnico de Espronceda (port\u00e1tiles gamer, cascos VR, proyectores -incluidos hologr\u00e1ficos-, material h\u00e1ptico, sistema de sonido 3d, Tvss LED, c\u00e1maras y m\u00e1s).<br \/>Alojamiento en las casas de artistas de Espronceda (ofrecido s\u00f3lo a artistas internacionales (4)<br \/>Participaci\u00f3n en talleres organizados por expertos en IA, sonido 3D, experiencias inmersivas, etc.<br \/>Visitas organizadas a espacios creativos y centros de Arte clave en Barcelona (CCCB, Design HUB, Macba, Hangar, IDEAL, Mutek Festival ).<br \/>Participaci\u00f3n en la exposici\u00f3n final.<\/p>\r\n<p style=\"text-align: left;\"><strong>La residencia no incluye:<\/strong><\/p>\r\n<p style=\"text-align: left;\">Coste del viaje. Podemos ayudarte a conseguir una beca para ello de los programas de movilidad internacional.<br \/>Estipendios o tasas.<br \/>Seguros.<br \/>Los talleres impartidos por expertos est\u00e1n incluidos para todos los participantes. Temas:<br \/>Creaci\u00f3n de comunidad creativa y team building<br \/>Econom\u00eda circular en proyectos creativos y culturales<br \/>Narrativa creativa y de impacto social<br \/>Tecnolog\u00edas avanzadas: h\u00e1ptica y proyecciones hologr\u00e1ficas<br \/>Inteligencia artificial creativa<\/p>\r\n<p style=\"text-align: left;\"><strong>METODOLOG\u00cdA de la RESIDENCIA<\/strong><br \/><strong>Tema de 2024: LA INMENSIDAD DE GAIA.<\/strong><\/p>\r\n<p style=\"text-align: left;\">Visiones innovadoras sobre Sostenibilidad, Ecolog\u00eda y ODS. El tema se basa en la Hip\u00f3tesis GAIA:<br \/><a href=\"https:\/\/en.wikipedia.org\/wiki\/Gaia_hypothesis\">https:\/\/en.wikipedia.org\/wiki\/Gaia_hypothesis<\/a><\/p>\r\n<p style=\"text-align: left;\">Los proyectos deben ser nuevas producciones \/ ideas.<br \/>Los proyectos se crear\u00e1n en equipo, animamos a la creaci\u00f3n de equipos: 2\/3 miembros que negociar\u00e1n y crear\u00e1n un proyecto juntos, desde el concepto hasta el prototipo.<\/p>\r\n<p style=\"text-align: left;\">&#8211; Primera semana: Taller de creaci\u00f3n de equipos \/ talleres t\u00e9cnicos iniciales \/ creaci\u00f3n de equipos.<br \/>&#8211; Segunda semana: talleres tecnol\u00f3gicos \/ visitas institucionales<br \/>&#8211; Tercera semana: trabajo en los proyectos de equipo con los mentores y comisarios de IMMENSIVA.<br \/>&#8211; Cuarta semana: Pitch online al jurado internacional \/ los prototipos se mostrar\u00e1n en la sala de exposiciones de Espronceda.<\/p>\r\n<p style=\"text-align: left;\"><strong>FLEXIBILIDAD de la RESIDENCIA:<\/strong><br \/>La residencia es presencial estando en Barcelona, pero puede ser flexible con la agenda de los participantes, con una estancia m\u00ednima de 2 semanas en Barcelona. Se recomienda 1\u00aa semana (creaci\u00f3n de equipos) y \u00faltima semana (puesta en marcha de los proyectos).<\/p>\r\n<\/div>\r\n<p>[\/vc_column_text][\/vc_column][\/vc_row]<\/p><\/div>","protected":false},"excerpt":{"rendered":"<p>[vc_row][vc_column][vc_row_inner][vc_column_inner][vc_column_text css=\u00bb\u00bb] IMMENSIVA RESIDENCE 2024 [\/vc_column_text][\/vc_column_inner][\/vc_row_inner][vc_column_text css=\u00bb\u00bb] [vc_row][vc_column width=\u00bb1\/1&#8243;][vc_column_text] &nbsp; &nbsp; &nbsp; Localizaci\u00f3n: ESPRONCEDA- Instituto&#8230;<\/p>\n","protected":false},"author":2,"featured_media":0,"parent":0,"menu_order":0,"comment_status":"closed","ping_status":"closed","template":"","meta":{"footnotes":""},"featured_image_urls":{"full":"","thumbnail":"","medium":"","medium_large":"","large":"","1536x1536":"","2048x2048":"","awb_sm":"","awb_md":"","awb_lg":"","awb_xl":"","liquid-default-blog":"","liquid-standard-blog":"","liquid-featured-blog":"","liquid-rounded-blog":"","liquid-classic-meta-blog":"","liquid-classic-2-blog":"","liquid-grid":"","liquid-split-blog":"","liquid-classic-full-blog":"","liquid-metro-blog":"","liquid-timeline-blog":"","liquid-carousel-blog":"","liquid-square-blog":"","liquid-candy-blog":"","liquid-category-blog":"","liquid-cover-post":"","liquid-default-post":"","liquid-cover-spaced":"","liquid-masonry-shortest":"","liquid-masonry-short":"","liquid-masonry-tall":"","liquid-masonry-taller":"","liquid-medium":"","liquid-large":"","liquid-thumbnail":"","liquid-masonry-header-small":"","liquid-masonry-header-big":"","liquid-thumbnail-post":"","liquid-small-blog":"","liquid-related-post":"","liquid-portfolio":"","liquid-portfolio-sq":"","liquid-portfolio-big-sq":"","liquid-portfolio-portrait":"","liquid-portfolio-wide":"","liquid-packery-wide":"","liquid-packery-portrait":"","liquid-grid-hover-overlay":"","liquid-grid-hover-classic":"","liquid-grid-hover-3d":"","liquid-grid-caption":"","liquid-large-slider":"","liquid-widget":"","liquid-portfolio-vertical-overlay":""},"post_excerpt_stackable":"<p>[vc_row][vc_column][vc_row_inner][vc_column_inner] [vc_column_text css=\u00bb\u00bb] IMMENSIVA RESIDENCE 2024 [\/vc_column_text] [\/vc_column_inner][\/vc_row_inner][vc_column_text css=\u00bb\u00bb] [vc_row][vc_column width=\u00bb1\/1&#8243;][vc_column_text] &nbsp; &nbsp; &nbsp; Localizaci\u00f3n: ESPRONCEDA- Instituto de Arte y Cultura, BarcelonaFechas: Del 2 al 26 de abril de 2024.N\u00famero de participantes: 8 artistas\/ creativos\/ t\u00e9cnicos (4 residentes en Catalu\u00f1a y 4 residentes en otros pa\u00edses).Participaci\u00f3n: por invitaci\u00f3n o solicitud Open Call. FORMULARIO DE INSCRIPCI\u00d3N: https:\/\/forms.gle\/8iFdR8v5wNJsfV4M6 CONVOCATORIA ABIERTAConvocatoria p\u00fablica abierta hasta el 8 de marzoLos residentes seleccionados ser\u00e1n anunciados el 11 de marzo por correo electr\u00f3nico.La llegada a Barcelona podr\u00eda ser entre el 2 y el 3 de abril, siendo la presentaci\u00f3n de los residentes y el primer taller organizado&hellip;<\/p>\n","category_list":"","author_info":{"name":"vitor","url":"https:\/\/www.immensiva.com\/es\/author\/vitor\/"},"comments_num":"0 comentarios","yoast_head":"<!-- This site is optimized with the Yoast SEO plugin v22.5 - https:\/\/yoast.com\/wordpress\/plugins\/seo\/ -->\n<title>Open Call: Immensiva Residence 2024<\/title>\n<meta name=\"description\" content=\"Un oportunidad \u00fanica para desarrollar tu proyecto de arte digital y participar en talleres organizados por expertos en IA, sonido 3D y experiencias inmersivas.\" \/>\n<meta name=\"robots\" content=\"index, follow, max-snippet:-1, max-image-preview:large, max-video-preview:-1\" \/>\n<link rel=\"canonical\" href=\"https:\/\/www.immensiva.com\/es\/open-call-immensiva-residence-2024\/\" \/>\n<meta property=\"og:locale\" content=\"es_ES\" \/>\n<meta property=\"og:type\" content=\"article\" \/>\n<meta property=\"og:title\" content=\"Open Call: Immensiva Residence 2024\" \/>\n<meta property=\"og:description\" content=\"Un oportunidad \u00fanica para desarrollar tu proyecto de arte digital y participar en talleres organizados por expertos en IA, sonido 3D y experiencias inmersivas.\" \/>\n<meta property=\"og:url\" content=\"https:\/\/www.immensiva.com\/es\/open-call-immensiva-residence-2024\/\" \/>\n<meta property=\"og:site_name\" content=\"IMMENSIVA\" \/>\n<meta property=\"article:modified_time\" content=\"2025-01-15T17:18:56+00:00\" \/>\n<meta property=\"og:image\" content=\"https:\/\/www.immensiva.com\/wp-content\/uploads\/2024\/04\/IMMENSIVA-RESIDENCE-2024-731x1024.webp\" \/>\n<meta name=\"twitter:card\" content=\"summary_large_image\" \/>\n<meta name=\"twitter:label1\" content=\"Tiempo de lectura\" \/>\n\t<meta name=\"twitter:data1\" content=\"3 minutos\" \/>\n<script type=\"application\/ld+json\" class=\"yoast-schema-graph\">{\"@context\":\"https:\/\/schema.org\",\"@graph\":[{\"@type\":\"WebPage\",\"@id\":\"https:\/\/www.immensiva.com\/es\/open-call-immensiva-residence-2024\/\",\"url\":\"https:\/\/www.immensiva.com\/es\/open-call-immensiva-residence-2024\/\",\"name\":\"Open Call: Immensiva Residence 2024\",\"isPartOf\":{\"@id\":\"https:\/\/www.immensiva.com\/#website\"},\"primaryImageOfPage\":{\"@id\":\"https:\/\/www.immensiva.com\/es\/open-call-immensiva-residence-2024\/#primaryimage\"},\"image\":{\"@id\":\"https:\/\/www.immensiva.com\/es\/open-call-immensiva-residence-2024\/#primaryimage\"},\"thumbnailUrl\":\"https:\/\/www.immensiva.com\/wp-content\/uploads\/2024\/04\/IMMENSIVA-RESIDENCE-2024-731x1024.webp\",\"datePublished\":\"2024-02-23T00:57:44+00:00\",\"dateModified\":\"2025-01-15T17:18:56+00:00\",\"description\":\"Un oportunidad \u00fanica para desarrollar tu proyecto de arte digital y participar en talleres organizados por expertos en IA, sonido 3D y experiencias inmersivas.\",\"breadcrumb\":{\"@id\":\"https:\/\/www.immensiva.com\/es\/open-call-immensiva-residence-2024\/#breadcrumb\"},\"inLanguage\":\"es\",\"potentialAction\":[{\"@type\":\"ReadAction\",\"target\":[\"https:\/\/www.immensiva.com\/es\/open-call-immensiva-residence-2024\/\"]}]},{\"@type\":\"ImageObject\",\"inLanguage\":\"es\",\"@id\":\"https:\/\/www.immensiva.com\/es\/open-call-immensiva-residence-2024\/#primaryimage\",\"url\":\"https:\/\/www.immensiva.com\/wp-content\/uploads\/2024\/04\/IMMENSIVA-RESIDENCE-2024-731x1024.webp\",\"contentUrl\":\"https:\/\/www.immensiva.com\/wp-content\/uploads\/2024\/04\/IMMENSIVA-RESIDENCE-2024-731x1024.webp\"},{\"@type\":\"BreadcrumbList\",\"@id\":\"https:\/\/www.immensiva.com\/es\/open-call-immensiva-residence-2024\/#breadcrumb\",\"itemListElement\":[{\"@type\":\"ListItem\",\"position\":1,\"name\":\"Home\",\"item\":\"https:\/\/www.immensiva.com\/es\/\"},{\"@type\":\"ListItem\",\"position\":2,\"name\":\"OPEN CALL : IMMENSIVA RESIDENCE 2024\"}]},{\"@type\":\"WebSite\",\"@id\":\"https:\/\/www.immensiva.com\/#website\",\"url\":\"https:\/\/www.immensiva.com\/\",\"name\":\"IMMENSIVA\",\"description\":\"Focusing on VR, AR, XR art &amp; AI art\",\"potentialAction\":[{\"@type\":\"SearchAction\",\"target\":{\"@type\":\"EntryPoint\",\"urlTemplate\":\"https:\/\/www.immensiva.com\/?s={search_term_string}\"},\"query-input\":\"required name=search_term_string\"}],\"inLanguage\":\"es\"}]}<\/script>\n<!-- \/ Yoast SEO plugin. -->","yoast_head_json":{"title":"Open Call: Immensiva Residence 2024","description":"Un oportunidad \u00fanica para desarrollar tu proyecto de arte digital y participar en talleres organizados por expertos en IA, sonido 3D y experiencias inmersivas.","robots":{"index":"index","follow":"follow","max-snippet":"max-snippet:-1","max-image-preview":"max-image-preview:large","max-video-preview":"max-video-preview:-1"},"canonical":"https:\/\/www.immensiva.com\/es\/open-call-immensiva-residence-2024\/","og_locale":"es_ES","og_type":"article","og_title":"Open Call: Immensiva Residence 2024","og_description":"Un oportunidad \u00fanica para desarrollar tu proyecto de arte digital y participar en talleres organizados por expertos en IA, sonido 3D y experiencias inmersivas.","og_url":"https:\/\/www.immensiva.com\/es\/open-call-immensiva-residence-2024\/","og_site_name":"IMMENSIVA","article_modified_time":"2025-01-15T17:18:56+00:00","og_image":[{"url":"https:\/\/www.immensiva.com\/wp-content\/uploads\/2024\/04\/IMMENSIVA-RESIDENCE-2024-731x1024.webp"}],"twitter_card":"summary_large_image","twitter_misc":{"Tiempo de lectura":"3 minutos"},"schema":{"@context":"https:\/\/schema.org","@graph":[{"@type":"WebPage","@id":"https:\/\/www.immensiva.com\/es\/open-call-immensiva-residence-2024\/","url":"https:\/\/www.immensiva.com\/es\/open-call-immensiva-residence-2024\/","name":"Open Call: Immensiva Residence 2024","isPartOf":{"@id":"https:\/\/www.immensiva.com\/#website"},"primaryImageOfPage":{"@id":"https:\/\/www.immensiva.com\/es\/open-call-immensiva-residence-2024\/#primaryimage"},"image":{"@id":"https:\/\/www.immensiva.com\/es\/open-call-immensiva-residence-2024\/#primaryimage"},"thumbnailUrl":"https:\/\/www.immensiva.com\/wp-content\/uploads\/2024\/04\/IMMENSIVA-RESIDENCE-2024-731x1024.webp","datePublished":"2024-02-23T00:57:44+00:00","dateModified":"2025-01-15T17:18:56+00:00","description":"Un oportunidad \u00fanica para desarrollar tu proyecto de arte digital y participar en talleres organizados por expertos en IA, sonido 3D y experiencias inmersivas.","breadcrumb":{"@id":"https:\/\/www.immensiva.com\/es\/open-call-immensiva-residence-2024\/#breadcrumb"},"inLanguage":"es","potentialAction":[{"@type":"ReadAction","target":["https:\/\/www.immensiva.com\/es\/open-call-immensiva-residence-2024\/"]}]},{"@type":"ImageObject","inLanguage":"es","@id":"https:\/\/www.immensiva.com\/es\/open-call-immensiva-residence-2024\/#primaryimage","url":"https:\/\/www.immensiva.com\/wp-content\/uploads\/2024\/04\/IMMENSIVA-RESIDENCE-2024-731x1024.webp","contentUrl":"https:\/\/www.immensiva.com\/wp-content\/uploads\/2024\/04\/IMMENSIVA-RESIDENCE-2024-731x1024.webp"},{"@type":"BreadcrumbList","@id":"https:\/\/www.immensiva.com\/es\/open-call-immensiva-residence-2024\/#breadcrumb","itemListElement":[{"@type":"ListItem","position":1,"name":"Home","item":"https:\/\/www.immensiva.com\/es\/"},{"@type":"ListItem","position":2,"name":"OPEN CALL : IMMENSIVA RESIDENCE 2024"}]},{"@type":"WebSite","@id":"https:\/\/www.immensiva.com\/#website","url":"https:\/\/www.immensiva.com\/","name":"IMMENSIVA","description":"Focusing on VR, AR, XR art &amp; AI art","potentialAction":[{"@type":"SearchAction","target":{"@type":"EntryPoint","urlTemplate":"https:\/\/www.immensiva.com\/?s={search_term_string}"},"query-input":"required name=search_term_string"}],"inLanguage":"es"}]}},"_links":{"self":[{"href":"https:\/\/www.immensiva.com\/es\/wp-json\/wp\/v2\/pages\/11401"}],"collection":[{"href":"https:\/\/www.immensiva.com\/es\/wp-json\/wp\/v2\/pages"}],"about":[{"href":"https:\/\/www.immensiva.com\/es\/wp-json\/wp\/v2\/types\/page"}],"author":[{"embeddable":true,"href":"https:\/\/www.immensiva.com\/es\/wp-json\/wp\/v2\/users\/2"}],"replies":[{"embeddable":true,"href":"https:\/\/www.immensiva.com\/es\/wp-json\/wp\/v2\/comments?post=11401"}],"version-history":[{"count":10,"href":"https:\/\/www.immensiva.com\/es\/wp-json\/wp\/v2\/pages\/11401\/revisions"}],"predecessor-version":[{"id":13365,"href":"https:\/\/www.immensiva.com\/es\/wp-json\/wp\/v2\/pages\/11401\/revisions\/13365"}],"wp:attachment":[{"href":"https:\/\/www.immensiva.com\/es\/wp-json\/wp\/v2\/media?parent=11401"}],"curies":[{"name":"wp","href":"https:\/\/api.w.org\/{rel}","templated":true}]}}