{"id":13143,"date":"2024-12-07T21:18:37","date_gmt":"2024-12-07T20:18:37","guid":{"rendered":"https:\/\/www.immensiva.com\/immensiva-london-barcelona-2024\/"},"modified":"2024-12-09T12:35:53","modified_gmt":"2024-12-09T11:35:53","slug":"immensiva-london-barcelona-2024","status":"publish","type":"page","link":"https:\/\/www.immensiva.com\/es\/immensiva-london-barcelona-2024\/","title":{"rendered":"IMMENSIVA LONDON-BARCELONA 2024"},"content":{"rendered":"<div class=\"wpb-content-wrapper\"><p>[vc_row][vc_column]<style>.ld_spacer_69e15451db9a3{height:170px;}<\/style>\n<div class=\"ld-empty-space ld_spacer_69e15451db9a3\"><span class=\"liquid_empty_space_inner\"><\/span><\/div><style>.ld_fancy_heading_69e15451dbada .lqd-highlight-inner{height:0.275em;bottom:0px;}<\/style><div class=\"ld-fancy-heading text-center ld_fancy_heading_69e15451dbada\">\n\t<h1 class=\"lqd-highlight-underline lqd-highlight-grow-left\" ><span class=\"ld-fh-txt\"> <\/p>\n<p style=\"text-align: center\"><span style=\"font-size: 24px\"><b>IMMENSIVA LONDON-BARCELONA 2024: UN VIAJE DE INNOVACI\u00d3N Y ARTE INMERSIVO<\/b><\/span><\/p>\n<p><\/span><\/h1><\/div><style>.ld_spacer_69e15451e54b0{height:20px;}<\/style>\n<div class=\"ld-empty-space ld_spacer_69e15451e54b0\"><span class=\"liquid_empty_space_inner\"><\/span><\/div>[vc_gallery interval=\u00bb0&#8243; images=\u00bb13118&#8243; img_size=\u00bblarge\u00bb onclick=\u00bb\u00bb css=\u00bb\u00bb][vc_column_text css=\u00bb\u00bb]<span style=\"font-weight: 400;\">La residencia internacional <\/span><b>IMMENSIVA London-Barcelona 2024<\/b><span style=\"font-weight: 400;\">, organizada por <\/span><b>ESPRONCEDA \u2013 Institute of Art &amp; Culture<\/b><span style=\"font-weight: 400;\"> en colaboraci\u00f3n con el <\/span><b>Royal College of Art (RCA)<\/b><span style=\"font-weight: 400;\"> y <\/span><b>Off Site Project<\/b><span style=\"font-weight: 400;\">, reuni\u00f3 a seis artistas emergentes de Catalu\u00f1a y el Reino Unido en un programa interdisciplinario dise\u00f1ado para explorar y expandir las posibilidades de las tecnolog\u00edas inmersivas en el arte contempor\u00e1neo.<\/span><\/p>\n<h3><\/h3>\n<h4><b>Fechas y estructura del programa:\u00a0<\/b><\/h4>\n<ul>\n<li style=\"font-weight: 400;\" aria-level=\"1\"><span style=\"font-weight: 400;\">Londres (24-30 de junio de 2024): investigaci\u00f3n y conceptualizaci\u00f3n en el Royal College of Art.<\/span><\/li>\n<li style=\"font-weight: 400;\" aria-level=\"1\"><span style=\"font-weight: 400;\">Barcelona (15-26 de julio de 2024): desarrollo y prototipado en ESPRONCEDA, con acceso a tecnolog\u00edas avanzadas y visitas culturales.<\/span><\/li>\n<\/ul>\n<h3><\/h3>\n<h4><b>Artistas participantes:\u00a0<\/b><\/h4>\n<ul>\n<li style=\"font-weight: 400;\" aria-level=\"1\"><span style=\"font-weight: 400;\">Arnau Casanoves (@arnaucasanoves): creaciones multidisciplinarias que oscilan entre el nihilismo y el idealismo, utilizando t\u00e9cnicas como rob\u00f3tica, textiles y arte sonoro.<\/span><\/li>\n<li style=\"font-weight: 400;\" aria-level=\"1\"><span style=\"font-weight: 400;\">Adam Cole (@adamcole.studio): experiencias inmersivas que redefinen el cine tradicional mediante IA y tecnolog\u00eda digital.<\/span><\/li>\n<li style=\"font-weight: 400;\" aria-level=\"1\"><span style=\"font-weight: 400;\">Shae Myles (@shae.guava): narrativas visuales que combinan elementos juguetones con temas \u00edntimos y provocadores.<\/span><\/li>\n<li style=\"font-weight: 400;\" aria-level=\"1\"><span style=\"font-weight: 400;\">Didac Navarro (@ddidac.naso): historias virtuales creadas con Unreal Engine y tecnolog\u00edas de realidad extendida.<\/span><\/li>\n<li style=\"font-weight: 400;\" aria-level=\"1\"><span style=\"font-weight: 400;\">Jess Pemberton (@jess_pemberton): exploraci\u00f3n de la disfunci\u00f3n entre los mundos virtual y natural en experiencias interactivas.<\/span><\/li>\n<li style=\"font-weight: 400;\" aria-level=\"1\"><span style=\"font-weight: 400;\">Gerard Valls Monta\u00f1o (@bybygerardvisuals): instalaciones h\u00edbridas que transforman espacios f\u00edsicos en atm\u00f3sferas con resonancia social.<\/span><\/li>\n<\/ul>\n<p>[\/vc_column_text]<style>.ld_spacer_69e15451e558d{height:50px;}<\/style>\n<div class=\"ld-empty-space ld_spacer_69e15451e558d\"><span class=\"liquid_empty_space_inner\"><\/span><\/div>[vc_single_image image=\u00bb13121&#8243; img_size=\u00bbfull\u00bb css=\u00bb\u00bb]<style>.ld_spacer_69e15451e5627{height:30px;}<\/style>\n<div class=\"ld-empty-space ld_spacer_69e15451e5627\"><span class=\"liquid_empty_space_inner\"><\/span><\/div>[vc_column_text css=\u00bb\u00bb]<\/p>\n<h4><b>Etapa en Londres: investigaci\u00f3n y conceptualizaci\u00f3n<\/b><\/h4>\n<p><span style=\"font-weight: 400;\">Durante una semana en el <\/span><b>Royal College of Art<\/b><span style=\"font-weight: 400;\">, los residentes participaron en:<\/span><\/p>\n<ul>\n<li style=\"font-weight: 400;\" aria-level=\"1\"><span style=\"font-weight: 400;\">Talleres y visitas guiadas: exploraciones en instituciones como el Victoria &amp; Albert Museum, Gazelli Art House, y experiencias inmersivas en 180 Strand.<\/span><\/li>\n<li style=\"font-weight: 400;\" aria-level=\"1\"><span style=\"font-weight: 400;\">Colaboraciones creativas: networking con expertos y artistas locales para discutir las ra\u00edces hist\u00f3ricas y las proyecciones futuras de las tecnolog\u00edas inmersivas.<\/span><\/li>\n<li style=\"font-weight: 400;\" aria-level=\"1\"><span style=\"font-weight: 400;\">Desarrollo conceptual: creaci\u00f3n de propuestas para proyectos a desarrollar en la segunda fase en Barcelona.<\/span><\/li>\n<\/ul>\n<h3><\/h3>\n<h4><b>Etapa en Barcelona: desarrollo de prototipos<\/b><\/h4>\n<p><span style=\"font-weight: 400;\">En <\/span><b>ESPRONCEDA<\/b><span style=\"font-weight: 400;\">, los artistas materializaron sus ideas durante dos semanas intensivas:<\/span><\/p>\n<ul>\n<li style=\"font-weight: 400;\" aria-level=\"1\"><span style=\"font-weight: 400;\">Acceso a tecnolog\u00eda avanzada: herramientas de realidad virtual, aumentada y sistemas de sonido 3D.<\/span><\/li>\n<li style=\"font-weight: 400;\" aria-level=\"1\"><span style=\"font-weight: 400;\">Inspiraci\u00f3n cultural: visitas a lugares emblem\u00e1ticos como Casa Batll\u00f3, Torre Gl\u00f2ries, y el CCCB.<\/span><\/li>\n<li style=\"font-weight: 400;\" aria-level=\"1\"><span style=\"font-weight: 400;\">Prototipos colaborativos: creaci\u00f3n de obras inmersivas que fusionan arte y tecnolog\u00eda, destacando el potencial transformador de estas herramientas.<\/span><\/li>\n<\/ul>\n<p><b><br \/>\nPresentaci\u00f3n final: explorando el valor del cuerpo humano<\/b><\/p>\n<p><span style=\"font-weight: 400;\">El proyecto culminante se present\u00f3 en ESPRONCEDA, cuestionando c\u00f3mo la sociedad asigna valor al cuerpo humano. A trav\u00e9s de una impactante nstalaci\u00f3n que incluy\u00f3:<\/span><\/p>\n<ul>\n<li style=\"font-weight: 400;\" aria-level=\"1\"><span style=\"font-weight: 400;\">Un <\/span><b>\u00f3rgano pl\u00e1stico animado<\/b><span style=\"font-weight: 400;\"> confinado en una estructura que evoca una caja tor\u00e1cica.<\/span><\/li>\n<li style=\"font-weight: 400;\" aria-level=\"1\"><span style=\"font-weight: 400;\">Un <\/span><b>video instalaci\u00f3n<\/b><span style=\"font-weight: 400;\"> que confronta \u00edconos de belleza cl\u00e1sica con figuras kitsch para desafiar las jerarqu\u00edas de valor.<\/span><\/li>\n<\/ul>\n<p><span style=\"font-weight: 400;\">Este proyecto conect\u00f3 artefactos desechados y arquetipos, planteando preguntas sobre la obsolescencia, el descarte social y la posibilidad de renacimiento, subvirtiendo narrativas tradicionales sobre lo valioso y lo rechazado.<\/span><\/p>\n<h3><\/h3>\n<h4><b>Conclusi\u00f3n<\/b><\/h4>\n<p><span style=\"font-weight: 400;\">La residencia <\/span><b>IMMENSIVA London-Barcelona 2024<\/b><span style=\"font-weight: 400;\"> no solo marc\u00f3 un hito en el arte digital, sino que demostr\u00f3 c\u00f3mo la colaboraci\u00f3n interdisciplinaria y las tecnolog\u00edas avanzadas pueden transformar la manera en que entendemos y experimentamos el arte inmersivo.<\/span><\/p>\n<p><span style=\"font-weight: 400;\">Para m\u00e1s informaci\u00f3n y futuras actualizaciones, visita nuestras redes sociales en<\/span><a href=\"https:\/\/www.instagram.com\/esproncedabcn\/\"> <b>@esproncedabcn<\/b><\/a><span style=\"font-weight: 400;\">, nuestra p\u00e1gina web<\/span><a href=\"https:\/\/www.espronceda.net\"> <b>www.espronceda.net<\/b><\/a><span style=\"font-weight: 400;\"> y<\/span><a href=\"https:\/\/www.immensiva.com\/es\/\"> <b>immensiva.com<\/b><\/a><span style=\"font-weight: 400;\">.<\/span>[\/vc_column_text]<style>.ld_spacer_69e15451e56b7{height:50px;}<\/style>\n<div class=\"ld-empty-space ld_spacer_69e15451e56b7\"><span class=\"liquid_empty_space_inner\"><\/span><\/div>[vc_single_image image=\u00bb13124&#8243; img_size=\u00bbfull\u00bb css=\u00bb\u00bb][\/vc_column][\/vc_row][vc_row][vc_column][\/vc_column][\/vc_row]<\/p>\n<\/div>","protected":false},"excerpt":{"rendered":"<p>[vc_row][vc_column][vc_gallery interval=\u00bb0&#8243; images=\u00bb13118&#8243; img_size=\u00bblarge\u00bb onclick=\u00bb\u00bb css=\u00bb\u00bb][vc_column_text css=\u00bb\u00bb]La residencia internacional IMMENSIVA London-Barcelona 2024, organizada por ESPRONCEDA&#8230;<\/p>\n","protected":false},"author":2,"featured_media":0,"parent":0,"menu_order":0,"comment_status":"closed","ping_status":"closed","template":"","meta":{"footnotes":""},"featured_image_urls":{"full":"","thumbnail":"","medium":"","medium_large":"","large":"","1536x1536":"","2048x2048":"","awb_sm":"","awb_md":"","awb_lg":"","awb_xl":"","liquid-default-blog":"","liquid-standard-blog":"","liquid-featured-blog":"","liquid-rounded-blog":"","liquid-classic-meta-blog":"","liquid-classic-2-blog":"","liquid-grid":"","liquid-split-blog":"","liquid-classic-full-blog":"","liquid-metro-blog":"","liquid-timeline-blog":"","liquid-carousel-blog":"","liquid-square-blog":"","liquid-candy-blog":"","liquid-category-blog":"","liquid-cover-post":"","liquid-default-post":"","liquid-cover-spaced":"","liquid-masonry-shortest":"","liquid-masonry-short":"","liquid-masonry-tall":"","liquid-masonry-taller":"","liquid-medium":"","liquid-large":"","liquid-thumbnail":"","liquid-masonry-header-small":"","liquid-masonry-header-big":"","liquid-thumbnail-post":"","liquid-small-blog":"","liquid-related-post":"","liquid-portfolio":"","liquid-portfolio-sq":"","liquid-portfolio-big-sq":"","liquid-portfolio-portrait":"","liquid-portfolio-wide":"","liquid-packery-wide":"","liquid-packery-portrait":"","liquid-grid-hover-overlay":"","liquid-grid-hover-classic":"","liquid-grid-hover-3d":"","liquid-grid-caption":"","liquid-large-slider":"","liquid-widget":"","liquid-portfolio-vertical-overlay":""},"post_excerpt_stackable":"<p>[vc_row][vc_column] IMMENSIVA LONDON-BARCELONA 2024: UN VIAJE DE INNOVACI\u00d3N Y ARTE INMERSIVO [vc_gallery interval=\u00bb0&#8243; images=\u00bb13118&#8243; img_size=\u00bblarge\u00bb onclick=\u00bb\u00bb css=\u00bb\u00bb][vc_column_text css=\u00bb\u00bb]La residencia internacional IMMENSIVA London-Barcelona 2024, organizada por ESPRONCEDA \u2013 Institute of Art &amp; Culture en colaboraci\u00f3n con el Royal College of Art (RCA) y Off Site Project, reuni\u00f3 a seis artistas emergentes de Catalu\u00f1a y el Reino Unido en un programa interdisciplinario dise\u00f1ado para explorar y expandir las posibilidades de las tecnolog\u00edas inmersivas en el arte contempor\u00e1neo. Fechas y estructura del programa:\u00a0 Londres (24-30 de junio de 2024): investigaci\u00f3n y conceptualizaci\u00f3n en el Royal College of Art. Barcelona (15-26 de julio de&hellip;<\/p>\n","category_list":"","author_info":{"name":"vitor","url":"https:\/\/www.immensiva.com\/es\/author\/vitor\/"},"comments_num":"0 comentarios","yoast_head":"<!-- This site is optimized with the Yoast SEO plugin v22.5 - https:\/\/yoast.com\/wordpress\/plugins\/seo\/ -->\n<title>Immensiva London-Barcelona 2024<\/title>\n<meta name=\"description\" content=\"Seis artistas emergentes de Catalu\u00f1a y el Reino Unido en un programa dise\u00f1ado para explorar las tecnolog\u00edas inmersivas en el arte contempor\u00e1neo.\" \/>\n<meta name=\"robots\" content=\"index, follow, max-snippet:-1, max-image-preview:large, max-video-preview:-1\" \/>\n<link rel=\"canonical\" href=\"https:\/\/www.immensiva.com\/es\/immensiva-london-barcelona-2024\/\" \/>\n<meta property=\"og:locale\" content=\"es_ES\" \/>\n<meta property=\"og:type\" content=\"article\" \/>\n<meta property=\"og:title\" content=\"Immensiva London-Barcelona 2024\" \/>\n<meta property=\"og:description\" content=\"Seis artistas emergentes de Catalu\u00f1a y el Reino Unido en un programa dise\u00f1ado para explorar las tecnolog\u00edas inmersivas en el arte contempor\u00e1neo.\" \/>\n<meta property=\"og:url\" content=\"https:\/\/www.immensiva.com\/es\/immensiva-london-barcelona-2024\/\" \/>\n<meta property=\"og:site_name\" content=\"IMMENSIVA\" \/>\n<meta property=\"article:modified_time\" content=\"2024-12-09T11:35:53+00:00\" \/>\n<meta name=\"twitter:card\" content=\"summary_large_image\" \/>\n<meta name=\"twitter:label1\" content=\"Tiempo de lectura\" \/>\n\t<meta name=\"twitter:data1\" content=\"3 minutos\" \/>\n<script type=\"application\/ld+json\" class=\"yoast-schema-graph\">{\"@context\":\"https:\/\/schema.org\",\"@graph\":[{\"@type\":\"WebPage\",\"@id\":\"https:\/\/www.immensiva.com\/es\/immensiva-london-barcelona-2024\/\",\"url\":\"https:\/\/www.immensiva.com\/es\/immensiva-london-barcelona-2024\/\",\"name\":\"Immensiva London-Barcelona 2024\",\"isPartOf\":{\"@id\":\"https:\/\/www.immensiva.com\/#website\"},\"datePublished\":\"2024-12-07T20:18:37+00:00\",\"dateModified\":\"2024-12-09T11:35:53+00:00\",\"description\":\"Seis artistas emergentes de Catalu\u00f1a y el Reino Unido en un programa dise\u00f1ado para explorar las tecnolog\u00edas inmersivas en el arte contempor\u00e1neo.\",\"breadcrumb\":{\"@id\":\"https:\/\/www.immensiva.com\/es\/immensiva-london-barcelona-2024\/#breadcrumb\"},\"inLanguage\":\"es\",\"potentialAction\":[{\"@type\":\"ReadAction\",\"target\":[\"https:\/\/www.immensiva.com\/es\/immensiva-london-barcelona-2024\/\"]}]},{\"@type\":\"BreadcrumbList\",\"@id\":\"https:\/\/www.immensiva.com\/es\/immensiva-london-barcelona-2024\/#breadcrumb\",\"itemListElement\":[{\"@type\":\"ListItem\",\"position\":1,\"name\":\"Home\",\"item\":\"https:\/\/www.immensiva.com\/es\/\"},{\"@type\":\"ListItem\",\"position\":2,\"name\":\"IMMENSIVA LONDON-BARCELONA 2024\"}]},{\"@type\":\"WebSite\",\"@id\":\"https:\/\/www.immensiva.com\/#website\",\"url\":\"https:\/\/www.immensiva.com\/\",\"name\":\"IMMENSIVA\",\"description\":\"Focusing on VR, AR, XR art &amp; AI art\",\"potentialAction\":[{\"@type\":\"SearchAction\",\"target\":{\"@type\":\"EntryPoint\",\"urlTemplate\":\"https:\/\/www.immensiva.com\/?s={search_term_string}\"},\"query-input\":\"required name=search_term_string\"}],\"inLanguage\":\"es\"}]}<\/script>\n<!-- \/ Yoast SEO plugin. -->","yoast_head_json":{"title":"Immensiva London-Barcelona 2024","description":"Seis artistas emergentes de Catalu\u00f1a y el Reino Unido en un programa dise\u00f1ado para explorar las tecnolog\u00edas inmersivas en el arte contempor\u00e1neo.","robots":{"index":"index","follow":"follow","max-snippet":"max-snippet:-1","max-image-preview":"max-image-preview:large","max-video-preview":"max-video-preview:-1"},"canonical":"https:\/\/www.immensiva.com\/es\/immensiva-london-barcelona-2024\/","og_locale":"es_ES","og_type":"article","og_title":"Immensiva London-Barcelona 2024","og_description":"Seis artistas emergentes de Catalu\u00f1a y el Reino Unido en un programa dise\u00f1ado para explorar las tecnolog\u00edas inmersivas en el arte contempor\u00e1neo.","og_url":"https:\/\/www.immensiva.com\/es\/immensiva-london-barcelona-2024\/","og_site_name":"IMMENSIVA","article_modified_time":"2024-12-09T11:35:53+00:00","twitter_card":"summary_large_image","twitter_misc":{"Tiempo de lectura":"3 minutos"},"schema":{"@context":"https:\/\/schema.org","@graph":[{"@type":"WebPage","@id":"https:\/\/www.immensiva.com\/es\/immensiva-london-barcelona-2024\/","url":"https:\/\/www.immensiva.com\/es\/immensiva-london-barcelona-2024\/","name":"Immensiva London-Barcelona 2024","isPartOf":{"@id":"https:\/\/www.immensiva.com\/#website"},"datePublished":"2024-12-07T20:18:37+00:00","dateModified":"2024-12-09T11:35:53+00:00","description":"Seis artistas emergentes de Catalu\u00f1a y el Reino Unido en un programa dise\u00f1ado para explorar las tecnolog\u00edas inmersivas en el arte contempor\u00e1neo.","breadcrumb":{"@id":"https:\/\/www.immensiva.com\/es\/immensiva-london-barcelona-2024\/#breadcrumb"},"inLanguage":"es","potentialAction":[{"@type":"ReadAction","target":["https:\/\/www.immensiva.com\/es\/immensiva-london-barcelona-2024\/"]}]},{"@type":"BreadcrumbList","@id":"https:\/\/www.immensiva.com\/es\/immensiva-london-barcelona-2024\/#breadcrumb","itemListElement":[{"@type":"ListItem","position":1,"name":"Home","item":"https:\/\/www.immensiva.com\/es\/"},{"@type":"ListItem","position":2,"name":"IMMENSIVA LONDON-BARCELONA 2024"}]},{"@type":"WebSite","@id":"https:\/\/www.immensiva.com\/#website","url":"https:\/\/www.immensiva.com\/","name":"IMMENSIVA","description":"Focusing on VR, AR, XR art &amp; AI art","potentialAction":[{"@type":"SearchAction","target":{"@type":"EntryPoint","urlTemplate":"https:\/\/www.immensiva.com\/?s={search_term_string}"},"query-input":"required name=search_term_string"}],"inLanguage":"es"}]}},"_links":{"self":[{"href":"https:\/\/www.immensiva.com\/es\/wp-json\/wp\/v2\/pages\/13143"}],"collection":[{"href":"https:\/\/www.immensiva.com\/es\/wp-json\/wp\/v2\/pages"}],"about":[{"href":"https:\/\/www.immensiva.com\/es\/wp-json\/wp\/v2\/types\/page"}],"author":[{"embeddable":true,"href":"https:\/\/www.immensiva.com\/es\/wp-json\/wp\/v2\/users\/2"}],"replies":[{"embeddable":true,"href":"https:\/\/www.immensiva.com\/es\/wp-json\/wp\/v2\/comments?post=13143"}],"version-history":[{"count":11,"href":"https:\/\/www.immensiva.com\/es\/wp-json\/wp\/v2\/pages\/13143\/revisions"}],"predecessor-version":[{"id":13166,"href":"https:\/\/www.immensiva.com\/es\/wp-json\/wp\/v2\/pages\/13143\/revisions\/13166"}],"wp:attachment":[{"href":"https:\/\/www.immensiva.com\/es\/wp-json\/wp\/v2\/media?parent=13143"}],"curies":[{"name":"wp","href":"https:\/\/api.w.org\/{rel}","templated":true}]}}