{"id":13186,"date":"2025-01-14T21:01:48","date_gmt":"2025-01-14T20:01:48","guid":{"rendered":"https:\/\/www.immensiva.com\/?page_id=13186"},"modified":"2025-01-15T14:55:10","modified_gmt":"2025-01-15T13:55:10","slug":"immensiva-day-2024","status":"publish","type":"page","link":"https:\/\/www.immensiva.com\/es\/immensiva-day-2024\/","title":{"rendered":"IMMENSIVA DAY 2024"},"content":{"rendered":"<div class=\"wpb-content-wrapper\"><p>[vc_row][vc_column]<style>.ld_spacer_6a093c5b6507a{height:170px;}<\/style>\n<div class=\"ld-empty-space ld_spacer_6a093c5b6507a\"><span class=\"liquid_empty_space_inner\"><\/span><\/div><style>.ld_fancy_heading_6a093c5b65190 .lqd-highlight-inner{height:0.275em;bottom:0px;}<\/style><div class=\"ld-fancy-heading text-center ld_fancy_heading_6a093c5b65190\">\n\t<h1 class=\"lqd-highlight-underline lqd-highlight-grow-left\" ><span class=\"ld-fh-txt\"> <\/p>\n<h2><b>IMMENSIVA DAY: explorando el futuro del arte, la tecnolog\u00eda y la innovaci\u00f3n<\/b><\/h2>\n<p><\/span><\/h1><\/div><style>.ld_spacer_6a093c5b6b05c{height:5px;}<\/style>\n<div class=\"ld-empty-space ld_spacer_6a093c5b6b05c\"><span class=\"liquid_empty_space_inner\"><\/span><\/div>[vc_gallery interval=\u00bb0&#8243; images=\u00bb13187&#8243; img_size=\u00bblarge\u00bb onclick=\u00bb\u00bb css=\u00bb\u00bb][vc_column_text css=\u00bb\u00bb]<b>IMMENSIVA DAY<\/b><span style=\"font-weight: 400;\">, organizado por Espronceda \u2013 Institute of Art &amp; Culture, en colaboraci\u00f3n con la Fundaci\u00f3n \u00c9pica Fura dels Baus, se celebr\u00f3 en la Fundaci\u00f3n \u00c9pica de Badalona el 18 de septiembre de 2024. Este evento reuni\u00f3 a expertos, innovadores y entusiastas de las artes digitales y las tecnolog\u00edas inmersivas para explorar proyectos pioneros en realidad extendida (XR), tecnolog\u00eda h\u00e1ptica y arte interdisciplinario. Con contribuciones de figuras clave en tecnolog\u00eda, arte e innovaci\u00f3n cultural europea, IMMENSIVA DAY destac\u00f3 la din\u00e1mica intersecci\u00f3n de estos campos.<\/span><\/p>\n<p>&nbsp;<\/p>\n<h4><b>Resumen de las ponencias<\/b><\/h4>\n<h4><span style=\"font-size: 16px;\"><b>Xiao Yu \u2013 Interfaces H\u00e1pticas Port\u00e1tiles en XR<\/b><\/span><\/h4>\n<p><b>Xiao Yu<\/b><span style=\"font-weight: 400;\">, profesora asociada del Departamento de Comunicaciones y Redes de la Universidad Aalto, present\u00f3 el proyecto <\/span><b>EMIL XR<\/b><span style=\"font-weight: 400;\">. Esta iniciativa se centra en las interfaces h\u00e1pticas port\u00e1tiles que permiten a los usuarios \u00absentir\u00bb objetos virtuales en entornos XR.<\/span><\/p>\n<ul>\n<li style=\"font-weight: 400;\" aria-level=\"1\"><b>Tecnolog\u00edas Demostradas<\/b><span style=\"font-weight: 400;\">: Dispositivos como SenseGlove Nova2 y HaptX Gloves G1, que simulan el tama\u00f1o, la forma y la textura de objetos digitales mediante retroalimentaci\u00f3n t\u00e1ctil y de fuerza.<\/span><\/li>\n<li style=\"font-weight: 400;\" aria-level=\"1\"><b>Caracter\u00edsticas Innovadoras<\/b><span style=\"font-weight: 400;\">: Tecnolog\u00eda h\u00e1ptica t\u00e9rmica, incluida la recreaci\u00f3n de una experiencia de sauna mediante sensores de temperatura.<\/span><\/li>\n<li style=\"font-weight: 400;\" aria-level=\"1\"><b>Desaf\u00edos<\/b><span style=\"font-weight: 400;\">: Integraci\u00f3n de dise\u00f1os modulares en sistemas XR y personalizaci\u00f3n para mejorar la experiencia del usuario.<\/span><\/li>\n<\/ul>\n<h4><b><br \/>\n<span style=\"font-size: 16px;\">Aur\u00e9lie Delater \u2013 Proyectos de la UE que apoyan las artes y la tecnolog\u00eda<\/span><\/b><\/h4>\n<p><b>Aur\u00e9lie Delater<\/b><span style=\"font-weight: 400;\">, especialista en proyectos de la UE, destac\u00f3 programas que conectan creatividad, arte y tecnolog\u00eda en toda Europa.<\/span><\/p>\n<ul>\n<li style=\"font-weight: 400;\" aria-level=\"1\"><b>Programas Destacados<\/b><span style=\"font-weight: 400;\">: S+T+ARTS, Creative Europe y otras iniciativas relacionadas.<\/span><\/li>\n<li style=\"font-weight: 400;\" aria-level=\"1\"><b>Ejemplos de Proyectos<\/b><span style=\"font-weight: 400;\">: \u201cThe Plants Sense\u201d, un jard\u00edn interactivo que traduce reacciones de plantas en sonidos, y \u201cRealities in Transition\u201d, una residencia que apoya la producci\u00f3n de arte XR.<\/span><\/li>\n<li style=\"font-weight: 400;\" aria-level=\"1\"><b>Temas Clave<\/b><span style=\"font-weight: 400;\">: Fomento de la innovaci\u00f3n multidisciplinaria y colaboraci\u00f3n entre artistas y cient\u00edficos.<\/span><\/li>\n<\/ul>\n<h4><b><br \/>\n<span style=\"font-size: 16px;\">Michael Barngrover \u2013 El Papel de XR4Europe en las redes XR europeas<\/span><\/b><\/h4>\n<p><b>Michael Barngrover<\/b><span style=\"font-weight: 400;\">, director ejecutivo de XR4Europe, explic\u00f3 el papel de la organizaci\u00f3n en la configuraci\u00f3n del panorama XR en Europa.<\/span><\/p>\n<ul>\n<li style=\"font-weight: 400;\" aria-level=\"1\"><b>Misi\u00f3n<\/b><span style=\"font-weight: 400;\">: Abogar por la inclusi\u00f3n de XR en las pol\u00edticas europeas y conectar comunidades XR.<\/span><\/li>\n<li style=\"font-weight: 400;\" aria-level=\"1\"><b>Esfuerzos Clave<\/b><span style=\"font-weight: 400;\">: Estrategias nacionales como las iniciativas XR de Espa\u00f1a y la visi\u00f3n 2035 de Finlandia.<\/span><\/li>\n<li style=\"font-weight: 400;\" aria-level=\"1\"><b>Temas Tratados<\/b><span style=\"font-weight: 400;\">: El papel evolutivo de XR en la tecnolog\u00eda y la cultura europeas.<\/span><\/li>\n<\/ul>\n<h4><b><br \/>\n<span style=\"font-size: 16px;\">Fran Iglesias \u2013 Tecnolog\u00eda aplicada al arte digital<\/span><\/b><\/h4>\n<p><b>Fran Iglesias<\/b><span style=\"font-weight: 400;\">, director general de la Fundaci\u00f3n \u00c9pica Fura dels Baus, comparti\u00f3 ideas sobre el trabajo de la fundaci\u00f3n en la intersecci\u00f3n de arte, tecnolog\u00eda y ciencia.<\/span><\/p>\n<ul>\n<li style=\"font-weight: 400;\" aria-level=\"1\"><b>Proyecto Destacado<\/b><span style=\"font-weight: 400;\">: \u201cThe Gate: Future Boundaries\u201d, un festival que explora eCultures y XR, con la pr\u00f3xima edici\u00f3n en Stuttgart (2025).<\/span><\/li>\n<li style=\"font-weight: 400;\" aria-level=\"1\"><b>Enfoque Principal<\/b><span style=\"font-weight: 400;\">: Promoci\u00f3n de colaboraciones art\u00edsticas y tecnol\u00f3gicas a trav\u00e9s de la experimentaci\u00f3n y el debate.<\/span><\/li>\n<\/ul>\n<h4><b><br \/>\n<span style=\"font-size: 16px;\">Xavi Bov\u00e9 \u2013 GAUD\u00cd&#8217;S EVOLUTION<\/span><\/b><\/h4>\n<p><b>Xavi Bov\u00e9<\/b><span style=\"font-weight: 400;\">, director creativo, present\u00f3 <\/span><b>GAUD\u00cd&#8217;S EVOLUTION<\/b><span style=\"font-weight: 400;\">, un proyecto de arte digital en la Sagrada Familia.<\/span><\/p>\n<ul>\n<li style=\"font-weight: 400;\" aria-level=\"1\"><b>Enfoque Art\u00edstico<\/b><span style=\"font-weight: 400;\">: Combinaci\u00f3n de luz, imagen y m\u00fasica para crear experiencias inmersivas que abordan temas como el tiempo, la memoria y la percepci\u00f3n.<\/span><\/li>\n<li style=\"font-weight: 400;\" aria-level=\"1\"><b>Impacto<\/b><span style=\"font-weight: 400;\">: Transformaci\u00f3n de la interacci\u00f3n del p\u00fablico con el arte en una experiencia activa y transformadora.<\/span><\/li>\n<\/ul>\n<p>&nbsp;<\/p>\n<h4><b>Mesa redonda: ecosistema del arte digital<\/b><\/h4>\n<p><span style=\"font-weight: 400;\">El evento concluy\u00f3 con una mesa redonda con <\/span><b>Fran Iglesias<\/b><span style=\"font-weight: 400;\">, <\/span><b>Xavi Bov\u00e9<\/b><span style=\"font-weight: 400;\"> y <\/span><b>Alejandro Mart\u00edn<\/b><span style=\"font-weight: 400;\">, titulada \u201cConclusiones sobre el Ecosistema del Arte Digital\u201d.<\/span><\/p>\n<ul>\n<li style=\"font-weight: 400;\" aria-level=\"1\"><b>Temas Tratados<\/b><span style=\"font-weight: 400;\">: Integraci\u00f3n de la tecnolog\u00eda en el arte contempor\u00e1neo, fronteras difusas entre lo f\u00edsico y lo digital, y direcciones futuras del arte inmersivo.<\/span><\/li>\n<\/ul>\n<p><span style=\"font-weight: 400;\">Puedes ver un resumen de la jornada en nuestro canal de <b>YouTube<\/b>:<a href=\"https:\/\/www.youtube.com\/channel\/UCmNd-u76iI0ztWgk_asVHFg\"> Canal de IMMENSIVA<\/a>. Adem\u00e1s, consulta los aspectos destacados en este video:<a href=\"https:\/\/www.youtube.com\/watch?v=M2bwKa_bQOE&amp;t=13s\"> Resumen IMMENSIVA DAY<\/a>.<\/span>[\/vc_column_text]<style>.ld_spacer_6a093c5b6b155{height:50px;}<\/style>\n<div class=\"ld-empty-space ld_spacer_6a093c5b6b155\"><span class=\"liquid_empty_space_inner\"><\/span><\/div>[vc_gallery type=\u00bbimage_grid\u00bb images=\u00bb13190,13193,13196,13199,13202,13205,13208,13211&#8243; img_size=\u00bbmedium\u00bb css=\u00bb\u00bb]<style>.ld_spacer_6a093c5b6b21e{height:30px;}<\/style>\n<div class=\"ld-empty-space ld_spacer_6a093c5b6b21e\"><span class=\"liquid_empty_space_inner\"><\/span><\/div>[\/vc_column][\/vc_row][vc_row][vc_column][\/vc_column][\/vc_row][vc_row][vc_column][\/vc_column][\/vc_row]<\/p>\n<\/div>","protected":false},"excerpt":{"rendered":"<p>[vc_row][vc_column][vc_gallery interval=\u00bb0&#8243; images=\u00bb13187&#8243; img_size=\u00bblarge\u00bb onclick=\u00bb\u00bb css=\u00bb\u00bb][vc_column_text css=\u00bb\u00bb]IMMENSIVA DAY, organizado por Espronceda \u2013 Institute of Art&#8230;<\/p>\n","protected":false},"author":2,"featured_media":0,"parent":0,"menu_order":0,"comment_status":"closed","ping_status":"closed","template":"","meta":{"footnotes":""},"featured_image_urls":{"full":"","thumbnail":"","medium":"","medium_large":"","large":"","1536x1536":"","2048x2048":"","awb_sm":"","awb_md":"","awb_lg":"","awb_xl":"","liquid-default-blog":"","liquid-standard-blog":"","liquid-featured-blog":"","liquid-rounded-blog":"","liquid-classic-meta-blog":"","liquid-classic-2-blog":"","liquid-grid":"","liquid-split-blog":"","liquid-classic-full-blog":"","liquid-metro-blog":"","liquid-timeline-blog":"","liquid-carousel-blog":"","liquid-square-blog":"","liquid-candy-blog":"","liquid-category-blog":"","liquid-cover-post":"","liquid-default-post":"","liquid-cover-spaced":"","liquid-masonry-shortest":"","liquid-masonry-short":"","liquid-masonry-tall":"","liquid-masonry-taller":"","liquid-medium":"","liquid-large":"","liquid-thumbnail":"","liquid-masonry-header-small":"","liquid-masonry-header-big":"","liquid-thumbnail-post":"","liquid-small-blog":"","liquid-related-post":"","liquid-portfolio":"","liquid-portfolio-sq":"","liquid-portfolio-big-sq":"","liquid-portfolio-portrait":"","liquid-portfolio-wide":"","liquid-packery-wide":"","liquid-packery-portrait":"","liquid-grid-hover-overlay":"","liquid-grid-hover-classic":"","liquid-grid-hover-3d":"","liquid-grid-caption":"","liquid-large-slider":"","liquid-widget":"","liquid-portfolio-vertical-overlay":""},"post_excerpt_stackable":"<p>[vc_row][vc_column] IMMENSIVA DAY: explorando el futuro del arte, la tecnolog\u00eda y la innovaci\u00f3n [vc_gallery interval=\u00bb0&#8243; images=\u00bb13187&#8243; img_size=\u00bblarge\u00bb onclick=\u00bb\u00bb css=\u00bb\u00bb][vc_column_text css=\u00bb\u00bb]IMMENSIVA DAY, organizado por Espronceda \u2013 Institute of Art &amp; Culture, en colaboraci\u00f3n con la Fundaci\u00f3n \u00c9pica Fura dels Baus, se celebr\u00f3 en la Fundaci\u00f3n \u00c9pica de Badalona el 18 de septiembre de 2024. Este evento reuni\u00f3 a expertos, innovadores y entusiastas de las artes digitales y las tecnolog\u00edas inmersivas para explorar proyectos pioneros en realidad extendida (XR), tecnolog\u00eda h\u00e1ptica y arte interdisciplinario. Con contribuciones de figuras clave en tecnolog\u00eda, arte e innovaci\u00f3n cultural europea, IMMENSIVA DAY destac\u00f3 la din\u00e1mica intersecci\u00f3n&hellip;<\/p>\n","category_list":"","author_info":{"name":"vitor","url":"https:\/\/www.immensiva.com\/es\/author\/vitor\/"},"comments_num":"0 comentarios","yoast_head":"<!-- This site is optimized with the Yoast SEO plugin v22.5 - https:\/\/yoast.com\/wordpress\/plugins\/seo\/ -->\n<title>Immensiva Day 2024<\/title>\n<meta name=\"description\" content=\"Evento que re\u00fane a expertos, innovadores y entusiastas de las artes digitales y las tecnolog\u00edas inmersivas\" \/>\n<meta name=\"robots\" content=\"index, follow, max-snippet:-1, max-image-preview:large, max-video-preview:-1\" \/>\n<link rel=\"canonical\" href=\"https:\/\/www.immensiva.com\/es\/immensiva-day-2024\/\" \/>\n<meta property=\"og:locale\" content=\"es_ES\" \/>\n<meta property=\"og:type\" content=\"article\" \/>\n<meta property=\"og:title\" content=\"Immensiva Day 2024\" \/>\n<meta property=\"og:description\" content=\"Evento que re\u00fane a expertos, innovadores y entusiastas de las artes digitales y las tecnolog\u00edas inmersivas\" \/>\n<meta property=\"og:url\" content=\"https:\/\/www.immensiva.com\/es\/immensiva-day-2024\/\" \/>\n<meta property=\"og:site_name\" content=\"IMMENSIVA\" \/>\n<meta property=\"article:modified_time\" content=\"2025-01-15T13:55:10+00:00\" \/>\n<meta name=\"twitter:card\" content=\"summary_large_image\" \/>\n<meta name=\"twitter:label1\" content=\"Tiempo de lectura\" \/>\n\t<meta name=\"twitter:data1\" content=\"5 minutos\" \/>\n<script type=\"application\/ld+json\" class=\"yoast-schema-graph\">{\"@context\":\"https:\/\/schema.org\",\"@graph\":[{\"@type\":\"WebPage\",\"@id\":\"https:\/\/www.immensiva.com\/es\/immensiva-day-2024\/\",\"url\":\"https:\/\/www.immensiva.com\/es\/immensiva-day-2024\/\",\"name\":\"Immensiva Day 2024\",\"isPartOf\":{\"@id\":\"https:\/\/www.immensiva.com\/#website\"},\"datePublished\":\"2025-01-14T20:01:48+00:00\",\"dateModified\":\"2025-01-15T13:55:10+00:00\",\"description\":\"Evento que re\u00fane a expertos, innovadores y entusiastas de las artes digitales y las tecnolog\u00edas inmersivas\",\"breadcrumb\":{\"@id\":\"https:\/\/www.immensiva.com\/es\/immensiva-day-2024\/#breadcrumb\"},\"inLanguage\":\"es\",\"potentialAction\":[{\"@type\":\"ReadAction\",\"target\":[\"https:\/\/www.immensiva.com\/es\/immensiva-day-2024\/\"]}]},{\"@type\":\"BreadcrumbList\",\"@id\":\"https:\/\/www.immensiva.com\/es\/immensiva-day-2024\/#breadcrumb\",\"itemListElement\":[{\"@type\":\"ListItem\",\"position\":1,\"name\":\"Home\",\"item\":\"https:\/\/www.immensiva.com\/es\/\"},{\"@type\":\"ListItem\",\"position\":2,\"name\":\"IMMENSIVA DAY 2024\"}]},{\"@type\":\"WebSite\",\"@id\":\"https:\/\/www.immensiva.com\/#website\",\"url\":\"https:\/\/www.immensiva.com\/\",\"name\":\"IMMENSIVA\",\"description\":\"Focusing on VR, AR, XR art &amp; AI art\",\"potentialAction\":[{\"@type\":\"SearchAction\",\"target\":{\"@type\":\"EntryPoint\",\"urlTemplate\":\"https:\/\/www.immensiva.com\/?s={search_term_string}\"},\"query-input\":\"required name=search_term_string\"}],\"inLanguage\":\"es\"}]}<\/script>\n<!-- \/ Yoast SEO plugin. -->","yoast_head_json":{"title":"Immensiva Day 2024","description":"Evento que re\u00fane a expertos, innovadores y entusiastas de las artes digitales y las tecnolog\u00edas inmersivas","robots":{"index":"index","follow":"follow","max-snippet":"max-snippet:-1","max-image-preview":"max-image-preview:large","max-video-preview":"max-video-preview:-1"},"canonical":"https:\/\/www.immensiva.com\/es\/immensiva-day-2024\/","og_locale":"es_ES","og_type":"article","og_title":"Immensiva Day 2024","og_description":"Evento que re\u00fane a expertos, innovadores y entusiastas de las artes digitales y las tecnolog\u00edas inmersivas","og_url":"https:\/\/www.immensiva.com\/es\/immensiva-day-2024\/","og_site_name":"IMMENSIVA","article_modified_time":"2025-01-15T13:55:10+00:00","twitter_card":"summary_large_image","twitter_misc":{"Tiempo de lectura":"5 minutos"},"schema":{"@context":"https:\/\/schema.org","@graph":[{"@type":"WebPage","@id":"https:\/\/www.immensiva.com\/es\/immensiva-day-2024\/","url":"https:\/\/www.immensiva.com\/es\/immensiva-day-2024\/","name":"Immensiva Day 2024","isPartOf":{"@id":"https:\/\/www.immensiva.com\/#website"},"datePublished":"2025-01-14T20:01:48+00:00","dateModified":"2025-01-15T13:55:10+00:00","description":"Evento que re\u00fane a expertos, innovadores y entusiastas de las artes digitales y las tecnolog\u00edas inmersivas","breadcrumb":{"@id":"https:\/\/www.immensiva.com\/es\/immensiva-day-2024\/#breadcrumb"},"inLanguage":"es","potentialAction":[{"@type":"ReadAction","target":["https:\/\/www.immensiva.com\/es\/immensiva-day-2024\/"]}]},{"@type":"BreadcrumbList","@id":"https:\/\/www.immensiva.com\/es\/immensiva-day-2024\/#breadcrumb","itemListElement":[{"@type":"ListItem","position":1,"name":"Home","item":"https:\/\/www.immensiva.com\/es\/"},{"@type":"ListItem","position":2,"name":"IMMENSIVA DAY 2024"}]},{"@type":"WebSite","@id":"https:\/\/www.immensiva.com\/#website","url":"https:\/\/www.immensiva.com\/","name":"IMMENSIVA","description":"Focusing on VR, AR, XR art &amp; AI art","potentialAction":[{"@type":"SearchAction","target":{"@type":"EntryPoint","urlTemplate":"https:\/\/www.immensiva.com\/?s={search_term_string}"},"query-input":"required name=search_term_string"}],"inLanguage":"es"}]}},"_links":{"self":[{"href":"https:\/\/www.immensiva.com\/es\/wp-json\/wp\/v2\/pages\/13186"}],"collection":[{"href":"https:\/\/www.immensiva.com\/es\/wp-json\/wp\/v2\/pages"}],"about":[{"href":"https:\/\/www.immensiva.com\/es\/wp-json\/wp\/v2\/types\/page"}],"author":[{"embeddable":true,"href":"https:\/\/www.immensiva.com\/es\/wp-json\/wp\/v2\/users\/2"}],"replies":[{"embeddable":true,"href":"https:\/\/www.immensiva.com\/es\/wp-json\/wp\/v2\/comments?post=13186"}],"version-history":[{"count":10,"href":"https:\/\/www.immensiva.com\/es\/wp-json\/wp\/v2\/pages\/13186\/revisions"}],"predecessor-version":[{"id":13321,"href":"https:\/\/www.immensiva.com\/es\/wp-json\/wp\/v2\/pages\/13186\/revisions\/13321"}],"wp:attachment":[{"href":"https:\/\/www.immensiva.com\/es\/wp-json\/wp\/v2\/media?parent=13186"}],"curies":[{"name":"wp","href":"https:\/\/api.w.org\/{rel}","templated":true}]}}