{"id":13223,"date":"2025-01-14T21:12:44","date_gmt":"2025-01-14T20:12:44","guid":{"rendered":"https:\/\/www.immensiva.com\/?page_id=13223"},"modified":"2025-01-16T11:00:41","modified_gmt":"2025-01-16T10:00:41","slug":"immensiva-festival-2024","status":"publish","type":"page","link":"https:\/\/www.immensiva.com\/es\/immensiva-festival-2024\/","title":{"rendered":"IMMENSIVA FESTIVAL 2024"},"content":{"rendered":"<div class=\"wpb-content-wrapper\"><p>[vc_row][vc_column]<style>.ld_spacer_69fac2aac07ae{height:170px;}<\/style>\n<div class=\"ld-empty-space ld_spacer_69fac2aac07ae\"><span class=\"liquid_empty_space_inner\"><\/span><\/div><style>.ld_fancy_heading_69fac2aac08c2 .lqd-highlight-inner{height:0.275em;bottom:0px;}<\/style><div class=\"ld-fancy-heading text-center ld_fancy_heading_69fac2aac08c2\">\n\t<h1 class=\"lqd-highlight-underline lqd-highlight-grow-left\" ><span class=\"ld-fh-txt\"> <\/p>\n<h2><b>IMMENSIVA FESTIVAL 2024<\/b><\/h2>\n<p><\/span><\/h1><\/div><style>.ld_spacer_69fac2aacdbe4{height:5px;}<\/style>\n<div class=\"ld-empty-space ld_spacer_69fac2aacdbe4\"><span class=\"liquid_empty_space_inner\"><\/span><\/div>[vc_gallery interval=\u00bb0&#8243; images=\u00bb13224&#8243; img_size=\u00bblarge\u00bb onclick=\u00bb\u00bb css=\u00bb\u00bb][vc_column_text css=\u00bb\u00bb]<\/p>\n<h3><\/h3>\n<p><span style=\"font-weight: 400;\">El <\/span><b>IMMENSIVA Festival 2024<\/b><span style=\"font-weight: 400;\"> consolid\u00f3 su posici\u00f3n como un evento clave en la intersecci\u00f3n del arte, la tecnolog\u00eda y la innovaci\u00f3n, reuniendo mentes creativas y l\u00edderes de opini\u00f3n para explorar las posibilidades del futuro digital. El festival se estructur\u00f3 en tres grandes pilares: <\/span><b>IMMENSIVA DAY<\/b><span style=\"font-weight: 400;\">, <\/span><b>IMMENSIVA RESIDENCE<\/b><span style=\"font-weight: 400;\"> y <\/span><b>IMMENSIVA EXPO<\/b><span style=\"font-weight: 400;\">.<\/span><\/p>\n<p>&nbsp;<\/p>\n<h4><b>IMMENSIVA DAY: explorando el futuro del arte, la tecnolog\u00eda y la innovaci\u00f3n<\/b><\/h4>\n<p><span style=\"font-weight: 400;\">El <\/span><b>IMMENSIVA DAY<\/b><span style=\"font-weight: 400;\">, celebrado el 18 de septiembre en la Fundaci\u00f3n \u00c9pica Fura dels Baus, destac\u00f3 como una jornada llena de presentaciones inspiradoras y mesas redondas que exploraron los avances en realidad extendida (XR), tecnolog\u00eda h\u00e1ptica y arte interdisciplinario.<\/span><\/p>\n<p><b>Ponentes destacados:<\/b><\/p>\n<ul>\n<li style=\"font-weight: 400;\" aria-level=\"1\"><b>Xiao Yu<\/b><span style=\"font-weight: 400;\">: Present\u00f3 interfaces h\u00e1pticas port\u00e1tiles en XR.<\/span><\/li>\n<li style=\"font-weight: 400;\" aria-level=\"1\"><b>Aur\u00e9lie Delater<\/b><span style=\"font-weight: 400;\">: Destac\u00f3 el apoyo de proyectos de la UE para las artes y la tecnolog\u00eda.<\/span><\/li>\n<li style=\"font-weight: 400;\" aria-level=\"1\"><b>Michael Barngrover<\/b><span style=\"font-weight: 400;\">: Expuso el papel de XR4Europe en la tecnolog\u00eda europea.<\/span><\/li>\n<li style=\"font-weight: 400;\" aria-level=\"1\"><b>Fran Iglesias<\/b><span style=\"font-weight: 400;\">: Compart\u00ed c\u00f3mo la tecnolog\u00eda se aplica al arte digital.<\/span><\/li>\n<li style=\"font-weight: 400;\" aria-level=\"1\"><b>Xavi Bov\u00e9<\/b><span style=\"font-weight: 400;\">: Present\u00f3 su proyecto <\/span><b>GAUD\u00cd&#8217;S EVOLUTION<\/b><span style=\"font-weight: 400;\">, una experiencia inmersiva en la Sagrada Familia.<\/span><\/li>\n<\/ul>\n<p><span style=\"font-weight: 400;\">La jornada culmin\u00f3 con una <\/span><b>mesa redonda<\/b><span style=\"font-weight: 400;\">, titulada \u00abEl Ecosistema del Arte Digital\u00bb, que reflexion\u00f3 sobre el futuro de la tecnolog\u00eda en las artes.<\/span><\/p>\n<p>&nbsp;<\/p>\n<h4><b>IMMENSIVA RESIDENCE: innovaci\u00f3n a trav\u00e9s de la colaboraci\u00f3n interdisciplinaria<\/b><\/h4>\n<p><span style=\"font-weight: 400;\">La <\/span><b>Residencia IMMENSIVA<\/b><span style=\"font-weight: 400;\"> fue un espacio creativo de dos semanas donde artistas, tecn\u00f3logos y cient\u00edficos colaboraron para integrar tecnolog\u00edas emergentes con narrativas art\u00edsticas. Los proyectos resultantes abarcaron:<\/span><\/p>\n<ul>\n<li style=\"font-weight: 400;\" aria-level=\"1\"><b>Instalaciones inmersivas<\/b><span style=\"font-weight: 400;\"> que combinan ciencia y arte.<\/span><\/li>\n<li style=\"font-weight: 400;\" aria-level=\"1\"><b>Herramientas digitales<\/b><span style=\"font-weight: 400;\"> dise\u00f1adas para fomentar la co-creaci\u00f3n.<\/span><\/li>\n<li style=\"font-weight: 400;\" aria-level=\"1\"><b>Prototipos innovadores<\/b><span style=\"font-weight: 400;\"> que exploran los l\u00edmites de la percepci\u00f3n humana en entornos virtuales.<\/span><\/li>\n<\/ul>\n<p>&nbsp;<\/p>\n<h4><b>IMMENSIVA EXPO: exhibiendo el arte y la tecnolog\u00eda del futuro<\/b><\/h4>\n<p><span style=\"font-weight: 400;\">La <\/span><b>EXPO IMMENSIVA<\/b><span style=\"font-weight: 400;\">, fue el gran cierre del festival y se celebr\u00f3 en ESPRONCEDA \u2013 Institute of Art &amp; Culture del 17 al 25 de septiembre. Este evento mostr\u00f3:<\/span><\/p>\n<p><b>Proyectos destacados:<\/b><\/p>\n<ul>\n<li style=\"font-weight: 400;\" aria-level=\"1\"><b>PLUJA D\u2019IL.LUSIONS \/ SUPERC\u00c8L<\/b><span style=\"font-weight: 400;\">:<\/span>\n<ul>\n<li style=\"font-weight: 400;\" aria-level=\"2\"><b>Artistas<\/b><span style=\"font-weight: 400;\">: Fran Macia, Niall Hill, Rafa Roeder.<\/span><\/li>\n<li style=\"font-weight: 400;\" aria-level=\"2\"><b>Descripci\u00f3n<\/b><span style=\"font-weight: 400;\">: Una instalaci\u00f3n inmersiva que lleva a los participantes a una misi\u00f3n de siembra de nubes en un mundo afectado por una sequ\u00eda de 388 d\u00edas, utilizando tecnolog\u00eda de realidad aumentada desarrollada en la Universitat Pompeu Fabra.<\/span><\/li>\n<\/ul>\n<\/li>\n<li style=\"font-weight: 400;\" aria-level=\"1\"><b>ASSEMBLIES<\/b><span style=\"font-weight: 400;\">:<\/span>\n<ul>\n<li style=\"font-weight: 400;\" aria-level=\"2\"><b>Artistas<\/b><span style=\"font-weight: 400;\">: Gerard Valls, Ryan Cherewaty, Rachel Heavey.<\/span><\/li>\n<li style=\"font-weight: 400;\" aria-level=\"2\"><b>Descripci\u00f3n<\/b><span style=\"font-weight: 400;\">: Una obra inspirada en el \u00abpensamiento archipel\u00e1gico\u00bb de Edouard Glissant, que explora los impactos sostenibles del desarrollo urbano mediante datos del nanosat\u00e9lite catal\u00e1n \u00abMenut\u00bb.<\/span><\/li>\n<\/ul>\n<\/li>\n<li style=\"font-weight: 400;\" aria-level=\"1\"><b>GAZE Machine<\/b><span style=\"font-weight: 400;\">:<\/span>\n<ul>\n<li style=\"font-weight: 400;\" aria-level=\"2\"><b>Artista<\/b><span style=\"font-weight: 400;\">: Solim\u00e1n L\u00f3pez.<\/span><\/li>\n<li style=\"font-weight: 400;\" aria-level=\"2\"><b>Descripci\u00f3n<\/b><span style=\"font-weight: 400;\">: Una obra interactiva que permite a los participantes \u00abpintar\u00bb con la mirada, utilizando una c\u00e1mara que rastrea movimientos oculares y transforma el ojo en una herramienta de creaci\u00f3n visual.<\/span><\/li>\n<\/ul>\n<\/li>\n<\/ul>\n<p>[\/vc_column_text]<style>.ld_spacer_69fac2aacdcbe{height:50px;}<\/style>\n<div class=\"ld-empty-space ld_spacer_69fac2aacdcbe\"><span class=\"liquid_empty_space_inner\"><\/span><\/div>[vc_single_image image=\u00bb13099&#8243; img_size=\u00bblarge\u00bb css=\u00bb\u00bb][vc_column_text css=\u00bb\u00bb]<span style=\"font-weight: 400;\">El evento tambi\u00e9n cont\u00f3 con visitas guiadas y actividades educativas para estudiantes locales, acercando el arte y la innovaci\u00f3n a la comunidad.<\/span><\/p>\n<p><span style=\"font-weight: 400;\">El <\/span><b>IMMENSIVA Festival 2024<\/b><span style=\"font-weight: 400;\"> fue un claro ejemplo del poder transformador de la colaboraci\u00f3n interdisciplinaria y de c\u00f3mo la tecnolog\u00eda puede expandir los l\u00edmites de la creatividad. Agradecemos a todos los participantes, ponentes y colaboradores que hicieron posible esta edici\u00f3n.<\/span><\/p>\n<p><span style=\"font-weight: 400;\">Revive los mejores momentos del festival en nuestro canal de<\/span><a href=\"https:\/\/www.youtube.com\/channel\/UCmNd-u76iI0ztWgk_asVHFg\"> <b>YouTube<\/b><\/a><span style=\"font-weight: 400;\"> y s\u00edguenos para futuras actualizaciones de IMMENSIVA.<\/span>[\/vc_column_text]<style>.ld_spacer_69fac2aacdd5a{height:30px;}<\/style>\n<div class=\"ld-empty-space ld_spacer_69fac2aacdd5a\"><span class=\"liquid_empty_space_inner\"><\/span><\/div>[\/vc_column][\/vc_row][vc_row][vc_column][\/vc_column][\/vc_row][vc_row][vc_column][\/vc_column][\/vc_row][vc_row][vc_column][\/vc_column][\/vc_row]<\/p>\n<\/div>","protected":false},"excerpt":{"rendered":"<p>[vc_row][vc_column][vc_gallery interval=\u00bb0&#8243; images=\u00bb13224&#8243; img_size=\u00bblarge\u00bb onclick=\u00bb\u00bb css=\u00bb\u00bb][vc_column_text css=\u00bb\u00bb] El IMMENSIVA Festival 2024 consolid\u00f3 su posici\u00f3n como&#8230;<\/p>\n","protected":false},"author":2,"featured_media":0,"parent":0,"menu_order":0,"comment_status":"closed","ping_status":"closed","template":"","meta":{"footnotes":""},"featured_image_urls":{"full":"","thumbnail":"","medium":"","medium_large":"","large":"","1536x1536":"","2048x2048":"","awb_sm":"","awb_md":"","awb_lg":"","awb_xl":"","liquid-default-blog":"","liquid-standard-blog":"","liquid-featured-blog":"","liquid-rounded-blog":"","liquid-classic-meta-blog":"","liquid-classic-2-blog":"","liquid-grid":"","liquid-split-blog":"","liquid-classic-full-blog":"","liquid-metro-blog":"","liquid-timeline-blog":"","liquid-carousel-blog":"","liquid-square-blog":"","liquid-candy-blog":"","liquid-category-blog":"","liquid-cover-post":"","liquid-default-post":"","liquid-cover-spaced":"","liquid-masonry-shortest":"","liquid-masonry-short":"","liquid-masonry-tall":"","liquid-masonry-taller":"","liquid-medium":"","liquid-large":"","liquid-thumbnail":"","liquid-masonry-header-small":"","liquid-masonry-header-big":"","liquid-thumbnail-post":"","liquid-small-blog":"","liquid-related-post":"","liquid-portfolio":"","liquid-portfolio-sq":"","liquid-portfolio-big-sq":"","liquid-portfolio-portrait":"","liquid-portfolio-wide":"","liquid-packery-wide":"","liquid-packery-portrait":"","liquid-grid-hover-overlay":"","liquid-grid-hover-classic":"","liquid-grid-hover-3d":"","liquid-grid-caption":"","liquid-large-slider":"","liquid-widget":"","liquid-portfolio-vertical-overlay":""},"post_excerpt_stackable":"<p>[vc_row][vc_column] IMMENSIVA FESTIVAL 2024 [vc_gallery interval=\u00bb0&#8243; images=\u00bb13224&#8243; img_size=\u00bblarge\u00bb onclick=\u00bb\u00bb css=\u00bb\u00bb][vc_column_text css=\u00bb\u00bb] El IMMENSIVA Festival 2024 consolid\u00f3 su posici\u00f3n como un evento clave en la intersecci\u00f3n del arte, la tecnolog\u00eda y la innovaci\u00f3n, reuniendo mentes creativas y l\u00edderes de opini\u00f3n para explorar las posibilidades del futuro digital. El festival se estructur\u00f3 en tres grandes pilares: IMMENSIVA DAY, IMMENSIVA RESIDENCE y IMMENSIVA EXPO. &nbsp; IMMENSIVA DAY: explorando el futuro del arte, la tecnolog\u00eda y la innovaci\u00f3n El IMMENSIVA DAY, celebrado el 18 de septiembre en la Fundaci\u00f3n \u00c9pica Fura dels Baus, destac\u00f3 como una jornada llena de presentaciones inspiradoras y mesas redondas&hellip;<\/p>\n","category_list":"","author_info":{"name":"vitor","url":"https:\/\/www.immensiva.com\/es\/author\/vitor\/"},"comments_num":"0 comentarios","yoast_head":"<!-- This site is optimized with the Yoast SEO plugin v22.5 - https:\/\/yoast.com\/wordpress\/plugins\/seo\/ -->\n<title>Immensiva Festival 2024<\/title>\n<meta name=\"description\" content=\"Evento clave en la intersecci\u00f3n del arte, la tecnolog\u00eda y la innovaci\u00f3n, reuniendo mentes creativas y l\u00edderes de opini\u00f3n.\" \/>\n<meta name=\"robots\" content=\"index, follow, max-snippet:-1, max-image-preview:large, max-video-preview:-1\" \/>\n<link rel=\"canonical\" href=\"https:\/\/www.immensiva.com\/es\/immensiva-festival-2024\/\" \/>\n<meta property=\"og:locale\" content=\"es_ES\" \/>\n<meta property=\"og:type\" content=\"article\" \/>\n<meta property=\"og:title\" content=\"Immensiva Festival 2024\" \/>\n<meta property=\"og:description\" content=\"Evento clave en la intersecci\u00f3n del arte, la tecnolog\u00eda y la innovaci\u00f3n, reuniendo mentes creativas y l\u00edderes de opini\u00f3n.\" \/>\n<meta property=\"og:url\" content=\"https:\/\/www.immensiva.com\/es\/immensiva-festival-2024\/\" \/>\n<meta property=\"og:site_name\" content=\"IMMENSIVA\" \/>\n<meta property=\"article:modified_time\" content=\"2025-01-16T10:00:41+00:00\" \/>\n<meta name=\"twitter:card\" content=\"summary_large_image\" \/>\n<meta name=\"twitter:label1\" content=\"Tiempo de lectura\" \/>\n\t<meta name=\"twitter:data1\" content=\"3 minutos\" \/>\n<script type=\"application\/ld+json\" class=\"yoast-schema-graph\">{\"@context\":\"https:\/\/schema.org\",\"@graph\":[{\"@type\":\"WebPage\",\"@id\":\"https:\/\/www.immensiva.com\/es\/immensiva-festival-2024\/\",\"url\":\"https:\/\/www.immensiva.com\/es\/immensiva-festival-2024\/\",\"name\":\"Immensiva Festival 2024\",\"isPartOf\":{\"@id\":\"https:\/\/www.immensiva.com\/#website\"},\"datePublished\":\"2025-01-14T20:12:44+00:00\",\"dateModified\":\"2025-01-16T10:00:41+00:00\",\"description\":\"Evento clave en la intersecci\u00f3n del arte, la tecnolog\u00eda y la innovaci\u00f3n, reuniendo mentes creativas y l\u00edderes de opini\u00f3n.\",\"breadcrumb\":{\"@id\":\"https:\/\/www.immensiva.com\/es\/immensiva-festival-2024\/#breadcrumb\"},\"inLanguage\":\"es\",\"potentialAction\":[{\"@type\":\"ReadAction\",\"target\":[\"https:\/\/www.immensiva.com\/es\/immensiva-festival-2024\/\"]}]},{\"@type\":\"BreadcrumbList\",\"@id\":\"https:\/\/www.immensiva.com\/es\/immensiva-festival-2024\/#breadcrumb\",\"itemListElement\":[{\"@type\":\"ListItem\",\"position\":1,\"name\":\"Home\",\"item\":\"https:\/\/www.immensiva.com\/es\/\"},{\"@type\":\"ListItem\",\"position\":2,\"name\":\"IMMENSIVA FESTIVAL 2024\"}]},{\"@type\":\"WebSite\",\"@id\":\"https:\/\/www.immensiva.com\/#website\",\"url\":\"https:\/\/www.immensiva.com\/\",\"name\":\"IMMENSIVA\",\"description\":\"Focusing on VR, AR, XR art &amp; AI art\",\"potentialAction\":[{\"@type\":\"SearchAction\",\"target\":{\"@type\":\"EntryPoint\",\"urlTemplate\":\"https:\/\/www.immensiva.com\/?s={search_term_string}\"},\"query-input\":\"required name=search_term_string\"}],\"inLanguage\":\"es\"}]}<\/script>\n<!-- \/ Yoast SEO plugin. -->","yoast_head_json":{"title":"Immensiva Festival 2024","description":"Evento clave en la intersecci\u00f3n del arte, la tecnolog\u00eda y la innovaci\u00f3n, reuniendo mentes creativas y l\u00edderes de opini\u00f3n.","robots":{"index":"index","follow":"follow","max-snippet":"max-snippet:-1","max-image-preview":"max-image-preview:large","max-video-preview":"max-video-preview:-1"},"canonical":"https:\/\/www.immensiva.com\/es\/immensiva-festival-2024\/","og_locale":"es_ES","og_type":"article","og_title":"Immensiva Festival 2024","og_description":"Evento clave en la intersecci\u00f3n del arte, la tecnolog\u00eda y la innovaci\u00f3n, reuniendo mentes creativas y l\u00edderes de opini\u00f3n.","og_url":"https:\/\/www.immensiva.com\/es\/immensiva-festival-2024\/","og_site_name":"IMMENSIVA","article_modified_time":"2025-01-16T10:00:41+00:00","twitter_card":"summary_large_image","twitter_misc":{"Tiempo de lectura":"3 minutos"},"schema":{"@context":"https:\/\/schema.org","@graph":[{"@type":"WebPage","@id":"https:\/\/www.immensiva.com\/es\/immensiva-festival-2024\/","url":"https:\/\/www.immensiva.com\/es\/immensiva-festival-2024\/","name":"Immensiva Festival 2024","isPartOf":{"@id":"https:\/\/www.immensiva.com\/#website"},"datePublished":"2025-01-14T20:12:44+00:00","dateModified":"2025-01-16T10:00:41+00:00","description":"Evento clave en la intersecci\u00f3n del arte, la tecnolog\u00eda y la innovaci\u00f3n, reuniendo mentes creativas y l\u00edderes de opini\u00f3n.","breadcrumb":{"@id":"https:\/\/www.immensiva.com\/es\/immensiva-festival-2024\/#breadcrumb"},"inLanguage":"es","potentialAction":[{"@type":"ReadAction","target":["https:\/\/www.immensiva.com\/es\/immensiva-festival-2024\/"]}]},{"@type":"BreadcrumbList","@id":"https:\/\/www.immensiva.com\/es\/immensiva-festival-2024\/#breadcrumb","itemListElement":[{"@type":"ListItem","position":1,"name":"Home","item":"https:\/\/www.immensiva.com\/es\/"},{"@type":"ListItem","position":2,"name":"IMMENSIVA FESTIVAL 2024"}]},{"@type":"WebSite","@id":"https:\/\/www.immensiva.com\/#website","url":"https:\/\/www.immensiva.com\/","name":"IMMENSIVA","description":"Focusing on VR, AR, XR art &amp; AI art","potentialAction":[{"@type":"SearchAction","target":{"@type":"EntryPoint","urlTemplate":"https:\/\/www.immensiva.com\/?s={search_term_string}"},"query-input":"required name=search_term_string"}],"inLanguage":"es"}]}},"_links":{"self":[{"href":"https:\/\/www.immensiva.com\/es\/wp-json\/wp\/v2\/pages\/13223"}],"collection":[{"href":"https:\/\/www.immensiva.com\/es\/wp-json\/wp\/v2\/pages"}],"about":[{"href":"https:\/\/www.immensiva.com\/es\/wp-json\/wp\/v2\/types\/page"}],"author":[{"embeddable":true,"href":"https:\/\/www.immensiva.com\/es\/wp-json\/wp\/v2\/users\/2"}],"replies":[{"embeddable":true,"href":"https:\/\/www.immensiva.com\/es\/wp-json\/wp\/v2\/comments?post=13223"}],"version-history":[{"count":5,"href":"https:\/\/www.immensiva.com\/es\/wp-json\/wp\/v2\/pages\/13223\/revisions"}],"predecessor-version":[{"id":13370,"href":"https:\/\/www.immensiva.com\/es\/wp-json\/wp\/v2\/pages\/13223\/revisions\/13370"}],"wp:attachment":[{"href":"https:\/\/www.immensiva.com\/es\/wp-json\/wp\/v2\/media?parent=13223"}],"curies":[{"name":"wp","href":"https:\/\/api.w.org\/{rel}","templated":true}]}}