{"id":13636,"date":"2025-05-20T10:07:54","date_gmt":"2025-05-20T08:07:54","guid":{"rendered":"https:\/\/www.immensiva.com\/?page_id=13636"},"modified":"2026-01-29T13:21:45","modified_gmt":"2026-01-29T12:21:45","slug":"open-call-immensiva-residence-2025","status":"publish","type":"page","link":"https:\/\/www.immensiva.com\/es\/open-call-immensiva-residence-2025\/","title":{"rendered":"OPEN CALL: IMMENSIVA RESIDENCE 2025"},"content":{"rendered":"<div class=\"wpb-content-wrapper\"><p>[vc_row][vc_column]<style>.ld_spacer_69e307853ea10{height:230px;}<\/style>\n<div class=\"ld-empty-space ld_spacer_69e307853ea10\"><span class=\"liquid_empty_space_inner\"><\/span><\/div><style>.ld_fancy_heading_69e307853eb39 .lqd-highlight-inner{height:0.275em;bottom:0px;}<\/style><div class=\"ld-fancy-heading text-center ld_fancy_heading_69e307853eb39\">\n\t<h1 class=\"lqd-highlight-underline lqd-highlight-grow-left\" ><span class=\"ld-fh-txt\"> <\/p>\n<h2>CONVOCATORIA ABIERTA IMMENSIVA 2025 \u2013 BLOQUES SOCIALES<\/h2>\n<p><\/span><\/h1><\/div>[vc_column_text css=\u00bb\u00bb]<b>Lugar<\/b>: Barcelona, Espai Espronceda, Institute of Art and Culture<br \/>\n<b>Fechas<\/b>: De junio a noviembre 2025 (fechas por concretar)<br \/>\nParticipantes: Hasta 8 creadores\/as seleccionados (4 residentes en Catalu\u00f1a y 4 internacionales)<br \/>\n<b>Convocatoria abierta hasta<\/b>: 6 de junio 2025<br \/>\n<b>Notificaci\u00f3n a los seleccionados<\/b>: 13 de junio 2025<br \/>\n<b>Formulario de inscripci\u00f3n:<br \/>\n<\/b><a href=\"https:\/\/docs.google.com\/forms\/d\/1mlJI_wUusDiE6_N5ixGP-Lv8CQQS0HkS1qmHMwGktrk\/edit\">https:\/\/docs.google.com\/forms\/d\/1mlJI_wUusDiE6_N5ixGP-Lv8CQQS0HkS1qmHMwGktrk\/edit<\/a><\/p>\n<p><span class=\"s1\"><br \/>\nEn su quinta edici\u00f3n,<b> IMMENSIVA 2025<\/b> se reinventa fusionando inteligencia artificial, realidad extendida (XR) y danza colaborativa para crear proyectos inmersivos con un fuerte componente social. Es la oportunidad perfecta para artistas, creadores y desarrolladores interesados en c\u00f3mo la tecnolog\u00eda puede transformar la sociedad a trav\u00e9s de la inclusi\u00f3n, la diversidad y la sostenibilidad.<\/span><\/p>\n<p class=\"p1\"><span class=\"s1\"><b>IMMENSIVA 2025<\/b> es m\u00e1s que un festival: es un laboratorio creativo donde podr\u00e1s desarrollar prototipos XR con el apoyo del AI\/XR Toolkit, trabajando junto a otros artistas y expertos para generar experiencias inmersivas con impacto en museos, centros educativos y escenarios internacionales.<\/span><\/p>\n<p class=\"p1\"><span class=\"s1\">El festival te invita a dise\u00f1ar \u201cBloques Sociales\u201d narrativos: piezas innovadoras que combinan danza, m\u00fasica y tecnolog\u00eda para generar cambios sociales a trav\u00e9s de la creatividad. Aprovecha la residencia art\u00edstica para explorar nuevos lenguajes y colaborar en proyectos interdisciplinarios con impacto colectivo. Adem\u00e1s, podr\u00e1s modular y escalar tu proyecto en distintos contextos, contribuyendo a profesionalizar la cultura digital catalana y consolidando tu propuesta XR con proyecci\u00f3n internacional.<\/span><\/p>\n<p class=\"p1\"><span class=\"s1\">No dejes pasar esta oportunidad \u00fanica de hacer crecer tu visi\u00f3n art\u00edstica en un entorno vibrante y colaborativo. Inscr\u00edbete en<b> IMMENSIVA 2025 \u2013 BLOQUES SOCIALES XR<\/b> y forma parte de un movimiento creativo con gran potencial de crecimiento y visibilidad.<\/span><\/p>\n<p class=\"p1\"><span class=\"s1\">Si tienes ideas innovadoras para crear experiencias inmersivas que potencien la empat\u00eda y transformen la realidad social, esta es tu oportunidad para sumarte a un proyecto con un gran potencial de desarrollo y proyecci\u00f3n.<\/span><\/p>\n<p class=\"p1\"><span class=\"s1\"><b>\u00a1Queremos conocerte!<\/b><\/span><\/p>\n<p class=\"p2\"><span class=\"s1\">M\u00e1s informaci\u00f3n:<\/span><\/p>\n<ul class=\"ul1\">\n<li class=\"li3\"><span class=\"s2\"><a href=\"https:\/\/www.immensiva.com\/es\/festival-immensiva-2025\/\"><span class=\"s3\">IMMENSIVA 2025 \u2013 Sinopsis del Festival<\/span><\/a><\/span><\/li>\n<li class=\"li3\"><span class=\"s2\"><a href=\"https:\/\/www.immensiva.com\/es\/propuesta-del-proyecto-immensiva-2025\/\"><span class=\"s3\">IMMENSIVA 2025 \u2013 Concepto del Proyecto BLOQUES SOCIALES XR<\/span><\/a><\/span><\/li>\n<li class=\"li4\"><span class=\"s4\"><a href=\"https:\/\/www.immensiva.com\/es\/programa-educativo-immensiva-2025\/\"><span class=\"s3\">IMMENSIVA 2025 \u2013 Programa Educativo<\/span><\/a><\/span><span class=\"s5\"><i> (las fechas pueden estar sujetas a cambios)<\/i><\/span><\/li>\n<\/ul>\n<p class=\"p1\"><span class=\"s1\">\u00a1M\u00e1s informaci\u00f3n en nuestra <b>web <\/b>y en <a href=\"http:\/\/www.espronceda.net\/\"><span class=\"s6\"><b>www.espronceda.net<\/b><\/span><\/a>!<\/span><\/p>\n<p>[\/vc_column_text]<style>.ld_spacer_69e3078556a01{height:50px;}<\/style>\n<div class=\"ld-empty-space ld_spacer_69e3078556a01\"><span class=\"liquid_empty_space_inner\"><\/span><\/div>[vc_single_image image=\u00bb13641&#8243; img_size=\u00bblarge\u00bb css=\u00bb\u00bb]<style>.ld_spacer_69e3078556aef{height:30px;}<\/style>\n<div class=\"ld-empty-space ld_spacer_69e3078556aef\"><span class=\"liquid_empty_space_inner\"><\/span><\/div>[\/vc_column][\/vc_row][vc_row][vc_column][\/vc_column][\/vc_row][vc_row][vc_column][\/vc_column][\/vc_row][vc_row][vc_column][\/vc_column][\/vc_row]<\/p>\n<\/div>","protected":false},"excerpt":{"rendered":"<p>[vc_row][vc_column][vc_column_text css=\u00bb\u00bb]Lugar: Barcelona, Espai Espronceda, Institute of Art and Culture Fechas: De junio a noviembre&#8230;<\/p>\n","protected":false},"author":2,"featured_media":0,"parent":0,"menu_order":0,"comment_status":"closed","ping_status":"closed","template":"","meta":{"footnotes":""},"featured_image_urls":{"full":"","thumbnail":"","medium":"","medium_large":"","large":"","1536x1536":"","2048x2048":"","awb_sm":"","awb_md":"","awb_lg":"","awb_xl":"","liquid-default-blog":"","liquid-standard-blog":"","liquid-featured-blog":"","liquid-rounded-blog":"","liquid-classic-meta-blog":"","liquid-classic-2-blog":"","liquid-grid":"","liquid-split-blog":"","liquid-classic-full-blog":"","liquid-metro-blog":"","liquid-timeline-blog":"","liquid-carousel-blog":"","liquid-square-blog":"","liquid-candy-blog":"","liquid-category-blog":"","liquid-cover-post":"","liquid-default-post":"","liquid-cover-spaced":"","liquid-masonry-shortest":"","liquid-masonry-short":"","liquid-masonry-tall":"","liquid-masonry-taller":"","liquid-medium":"","liquid-large":"","liquid-thumbnail":"","liquid-masonry-header-small":"","liquid-masonry-header-big":"","liquid-thumbnail-post":"","liquid-small-blog":"","liquid-related-post":"","liquid-portfolio":"","liquid-portfolio-sq":"","liquid-portfolio-big-sq":"","liquid-portfolio-portrait":"","liquid-portfolio-wide":"","liquid-packery-wide":"","liquid-packery-portrait":"","liquid-grid-hover-overlay":"","liquid-grid-hover-classic":"","liquid-grid-hover-3d":"","liquid-grid-caption":"","liquid-large-slider":"","liquid-widget":"","liquid-portfolio-vertical-overlay":""},"post_excerpt_stackable":"<p>[vc_row][vc_column] CONVOCATORIA ABIERTA IMMENSIVA 2025 \u2013 BLOQUES SOCIALES [vc_column_text css=\u00bb\u00bb]Lugar: Barcelona, Espai Espronceda, Institute of Art and Culture Fechas: De junio a noviembre 2025 (fechas por concretar) Participantes: Hasta 8 creadores\/as seleccionados (4 residentes en Catalu\u00f1a y 4 internacionales) Convocatoria abierta hasta: 6 de junio 2025 Notificaci\u00f3n a los seleccionados: 13 de junio 2025 Formulario de inscripci\u00f3n: https:\/\/docs.google.com\/forms\/d\/1mlJI_wUusDiE6_N5ixGP-Lv8CQQS0HkS1qmHMwGktrk\/edit En su quinta edici\u00f3n, IMMENSIVA 2025 se reinventa fusionando inteligencia artificial, realidad extendida (XR) y danza colaborativa para crear proyectos inmersivos con un fuerte componente social. Es la oportunidad perfecta para artistas, creadores y desarrolladores interesados en c\u00f3mo la tecnolog\u00eda puede transformar&hellip;<\/p>\n","category_list":"","author_info":{"name":"vitor","url":"https:\/\/www.immensiva.com\/es\/author\/vitor\/"},"comments_num":"0 comentarios","yoast_head":"<!-- This site is optimized with the Yoast SEO plugin v22.5 - https:\/\/yoast.com\/wordpress\/plugins\/seo\/ -->\n<title>Open Call: Immensiva Residence 2025<\/title>\n<meta name=\"description\" content=\"IMMENSIVA 2025 se reinventa fusionando IA, XR y danza colaborativa para crear proyectos inmersivos con un fuerte componente social.\" \/>\n<meta name=\"robots\" content=\"index, follow, max-snippet:-1, max-image-preview:large, max-video-preview:-1\" \/>\n<link rel=\"canonical\" href=\"https:\/\/www.immensiva.com\/es\/open-call-immensiva-residence-2025\/\" \/>\n<meta property=\"og:locale\" content=\"es_ES\" \/>\n<meta property=\"og:type\" content=\"article\" \/>\n<meta property=\"og:title\" content=\"Open Call: Immensiva Residence 2025\" \/>\n<meta property=\"og:description\" content=\"IMMENSIVA 2025 se reinventa fusionando IA, XR y danza colaborativa para crear proyectos inmersivos con un fuerte componente social.\" \/>\n<meta property=\"og:url\" content=\"https:\/\/www.immensiva.com\/es\/open-call-immensiva-residence-2025\/\" \/>\n<meta property=\"og:site_name\" content=\"IMMENSIVA\" \/>\n<meta property=\"article:modified_time\" content=\"2026-01-29T12:21:45+00:00\" \/>\n<meta name=\"twitter:card\" content=\"summary_large_image\" \/>\n<meta name=\"twitter:label1\" content=\"Tiempo de lectura\" \/>\n\t<meta name=\"twitter:data1\" content=\"2 minutos\" \/>\n<script type=\"application\/ld+json\" class=\"yoast-schema-graph\">{\"@context\":\"https:\/\/schema.org\",\"@graph\":[{\"@type\":\"WebPage\",\"@id\":\"https:\/\/www.immensiva.com\/es\/open-call-immensiva-residence-2025\/\",\"url\":\"https:\/\/www.immensiva.com\/es\/open-call-immensiva-residence-2025\/\",\"name\":\"Open Call: Immensiva Residence 2025\",\"isPartOf\":{\"@id\":\"https:\/\/www.immensiva.com\/#website\"},\"datePublished\":\"2025-05-20T08:07:54+00:00\",\"dateModified\":\"2026-01-29T12:21:45+00:00\",\"description\":\"IMMENSIVA 2025 se reinventa fusionando IA, XR y danza colaborativa para crear proyectos inmersivos con un fuerte componente social.\",\"breadcrumb\":{\"@id\":\"https:\/\/www.immensiva.com\/es\/open-call-immensiva-residence-2025\/#breadcrumb\"},\"inLanguage\":\"es\",\"potentialAction\":[{\"@type\":\"ReadAction\",\"target\":[\"https:\/\/www.immensiva.com\/es\/open-call-immensiva-residence-2025\/\"]}]},{\"@type\":\"BreadcrumbList\",\"@id\":\"https:\/\/www.immensiva.com\/es\/open-call-immensiva-residence-2025\/#breadcrumb\",\"itemListElement\":[{\"@type\":\"ListItem\",\"position\":1,\"name\":\"Home\",\"item\":\"https:\/\/www.immensiva.com\/es\/\"},{\"@type\":\"ListItem\",\"position\":2,\"name\":\"OPEN CALL: IMMENSIVA RESIDENCE 2025\"}]},{\"@type\":\"WebSite\",\"@id\":\"https:\/\/www.immensiva.com\/#website\",\"url\":\"https:\/\/www.immensiva.com\/\",\"name\":\"IMMENSIVA\",\"description\":\"Focusing on VR, AR, XR art &amp; AI art\",\"potentialAction\":[{\"@type\":\"SearchAction\",\"target\":{\"@type\":\"EntryPoint\",\"urlTemplate\":\"https:\/\/www.immensiva.com\/?s={search_term_string}\"},\"query-input\":\"required name=search_term_string\"}],\"inLanguage\":\"es\"}]}<\/script>\n<!-- \/ Yoast SEO plugin. -->","yoast_head_json":{"title":"Open Call: Immensiva Residence 2025","description":"IMMENSIVA 2025 se reinventa fusionando IA, XR y danza colaborativa para crear proyectos inmersivos con un fuerte componente social.","robots":{"index":"index","follow":"follow","max-snippet":"max-snippet:-1","max-image-preview":"max-image-preview:large","max-video-preview":"max-video-preview:-1"},"canonical":"https:\/\/www.immensiva.com\/es\/open-call-immensiva-residence-2025\/","og_locale":"es_ES","og_type":"article","og_title":"Open Call: Immensiva Residence 2025","og_description":"IMMENSIVA 2025 se reinventa fusionando IA, XR y danza colaborativa para crear proyectos inmersivos con un fuerte componente social.","og_url":"https:\/\/www.immensiva.com\/es\/open-call-immensiva-residence-2025\/","og_site_name":"IMMENSIVA","article_modified_time":"2026-01-29T12:21:45+00:00","twitter_card":"summary_large_image","twitter_misc":{"Tiempo de lectura":"2 minutos"},"schema":{"@context":"https:\/\/schema.org","@graph":[{"@type":"WebPage","@id":"https:\/\/www.immensiva.com\/es\/open-call-immensiva-residence-2025\/","url":"https:\/\/www.immensiva.com\/es\/open-call-immensiva-residence-2025\/","name":"Open Call: Immensiva Residence 2025","isPartOf":{"@id":"https:\/\/www.immensiva.com\/#website"},"datePublished":"2025-05-20T08:07:54+00:00","dateModified":"2026-01-29T12:21:45+00:00","description":"IMMENSIVA 2025 se reinventa fusionando IA, XR y danza colaborativa para crear proyectos inmersivos con un fuerte componente social.","breadcrumb":{"@id":"https:\/\/www.immensiva.com\/es\/open-call-immensiva-residence-2025\/#breadcrumb"},"inLanguage":"es","potentialAction":[{"@type":"ReadAction","target":["https:\/\/www.immensiva.com\/es\/open-call-immensiva-residence-2025\/"]}]},{"@type":"BreadcrumbList","@id":"https:\/\/www.immensiva.com\/es\/open-call-immensiva-residence-2025\/#breadcrumb","itemListElement":[{"@type":"ListItem","position":1,"name":"Home","item":"https:\/\/www.immensiva.com\/es\/"},{"@type":"ListItem","position":2,"name":"OPEN CALL: IMMENSIVA RESIDENCE 2025"}]},{"@type":"WebSite","@id":"https:\/\/www.immensiva.com\/#website","url":"https:\/\/www.immensiva.com\/","name":"IMMENSIVA","description":"Focusing on VR, AR, XR art &amp; AI art","potentialAction":[{"@type":"SearchAction","target":{"@type":"EntryPoint","urlTemplate":"https:\/\/www.immensiva.com\/?s={search_term_string}"},"query-input":"required name=search_term_string"}],"inLanguage":"es"}]}},"_links":{"self":[{"href":"https:\/\/www.immensiva.com\/es\/wp-json\/wp\/v2\/pages\/13636"}],"collection":[{"href":"https:\/\/www.immensiva.com\/es\/wp-json\/wp\/v2\/pages"}],"about":[{"href":"https:\/\/www.immensiva.com\/es\/wp-json\/wp\/v2\/types\/page"}],"author":[{"embeddable":true,"href":"https:\/\/www.immensiva.com\/es\/wp-json\/wp\/v2\/users\/2"}],"replies":[{"embeddable":true,"href":"https:\/\/www.immensiva.com\/es\/wp-json\/wp\/v2\/comments?post=13636"}],"version-history":[{"count":7,"href":"https:\/\/www.immensiva.com\/es\/wp-json\/wp\/v2\/pages\/13636\/revisions"}],"predecessor-version":[{"id":13956,"href":"https:\/\/www.immensiva.com\/es\/wp-json\/wp\/v2\/pages\/13636\/revisions\/13956"}],"wp:attachment":[{"href":"https:\/\/www.immensiva.com\/es\/wp-json\/wp\/v2\/media?parent=13636"}],"curies":[{"name":"wp","href":"https:\/\/api.w.org\/{rel}","templated":true}]}}