{"id":13903,"date":"2026-01-28T10:01:52","date_gmt":"2026-01-28T09:01:52","guid":{"rendered":"https:\/\/www.immensiva.com\/sensai-hack-barcelona-2025-xr-ai-creative-lab\/"},"modified":"2026-01-28T10:38:20","modified_gmt":"2026-01-28T09:38:20","slug":"sensai-hack-barcelona-2025-xr-ai-creative-lab","status":"publish","type":"page","link":"https:\/\/www.immensiva.com\/es\/sensai-hack-barcelona-2025-xr-ai-creative-lab\/","title":{"rendered":"SensAI Hack Barcelona 2025 \u2014 XR &amp; AI Creative Lab"},"content":{"rendered":"<div class=\"wpb-content-wrapper\"><p>[vc_row][vc_column][\/vc_column][\/vc_row][vc_column][\/vc_column]<style>.ld_spacer_69f402dc2d66c{height:170px;}<\/style>\n<div class=\"ld-empty-space ld_spacer_69f402dc2d66c\"><span class=\"liquid_empty_space_inner\"><\/span><\/div><style>.ld_fancy_heading_69f402dc2d7a5 .lqd-highlight-inner{height:0.275em;bottom:0px;}<\/style><div class=\"ld-fancy-heading text-center ld_fancy_heading_69f402dc2d7a5\">\n\t<h1 class=\"lqd-highlight-underline lqd-highlight-grow-left\" ><span class=\"ld-fh-txt\"> <\/p>\n<h2><b>SensAI Hack Barcelona 2025 \u2014 XR &amp; AI Creative Lab<\/b><\/h2>\n<p><\/span><\/h1><\/div><style>.ld_spacer_69f402dc32936{height:5px;}<\/style>\n<div class=\"ld-empty-space ld_spacer_69f402dc32936\"><span class=\"liquid_empty_space_inner\"><\/span><\/div>[vc_row][vc_column][vc_single_image image=\u00bb13891&#8243; img_size=\u00bblarge\u00bb alignment=\u00bbcenter\u00bb css=\u00bb\u00bb][vc_gallery interval=\u00bb3&#8243; images=\u00bb13941,13944&#8243; img_size=\u00bblarge\u00bb css=\u00bb\u00bb][vc_column_text css=\u00bb\u00bb]Como parte del programa <strong>IMMENSIVA 2025, ESPRONCEDA Institute of Art &amp; Culture<\/strong> present\u00f3 <strong>SensAI Hack Barcelona 2025<\/strong>, el mayor hackathon de XR e IA del mundo. Del <strong>16 al 18 de noviembre de 2025<\/strong>, 150 desarrolladores, dise\u00f1adores e ingenieros de XR\/IA se reunieron en Barcelona para crear juegos, aplicaciones y prototipos inmersivos innovadores utilizando tecnolog\u00edas punteras de IA, visi\u00f3n por computador y XR.<\/p>\n<p>SensAI Hack ofreci\u00f3 una plataforma \u00fanica de aprendizaje, experimentaci\u00f3n y colaboraci\u00f3n. Las personas participantes interactuaron con expertos y mentores de <strong>Unity, Meta y Owlchemy Labs<\/strong>, asistieron a talleres pr\u00e1cticos sobre XR, IA, visi\u00f3n por computador y creaci\u00f3n de juegos en <strong>Horizon Worlds<\/strong>, y compitieron por un premio total de <strong>10.000 USD<\/strong>, con oportunidades adicionales en competiciones globales que superan <strong>1 mill\u00f3n de USD<\/strong>.<\/p>\n<p>Para estudios de videojuegos y desarrolladores independientes, el hackathon funcion\u00f3 como un laboratorio creativo donde probar nuevas mec\u00e1nicas y din\u00e1micas de juego social en VR, integrar IA y visi\u00f3n por computador en proyectos en desarrollo, y recibir mentor\u00eda de algunos de los profesionales m\u00e1s influyentes del sector XR y de la IA.<\/p>\n<h2>Celebraci\u00f3n Post-Hack<\/h2>\n<p>Para cerrar esta extraordinaria semana de creatividad y experimentaci\u00f3n tecnol\u00f3gica, <strong>ESPRONCEDA<\/strong> organiz\u00f3 una celebraci\u00f3n <strong>post-hack, pre-Unite<\/strong>, que reuni\u00f3 a la comunidad global de XR, IA y creaci\u00f3n para una velada de exhibiciones, actuaciones y networking.<\/p>\n<p>Los visitantes pudieron conocer los proyectos galardonados desarrollados durante <strong>SensAI Hack<\/strong>, encontrarse con los hackers, mentores, socios y jurados que est\u00e1n dando forma al futuro de la computaci\u00f3n espacial, y disfrutar de un programa que fusion\u00f3 innovaci\u00f3n y expresi\u00f3n art\u00edstica. Los momentos destacados incluyeron:<\/p>\n<p>Actuaciones en directo de <strong>Gantasmo, Nina Vondi, Ailin Bars, Cocogirl y disorder<\/strong><br \/>\nExhibiciones visuales de <strong>KYSS y Brainrot<\/strong><br \/>\nInstalaci\u00f3n XR <strong>Love Vibes<\/strong> de <strong>Daniel Gonzalez Franco<\/strong><\/p>\n<p>La celebraci\u00f3n ofreci\u00f3 un entorno vibrante e informal para conectar con otros profesionales, intercambiar ideas y reflexionar sobre una semana de colaboraci\u00f3n y experimentaci\u00f3n. La entrada fue gratuita con inscripci\u00f3n previa (limitada a 100 personas).<\/p>\n<h2>Sobre SensAI Hack<\/h2>\n<p><strong>SensAI Hack<\/strong> es la primera <strong>XR Champions League<\/strong> global, que invita a m\u00e1s de <strong>500 desarrolladores de XR e IA<\/strong> a hackathons presenciales en <strong>Londres, Colonia<\/strong> (Gamescom Week, STARTPLATZ), <strong>Barcelona<\/strong> (justo antes de Unite 2025) y <strong>San Francisco<\/strong> (Frontier Tower).<\/p>\n<p>Organizado por <strong>XR Bootcamp<\/strong> en colaboraci\u00f3n con <strong>Meta<\/strong>, los socios corporativos proponen retos reales y premios que fomentan la innovaci\u00f3n y el networking profesional. Los hackers trabajan con las tecnolog\u00edas XR e IA m\u00e1s avanzadas mientras colaboran directamente con responsables de la industria.<\/p>\n<p>Como <strong>SensAI Hack Network Partner, ESPRONCEDA<\/strong> apoya la colaboraci\u00f3n internacional y el desarrollo de proyectos de arte digital y videojuegos inmersivos, \u00e9ticos y sostenibles.[\/vc_column_text]<style>.ld_spacer_69f402dc32a18{height:32px;}<\/style>\n<div class=\"ld-empty-space ld_spacer_69f402dc32a18\"><span class=\"liquid_empty_space_inner\"><\/span><\/div>[\/vc_column][\/vc_row][vc_row][vc_column][\/vc_column][\/vc_row]<\/p>\n<\/div>","protected":false},"excerpt":{"rendered":"<p>[vc_row][vc_column][\/vc_column][\/vc_row][vc_column][\/vc_column][vc_row][vc_column][vc_single_image image=\u00bb13891&#8243; img_size=\u00bblarge\u00bb alignment=\u00bbcenter\u00bb css=\u00bb\u00bb][vc_gallery interval=\u00bb3&#8243; images=\u00bb13941,13944&#8243; img_size=\u00bblarge\u00bb css=\u00bb\u00bb][vc_column_text css=\u00bb\u00bb]Como parte del programa IMMENSIVA 2025,&#8230;<\/p>\n","protected":false},"author":2,"featured_media":0,"parent":0,"menu_order":0,"comment_status":"closed","ping_status":"closed","template":"","meta":{"footnotes":""},"featured_image_urls":{"full":"","thumbnail":"","medium":"","medium_large":"","large":"","1536x1536":"","2048x2048":"","awb_sm":"","awb_md":"","awb_lg":"","awb_xl":"","liquid-default-blog":"","liquid-standard-blog":"","liquid-featured-blog":"","liquid-rounded-blog":"","liquid-classic-meta-blog":"","liquid-classic-2-blog":"","liquid-grid":"","liquid-split-blog":"","liquid-classic-full-blog":"","liquid-metro-blog":"","liquid-timeline-blog":"","liquid-carousel-blog":"","liquid-square-blog":"","liquid-candy-blog":"","liquid-category-blog":"","liquid-cover-post":"","liquid-default-post":"","liquid-cover-spaced":"","liquid-masonry-shortest":"","liquid-masonry-short":"","liquid-masonry-tall":"","liquid-masonry-taller":"","liquid-medium":"","liquid-large":"","liquid-thumbnail":"","liquid-masonry-header-small":"","liquid-masonry-header-big":"","liquid-thumbnail-post":"","liquid-small-blog":"","liquid-related-post":"","liquid-portfolio":"","liquid-portfolio-sq":"","liquid-portfolio-big-sq":"","liquid-portfolio-portrait":"","liquid-portfolio-wide":"","liquid-packery-wide":"","liquid-packery-portrait":"","liquid-grid-hover-overlay":"","liquid-grid-hover-classic":"","liquid-grid-hover-3d":"","liquid-grid-caption":"","liquid-large-slider":"","liquid-widget":"","liquid-portfolio-vertical-overlay":""},"post_excerpt_stackable":"<p>[vc_row][vc_column][\/vc_column][\/vc_row][vc_column][\/vc_column] SensAI Hack Barcelona 2025 \u2014 XR &amp; AI Creative Lab [vc_row][vc_column][vc_single_image image=\u00bb13891&#8243; img_size=\u00bblarge\u00bb alignment=\u00bbcenter\u00bb css=\u00bb\u00bb][vc_gallery interval=\u00bb3&#8243; images=\u00bb13941,13944&#8243; img_size=\u00bblarge\u00bb css=\u00bb\u00bb][vc_column_text css=\u00bb\u00bb]Como parte del programa IMMENSIVA 2025, ESPRONCEDA Institute of Art &amp; Culture present\u00f3 SensAI Hack Barcelona 2025, el mayor hackathon de XR e IA del mundo. Del 16 al 18 de noviembre de 2025, 150 desarrolladores, dise\u00f1adores e ingenieros de XR\/IA se reunieron en Barcelona para crear juegos, aplicaciones y prototipos inmersivos innovadores utilizando tecnolog\u00edas punteras de IA, visi\u00f3n por computador y XR. SensAI Hack ofreci\u00f3 una plataforma \u00fanica de aprendizaje, experimentaci\u00f3n y colaboraci\u00f3n. Las personas participantes interactuaron con expertos&hellip;<\/p>\n","category_list":"","author_info":{"name":"vitor","url":"https:\/\/www.immensiva.com\/es\/author\/vitor\/"},"comments_num":"0 comentarios","yoast_head":"<!-- This site is optimized with the Yoast SEO plugin v22.5 - https:\/\/yoast.com\/wordpress\/plugins\/seo\/ -->\n<title>SensAI Hack Barcelona 2025 \u2014 XR &amp; AI Creative Lab<\/title>\n<meta name=\"description\" content=\"ESPRONCEDA Institute of Art &amp; Culture present\u00f3 SensAI Hack Barcelona 2025, el mayor hackathon de XR e IA del mundo.\" \/>\n<meta name=\"robots\" content=\"index, follow, max-snippet:-1, max-image-preview:large, max-video-preview:-1\" \/>\n<link rel=\"canonical\" href=\"https:\/\/www.immensiva.com\/es\/sensai-hack-barcelona-2025-xr-ai-creative-lab\/\" \/>\n<meta property=\"og:locale\" content=\"es_ES\" \/>\n<meta property=\"og:type\" content=\"article\" \/>\n<meta property=\"og:title\" content=\"SensAI Hack Barcelona 2025 \u2014 XR &amp; AI Creative Lab\" \/>\n<meta property=\"og:description\" content=\"ESPRONCEDA Institute of Art &amp; Culture present\u00f3 SensAI Hack Barcelona 2025, el mayor hackathon de XR e IA del mundo.\" \/>\n<meta property=\"og:url\" content=\"https:\/\/www.immensiva.com\/es\/sensai-hack-barcelona-2025-xr-ai-creative-lab\/\" \/>\n<meta property=\"og:site_name\" content=\"IMMENSIVA\" \/>\n<meta property=\"article:modified_time\" content=\"2026-01-28T09:38:20+00:00\" \/>\n<meta name=\"twitter:card\" content=\"summary_large_image\" \/>\n<meta name=\"twitter:label1\" content=\"Tiempo de lectura\" \/>\n\t<meta name=\"twitter:data1\" content=\"2 minutos\" \/>\n<script type=\"application\/ld+json\" class=\"yoast-schema-graph\">{\"@context\":\"https:\/\/schema.org\",\"@graph\":[{\"@type\":\"WebPage\",\"@id\":\"https:\/\/www.immensiva.com\/es\/sensai-hack-barcelona-2025-xr-ai-creative-lab\/\",\"url\":\"https:\/\/www.immensiva.com\/es\/sensai-hack-barcelona-2025-xr-ai-creative-lab\/\",\"name\":\"SensAI Hack Barcelona 2025 \u2014 XR & AI Creative Lab\",\"isPartOf\":{\"@id\":\"https:\/\/www.immensiva.com\/#website\"},\"datePublished\":\"2026-01-28T09:01:52+00:00\",\"dateModified\":\"2026-01-28T09:38:20+00:00\",\"description\":\"ESPRONCEDA Institute of Art & Culture present\u00f3 SensAI Hack Barcelona 2025, el mayor hackathon de XR e IA del mundo.\",\"breadcrumb\":{\"@id\":\"https:\/\/www.immensiva.com\/es\/sensai-hack-barcelona-2025-xr-ai-creative-lab\/#breadcrumb\"},\"inLanguage\":\"es\",\"potentialAction\":[{\"@type\":\"ReadAction\",\"target\":[\"https:\/\/www.immensiva.com\/es\/sensai-hack-barcelona-2025-xr-ai-creative-lab\/\"]}]},{\"@type\":\"BreadcrumbList\",\"@id\":\"https:\/\/www.immensiva.com\/es\/sensai-hack-barcelona-2025-xr-ai-creative-lab\/#breadcrumb\",\"itemListElement\":[{\"@type\":\"ListItem\",\"position\":1,\"name\":\"Home\",\"item\":\"https:\/\/www.immensiva.com\/es\/\"},{\"@type\":\"ListItem\",\"position\":2,\"name\":\"SensAI Hack Barcelona 2025 \u2014 XR &amp; AI Creative Lab\"}]},{\"@type\":\"WebSite\",\"@id\":\"https:\/\/www.immensiva.com\/#website\",\"url\":\"https:\/\/www.immensiva.com\/\",\"name\":\"IMMENSIVA\",\"description\":\"Focusing on VR, AR, XR art &amp; AI art\",\"potentialAction\":[{\"@type\":\"SearchAction\",\"target\":{\"@type\":\"EntryPoint\",\"urlTemplate\":\"https:\/\/www.immensiva.com\/?s={search_term_string}\"},\"query-input\":\"required name=search_term_string\"}],\"inLanguage\":\"es\"}]}<\/script>\n<!-- \/ Yoast SEO plugin. -->","yoast_head_json":{"title":"SensAI Hack Barcelona 2025 \u2014 XR & AI Creative Lab","description":"ESPRONCEDA Institute of Art & Culture present\u00f3 SensAI Hack Barcelona 2025, el mayor hackathon de XR e IA del mundo.","robots":{"index":"index","follow":"follow","max-snippet":"max-snippet:-1","max-image-preview":"max-image-preview:large","max-video-preview":"max-video-preview:-1"},"canonical":"https:\/\/www.immensiva.com\/es\/sensai-hack-barcelona-2025-xr-ai-creative-lab\/","og_locale":"es_ES","og_type":"article","og_title":"SensAI Hack Barcelona 2025 \u2014 XR & AI Creative Lab","og_description":"ESPRONCEDA Institute of Art & Culture present\u00f3 SensAI Hack Barcelona 2025, el mayor hackathon de XR e IA del mundo.","og_url":"https:\/\/www.immensiva.com\/es\/sensai-hack-barcelona-2025-xr-ai-creative-lab\/","og_site_name":"IMMENSIVA","article_modified_time":"2026-01-28T09:38:20+00:00","twitter_card":"summary_large_image","twitter_misc":{"Tiempo de lectura":"2 minutos"},"schema":{"@context":"https:\/\/schema.org","@graph":[{"@type":"WebPage","@id":"https:\/\/www.immensiva.com\/es\/sensai-hack-barcelona-2025-xr-ai-creative-lab\/","url":"https:\/\/www.immensiva.com\/es\/sensai-hack-barcelona-2025-xr-ai-creative-lab\/","name":"SensAI Hack Barcelona 2025 \u2014 XR & AI Creative Lab","isPartOf":{"@id":"https:\/\/www.immensiva.com\/#website"},"datePublished":"2026-01-28T09:01:52+00:00","dateModified":"2026-01-28T09:38:20+00:00","description":"ESPRONCEDA Institute of Art & Culture present\u00f3 SensAI Hack Barcelona 2025, el mayor hackathon de XR e IA del mundo.","breadcrumb":{"@id":"https:\/\/www.immensiva.com\/es\/sensai-hack-barcelona-2025-xr-ai-creative-lab\/#breadcrumb"},"inLanguage":"es","potentialAction":[{"@type":"ReadAction","target":["https:\/\/www.immensiva.com\/es\/sensai-hack-barcelona-2025-xr-ai-creative-lab\/"]}]},{"@type":"BreadcrumbList","@id":"https:\/\/www.immensiva.com\/es\/sensai-hack-barcelona-2025-xr-ai-creative-lab\/#breadcrumb","itemListElement":[{"@type":"ListItem","position":1,"name":"Home","item":"https:\/\/www.immensiva.com\/es\/"},{"@type":"ListItem","position":2,"name":"SensAI Hack Barcelona 2025 \u2014 XR &amp; AI Creative Lab"}]},{"@type":"WebSite","@id":"https:\/\/www.immensiva.com\/#website","url":"https:\/\/www.immensiva.com\/","name":"IMMENSIVA","description":"Focusing on VR, AR, XR art &amp; AI art","potentialAction":[{"@type":"SearchAction","target":{"@type":"EntryPoint","urlTemplate":"https:\/\/www.immensiva.com\/?s={search_term_string}"},"query-input":"required name=search_term_string"}],"inLanguage":"es"}]}},"_links":{"self":[{"href":"https:\/\/www.immensiva.com\/es\/wp-json\/wp\/v2\/pages\/13903"}],"collection":[{"href":"https:\/\/www.immensiva.com\/es\/wp-json\/wp\/v2\/pages"}],"about":[{"href":"https:\/\/www.immensiva.com\/es\/wp-json\/wp\/v2\/types\/page"}],"author":[{"embeddable":true,"href":"https:\/\/www.immensiva.com\/es\/wp-json\/wp\/v2\/users\/2"}],"replies":[{"embeddable":true,"href":"https:\/\/www.immensiva.com\/es\/wp-json\/wp\/v2\/comments?post=13903"}],"version-history":[{"count":7,"href":"https:\/\/www.immensiva.com\/es\/wp-json\/wp\/v2\/pages\/13903\/revisions"}],"predecessor-version":[{"id":13947,"href":"https:\/\/www.immensiva.com\/es\/wp-json\/wp\/v2\/pages\/13903\/revisions\/13947"}],"wp:attachment":[{"href":"https:\/\/www.immensiva.com\/es\/wp-json\/wp\/v2\/media?parent=13903"}],"curies":[{"name":"wp","href":"https:\/\/api.w.org\/{rel}","templated":true}]}}