{"id":14028,"date":"2026-02-17T10:07:20","date_gmt":"2026-02-17T09:07:20","guid":{"rendered":"https:\/\/www.immensiva.com\/festival-immensiva-2026\/"},"modified":"2026-03-11T14:20:44","modified_gmt":"2026-03-11T13:20:44","slug":"festival-immensiva-2026","status":"publish","type":"page","link":"https:\/\/www.immensiva.com\/es\/festival-immensiva-2026\/","title":{"rendered":"FESTIVAL IMMENSIVA 2026"},"content":{"rendered":"<div class=\"wpb-content-wrapper\"><p>[vc_row][vc_column]<style>.ld_spacer_69d24b7278433{height:170px;}<\/style>\n<div class=\"ld-empty-space ld_spacer_69d24b7278433\"><span class=\"liquid_empty_space_inner\"><\/span><\/div><style>.ld_fancy_heading_69d24b7278557 .lqd-highlight-inner{height:0.275em;bottom:0px;}<\/style><div class=\"ld-fancy-heading text-center ld_fancy_heading_69d24b7278557\">\n\t<h1 class=\"lqd-highlight-underline lqd-highlight-grow-left\" ><span class=\"ld-fh-txt\"> <\/p>\n<h2><b>IMMENSIVA 2026 <\/b><b>SYNOPSIS<\/b><\/h2>\n<p><\/span><\/h1><\/div><style>.ld_spacer_69d24b727e0e6{height:5px;}<\/style>\n<div class=\"ld-empty-space ld_spacer_69d24b727e0e6\"><span class=\"liquid_empty_space_inner\"><\/span><\/div>[vc_single_image image=\u00bb14116&#8243; img_size=\u00bblarge\u00bb alignment=\u00bbcenter\u00bb css=\u00bb\u00bb]<style>.ld_spacer_69d24b727e22f{height:5px;}<\/style>\n<div class=\"ld-empty-space ld_spacer_69d24b727e22f\"><span class=\"liquid_empty_space_inner\"><\/span><\/div>[vc_column_text css=\u00bb\u00bb]<\/p>\n<h3><\/h3>\n<p><strong>IMMENSIVA 2026 \u2013 Cartograf\u00edas colectivas<\/strong> transforma el patrimonio material e inmaterial de Catalu\u00f1a en experiencias compartidas y multiusuario basadas en IA. De febrero a noviembre de 2026, seis equipos interdisciplinarios cocrear\u00e1n proyectos inmersivos basados en la ubicaci\u00f3n que exploran la memoria, el territorio y el significado colectivo.<br \/>\nLa residencia combina <strong>producci\u00f3n online, mentor\u00eda y masterclasses <\/strong>con integraci\u00f3n in situ y exposici\u00f3n en el <strong> Espronceda \u2013 Institute of Art &amp; Culture<\/strong>, Barcelona, y exposiciones regionales en Vilanova i la Geltr\u00fa, Tarragona y Reus. Utilizando herramientas de vanguardia como <strong>XRoam Solutions y STYLY<\/strong>, los participantes dise\u00f1an experiencias escalables, adaptables y accesibles para contextos culturales y educativos.<\/p>\n<p>A trav\u00e9s de viajes colectivos, narrativas mejoradas por la IA e interacciones espacialmente sincronizadas, IMMENSIVA 2026 reimagina <strong>el patrimonio como una experiencia viva y compartida<\/strong>, fortaleciendo las habilidades profesionales, la transferencia de conocimiento y el ecosistema de cultura digital de Catalu\u00f1a.[\/vc_column_text]<style>.ld_spacer_69d24b727e34d{height:50px;}<\/style>\n<div class=\"ld-empty-space ld_spacer_69d24b727e34d\"><span class=\"liquid_empty_space_inner\"><\/span><\/div><style>.ld_spacer_69d24b727e463{height:30px;}<\/style>\n<div class=\"ld-empty-space ld_spacer_69d24b727e463\"><span class=\"liquid_empty_space_inner\"><\/span><\/div>[\/vc_column][\/vc_row][vc_row][vc_column][vc_btn title=\u00bbVer propuesta de proyecto\u00bb color=\u00bbinverse\u00bb css=\u00bb\u00bb link=\u00bburl:https%3A%2F%2Fwww.immensiva.com%2Fes%2Fpropuesta-del-proyecto-immensiva-2026%2F\u00bb]<style>.ld_spacer_69d24b727e584{height:32px;}<\/style>\n<div class=\"ld-empty-space ld_spacer_69d24b727e584\"><span class=\"liquid_empty_space_inner\"><\/span><\/div>[\/vc_column][\/vc_row][vc_row][vc_column][vc_btn title=\u00bbVer programa educativo\u00bb color=\u00bbinverse\u00bb css=\u00bb\u00bb link=\u00bburl:https%3A%2F%2Fwww.immensiva.com%2Fes%2Fprograma-educativo-immensiva-2026%2F\u00bb][\/vc_column][\/vc_row][vc_row][vc_column][\/vc_column][\/vc_row]<\/p>\n<\/div>","protected":false},"excerpt":{"rendered":"<p>[vc_row][vc_column][vc_single_image image=\u00bb14116&#8243; img_size=\u00bblarge\u00bb alignment=\u00bbcenter\u00bb css=\u00bb\u00bb][vc_column_text css=\u00bb\u00bb] IMMENSIVA 2026 \u2013 Cartograf\u00edas colectivas transforma el patrimonio material&#8230;<\/p>\n","protected":false},"author":2,"featured_media":0,"parent":0,"menu_order":0,"comment_status":"closed","ping_status":"closed","template":"","meta":{"footnotes":""},"featured_image_urls":{"full":"","thumbnail":"","medium":"","medium_large":"","large":"","1536x1536":"","2048x2048":"","awb_sm":"","awb_md":"","awb_lg":"","awb_xl":"","liquid-default-blog":"","liquid-standard-blog":"","liquid-featured-blog":"","liquid-rounded-blog":"","liquid-classic-meta-blog":"","liquid-classic-2-blog":"","liquid-grid":"","liquid-split-blog":"","liquid-classic-full-blog":"","liquid-metro-blog":"","liquid-timeline-blog":"","liquid-carousel-blog":"","liquid-square-blog":"","liquid-candy-blog":"","liquid-category-blog":"","liquid-cover-post":"","liquid-default-post":"","liquid-cover-spaced":"","liquid-masonry-shortest":"","liquid-masonry-short":"","liquid-masonry-tall":"","liquid-masonry-taller":"","liquid-medium":"","liquid-large":"","liquid-thumbnail":"","liquid-masonry-header-small":"","liquid-masonry-header-big":"","liquid-thumbnail-post":"","liquid-small-blog":"","liquid-related-post":"","liquid-portfolio":"","liquid-portfolio-sq":"","liquid-portfolio-big-sq":"","liquid-portfolio-portrait":"","liquid-portfolio-wide":"","liquid-packery-wide":"","liquid-packery-portrait":"","liquid-grid-hover-overlay":"","liquid-grid-hover-classic":"","liquid-grid-hover-3d":"","liquid-grid-caption":"","liquid-large-slider":"","liquid-widget":"","liquid-portfolio-vertical-overlay":""},"post_excerpt_stackable":"<p>[vc_row][vc_column] IMMENSIVA 2026 SYNOPSIS [vc_single_image image=\u00bb14116&#8243; img_size=\u00bblarge\u00bb alignment=\u00bbcenter\u00bb css=\u00bb\u00bb] [vc_column_text css=\u00bb\u00bb] IMMENSIVA 2026 \u2013 Cartograf\u00edas colectivas transforma el patrimonio material e inmaterial de Catalu\u00f1a en experiencias compartidas y multiusuario basadas en IA. De febrero a noviembre de 2026, seis equipos interdisciplinarios cocrear\u00e1n proyectos inmersivos basados en la ubicaci\u00f3n que exploran la memoria, el territorio y el significado colectivo. La residencia combina producci\u00f3n online, mentor\u00eda y masterclasses con integraci\u00f3n in situ y exposici\u00f3n en el Espronceda \u2013 Institute of Art &amp; Culture, Barcelona, y exposiciones regionales en Vilanova i la Geltr\u00fa, Tarragona y Reus. Utilizando herramientas de vanguardia como XRoam Solutions&hellip;<\/p>\n","category_list":"","author_info":{"name":"vitor","url":"https:\/\/www.immensiva.com\/es\/author\/vitor\/"},"comments_num":"0 comentarios","yoast_head":"<!-- This site is optimized with the Yoast SEO plugin v22.5 - https:\/\/yoast.com\/wordpress\/plugins\/seo\/ -->\n<title>Festival Immensiva 2026<\/title>\n<meta name=\"description\" content=\"Esta edici\u00f3n se centra en transformar el patrimonio tangible e intangible en experiencias compartidas y multiusuario.\" \/>\n<meta name=\"robots\" content=\"index, follow, max-snippet:-1, max-image-preview:large, max-video-preview:-1\" \/>\n<link rel=\"canonical\" href=\"https:\/\/www.immensiva.com\/es\/festival-immensiva-2026\/\" \/>\n<meta property=\"og:locale\" content=\"es_ES\" \/>\n<meta property=\"og:type\" content=\"article\" \/>\n<meta property=\"og:title\" content=\"Festival Immensiva 2026\" \/>\n<meta property=\"og:description\" content=\"Esta edici\u00f3n se centra en transformar el patrimonio tangible e intangible en experiencias compartidas y multiusuario.\" \/>\n<meta property=\"og:url\" content=\"https:\/\/www.immensiva.com\/es\/festival-immensiva-2026\/\" \/>\n<meta property=\"og:site_name\" content=\"IMMENSIVA\" \/>\n<meta property=\"article:modified_time\" content=\"2026-03-11T13:20:44+00:00\" \/>\n<meta name=\"twitter:card\" content=\"summary_large_image\" \/>\n<meta name=\"twitter:label1\" content=\"Tiempo de lectura\" \/>\n\t<meta name=\"twitter:data1\" content=\"1 minuto\" \/>\n<script type=\"application\/ld+json\" class=\"yoast-schema-graph\">{\"@context\":\"https:\/\/schema.org\",\"@graph\":[{\"@type\":\"WebPage\",\"@id\":\"https:\/\/www.immensiva.com\/es\/festival-immensiva-2026\/\",\"url\":\"https:\/\/www.immensiva.com\/es\/festival-immensiva-2026\/\",\"name\":\"Festival Immensiva 2026\",\"isPartOf\":{\"@id\":\"https:\/\/www.immensiva.com\/#website\"},\"datePublished\":\"2026-02-17T09:07:20+00:00\",\"dateModified\":\"2026-03-11T13:20:44+00:00\",\"description\":\"Esta edici\u00f3n se centra en transformar el patrimonio tangible e intangible en experiencias compartidas y multiusuario.\",\"breadcrumb\":{\"@id\":\"https:\/\/www.immensiva.com\/es\/festival-immensiva-2026\/#breadcrumb\"},\"inLanguage\":\"es\",\"potentialAction\":[{\"@type\":\"ReadAction\",\"target\":[\"https:\/\/www.immensiva.com\/es\/festival-immensiva-2026\/\"]}]},{\"@type\":\"BreadcrumbList\",\"@id\":\"https:\/\/www.immensiva.com\/es\/festival-immensiva-2026\/#breadcrumb\",\"itemListElement\":[{\"@type\":\"ListItem\",\"position\":1,\"name\":\"Home\",\"item\":\"https:\/\/www.immensiva.com\/es\/\"},{\"@type\":\"ListItem\",\"position\":2,\"name\":\"FESTIVAL IMMENSIVA 2026\"}]},{\"@type\":\"WebSite\",\"@id\":\"https:\/\/www.immensiva.com\/#website\",\"url\":\"https:\/\/www.immensiva.com\/\",\"name\":\"IMMENSIVA\",\"description\":\"Focusing on VR, AR, XR art &amp; AI art\",\"potentialAction\":[{\"@type\":\"SearchAction\",\"target\":{\"@type\":\"EntryPoint\",\"urlTemplate\":\"https:\/\/www.immensiva.com\/?s={search_term_string}\"},\"query-input\":\"required name=search_term_string\"}],\"inLanguage\":\"es\"}]}<\/script>\n<!-- \/ Yoast SEO plugin. -->","yoast_head_json":{"title":"Festival Immensiva 2026","description":"Esta edici\u00f3n se centra en transformar el patrimonio tangible e intangible en experiencias compartidas y multiusuario.","robots":{"index":"index","follow":"follow","max-snippet":"max-snippet:-1","max-image-preview":"max-image-preview:large","max-video-preview":"max-video-preview:-1"},"canonical":"https:\/\/www.immensiva.com\/es\/festival-immensiva-2026\/","og_locale":"es_ES","og_type":"article","og_title":"Festival Immensiva 2026","og_description":"Esta edici\u00f3n se centra en transformar el patrimonio tangible e intangible en experiencias compartidas y multiusuario.","og_url":"https:\/\/www.immensiva.com\/es\/festival-immensiva-2026\/","og_site_name":"IMMENSIVA","article_modified_time":"2026-03-11T13:20:44+00:00","twitter_card":"summary_large_image","twitter_misc":{"Tiempo de lectura":"1 minuto"},"schema":{"@context":"https:\/\/schema.org","@graph":[{"@type":"WebPage","@id":"https:\/\/www.immensiva.com\/es\/festival-immensiva-2026\/","url":"https:\/\/www.immensiva.com\/es\/festival-immensiva-2026\/","name":"Festival Immensiva 2026","isPartOf":{"@id":"https:\/\/www.immensiva.com\/#website"},"datePublished":"2026-02-17T09:07:20+00:00","dateModified":"2026-03-11T13:20:44+00:00","description":"Esta edici\u00f3n se centra en transformar el patrimonio tangible e intangible en experiencias compartidas y multiusuario.","breadcrumb":{"@id":"https:\/\/www.immensiva.com\/es\/festival-immensiva-2026\/#breadcrumb"},"inLanguage":"es","potentialAction":[{"@type":"ReadAction","target":["https:\/\/www.immensiva.com\/es\/festival-immensiva-2026\/"]}]},{"@type":"BreadcrumbList","@id":"https:\/\/www.immensiva.com\/es\/festival-immensiva-2026\/#breadcrumb","itemListElement":[{"@type":"ListItem","position":1,"name":"Home","item":"https:\/\/www.immensiva.com\/es\/"},{"@type":"ListItem","position":2,"name":"FESTIVAL IMMENSIVA 2026"}]},{"@type":"WebSite","@id":"https:\/\/www.immensiva.com\/#website","url":"https:\/\/www.immensiva.com\/","name":"IMMENSIVA","description":"Focusing on VR, AR, XR art &amp; AI art","potentialAction":[{"@type":"SearchAction","target":{"@type":"EntryPoint","urlTemplate":"https:\/\/www.immensiva.com\/?s={search_term_string}"},"query-input":"required name=search_term_string"}],"inLanguage":"es"}]}},"_links":{"self":[{"href":"https:\/\/www.immensiva.com\/es\/wp-json\/wp\/v2\/pages\/14028"}],"collection":[{"href":"https:\/\/www.immensiva.com\/es\/wp-json\/wp\/v2\/pages"}],"about":[{"href":"https:\/\/www.immensiva.com\/es\/wp-json\/wp\/v2\/types\/page"}],"author":[{"embeddable":true,"href":"https:\/\/www.immensiva.com\/es\/wp-json\/wp\/v2\/users\/2"}],"replies":[{"embeddable":true,"href":"https:\/\/www.immensiva.com\/es\/wp-json\/wp\/v2\/comments?post=14028"}],"version-history":[{"count":5,"href":"https:\/\/www.immensiva.com\/es\/wp-json\/wp\/v2\/pages\/14028\/revisions"}],"predecessor-version":[{"id":14119,"href":"https:\/\/www.immensiva.com\/es\/wp-json\/wp\/v2\/pages\/14028\/revisions\/14119"}],"wp:attachment":[{"href":"https:\/\/www.immensiva.com\/es\/wp-json\/wp\/v2\/media?parent=14028"}],"curies":[{"name":"wp","href":"https:\/\/api.w.org\/{rel}","templated":true}]}}