{"id":14084,"date":"2026-03-10T12:31:23","date_gmt":"2026-03-10T11:31:23","guid":{"rendered":"https:\/\/www.immensiva.com\/immensiva-residency-open-call-2026\/"},"modified":"2026-03-27T12:47:06","modified_gmt":"2026-03-27T11:47:06","slug":"immensiva-residency-open-call-2026","status":"publish","type":"page","link":"https:\/\/www.immensiva.com\/es\/immensiva-residency-open-call-2026\/","title":{"rendered":"IMMENSIVA RESIDENCY OPEN CALL 2026"},"content":{"rendered":"<div class=\"wpb-content-wrapper\"><p>[vc_row][vc_column][\/vc_column][\/vc_row][vc_column][\/vc_column]<style>.ld_spacer_69ecdc7e82d58{height:170px;}<\/style>\n<div class=\"ld-empty-space ld_spacer_69ecdc7e82d58\"><span class=\"liquid_empty_space_inner\"><\/span><\/div><style>.ld_fancy_heading_69ecdc7e82e8a .lqd-highlight-inner{height:0.275em;bottom:0px;}<\/style><div class=\"ld-fancy-heading text-center ld_fancy_heading_69ecdc7e82e8a\">\n\t<h1 class=\"lqd-highlight-underline lqd-highlight-grow-left\" ><span class=\"ld-fh-txt\"> <\/p>\n<h2>IMMENSIVA Residency Open Call 2026<\/h2>\n<p><\/span><\/h1><\/div><style>.ld_spacer_69ecdc7e8b95c{height:5px;}<\/style>\n<div class=\"ld-empty-space ld_spacer_69ecdc7e8b95c\"><span class=\"liquid_empty_space_inner\"><\/span><\/div>[vc_row][vc_column][vc_column_text css=\u00bb\u00bb]<b>IMMENSIVA Residency 2026 \u2013 Cartograf\u00edas colectivas<\/b><b><br \/>\n<\/b><span style=\"font-weight: 400;\">Ubicaci\u00f3n: Barcelona, Espronceda &#8211; Institute of Art and Culture<\/span><\/p>\n<p><b>Fecha l\u00edmite de la convocatoria abierta: 17 de abril de 2026.<\/b><b><br \/>\n<\/b><b>Notificaci\u00f3n a los participantes seleccionados: 27 de abril 2026.<\/b><\/p>\n<p><b>Periodo de residencia: abril-noviembre de 2026<\/b><b><br \/>\n<\/b><b>Programa p\u00fablico y profesional: del 4 al 13 de noviembre de 2026.<\/b><\/p>\n<p><a href=\"https:\/\/docs.google.com\/forms\/d\/e\/1FAIpQLSdw7oKfCVRC4PNSd5SbZcgnBBchz5UfaT3CLqebshbBU0Bj5w\/viewform\"><span style=\"font-weight: 400;\">Formulario de inscripci\u00f3n<\/span><\/a><\/p>\n<p><b>\u00bfQu\u00e9 es IMMENSIVA RESIDENCY 2026 \u2013 Cartograf\u00edas colectivas?<\/b><\/p>\n<p><span style=\"font-weight: 400;\">La residencia IMMENSIVA forma parte del Festival IMMENSIVA, lanzado en 2019 como el primer programa de residencia del mundo para artistas que trabajan con tecnolog\u00edas avanzadas como VR, AR, AI y los sensores. <\/span><\/p>\n<p><span style=\"font-weight: 400;\">Este a\u00f1o, en su s\u00e9ptima edici\u00f3n, sigue promoviendo la cultura digital combinando la tecnolog\u00eda XR multiusuario basada en la ubicaci\u00f3n (LBXR) con la inteligencia artificial y la narraci\u00f3n colaborativa. Tras las ediciones anteriores, que exploraron la experimentaci\u00f3n multidisciplinar con la realidad virtual, la realidad aumentada, la inteligencia artificial y las din\u00e1micas sociales, esta edici\u00f3n se centra en transformar el patrimonio tangible e intangible en experiencias compartidas y multiusuario. La premisa central es sencilla: el patrimonio se comprende mejor cuando se experimenta de forma colectiva.<\/span><\/p>\n<h3><\/h3>\n<h3><b>Acerca de la residencia<\/b><\/h3>\n<p><span style=\"font-weight: 400;\">De abril a noviembre de 2026, seis equipos interdisciplinarios crear\u00e1n conjuntamente proyectos inmersivos basados en la ubicaci\u00f3n que exploran la memoria, el territorio y el significado colectivo.<\/span><\/p>\n<p><span style=\"font-weight: 400;\">La residencia combina producci\u00f3n online, tutor\u00edas y clases magistrales con integraci\u00f3n presencial y exposici\u00f3n en Espronceda \u2013 Instituto de Arte y Cultura, Barcelona, y muestras regionales. Utilizando herramientas de vanguardia como XRoam Solutions y STYLY, los participantes dise\u00f1an experiencias escalables, adaptables y accesibles para contextos culturales y educativos.<\/span><\/p>\n<p>&nbsp;<\/p>\n<h3><b>Los objetivos del proyecto<\/b><\/h3>\n<p><span style=\"font-weight: 400;\">El proyecto tiene como objetivo dise\u00f1ar prototipos XR multiusuario y basados en la ubicaci\u00f3n que reinterpreten el patrimonio cultural mediante narrativas impulsadas por la inteligencia artificial y entornos inmersivos. Al dotar a artistas y desarrolladores de conocimientos especializados en Unity, LBXR e IA, el programa fomenta la creaci\u00f3n de experiencias inmersivas compartidas. Busca establecer un legado de proyectos escalables adaptables para su uso educativo y expositivo por parte de museos y centros comunitarios. Adem\u00e1s, fortalece el ecosistema creativo al conectar a creadores e instituciones a trav\u00e9s de redes profesionales y muestras p\u00fablicas como la IMMENSIVA Expo.<\/span><\/p>\n<h3><b><br \/>\nRequisitos<\/b><\/h3>\n<ul>\n<li style=\"font-weight: 400;\" aria-level=\"1\"><span style=\"font-weight: 400;\">Cada equipo debe estar compuesto por un m\u00ednimo de 2 miembros.<\/span><\/li>\n<\/ul>\n<ul>\n<li style=\"font-weight: 400;\" aria-level=\"1\"><span style=\"font-weight: 400;\">Al menos un miembro del equipo debe ser un desarrollador experimentado de Unity y otro miembro debe asumir el papel de director creativo.<\/span><\/li>\n<li style=\"font-weight: 400;\" aria-level=\"1\"><span style=\"font-weight: 400;\">Los equipos pueden invitar a m\u00e1s miembros a unirse a su grupo, sin embargo, solo dos personas de cada proyecto que cumplan con los requisitos mencionados podr\u00e1n viajar al programa de residencia presencial en Espronceda \u2013 Instituto de Arte y Cultura de Barcelona. <\/span><\/li>\n<\/ul>\n<p>&nbsp;<\/p>\n<h3><b>\u00bfQu\u00e9 ofrece el programa?<\/b><\/h3>\n<ul>\n<li style=\"font-weight: 400;\" aria-level=\"1\"><span style=\"font-weight: 400;\">Acceso completo al ecosistema tecnol\u00f3gico de ESPRONCEDA, incluyendo XRoam Solutions, STYLY, experiencias XR basadas en la ubicaci\u00f3n (LBXR) y herramientas de IA aplicadas al arte.<\/span><\/li>\n<li style=\"font-weight: 400;\" aria-level=\"1\"><span style=\"font-weight: 400;\">Talleres intensivos dirigidos por especialistas en XR, IA y creaci\u00f3n digital.<\/span><\/li>\n<li style=\"font-weight: 400;\" aria-level=\"1\"><span style=\"font-weight: 400;\">Tutor\u00eda personalizada y asistencia t\u00e9cnica durante todo el proceso creativo.<\/span><\/li>\n<li style=\"font-weight: 400;\" aria-level=\"1\"><span style=\"font-weight: 400;\">Participaci\u00f3n en IMMENSIVA Expo e IMMENSIVA Day para presentar proyectos ante p\u00fablicos profesionales e instituciones.<\/span><\/li>\n<\/ul>\n<h3><\/h3>\n<h3><b>Estructura y calendario del proyecto<\/b><\/h3>\n<p><span style=\"font-weight: 400;\">El proyecto se estructura en tres fases distintas a lo largo de 2026. Comienza con una residencia en l\u00ednea (abril-octubre) centrada en la producci\u00f3n distribuida, la tutor\u00eda y las clases magistrales. A continuaci\u00f3n, se pasa a una residencia e integraci\u00f3n presencial (octubre-noviembre) en el Instituto de Arte y Cultura Espronceda para la prueba y calibraci\u00f3n final de los prototipos.<\/span><\/p>\n<p><span style=\"font-weight: 400;\">El programa concluye con un Programa P\u00fablico y Profesional (del 4 al 12 de noviembre) que incluye la IMMENSIVA Expo y el IMMENSIVA Day para el networking y las presentaciones p\u00fablicas. Estas actividades se extienden territorialmente a sedes en Ne\u00e0polis, Digital Garden y el New Art Centre, con planes para reexposiciones regionales a lo largo de 2027.<\/span><\/p>\n<p><span style=\"font-weight: 400;\">Adem\u00e1s, los proyectos se promocionar\u00e1n dentro del ecosistema XR internacional.<\/span><\/p>\n<p><b>Durante el IMMENSIVA Day, un jurado de expertos selecciona el proyecto ganador.<\/b><\/p>\n<p><b>Impacto, accesibilidad y transferencia de conocimiento<\/b><\/p>\n<p><span style=\"font-weight: 400;\">IMMENSIVA 2026 refuerza su compromiso con la inclusi\u00f3n, la accesibilidad y la participaci\u00f3n local a trav\u00e9s de experiencias de realidad extendida (XR) que fomentan la participaci\u00f3n activa del p\u00fablico en la interpretaci\u00f3n del patrimonio, promoviendo una construcci\u00f3n colectiva de la memoria cultural.<\/span><\/p>\n<p><span style=\"font-weight: 400;\">Los proyectos se desarrollan como un ecosistema LBXR modular y adaptable, con prototipos personalizables que permiten explorar diferentes narrativas relacionadas con el patrimonio, el territorio y la memoria colectiva, integrando capas din\u00e1micas impulsadas por la inteligencia artificial.<\/span><\/p>\n<p><span style=\"font-weight: 400;\">El programa garantiza la accesibilidad mediante experiencias multiusuario dise\u00f1adas para p\u00fablicos diversos, as\u00ed como a trav\u00e9s de herramientas de mediaci\u00f3n cultural (gu\u00edas, talleres y materiales accesibles) que facilitan la comprensi\u00f3n y la participaci\u00f3n.<\/span><\/p>\n<p><span style=\"font-weight: 400;\">Adem\u00e1s, IMMENSIVA promueve la transferencia de conocimientos y la profesionalizaci\u00f3n del sector a trav\u00e9s de recursos abiertos, clases magistrales y metodolog\u00edas que permiten a las instituciones y a los creadores adaptar, implementar y ampliar proyectos utilizando herramientas como Unity.<\/span><\/p>\n<p><span style=\"font-weight: 400;\">IMMENSIVA se consolida as\u00ed como una plataforma para la innovaci\u00f3n cultural que conecta tecnolog\u00eda, creatividad y compromiso social, generando un impacto que va m\u00e1s all\u00e1 del propio evento.<\/span><\/p>\n<p><b>\u00a1No te pierdas esta oportunidad \u00fanica!<\/b><\/p>\n<p><b><br \/>\n<\/b><span style=\"font-weight: 400;\">Solicita tu participaci\u00f3n en el programa de residencia IMMENSIVA 2026 \u2013 Cartograf\u00edas Colectivas y forma parte de un movimiento creativo con gran potencial de crecimiento y visibilidad. <\/span><\/p>\n<h3><\/h3>\n<h3><b>FAQs<\/b><\/h3>\n<ul>\n<li aria-level=\"1\"><b>\u00bfPuedo presentar mi solicitud como particular?<\/b><\/li>\n<\/ul>\n<p><span style=\"font-weight: 400;\">No. Las solicitudes deben ser presentadas por equipos de al menos 2 miembros. Al menos un miembro del equipo debe ser un desarrollador experimentado de Unity y otro miembro debe asumir el papel de director creativo. <\/span><\/p>\n<ul>\n<li aria-level=\"1\"><b>\u00bfLos equipos pueden incluir miembros de diferentes pa\u00edses?<\/b><\/li>\n<\/ul>\n<p><span style=\"font-weight: 400;\">IMMENSIVA da la bienvenida a equipos internacionales e interdisciplinarios. Los dos miembros principales deben estar ubicados en el mismo lugar. Los miembros adicionales del equipo pueden estar ubicados en diferentes lugares. <\/span><\/p>\n<ul>\n<li aria-level=\"1\"><b>\u00bfTodos los miembros del equipo deben asistir a la residencia presencial en Barcelona?<\/b><\/li>\n<\/ul>\n<p><span style=\"font-weight: 400;\">S\u00ed. Al menos un representante por equipo debe asistir a la fase presencial, aunque lo ideal ser\u00eda que fueran dos. La residencia presencial est\u00e1 limitada a , aunque lo ideal ser\u00eda que participara todo el equipo. <\/span><\/p>\n<ul>\n<li aria-level=\"1\"><b>\u00bfQu\u00e9 nivel de experiencia t\u00e9cnica se requiere?<\/b><\/li>\n<\/ul>\n<p><span style=\"font-weight: 400;\">Los equipos deben incluir al menos un desarrollador de Unity y demostrar la capacidad de desarrollar un prototipo de XR durante la residencia.<\/span><\/p>\n<ul>\n<li aria-level=\"1\"><b>\u00bfHay alguna contribuci\u00f3n econ\u00f3mica para los residentes?<\/b><\/li>\n<\/ul>\n<p><span style=\"font-weight: 400;\">Los residentes reciben dos dispositivos PICO durante la residencia. Deben devolverlos al finalizar el proyecto. El proyecto ganador puede quedarse con los dispositivos. El programa cubre el coste del programa educativo, la tutor\u00eda, as\u00ed como los vuelos y el alojamiento para la residencia in situ. <\/span><b><\/b><\/p>\n<ul>\n<li aria-level=\"1\"><b>\u00bfTengo que residir en Catalu\u00f1a para poder presentar mi solicitud?<\/b><\/li>\n<\/ul>\n<p><span style=\"font-weight: 400;\">No. La residencia est\u00e1 abierta a nivel internacional, aunque el programa tambi\u00e9n tiene como objetivo apoyar proyectos relacionados con el ecosistema local. <\/span><\/p>\n<ul>\n<li aria-level=\"1\"><b>\u00bfQui\u00e9n es el propietario de la propiedad intelectual de los proyectos?<\/b><\/li>\n<\/ul>\n<p><span style=\"font-weight: 400;\">Los autores conservan todos los derechos de propiedad intelectual sobre su obra. No obstante, el creador acepta que se haga una menci\u00f3n especial a Espronceda, incluyendo la indicaci\u00f3n de que el proyecto se ha desarrollado en el marco de la Residencia IMMENSIVA (incluidos los logotipos). <\/span><\/p>\n<ul>\n<li aria-level=\"1\"><b>\u00bfSe pueden seguir desarrollando los proyectos despu\u00e9s de la residencia?<\/b><\/li>\n<\/ul>\n<p><span style=\"font-weight: 400;\">S\u00ed. IMMENSIVA apoya la futura difusi\u00f3n y posible reexposici\u00f3n de los proyectos en sedes asociadas e instituciones culturales. <\/span><\/p>\n<ul>\n<li aria-level=\"1\"><b>\u00bfSe mostrar\u00e1n los proyectos al p\u00fablico?<\/b><\/li>\n<\/ul>\n<p><span style=\"font-weight: 400;\">S\u00ed. Los proyectos seleccionados se presentar\u00e1n durante el programa p\u00fablico y profesional IMMENSIVA en noviembre de 2026. Tambi\u00e9n est\u00e1 previsto presentarlos en otros lugares, incluso a nivel internacional. <\/span><\/p>\n<p><span style=\"font-weight: 400;\">Para m\u00e1s informaci\u00f3n:<\/span><br \/>\n<a href=\"http:\/\/www.immensiva.com\"><span style=\"font-weight: 400;\">www.immensiva.com<\/span><\/a>[\/vc_column_text]<style>.ld_spacer_69ecdc7e8ba1f{height:32px;}<\/style>\n<div class=\"ld-empty-space ld_spacer_69ecdc7e8ba1f\"><span class=\"liquid_empty_space_inner\"><\/span><\/div>[\/vc_column][\/vc_row][vc_row][vc_column][vc_single_image image=\u00bb14104&#8243; img_size=\u00bblarge\u00bb css=\u00bb\u00bb][\/vc_column][\/vc_row]<\/p>\n<\/div>","protected":false},"excerpt":{"rendered":"<p>[vc_row][vc_column][\/vc_column][\/vc_row][vc_column][\/vc_column][vc_row][vc_column][vc_column_text css=\u00bb\u00bb]IMMENSIVA Residency 2026 \u2013 Cartograf\u00edas colectivas Ubicaci\u00f3n: Barcelona, Espronceda &#8211; Institute of Art and&#8230;<\/p>\n","protected":false},"author":2,"featured_media":0,"parent":0,"menu_order":0,"comment_status":"closed","ping_status":"closed","template":"","meta":{"footnotes":""},"featured_image_urls":{"full":"","thumbnail":"","medium":"","medium_large":"","large":"","1536x1536":"","2048x2048":"","awb_sm":"","awb_md":"","awb_lg":"","awb_xl":"","liquid-default-blog":"","liquid-standard-blog":"","liquid-featured-blog":"","liquid-rounded-blog":"","liquid-classic-meta-blog":"","liquid-classic-2-blog":"","liquid-grid":"","liquid-split-blog":"","liquid-classic-full-blog":"","liquid-metro-blog":"","liquid-timeline-blog":"","liquid-carousel-blog":"","liquid-square-blog":"","liquid-candy-blog":"","liquid-category-blog":"","liquid-cover-post":"","liquid-default-post":"","liquid-cover-spaced":"","liquid-masonry-shortest":"","liquid-masonry-short":"","liquid-masonry-tall":"","liquid-masonry-taller":"","liquid-medium":"","liquid-large":"","liquid-thumbnail":"","liquid-masonry-header-small":"","liquid-masonry-header-big":"","liquid-thumbnail-post":"","liquid-small-blog":"","liquid-related-post":"","liquid-portfolio":"","liquid-portfolio-sq":"","liquid-portfolio-big-sq":"","liquid-portfolio-portrait":"","liquid-portfolio-wide":"","liquid-packery-wide":"","liquid-packery-portrait":"","liquid-grid-hover-overlay":"","liquid-grid-hover-classic":"","liquid-grid-hover-3d":"","liquid-grid-caption":"","liquid-large-slider":"","liquid-widget":"","liquid-portfolio-vertical-overlay":""},"post_excerpt_stackable":"<p>[vc_row][vc_column][\/vc_column][\/vc_row][vc_column][\/vc_column] IMMENSIVA Residency Open Call 2026 [vc_row][vc_column][vc_column_text css=\u00bb\u00bb]IMMENSIVA Residency 2026 \u2013 Cartograf\u00edas colectivas Ubicaci\u00f3n: Barcelona, Espronceda &#8211; Institute of Art and Culture Fecha l\u00edmite de la convocatoria abierta: 17 de abril de 2026. Notificaci\u00f3n a los participantes seleccionados: 27 de abril 2026. Periodo de residencia: abril-noviembre de 2026 Programa p\u00fablico y profesional: del 4 al 13 de noviembre de 2026. Formulario de inscripci\u00f3n \u00bfQu\u00e9 es IMMENSIVA RESIDENCY 2026 \u2013 Cartograf\u00edas colectivas? La residencia IMMENSIVA forma parte del Festival IMMENSIVA, lanzado en 2019 como el primer programa de residencia del mundo para artistas que trabajan con tecnolog\u00edas avanzadas como VR, AR,&hellip;<\/p>\n","category_list":"","author_info":{"name":"vitor","url":"https:\/\/www.immensiva.com\/es\/author\/vitor\/"},"comments_num":"0 comentarios","yoast_head":"<!-- This site is optimized with the Yoast SEO plugin v22.5 - https:\/\/yoast.com\/wordpress\/plugins\/seo\/ -->\n<title>IMMENSIVA Residency Open Call 2026<\/title>\n<meta name=\"description\" content=\"En su s\u00e9ptima edici\u00f3n, sigue promoviendo la cultura digital mediante la combinaci\u00f3n de tecnolog\u00eda XR multiusuario basada en la ubicaci\u00f3n (LBXR) con inteligencia artificial y narraci\u00f3n colaborativa.\" \/>\n<meta name=\"robots\" content=\"index, follow, max-snippet:-1, max-image-preview:large, max-video-preview:-1\" \/>\n<link rel=\"canonical\" href=\"https:\/\/www.immensiva.com\/es\/immensiva-residency-open-call-2026\/\" \/>\n<meta property=\"og:locale\" content=\"es_ES\" \/>\n<meta property=\"og:type\" content=\"article\" \/>\n<meta property=\"og:title\" content=\"IMMENSIVA Residency Open Call 2026\" \/>\n<meta property=\"og:description\" content=\"En su s\u00e9ptima edici\u00f3n, sigue promoviendo la cultura digital mediante la combinaci\u00f3n de tecnolog\u00eda XR multiusuario basada en la ubicaci\u00f3n (LBXR) con inteligencia artificial y narraci\u00f3n colaborativa.\" \/>\n<meta property=\"og:url\" content=\"https:\/\/www.immensiva.com\/es\/immensiva-residency-open-call-2026\/\" \/>\n<meta property=\"og:site_name\" content=\"IMMENSIVA\" \/>\n<meta property=\"article:modified_time\" content=\"2026-03-27T11:47:06+00:00\" \/>\n<meta name=\"twitter:card\" content=\"summary_large_image\" \/>\n<meta name=\"twitter:label1\" content=\"Tiempo de lectura\" \/>\n\t<meta name=\"twitter:data1\" content=\"6 minutos\" \/>\n<script type=\"application\/ld+json\" class=\"yoast-schema-graph\">{\"@context\":\"https:\/\/schema.org\",\"@graph\":[{\"@type\":\"WebPage\",\"@id\":\"https:\/\/www.immensiva.com\/es\/immensiva-residency-open-call-2026\/\",\"url\":\"https:\/\/www.immensiva.com\/es\/immensiva-residency-open-call-2026\/\",\"name\":\"IMMENSIVA Residency Open Call 2026\",\"isPartOf\":{\"@id\":\"https:\/\/www.immensiva.com\/#website\"},\"datePublished\":\"2026-03-10T11:31:23+00:00\",\"dateModified\":\"2026-03-27T11:47:06+00:00\",\"description\":\"En su s\u00e9ptima edici\u00f3n, sigue promoviendo la cultura digital mediante la combinaci\u00f3n de tecnolog\u00eda XR multiusuario basada en la ubicaci\u00f3n (LBXR) con inteligencia artificial y narraci\u00f3n colaborativa.\",\"breadcrumb\":{\"@id\":\"https:\/\/www.immensiva.com\/es\/immensiva-residency-open-call-2026\/#breadcrumb\"},\"inLanguage\":\"es\",\"potentialAction\":[{\"@type\":\"ReadAction\",\"target\":[\"https:\/\/www.immensiva.com\/es\/immensiva-residency-open-call-2026\/\"]}]},{\"@type\":\"BreadcrumbList\",\"@id\":\"https:\/\/www.immensiva.com\/es\/immensiva-residency-open-call-2026\/#breadcrumb\",\"itemListElement\":[{\"@type\":\"ListItem\",\"position\":1,\"name\":\"Home\",\"item\":\"https:\/\/www.immensiva.com\/es\/\"},{\"@type\":\"ListItem\",\"position\":2,\"name\":\"IMMENSIVA RESIDENCY OPEN CALL 2026\"}]},{\"@type\":\"WebSite\",\"@id\":\"https:\/\/www.immensiva.com\/#website\",\"url\":\"https:\/\/www.immensiva.com\/\",\"name\":\"IMMENSIVA\",\"description\":\"Focusing on VR, AR, XR art &amp; AI art\",\"potentialAction\":[{\"@type\":\"SearchAction\",\"target\":{\"@type\":\"EntryPoint\",\"urlTemplate\":\"https:\/\/www.immensiva.com\/?s={search_term_string}\"},\"query-input\":\"required name=search_term_string\"}],\"inLanguage\":\"es\"}]}<\/script>\n<!-- \/ Yoast SEO plugin. -->","yoast_head_json":{"title":"IMMENSIVA Residency Open Call 2026","description":"En su s\u00e9ptima edici\u00f3n, sigue promoviendo la cultura digital mediante la combinaci\u00f3n de tecnolog\u00eda XR multiusuario basada en la ubicaci\u00f3n (LBXR) con inteligencia artificial y narraci\u00f3n colaborativa.","robots":{"index":"index","follow":"follow","max-snippet":"max-snippet:-1","max-image-preview":"max-image-preview:large","max-video-preview":"max-video-preview:-1"},"canonical":"https:\/\/www.immensiva.com\/es\/immensiva-residency-open-call-2026\/","og_locale":"es_ES","og_type":"article","og_title":"IMMENSIVA Residency Open Call 2026","og_description":"En su s\u00e9ptima edici\u00f3n, sigue promoviendo la cultura digital mediante la combinaci\u00f3n de tecnolog\u00eda XR multiusuario basada en la ubicaci\u00f3n (LBXR) con inteligencia artificial y narraci\u00f3n colaborativa.","og_url":"https:\/\/www.immensiva.com\/es\/immensiva-residency-open-call-2026\/","og_site_name":"IMMENSIVA","article_modified_time":"2026-03-27T11:47:06+00:00","twitter_card":"summary_large_image","twitter_misc":{"Tiempo de lectura":"6 minutos"},"schema":{"@context":"https:\/\/schema.org","@graph":[{"@type":"WebPage","@id":"https:\/\/www.immensiva.com\/es\/immensiva-residency-open-call-2026\/","url":"https:\/\/www.immensiva.com\/es\/immensiva-residency-open-call-2026\/","name":"IMMENSIVA Residency Open Call 2026","isPartOf":{"@id":"https:\/\/www.immensiva.com\/#website"},"datePublished":"2026-03-10T11:31:23+00:00","dateModified":"2026-03-27T11:47:06+00:00","description":"En su s\u00e9ptima edici\u00f3n, sigue promoviendo la cultura digital mediante la combinaci\u00f3n de tecnolog\u00eda XR multiusuario basada en la ubicaci\u00f3n (LBXR) con inteligencia artificial y narraci\u00f3n colaborativa.","breadcrumb":{"@id":"https:\/\/www.immensiva.com\/es\/immensiva-residency-open-call-2026\/#breadcrumb"},"inLanguage":"es","potentialAction":[{"@type":"ReadAction","target":["https:\/\/www.immensiva.com\/es\/immensiva-residency-open-call-2026\/"]}]},{"@type":"BreadcrumbList","@id":"https:\/\/www.immensiva.com\/es\/immensiva-residency-open-call-2026\/#breadcrumb","itemListElement":[{"@type":"ListItem","position":1,"name":"Home","item":"https:\/\/www.immensiva.com\/es\/"},{"@type":"ListItem","position":2,"name":"IMMENSIVA RESIDENCY OPEN CALL 2026"}]},{"@type":"WebSite","@id":"https:\/\/www.immensiva.com\/#website","url":"https:\/\/www.immensiva.com\/","name":"IMMENSIVA","description":"Focusing on VR, AR, XR art &amp; AI art","potentialAction":[{"@type":"SearchAction","target":{"@type":"EntryPoint","urlTemplate":"https:\/\/www.immensiva.com\/?s={search_term_string}"},"query-input":"required name=search_term_string"}],"inLanguage":"es"}]}},"_links":{"self":[{"href":"https:\/\/www.immensiva.com\/es\/wp-json\/wp\/v2\/pages\/14084"}],"collection":[{"href":"https:\/\/www.immensiva.com\/es\/wp-json\/wp\/v2\/pages"}],"about":[{"href":"https:\/\/www.immensiva.com\/es\/wp-json\/wp\/v2\/types\/page"}],"author":[{"embeddable":true,"href":"https:\/\/www.immensiva.com\/es\/wp-json\/wp\/v2\/users\/2"}],"replies":[{"embeddable":true,"href":"https:\/\/www.immensiva.com\/es\/wp-json\/wp\/v2\/comments?post=14084"}],"version-history":[{"count":5,"href":"https:\/\/www.immensiva.com\/es\/wp-json\/wp\/v2\/pages\/14084\/revisions"}],"predecessor-version":[{"id":14131,"href":"https:\/\/www.immensiva.com\/es\/wp-json\/wp\/v2\/pages\/14084\/revisions\/14131"}],"wp:attachment":[{"href":"https:\/\/www.immensiva.com\/es\/wp-json\/wp\/v2\/media?parent=14084"}],"curies":[{"name":"wp","href":"https:\/\/api.w.org\/{rel}","templated":true}]}}