{"id":8366,"date":"2019-07-03T13:45:25","date_gmt":"2019-07-03T13:45:25","guid":{"rendered":"https:\/\/www.immensiva.com\/vr-festival\/"},"modified":"2024-04-12T12:31:03","modified_gmt":"2024-04-12T10:31:03","slug":"vr-festival","status":"publish","type":"page","link":"https:\/\/www.immensiva.com\/es\/vr-festival\/","title":{"rendered":"IMMENSIVA FESTIVAL"},"content":{"rendered":"<div class=\"wpb-content-wrapper\"><p>[vc_row parallax=\u00bbenable_parallax\u00bb][vc_column width=\u00bb5\/6&#8243; enable_content_animation=\u00bbyes\u00bb ca_init_scale_x=\u00bb1&#8243; ca_init_scale_y=\u00bb1&#8243; ca_init_scale_z=\u00bb1&#8243; ca_init_opacity=\u00bb0&#8243; ca_an_scale_x=\u00bb1&#8243; ca_an_scale_y=\u00bb1&#8243; ca_an_scale_z=\u00bb1&#8243; ca_an_opacity=\u00bb1&#8243; align=\u00bbtext-center\u00bb offset=\u00bbvc_col-md-offset-2 vc_col-md-8 vc_col-sm-offset-1&#8243; ca_init_translate_y=\u00bb52&#8243; ca_init_translate_x=\u00bb0&#8243; ca_duration=\u00bb1200&#8243; ca_delay=\u00bb160&#8243; ca_init_translate_z=\u00bb-142&#8243; ca_init_rotate_x=\u00bb-64&#8243;][vc_empty_space height=\u00bb110px\u00bb]<style>.ld_fancy_heading_6a09305ebc1ee h2{font-size:72px;line-height:1em;letter-spacing:-0.025em;color:rgb(0, 0, 0);}.ld_fancy_heading_6a09305ebc1ee .lqd-highlight-inner{height:0.275em;bottom:0px;}<\/style><div class=\"ld-fancy-heading ld_fancy_heading_6a09305ebc1ee\">\n\t<h2 class=\"lqd-highlight-underline lqd-highlight-grow-left\" data-fittext=\"true\" data-fittext-options='{\"compressor\":0.6,\"maxFontSize\":\"72\",\"minFontSize\":\"30\"}' data-split-text=\"true\" data-custom-animations=\"true\" data-ca-options='{\"triggerHandler\":\"inview\",\"animationTarget\":\".lqd-lines .split-inner\",\"duration\":700,\"delay\":100,\"easing\":\"easeOutQuint\",\"direction\":\"forward\",\"initValues\":{\"scale\":1},\"animations\":{\"scale\":1}}' data-split-options='{\"type\":\"lines\"}'><span class=\"ld-fh-txt\"> <\/p>\n<p style=\"text-align: center\">Festival Immensiva<\/p>\n<p><\/span><\/h2><\/div>[\/vc_column][\/vc_row][vc_row css=\u00bb.vc_custom_1597148405814{padding-top: 30px !important;padding-bottom: 50px !important;}\u00bb][vc_column enable_content_animation=\u00bbyes\u00bb ca_init_scale_x=\u00bb1&#8243; ca_init_scale_y=\u00bb1&#8243; ca_init_scale_z=\u00bb1&#8243; ca_init_opacity=\u00bb0&#8243; ca_an_scale_x=\u00bb1&#8243; ca_an_scale_y=\u00bb1&#8243; ca_an_scale_z=\u00bb1&#8243; ca_an_opacity=\u00bb1&#8243; align=\u00bbtext-center\u00bb offset=\u00bbvc_col-md-offset-3 vc_col-md-6&#8243; ca_init_translate_y=\u00bb33&#8243;]<style>.ld_spacer_6a09305ebf869{height:15px;}<\/style>\n<div class=\"ld-empty-space ld_spacer_6a09305ebf869\"><span class=\"liquid_empty_space_inner\"><\/span><\/div>[\/vc_column][vc_column enable_content_animation=\u00bbyes\u00bb ca_init_scale_x=\u00bb1&#8243; ca_init_scale_y=\u00bb1&#8243; ca_init_scale_z=\u00bb1&#8243; ca_init_opacity=\u00bb0&#8243; ca_an_scale_x=\u00bb1&#8243; ca_an_scale_y=\u00bb1&#8243; ca_an_scale_z=\u00bb1&#8243; ca_an_opacity=\u00bb1&#8243; css=\u00bb.vc_custom_1540575372460{padding-top: 55px !important;padding-bottom: 40px !important;border-radius: 5px !important;}\u00bb offset=\u00bbvc_col-md-offset-2 vc_col-md-8&#8243; ca_duration=\u00bb1200&#8243; ca_delay=\u00bb150&#8243; ca_init_translate_y=\u00bb35&#8243; ca_init_translate_z=\u00bb-147&#8243; ca_init_rotate_x=\u00bb-66&#8243;]<style>.vc_accordion_6a09305ebfbea .accordion-title{font-size:19px;line-height:1.5em;}.vc_accordion_6a09305ebfbea .accordion-title a{color:rgb(30, 22, 102);}.vc_accordion_6a09305ebfbea .active .accordion-title a{color:rgb(13, 156, 252);}<\/style><div class=\"accordion accordion-md accordion-body-underlined vc_accordion_6a09305ebfbea\" id=\"vc_accordion_6a09305ebfbea\" role=\"tablist\" aria-multiselectable=\"true\">\n\n\t<div class=\"accordion-item panel  active \">\n\n\t\t<div class=\"accordion-heading\" role=\"tab\" id=\"heading_1532074942188-28a08668-799f6f95-56a0\">\n\t\t\t<h4 class=\"accordion-title\">\n\t\t\t\t<a class=\"\" data-toggle=\"collapse\" data-parent=\"#vc_accordion_6a09305ebfbea\" href=\"#1532074942188-28a08668-799f6f95-56a0\" aria-expanded=\"true\" aria-controls=\"1532074942188-28a08668-799f6f95-56a0\">\n\t\t\t\t\t\n\t\t\t\t\t\n\t\t\t\t\tQuintessence Dome Lab | del 17 de Agosto al 13 de Septiembre\n\t\t\t\t\t\n\t\t\t\t<\/a>\n\t\t\t\t\n\t\t\t<\/h4>\n\t\t<\/div>\n\n\t\t<div id=\"1532074942188-28a08668-799f6f95-56a0\" class=\"accordion-collapse collapse in\" role=\"tabpanel\" aria-labelledby=\"heading_1532074942188-28a08668-799f6f95-56a0\">\n\t\t\t<div class=\"accordion-content\">\n\t\t\t<p>[vc_column_text]Residencia de 14 artistas (creativos de Catalu\u00f1a y Internacionales) que estar\u00e1n en residencia en Espronceda siguiendo talleres y creando proyectos relacionados con la tecnolog\u00eda Fulldome, RV, esc\u00e1neres lidar y muchas otras tecnolog\u00edas avanzadas. Talleres realizados por Eyesberg Studio \/ MIRA Festival, Be another Lab y Garage Stories.[\/vc_column_text]<\/p>\n\t\t\t<\/div>\n\t\t<\/div>\n\t<\/div>\n\t<div class=\"accordion-item panel  \">\n\n\t\t<div class=\"accordion-heading\" role=\"tab\" id=\"heading_ld-1532075226851-84f4170a-260f6f95-56a0\">\n\t\t\t<h4 class=\"accordion-title\">\n\t\t\t\t<a class=\"collapsed\" data-toggle=\"collapse\" data-parent=\"#vc_accordion_6a09305ebfbea\" href=\"#ld-1532075226851-84f4170a-260f6f95-56a0\" aria-expanded=\"false\" aria-controls=\"ld-1532075226851-84f4170a-260f6f95-56a0\">\n\t\t\t\t\t\n\t\t\t\t\t\n\t\t\t\t\tArs Electronica ``Solar Orchard`` Garden | Del 9 al 13 de Septiembre\n\t\t\t\t\t\n\t\t\t\t<\/a>\n\t\t\t\t\n\t\t\t<\/h4>\n\t\t<\/div>\n\n\t\t<div id=\"ld-1532075226851-84f4170a-260f6f95-56a0\" class=\"accordion-collapse collapse\" role=\"tabpanel\" aria-labelledby=\"heading_ld-1532075226851-84f4170a-260f6f95-56a0\">\n\t\t\t<div class=\"accordion-content\">\n\t\t\t<p>[vc_column_text]Una exposici\u00f3n en el sitio y en l\u00ednea \/ VR Mozilla Hub, del 9 al 13 de septiembre en colaboraci\u00f3n con MIRA Festival, Helsinki XR Center, MEET Culture Digital Center Milan, .\/3 studio Institute Experimental Architecture Innsbruck University y UCA UK.[\/vc_column_text]<\/p>\n\t\t\t<\/div>\n\t\t<\/div>\n\t<\/div>\n\t<div class=\"accordion-item panel  \">\n\n\t\t<div class=\"accordion-heading\" role=\"tab\" id=\"heading_ld-1532075228316-87eff853-049d6f95-56a0\">\n\t\t\t<h4 class=\"accordion-title\">\n\t\t\t\t<a class=\"collapsed\" data-toggle=\"collapse\" data-parent=\"#vc_accordion_6a09305ebfbea\" href=\"#ld-1532075228316-87eff853-049d6f95-56a0\" aria-expanded=\"false\" aria-controls=\"ld-1532075228316-87eff853-049d6f95-56a0\">\n\t\t\t\t\t\n\t\t\t\t\t\n\t\t\t\t\tVenice Biennale. Barcelona VR Expanded Satellite | Del 31 de Agosto al 12 de Septiembre\n\t\t\t\t\t\n\t\t\t\t<\/a>\n\t\t\t\t\n\t\t\t<\/h4>\n\t\t<\/div>\n\n\t\t<div id=\"ld-1532075228316-87eff853-049d6f95-56a0\" class=\"accordion-collapse collapse\" role=\"tabpanel\" aria-labelledby=\"heading_ld-1532075228316-87eff853-049d6f95-56a0\">\n\t\t\t<div class=\"accordion-content\">\n\t\t\t<p>[vc_column_text]<\/p>\n<p class=\"p1\"><span class=\"s1\">Se trata de un espect\u00e1culo de la programaci\u00f3n VR del Festival Internacional de Cine de Venecia, que Espronceda acoger\u00e1 del 31 de agosto al 12 de septiembre, instalando estaciones de realidad virtual y abiertas al p\u00fablico mediante venta de entradas.<\/span><\/p>\n<p>[\/vc_column_text]<\/p>\n\t\t\t<\/div>\n\t\t<\/div>\n\t<\/div>\n\t<div class=\"accordion-item panel  \">\n\n\t\t<div class=\"accordion-heading\" role=\"tab\" id=\"heading_ld-1597147778607-c440f7bd-460b\">\n\t\t\t<h4 class=\"accordion-title\">\n\t\t\t\t<a class=\"collapsed\" data-toggle=\"collapse\" data-parent=\"#vc_accordion_6a09305ebfbea\" href=\"#ld-1597147778607-c440f7bd-460b\" aria-expanded=\"false\" aria-controls=\"ld-1597147778607-c440f7bd-460b\">\n\t\t\t\t\t\n\t\t\t\t\t\n\t\t\t\t\tFin de semana Artathon\/ Ideathon. | 26 y 27 de Septiembre\n\t\t\t\t\t\n\t\t\t\t<\/a>\n\t\t\t\t\n\t\t\t<\/h4>\n\t\t<\/div>\n\n\t\t<div id=\"ld-1597147778607-c440f7bd-460b\" class=\"accordion-collapse collapse\" role=\"tabpanel\" aria-labelledby=\"heading_ld-1597147778607-c440f7bd-460b\">\n\t\t\t<div class=\"accordion-content\">\n\t\t\t<p>[vc_column_text]Abierto a todos los ciudadanos de Barcelona, organizado en colaboraci\u00f3n con Be Another Lab.[\/vc_column_text]<\/p>\n\t\t\t<\/div>\n\t\t<\/div>\n\t<\/div>\n\t<div class=\"accordion-item panel  \">\n\n\t\t<div class=\"accordion-heading\" role=\"tab\" id=\"heading_ld-1597147779468-e85ae6ce-9626\">\n\t\t\t<h4 class=\"accordion-title\">\n\t\t\t\t<a class=\"collapsed\" data-toggle=\"collapse\" data-parent=\"#vc_accordion_6a09305ebfbea\" href=\"#ld-1597147779468-e85ae6ce-9626\" aria-expanded=\"false\" aria-controls=\"ld-1597147779468-e85ae6ce-9626\">\n\t\t\t\t\t\n\t\t\t\t\t\n\t\t\t\t\tDocumental interactivo para Impact LAB | 3 de Octubre\n\t\t\t\t\t\n\t\t\t\t<\/a>\n\t\t\t\t\n\t\t\t<\/h4>\n\t\t<\/div>\n\n\t\t<div id=\"ld-1597147779468-e85ae6ce-9626\" class=\"accordion-collapse collapse\" role=\"tabpanel\" aria-labelledby=\"heading_ld-1597147779468-e85ae6ce-9626\">\n\t\t\t<div class=\"accordion-content\">\n\t\t\t<p>[vc_column_text]<\/p>\n<p class=\"p1\"><span class=\"s1\">Por Garage Stories. Laboratorio de innovaci\u00f3n con tecnolog\u00edas XR para el desarrollo de experiencias narrativas con el objetivo de resolver desaf\u00edos sociales y ambientales. 50 alumnos participantes de la UPC, ESDI y Blanquer<\/span><\/p>\n<p>[\/vc_column_text]<\/p>\n\t\t\t<\/div>\n\t\t<\/div>\n\t<\/div>\n\t<div class=\"accordion-item panel  \">\n\n\t\t<div class=\"accordion-heading\" role=\"tab\" id=\"heading_ld-1597147780463-b663df30-51fe\">\n\t\t\t<h4 class=\"accordion-title\">\n\t\t\t\t<a class=\"collapsed\" data-toggle=\"collapse\" data-parent=\"#vc_accordion_6a09305ebfbea\" href=\"#ld-1597147780463-b663df30-51fe\" aria-expanded=\"false\" aria-controls=\"ld-1597147780463-b663df30-51fe\">\n\t\t\t\t\t\n\t\t\t\t\t\n\t\t\t\t\tEstreno de AI4Future. | 6 y 7 de Octubre\n\t\t\t\t\t\n\t\t\t\t<\/a>\n\t\t\t\t\n\t\t\t<\/h4>\n\t\t<\/div>\n\n\t\t<div id=\"ld-1597147780463-b663df30-51fe\" class=\"accordion-collapse collapse\" role=\"tabpanel\" aria-labelledby=\"heading_ld-1597147780463-b663df30-51fe\">\n\t\t\t<div class=\"accordion-content\">\n\t\t\t<p>[vc_column_text]<\/p>\n<p class=\"p1\"><span class=\"s1\">Nuevo proyecto europeo sobre arte, activismo e inteligencia artificial. Evento de 2 d\u00edas con los socios: MEET Digital Culture Center Milan, Sineglossa y Aquitaine Culture, y en colaboraci\u00f3n con Universidades de Barcelona, Asociaciones de Activistas y el Ayuntamiento.<\/span><\/p>\n<p>[\/vc_column_text]<\/p>\n\t\t\t<\/div>\n\t\t<\/div>\n\t<\/div>\n\t<div class=\"accordion-item panel  \">\n\n\t\t<div class=\"accordion-heading\" role=\"tab\" id=\"heading_ld-1597147781245-c2b27d7b-fb44\">\n\t\t\t<h4 class=\"accordion-title\">\n\t\t\t\t<a class=\"collapsed\" data-toggle=\"collapse\" data-parent=\"#vc_accordion_6a09305ebfbea\" href=\"#ld-1597147781245-c2b27d7b-fb44\" aria-expanded=\"false\" aria-controls=\"ld-1597147781245-c2b27d7b-fb44\">\n\t\t\t\t\t\n\t\t\t\t\t\n\t\t\t\t\tFestival IMMENSIVA | Evento final | 15 de octubre de 2020\n\t\t\t\t\t\n\t\t\t\t<\/a>\n\t\t\t\t\n\t\t\t<\/h4>\n\t\t<\/div>\n\n\t\t<div id=\"ld-1597147781245-c2b27d7b-fb44\" class=\"accordion-collapse collapse\" role=\"tabpanel\" aria-labelledby=\"heading_ld-1597147781245-c2b27d7b-fb44\">\n\t\t\t<div class=\"accordion-content\">\n\t\t\t<p>[vc_column_text]Conferencias y exposiciones con las obras del Quintessence Dome Lab y el fin de semana Artathon.[\/vc_column_text]<\/p>\n\t\t\t<\/div>\n\t\t<\/div>\n\t<\/div>\n<\/div>[\/vc_column][\/vc_row]<\/p>\n<\/div>","protected":false},"excerpt":{"rendered":"<p>[vc_row parallax=\u00bbenable_parallax\u00bb][vc_column width=\u00bb5\/6&#8243; enable_content_animation=\u00bbyes\u00bb ca_init_scale_x=\u00bb1&#8243; ca_init_scale_y=\u00bb1&#8243; ca_init_scale_z=\u00bb1&#8243; ca_init_opacity=\u00bb0&#8243; ca_an_scale_x=\u00bb1&#8243; ca_an_scale_y=\u00bb1&#8243; ca_an_scale_z=\u00bb1&#8243; ca_an_opacity=\u00bb1&#8243; align=\u00bbtext-center\u00bb offset=\u00bbvc_col-md-offset-2 vc_col-md-8&#8230;<\/p>\n","protected":false},"author":1,"featured_media":0,"parent":0,"menu_order":0,"comment_status":"closed","ping_status":"closed","template":"","meta":{"footnotes":""},"featured_image_urls":{"full":"","thumbnail":"","medium":"","medium_large":"","large":"","1536x1536":"","2048x2048":"","awb_sm":"","awb_md":"","awb_lg":"","awb_xl":"","liquid-default-blog":"","liquid-standard-blog":"","liquid-featured-blog":"","liquid-rounded-blog":"","liquid-classic-meta-blog":"","liquid-classic-2-blog":"","liquid-grid":"","liquid-split-blog":"","liquid-classic-full-blog":"","liquid-metro-blog":"","liquid-timeline-blog":"","liquid-carousel-blog":"","liquid-square-blog":"","liquid-candy-blog":"","liquid-category-blog":"","liquid-cover-post":"","liquid-default-post":"","liquid-cover-spaced":"","liquid-masonry-shortest":"","liquid-masonry-short":"","liquid-masonry-tall":"","liquid-masonry-taller":"","liquid-medium":"","liquid-large":"","liquid-thumbnail":"","liquid-masonry-header-small":"","liquid-masonry-header-big":"","liquid-thumbnail-post":"","liquid-small-blog":"","liquid-related-post":"","liquid-portfolio":"","liquid-portfolio-sq":"","liquid-portfolio-big-sq":"","liquid-portfolio-portrait":"","liquid-portfolio-wide":"","liquid-packery-wide":"","liquid-packery-portrait":"","liquid-grid-hover-overlay":"","liquid-grid-hover-classic":"","liquid-grid-hover-3d":"","liquid-grid-caption":"","liquid-large-slider":"","liquid-widget":"","liquid-portfolio-vertical-overlay":""},"post_excerpt_stackable":"<p>[vc_row parallax=\u00bbenable_parallax\u00bb][vc_column width=\u00bb5\/6&#8243; enable_content_animation=\u00bbyes\u00bb ca_init_scale_x=\u00bb1&#8243; ca_init_scale_y=\u00bb1&#8243; ca_init_scale_z=\u00bb1&#8243; ca_init_opacity=\u00bb0&#8243; ca_an_scale_x=\u00bb1&#8243; ca_an_scale_y=\u00bb1&#8243; ca_an_scale_z=\u00bb1&#8243; ca_an_opacity=\u00bb1&#8243; align=\u00bbtext-center\u00bb offset=\u00bbvc_col-md-offset-2 vc_col-md-8 vc_col-sm-offset-1&#8243; ca_init_translate_y=\u00bb52&#8243; ca_init_translate_x=\u00bb0&#8243; ca_duration=\u00bb1200&#8243; ca_delay=\u00bb160&#8243; ca_init_translate_z=\u00bb-142&#8243; ca_init_rotate_x=\u00bb-64&#8243;][vc_empty_space height=\u00bb110px\u00bb] Festival Immensiva [\/vc_column][\/vc_row][vc_row css=\u00bb.vc_custom_1597148405814{padding-top: 30px !important;padding-bottom: 50px !important;}\u00bb][vc_column enable_content_animation=\u00bbyes\u00bb ca_init_scale_x=\u00bb1&#8243; ca_init_scale_y=\u00bb1&#8243; ca_init_scale_z=\u00bb1&#8243; ca_init_opacity=\u00bb0&#8243; ca_an_scale_x=\u00bb1&#8243; ca_an_scale_y=\u00bb1&#8243; ca_an_scale_z=\u00bb1&#8243; ca_an_opacity=\u00bb1&#8243; align=\u00bbtext-center\u00bb offset=\u00bbvc_col-md-offset-3 vc_col-md-6&#8243; ca_init_translate_y=\u00bb33&#8243;] [\/vc_column][vc_column enable_content_animation=\u00bbyes\u00bb ca_init_scale_x=\u00bb1&#8243; ca_init_scale_y=\u00bb1&#8243; ca_init_scale_z=\u00bb1&#8243; ca_init_opacity=\u00bb0&#8243; ca_an_scale_x=\u00bb1&#8243; ca_an_scale_y=\u00bb1&#8243; ca_an_scale_z=\u00bb1&#8243; ca_an_opacity=\u00bb1&#8243; css=\u00bb.vc_custom_1540575372460{padding-top: 55px !important;padding-bottom: 40px !important;border-radius: 5px !important;}\u00bb offset=\u00bbvc_col-md-offset-2 vc_col-md-8&#8243; ca_duration=\u00bb1200&#8243; ca_delay=\u00bb150&#8243; ca_init_translate_y=\u00bb35&#8243; ca_init_translate_z=\u00bb-147&#8243; ca_init_rotate_x=\u00bb-66&#8243;] Quintessence Dome Lab | del 17 de Agosto al 13 de Septiembre [vc_column_text]Residencia de 14 artistas (creativos de Catalu\u00f1a y Internacionales) que estar\u00e1n en residencia en Espronceda siguiendo talleres y creando proyectos&hellip;<\/p>\n","category_list":"","author_info":{"name":"Clara","url":"https:\/\/www.immensiva.com\/es\/author\/clara\/"},"comments_num":"0 comentarios","yoast_head":"<!-- This site is optimized with the Yoast SEO plugin v22.5 - https:\/\/yoast.com\/wordpress\/plugins\/seo\/ -->\n<title>IMMENSIVA Festival: Uniendo Arte, Ciencia, y Tecnolog\u00eda<\/title>\n<meta name=\"description\" content=\"Descubre el IMMENSIVA VR Festival 2020, un evento \u00fanico que combina arte y tecnolog\u00eda avanzada, incluyendo realidad virtual y mucho m\u00e1s.\" \/>\n<meta name=\"robots\" content=\"index, follow, max-snippet:-1, max-image-preview:large, max-video-preview:-1\" \/>\n<link rel=\"canonical\" href=\"https:\/\/www.immensiva.com\/es\/vr-festival\/\" \/>\n<meta property=\"og:locale\" content=\"es_ES\" \/>\n<meta property=\"og:type\" content=\"article\" \/>\n<meta property=\"og:title\" content=\"IMMENSIVA Festival: Uniendo Arte, Ciencia, y Tecnolog\u00eda\" \/>\n<meta property=\"og:description\" content=\"Descubre el IMMENSIVA VR Festival 2020, un evento \u00fanico que combina arte y tecnolog\u00eda avanzada, incluyendo realidad virtual y mucho m\u00e1s.\" \/>\n<meta property=\"og:url\" content=\"https:\/\/www.immensiva.com\/es\/vr-festival\/\" \/>\n<meta property=\"og:site_name\" content=\"IMMENSIVA\" \/>\n<meta property=\"article:modified_time\" content=\"2024-04-12T10:31:03+00:00\" \/>\n<meta name=\"twitter:card\" content=\"summary_large_image\" \/>\n<meta name=\"twitter:label1\" content=\"Tiempo de lectura\" \/>\n\t<meta name=\"twitter:data1\" content=\"2 minutos\" \/>\n<script type=\"application\/ld+json\" class=\"yoast-schema-graph\">{\"@context\":\"https:\/\/schema.org\",\"@graph\":[{\"@type\":\"WebPage\",\"@id\":\"https:\/\/www.immensiva.com\/es\/vr-festival\/\",\"url\":\"https:\/\/www.immensiva.com\/es\/vr-festival\/\",\"name\":\"IMMENSIVA Festival: Uniendo Arte, Ciencia, y Tecnolog\u00eda\",\"isPartOf\":{\"@id\":\"https:\/\/www.immensiva.com\/#website\"},\"datePublished\":\"2019-07-03T13:45:25+00:00\",\"dateModified\":\"2024-04-12T10:31:03+00:00\",\"description\":\"Descubre el IMMENSIVA VR Festival 2020, un evento \u00fanico que combina arte y tecnolog\u00eda avanzada, incluyendo realidad virtual y mucho m\u00e1s.\",\"breadcrumb\":{\"@id\":\"https:\/\/www.immensiva.com\/es\/vr-festival\/#breadcrumb\"},\"inLanguage\":\"es\",\"potentialAction\":[{\"@type\":\"ReadAction\",\"target\":[\"https:\/\/www.immensiva.com\/es\/vr-festival\/\"]}]},{\"@type\":\"BreadcrumbList\",\"@id\":\"https:\/\/www.immensiva.com\/es\/vr-festival\/#breadcrumb\",\"itemListElement\":[{\"@type\":\"ListItem\",\"position\":1,\"name\":\"Home\",\"item\":\"https:\/\/www.immensiva.com\/es\/\"},{\"@type\":\"ListItem\",\"position\":2,\"name\":\"IMMENSIVA FESTIVAL\"}]},{\"@type\":\"WebSite\",\"@id\":\"https:\/\/www.immensiva.com\/#website\",\"url\":\"https:\/\/www.immensiva.com\/\",\"name\":\"IMMENSIVA\",\"description\":\"Focusing on VR, AR, XR art &amp; AI art\",\"potentialAction\":[{\"@type\":\"SearchAction\",\"target\":{\"@type\":\"EntryPoint\",\"urlTemplate\":\"https:\/\/www.immensiva.com\/?s={search_term_string}\"},\"query-input\":\"required name=search_term_string\"}],\"inLanguage\":\"es\"}]}<\/script>\n<!-- \/ Yoast SEO plugin. -->","yoast_head_json":{"title":"IMMENSIVA Festival: Uniendo Arte, Ciencia, y Tecnolog\u00eda","description":"Descubre el IMMENSIVA VR Festival 2020, un evento \u00fanico que combina arte y tecnolog\u00eda avanzada, incluyendo realidad virtual y mucho m\u00e1s.","robots":{"index":"index","follow":"follow","max-snippet":"max-snippet:-1","max-image-preview":"max-image-preview:large","max-video-preview":"max-video-preview:-1"},"canonical":"https:\/\/www.immensiva.com\/es\/vr-festival\/","og_locale":"es_ES","og_type":"article","og_title":"IMMENSIVA Festival: Uniendo Arte, Ciencia, y Tecnolog\u00eda","og_description":"Descubre el IMMENSIVA VR Festival 2020, un evento \u00fanico que combina arte y tecnolog\u00eda avanzada, incluyendo realidad virtual y mucho m\u00e1s.","og_url":"https:\/\/www.immensiva.com\/es\/vr-festival\/","og_site_name":"IMMENSIVA","article_modified_time":"2024-04-12T10:31:03+00:00","twitter_card":"summary_large_image","twitter_misc":{"Tiempo de lectura":"2 minutos"},"schema":{"@context":"https:\/\/schema.org","@graph":[{"@type":"WebPage","@id":"https:\/\/www.immensiva.com\/es\/vr-festival\/","url":"https:\/\/www.immensiva.com\/es\/vr-festival\/","name":"IMMENSIVA Festival: Uniendo Arte, Ciencia, y Tecnolog\u00eda","isPartOf":{"@id":"https:\/\/www.immensiva.com\/#website"},"datePublished":"2019-07-03T13:45:25+00:00","dateModified":"2024-04-12T10:31:03+00:00","description":"Descubre el IMMENSIVA VR Festival 2020, un evento \u00fanico que combina arte y tecnolog\u00eda avanzada, incluyendo realidad virtual y mucho m\u00e1s.","breadcrumb":{"@id":"https:\/\/www.immensiva.com\/es\/vr-festival\/#breadcrumb"},"inLanguage":"es","potentialAction":[{"@type":"ReadAction","target":["https:\/\/www.immensiva.com\/es\/vr-festival\/"]}]},{"@type":"BreadcrumbList","@id":"https:\/\/www.immensiva.com\/es\/vr-festival\/#breadcrumb","itemListElement":[{"@type":"ListItem","position":1,"name":"Home","item":"https:\/\/www.immensiva.com\/es\/"},{"@type":"ListItem","position":2,"name":"IMMENSIVA FESTIVAL"}]},{"@type":"WebSite","@id":"https:\/\/www.immensiva.com\/#website","url":"https:\/\/www.immensiva.com\/","name":"IMMENSIVA","description":"Focusing on VR, AR, XR art &amp; AI art","potentialAction":[{"@type":"SearchAction","target":{"@type":"EntryPoint","urlTemplate":"https:\/\/www.immensiva.com\/?s={search_term_string}"},"query-input":"required name=search_term_string"}],"inLanguage":"es"}]}},"_links":{"self":[{"href":"https:\/\/www.immensiva.com\/es\/wp-json\/wp\/v2\/pages\/8366"}],"collection":[{"href":"https:\/\/www.immensiva.com\/es\/wp-json\/wp\/v2\/pages"}],"about":[{"href":"https:\/\/www.immensiva.com\/es\/wp-json\/wp\/v2\/types\/page"}],"author":[{"embeddable":true,"href":"https:\/\/www.immensiva.com\/es\/wp-json\/wp\/v2\/users\/1"}],"replies":[{"embeddable":true,"href":"https:\/\/www.immensiva.com\/es\/wp-json\/wp\/v2\/comments?post=8366"}],"version-history":[{"count":7,"href":"https:\/\/www.immensiva.com\/es\/wp-json\/wp\/v2\/pages\/8366\/revisions"}],"predecessor-version":[{"id":8725,"href":"https:\/\/www.immensiva.com\/es\/wp-json\/wp\/v2\/pages\/8366\/revisions\/8725"}],"wp:attachment":[{"href":"https:\/\/www.immensiva.com\/es\/wp-json\/wp\/v2\/media?parent=8366"}],"curies":[{"name":"wp","href":"https:\/\/api.w.org\/{rel}","templated":true}]}}