{"id":9257,"date":"2021-01-03T14:25:00","date_gmt":"2021-01-03T13:25:00","guid":{"rendered":"https:\/\/www.immensiva.com\/?page_id=9257"},"modified":"2024-04-12T15:03:28","modified_gmt":"2024-04-12T13:03:28","slug":"immensathon-2021","status":"publish","type":"page","link":"https:\/\/www.immensiva.com\/es\/immensathon-2021\/","title":{"rendered":"IMMENSATHON: INTO THE HUMAN LABYRINTH &#8211; HackLab inmersivo e interactivo de New Media Art"},"content":{"rendered":"<div class=\"wpb-content-wrapper\"><p>[vc_row css=\u00bb.vc_custom_1609679191619{margin-top: 50px !important;}\u00bb][vc_column][vc_single_image image=\u00bb12521&#8243; img_size=\u00bbfull\u00bb alignment=\u00bbcenter\u00bb css=\u00bb\u00bb]<style>.ld_spacer_69e344bab223a{height:32px;}<\/style>\n<div class=\"ld-empty-space ld_spacer_69e344bab223a\"><span class=\"liquid_empty_space_inner\"><\/span><\/div><style>.ld_fancy_heading_69e344bab243d .lqd-highlight-inner{height:0.275em;bottom:0px;}<\/style><div class=\"ld-fancy-heading text-center ld_fancy_heading_69e344bab243d\">\n\t<h1 class=\"lqd-highlight-underline lqd-highlight-grow-left\" ><span class=\"ld-fh-txt\"> <\/p>\n<h3 style=\"text-align: center\"><strong>IMMENSATHON: INTO THE HUMAN LABYRINTH<\/strong><br \/>\n<strong>HackLab inmersivo e interactivo de New Media Art<\/strong><\/h3>\n<p><\/span><\/h1><\/div><style>.ld_spacer_69e344bab786e{height:32px;}<\/style>\n<div class=\"ld-empty-space ld_spacer_69e344bab786e\"><span class=\"liquid_empty_space_inner\"><\/span><\/div>[\/vc_column][\/vc_row][vc_row][vc_column][vc_column_text]<strong>Humanos, tecnolog\u00eda y futuro: \u00bfqu\u00e9 tienen en com\u00fan?<\/strong><\/p>\n<p>Est\u00e1 abierta la convocatoria para participar en el <strong>HackLab de Immensiva<\/strong>, en colaboraci\u00f3n con <strong>Garage Stories<\/strong> y <strong>Be Another Lab<\/strong>, HackLab destinado a explorar y trabajar con medios emergentes para crear piezas experimentales que nos ayuden a reflexionar sobre la complejidad de las relaciones humanas y especular sobre un futuro en el que la tecnolog\u00eda nos ayude a ser m\u00e1s humanos.<br \/>\n<strong>Del 3 al 16 de mayo<\/strong>,<strong> reuniremos a 25 perfiles creativos para co-crear en grupos de 5 una pieza experimental con tecnolog\u00edas y otras formas de arte m\u00e1s anal\u00f3gicas<\/strong> (foto, video, m\u00fasica, performance en vivo, etc) para formar parte de una exposici\u00f3n colectiva \u00abInto the Human Labyrinth\u00bb que estar\u00e1 abierta al p\u00fablico en los d\u00edas posteriores al HackLab.<\/p>\n<p>Los temas sobre los que reflexionar\u00e1n los grupos de trabajo son<br \/>\n&#8211; el poder y los privilegios<br \/>\n&#8211; el amor<br \/>\n&#8211; la familia<br \/>\n&#8211; la autoestima<br \/>\n&#8211; los prejuicios<\/p>\n<p>La exposici\u00f3n tendr\u00e1 forma de laberinto, y tambi\u00e9n hay una convocatoria abierta, en colaboraci\u00f3n con<strong> Distributed Design\/ IAAC<\/strong>, para makers\/dise\u00f1adores que quieran trabajar con el robot Kuka y otras tecnolog\u00edas para construir el recorrido y la estructura del espacio expositivo dentro del cual los participantes del Hacklab crear\u00e1n el contenido.<\/p>\n<p>Tambi\u00e9n es posible participar en ambas convocatorias.<\/p>\n<p><strong>\u00bfQui\u00e9n puede presentarse?<\/strong><br \/>\nPerfiles creativos de diferentes \u00e1mbitos: codificadores, escritores, dise\u00f1adores, arquitectos, psic\u00f3logos, fil\u00f3sofos, m\u00fasicos, jugadores, int\u00e9rpretes, artistas visuales, etc. La convocatoria est\u00e1 abierta hasta el 15 de abril y posteriormente se realizar\u00e1 un proceso de selecci\u00f3n de los 25 mejores perfiles para el Hacklab, y 5 proyectos para la secci\u00f3n de makers\/dise\u00f1adores.[\/vc_column_text]<style>.ld_spacer_69e344bab7bea{height:50px;}<\/style>\n<div class=\"ld-empty-space ld_spacer_69e344bab7bea\"><span class=\"liquid_empty_space_inner\"><\/span><\/div>[\/vc_column][\/vc_row][vc_row css=\u00bb.vc_custom_1609679722529{background-color: #5524f4 !important;}\u00bb][vc_column]<style>.ld_spacer_69e344bab7f15{height:50px;}<\/style>\n<div class=\"ld-empty-space ld_spacer_69e344bab7f15\"><span class=\"liquid_empty_space_inner\"><\/span><\/div>[vc_column_text]<span style=\"color: #ccffff;\">CONVOCATORIA HACKLAB\/ INMENSATHON<\/span><\/p>\n<p><span style=\"color: #ccffff;\"><strong>Evento Hacklab, del 14 al 16 de mayo:<\/strong><\/span><\/p>\n<p><span style=\"color: #ccffff;\"><strong>\u00bfQu\u00e9 se espera?<\/strong><\/span><br \/>\n<span style=\"color: #ccffff;\">Una pieza experimental en formato expositivo que combine disciplinas art\u00edsticas m\u00e1s tradicionales (foto, v\u00eddeo, objetos, dibujos, etc) con medios digitales emergentes, as\u00ed como peque\u00f1os clips de 360\u00ba, maquetas de realidad aumentada, proyectos de RV, y todo tipo de formatos experimentales, work-in-progress, utilizando otras tecnolog\u00edas como sensores, esc\u00e1neres, etc.<\/span><br \/>\n<span style=\"color: #ccffff;\">(Espronceda pone a disposici\u00f3n de los participantes diversos equipos tecnol\u00f3gicos).<\/span><\/p>\n<p><span style=\"color: #ccffff;\">Hay que rellenar el formulario con toda la informaci\u00f3n en el siguiente enlace: <a href=\"https:\/\/docs.google.com\/forms\/d\/e\/1FAIpQLScyTL-P5Xpsy4zsaT_lGf2-PC1WDeYFyv9INOOU3kkgZgWGvQ\/viewform?gxids=7628\">https:\/\/docs.google.com\/forms\/d\/e\/1FAIpQLScyTL-P5Xpsy4zsaT_lGf2-PC1WDeYFyv9INOOU3kkgZgWGvQ\/viewform?gxids=7628<\/a><\/span>[\/vc_column_text]<style>.ld_spacer_69e344bab8202{height:50px;}<\/style>\n<div class=\"ld-empty-space ld_spacer_69e344bab8202\"><span class=\"liquid_empty_space_inner\"><\/span><\/div>[\/vc_column][\/vc_row][vc_row][vc_column]<style>.ld_spacer_69e344bab847d{height:50px;}<\/style>\n<div class=\"ld-empty-space ld_spacer_69e344bab847d\"><span class=\"liquid_empty_space_inner\"><\/span><\/div>[vc_column_text]<strong>PREMIO:<\/strong><\/p>\n<p>La mejor pieza podr\u00e1 continuar su residencia en Espronceda para finalizar el proyecto y ser\u00e1 expuesta en una gran exposici\u00f3n colectiva organizada en junio de 2021.[\/vc_column_text]<style>.ld_spacer_69e344bab86ca{height:50px;}<\/style>\n<div class=\"ld-empty-space ld_spacer_69e344bab86ca\"><span class=\"liquid_empty_space_inner\"><\/span><\/div>[\/vc_column][\/vc_row][vc_row css=\u00bb.vc_custom_1609772522442{background-color: #5524f4 !important;}\u00bb][vc_column]<style>.ld_spacer_69e344bab893d{height:50px;}<\/style>\n<div class=\"ld-empty-space ld_spacer_69e344bab893d\"><span class=\"liquid_empty_space_inner\"><\/span><\/div>[vc_column_text]<span style=\"color: #ccffff;\"><strong>CONVOCATORIA DE MAKERS\/DISE\u00d1ADORES<\/strong><\/span><\/p>\n<p><span style=\"color: #ccffff;\">Si quieres participar en la construcci\u00f3n del espacio expositivo y trabajar con el Robot Kuka para realizar los dise\u00f1os del 3 al 16 de mayo, \u00a1ap\u00fantate aqu\u00ed! Buscamos estudiantes de arquitectura y dise\u00f1o que quieran formar parte de esta experiencia.<\/span><br \/>\n<span style=\"color: #ccffff;\">Os pondremos en contacto con un Fab Lab para crear las piezas y la organizaci\u00f3n asumir\u00e1 el coste de la producci\u00f3n.<\/span><\/p>\n<p><span style=\"color: #ccffff;\">Calendario de makers:<\/span><br \/>\n<span style=\"color: #ccffff;\">20 &#8211; 30 de abril: conceptualizaci\u00f3n y dise\u00f1o<\/span><br \/>\n<span style=\"color: #ccffff;\">Del 3 al 7 de mayo: producci\u00f3n con el uso de robots Kuka y otras tecnolog\u00edas<\/span><br \/>\n<span style=\"color: #ccffff;\">Del 10 al 16 de mayo: instalaci\u00f3n<\/span><\/p>\n<p><span style=\"color: #ccffff;\">Debes rellenar el formulario con toda la informaci\u00f3n en el siguiente enlace:<\/span> <a href=\"https:\/\/docs.google.com\/forms\/d\/e\/1FAIpQLSeNXOQKDpPwvExy3tISAtgNXQBJMJdznMZFu6k6ac4A6R4g0Q\/viewform?gxids=7628\">https:\/\/docs.google.com\/forms\/d\/e\/1FAIpQLSeNXOQKDpPwvExy3tISAtgNXQBJMJdznMZFu6k6ac4A6R4g0Q\/viewform?gxids=7628<\/a>[\/vc_column_text]<style>.ld_spacer_69e344bab8d15{height:50px;}<\/style>\n<div class=\"ld-empty-space ld_spacer_69e344bab8d15\"><span class=\"liquid_empty_space_inner\"><\/span><\/div>[\/vc_column][\/vc_row][vc_row][vc_column]<style>.ld_spacer_69e344bab909a{height:50px;}<\/style>\n<div class=\"ld-empty-space ld_spacer_69e344bab909a\"><span class=\"liquid_empty_space_inner\"><\/span><\/div>[vc_column_text]<strong>PREMIO:<\/strong><\/p>\n<p>El proyecto ganador se difundir\u00e1 a trav\u00e9s de Espronceda y Dise\u00f1o Distribuido.<br \/>\nLa instalaci\u00f3n formar\u00e1 parte de la gran exposici\u00f3n colectiva IMMENSIVA en junio de 2021.[\/vc_column_text]<style>.ld_spacer_69e344bab9359{height:50px;}<\/style>\n<div class=\"ld-empty-space ld_spacer_69e344bab9359\"><span class=\"liquid_empty_space_inner\"><\/span><\/div>[\/vc_column][\/vc_row]<\/p>\n<\/div>","protected":false},"excerpt":{"rendered":"<p>[vc_row css=\u00bb.vc_custom_1609679191619{margin-top: 50px !important;}\u00bb][vc_column][vc_single_image image=\u00bb12521&#8243; img_size=\u00bbfull\u00bb alignment=\u00bbcenter\u00bb css=\u00bb\u00bb][\/vc_column][\/vc_row][vc_row][vc_column][vc_column_text]Humanos, tecnolog\u00eda y futuro: \u00bfqu\u00e9 tienen en com\u00fan?&#8230;<\/p>\n","protected":false},"author":2,"featured_media":0,"parent":0,"menu_order":0,"comment_status":"closed","ping_status":"closed","template":"","meta":{"footnotes":""},"featured_image_urls":{"full":"","thumbnail":"","medium":"","medium_large":"","large":"","1536x1536":"","2048x2048":"","awb_sm":"","awb_md":"","awb_lg":"","awb_xl":"","liquid-default-blog":"","liquid-standard-blog":"","liquid-featured-blog":"","liquid-rounded-blog":"","liquid-classic-meta-blog":"","liquid-classic-2-blog":"","liquid-grid":"","liquid-split-blog":"","liquid-classic-full-blog":"","liquid-metro-blog":"","liquid-timeline-blog":"","liquid-carousel-blog":"","liquid-square-blog":"","liquid-candy-blog":"","liquid-category-blog":"","liquid-cover-post":"","liquid-default-post":"","liquid-cover-spaced":"","liquid-masonry-shortest":"","liquid-masonry-short":"","liquid-masonry-tall":"","liquid-masonry-taller":"","liquid-medium":"","liquid-large":"","liquid-thumbnail":"","liquid-masonry-header-small":"","liquid-masonry-header-big":"","liquid-thumbnail-post":"","liquid-small-blog":"","liquid-related-post":"","liquid-portfolio":"","liquid-portfolio-sq":"","liquid-portfolio-big-sq":"","liquid-portfolio-portrait":"","liquid-portfolio-wide":"","liquid-packery-wide":"","liquid-packery-portrait":"","liquid-grid-hover-overlay":"","liquid-grid-hover-classic":"","liquid-grid-hover-3d":"","liquid-grid-caption":"","liquid-large-slider":"","liquid-widget":"","liquid-portfolio-vertical-overlay":""},"post_excerpt_stackable":"<p>[vc_row css=\u00bb.vc_custom_1609679191619{margin-top: 50px !important;}\u00bb][vc_column][vc_single_image image=\u00bb12521&#8243; img_size=\u00bbfull\u00bb alignment=\u00bbcenter\u00bb css=\u00bb\u00bb] IMMENSATHON: INTO THE HUMAN LABYRINTH HackLab inmersivo e interactivo de New Media Art [\/vc_column][\/vc_row][vc_row][vc_column][vc_column_text]Humanos, tecnolog\u00eda y futuro: \u00bfqu\u00e9 tienen en com\u00fan? Est\u00e1 abierta la convocatoria para participar en el HackLab de Immensiva, en colaboraci\u00f3n con Garage Stories y Be Another Lab, HackLab destinado a explorar y trabajar con medios emergentes para crear piezas experimentales que nos ayuden a reflexionar sobre la complejidad de las relaciones humanas y especular sobre un futuro en el que la tecnolog\u00eda nos ayude a ser m\u00e1s humanos. Del 3 al 16 de mayo, reuniremos a 25 perfiles&hellip;<\/p>\n","category_list":"","author_info":{"name":"vitor","url":"https:\/\/www.immensiva.com\/es\/author\/vitor\/"},"comments_num":"0 comentarios","yoast_head":"<!-- This site is optimized with the Yoast SEO plugin v22.5 - https:\/\/yoast.com\/wordpress\/plugins\/seo\/ -->\n<title>IMMENSATHON 2021: Explorando el Laberinto Humano<\/title>\n<meta name=\"description\" content=\"\u00danete al IMMENSATHON, un HackLab que invita a reflexionar sobre humanidad y tecnolog\u00eda con proyectos art\u00edsticos experimentales.\" \/>\n<meta name=\"robots\" content=\"index, follow, max-snippet:-1, max-image-preview:large, max-video-preview:-1\" \/>\n<link rel=\"canonical\" href=\"https:\/\/www.immensiva.com\/es\/immensathon-2021\/\" \/>\n<meta property=\"og:locale\" content=\"es_ES\" \/>\n<meta property=\"og:type\" content=\"article\" \/>\n<meta property=\"og:title\" content=\"IMMENSATHON 2021: Explorando el Laberinto Humano\" \/>\n<meta property=\"og:description\" content=\"\u00danete al IMMENSATHON, un HackLab que invita a reflexionar sobre humanidad y tecnolog\u00eda con proyectos art\u00edsticos experimentales.\" \/>\n<meta property=\"og:url\" content=\"https:\/\/www.immensiva.com\/es\/immensathon-2021\/\" \/>\n<meta property=\"og:site_name\" content=\"IMMENSIVA\" \/>\n<meta property=\"article:modified_time\" content=\"2024-04-12T13:03:28+00:00\" \/>\n<meta name=\"twitter:card\" content=\"summary_large_image\" \/>\n<meta name=\"twitter:label1\" content=\"Tiempo de lectura\" \/>\n\t<meta name=\"twitter:data1\" content=\"3 minutos\" \/>\n<script type=\"application\/ld+json\" class=\"yoast-schema-graph\">{\"@context\":\"https:\/\/schema.org\",\"@graph\":[{\"@type\":\"WebPage\",\"@id\":\"https:\/\/www.immensiva.com\/es\/immensathon-2021\/\",\"url\":\"https:\/\/www.immensiva.com\/es\/immensathon-2021\/\",\"name\":\"IMMENSATHON 2021: Explorando el Laberinto Humano\",\"isPartOf\":{\"@id\":\"https:\/\/www.immensiva.com\/#website\"},\"datePublished\":\"2021-01-03T13:25:00+00:00\",\"dateModified\":\"2024-04-12T13:03:28+00:00\",\"description\":\"\u00danete al IMMENSATHON, un HackLab que invita a reflexionar sobre humanidad y tecnolog\u00eda con proyectos art\u00edsticos experimentales.\",\"breadcrumb\":{\"@id\":\"https:\/\/www.immensiva.com\/es\/immensathon-2021\/#breadcrumb\"},\"inLanguage\":\"es\",\"potentialAction\":[{\"@type\":\"ReadAction\",\"target\":[\"https:\/\/www.immensiva.com\/es\/immensathon-2021\/\"]}]},{\"@type\":\"BreadcrumbList\",\"@id\":\"https:\/\/www.immensiva.com\/es\/immensathon-2021\/#breadcrumb\",\"itemListElement\":[{\"@type\":\"ListItem\",\"position\":1,\"name\":\"Home\",\"item\":\"https:\/\/www.immensiva.com\/es\/\"},{\"@type\":\"ListItem\",\"position\":2,\"name\":\"IMMENSATHON: INTO THE HUMAN LABYRINTH &#8211; HackLab inmersivo e interactivo de New Media Art\"}]},{\"@type\":\"WebSite\",\"@id\":\"https:\/\/www.immensiva.com\/#website\",\"url\":\"https:\/\/www.immensiva.com\/\",\"name\":\"IMMENSIVA\",\"description\":\"Focusing on VR, AR, XR art &amp; AI art\",\"potentialAction\":[{\"@type\":\"SearchAction\",\"target\":{\"@type\":\"EntryPoint\",\"urlTemplate\":\"https:\/\/www.immensiva.com\/?s={search_term_string}\"},\"query-input\":\"required name=search_term_string\"}],\"inLanguage\":\"es\"}]}<\/script>\n<!-- \/ Yoast SEO plugin. -->","yoast_head_json":{"title":"IMMENSATHON 2021: Explorando el Laberinto Humano","description":"\u00danete al IMMENSATHON, un HackLab que invita a reflexionar sobre humanidad y tecnolog\u00eda con proyectos art\u00edsticos experimentales.","robots":{"index":"index","follow":"follow","max-snippet":"max-snippet:-1","max-image-preview":"max-image-preview:large","max-video-preview":"max-video-preview:-1"},"canonical":"https:\/\/www.immensiva.com\/es\/immensathon-2021\/","og_locale":"es_ES","og_type":"article","og_title":"IMMENSATHON 2021: Explorando el Laberinto Humano","og_description":"\u00danete al IMMENSATHON, un HackLab que invita a reflexionar sobre humanidad y tecnolog\u00eda con proyectos art\u00edsticos experimentales.","og_url":"https:\/\/www.immensiva.com\/es\/immensathon-2021\/","og_site_name":"IMMENSIVA","article_modified_time":"2024-04-12T13:03:28+00:00","twitter_card":"summary_large_image","twitter_misc":{"Tiempo de lectura":"3 minutos"},"schema":{"@context":"https:\/\/schema.org","@graph":[{"@type":"WebPage","@id":"https:\/\/www.immensiva.com\/es\/immensathon-2021\/","url":"https:\/\/www.immensiva.com\/es\/immensathon-2021\/","name":"IMMENSATHON 2021: Explorando el Laberinto Humano","isPartOf":{"@id":"https:\/\/www.immensiva.com\/#website"},"datePublished":"2021-01-03T13:25:00+00:00","dateModified":"2024-04-12T13:03:28+00:00","description":"\u00danete al IMMENSATHON, un HackLab que invita a reflexionar sobre humanidad y tecnolog\u00eda con proyectos art\u00edsticos experimentales.","breadcrumb":{"@id":"https:\/\/www.immensiva.com\/es\/immensathon-2021\/#breadcrumb"},"inLanguage":"es","potentialAction":[{"@type":"ReadAction","target":["https:\/\/www.immensiva.com\/es\/immensathon-2021\/"]}]},{"@type":"BreadcrumbList","@id":"https:\/\/www.immensiva.com\/es\/immensathon-2021\/#breadcrumb","itemListElement":[{"@type":"ListItem","position":1,"name":"Home","item":"https:\/\/www.immensiva.com\/es\/"},{"@type":"ListItem","position":2,"name":"IMMENSATHON: INTO THE HUMAN LABYRINTH &#8211; HackLab inmersivo e interactivo de New Media Art"}]},{"@type":"WebSite","@id":"https:\/\/www.immensiva.com\/#website","url":"https:\/\/www.immensiva.com\/","name":"IMMENSIVA","description":"Focusing on VR, AR, XR art &amp; AI art","potentialAction":[{"@type":"SearchAction","target":{"@type":"EntryPoint","urlTemplate":"https:\/\/www.immensiva.com\/?s={search_term_string}"},"query-input":"required name=search_term_string"}],"inLanguage":"es"}]}},"_links":{"self":[{"href":"https:\/\/www.immensiva.com\/es\/wp-json\/wp\/v2\/pages\/9257"}],"collection":[{"href":"https:\/\/www.immensiva.com\/es\/wp-json\/wp\/v2\/pages"}],"about":[{"href":"https:\/\/www.immensiva.com\/es\/wp-json\/wp\/v2\/types\/page"}],"author":[{"embeddable":true,"href":"https:\/\/www.immensiva.com\/es\/wp-json\/wp\/v2\/users\/2"}],"replies":[{"embeddable":true,"href":"https:\/\/www.immensiva.com\/es\/wp-json\/wp\/v2\/comments?post=9257"}],"version-history":[{"count":22,"href":"https:\/\/www.immensiva.com\/es\/wp-json\/wp\/v2\/pages\/9257\/revisions"}],"predecessor-version":[{"id":12616,"href":"https:\/\/www.immensiva.com\/es\/wp-json\/wp\/v2\/pages\/9257\/revisions\/12616"}],"wp:attachment":[{"href":"https:\/\/www.immensiva.com\/es\/wp-json\/wp\/v2\/media?parent=9257"}],"curies":[{"name":"wp","href":"https:\/\/api.w.org\/{rel}","templated":true}]}}