{"id":9301,"date":"2020-12-14T21:29:38","date_gmt":"2020-12-14T20:29:38","guid":{"rendered":"https:\/\/www.immensiva.com\/projects-innovation\/"},"modified":"2024-04-13T14:44:32","modified_gmt":"2024-04-13T12:44:32","slug":"projects-innovation","status":"publish","type":"page","link":"https:\/\/www.immensiva.com\/es\/projects-innovation\/","title":{"rendered":"PROYECTOS E INNOVACI\u00d3N"},"content":{"rendered":"<div class=\"wpb-content-wrapper\"><p>[vc_row content_placement=\u00bbmiddle\u00bb css=\u00bb.vc_custom_1608040933391{margin-top: 200px !important;}\u00bb][vc_column]<style>.ld_fancy_heading_69fac30427bb1 .lqd-highlight-inner{height:0.275em;bottom:0px;}<\/style><div class=\"ld-fancy-heading text-center ld_fancy_heading_69fac30427bb1\">\n\t<h1 class=\"lqd-highlight-underline lqd-highlight-grow-left\" ><span class=\"ld-fh-txt\"> <\/p>\n<h3 id=\"yiv1685169422yui_3_16_0_ym19_1_1499426697339_50812\" style=\"text-align: center\"><strong>EL ARTE ES NUESTRO FUTURO PARA CONSTRUIR UNA SOCIEDAD MEJOR<\/strong><\/h3>\n<p><\/span><\/h1><\/div><style>.ld_spacer_69fac3042cef4{height:32px;}<\/style>\n<div class=\"ld-empty-space ld_spacer_69fac3042cef4\"><span class=\"liquid_empty_space_inner\"><\/span><\/div>[\/vc_column][\/vc_row][vc_row][vc_column][vc_media_grid style=\u00bbpagination\u00bb paging_design=\u00bbnone\u00bb item=\u00bbmediaGrid_ScaleWithRotation\u00bb grid_id=\u00bbvc_gid:1712760139537-44b07353a0eaef9b0b3dcb05a2c52b38-5&#8243; include=\u00bb12246,12252,12249,12255,12258,12261&#8243;][\/vc_column][\/vc_row][vc_section css=\u00bb.vc_custom_1608041100898{background-color: #7a25f9 !important;}\u00bb][vc_row][vc_column]<style>.ld_spacer_69fac3042d064{height:50px;}<\/style>\n<div class=\"ld-empty-space ld_spacer_69fac3042d064\"><span class=\"liquid_empty_space_inner\"><\/span><\/div>[vc_column_text]<\/p>\n<div>\n<div style=\"text-align: center;\"><span style=\"color: #ccffff;\"><span id=\"yiv1685169422yui_3_16_0_ym19_1_1499426697339_50817\">Creemos en el poder del arte y su conexi\u00f3n con la ciencia y la tecnolog\u00eda. La innovaci\u00f3n no solo proviene de ecuaciones, matem\u00e1ticas o alguna f\u00f3rmula cient\u00edfica sino que proviene de un lugar humano. La innovaci\u00f3n en las ciencias siempre est\u00e1 vinculada de alguna manera, ya sea directa o indirectamente, a una experiencia humana. Y las experiencias humanas suceden a trav\u00e9s de la interacci\u00f3n con las artes y la creaci\u00f3n \u2013 tocar o escuchar m\u00fasica, descubrir una obra de arte, tomar una fotograf\u00eda, etc. El arte te ayuda a ver las cosas en un espacio menos antinatural. Nuestra econom\u00eda se basa en pensadores convergentes, personas que ejecutan cosas, las hacen. Pero los artistas y dise\u00f1adores son pensadores divergentes: ampl\u00edan el horizonte de posibilidades, son visionarios. La innovaci\u00f3n superior proviene de reunir divergentes (artistas y dise\u00f1adores) y convergentes (ciencia e ingenier\u00eda). Toda la sociedad necesita involucrarse en el proceso de innovaci\u00f3n (abierta). or lo tanto, creemos en la filosof\u00eda del\u00a0<strong>programa STARTS<\/strong>, que trata de conectar la innovaci\u00f3n en el n\u00facleo de Ciencia, Tecnolog\u00eda y ARTES. El arte es un catalizador para el cambio innovador en investigaci\u00f3n, negocios, econom\u00eda, pol\u00edtica y sociedad.<\/span><span id=\"yiv1685169422yui_3_16_0_ym19_1_1499426697339_50822\"><\/span><\/span><\/div>\n<div style=\"text-align: center;\"><\/div>\n<div id=\"yiv1685169422yui_3_16_0_ym19_1_1499426697339_50824\" style=\"text-align: center;\"><span style=\"color: #ccffff;\"><span id=\"yiv1685169422yui_3_16_0_ym19_1_1499426697339_50825\" lang=\"EN-GB\" xml:lang=\"EN-GB\">Visita<span id=\"yiv1685169422yui_3_16_0_ym19_1_1499426697339_50826\">\u00a0<\/span><a id=\"yiv1685169422yui_3_16_0_ym19_1_1499426697339_50827\" style=\"color: #ccffff;\" href=\"http:\/\/www.starts.eu\/\" target=\"_blank\" rel=\"nofollow noopener noreferrer\" name=\"yiv1685169422yui_3_16_0_ym19_1_1499426697339_50827\"><span id=\"yiv1685169422yui_3_16_0_ym19_1_1499426697339_50828\">www.Starts.eu<\/span><\/a>.\u00a0<\/span><span id=\"yiv1685169422yui_3_16_0_ym19_1_1499426697339_50829\" lang=\"EN-GB\" xml:lang=\"EN-GB\"><\/span><\/span><\/div>\n<div id=\"yiv1685169422yui_3_16_0_ym19_1_1499426697339_50831\" style=\"text-align: center;\"><span id=\"yiv1685169422yui_3_16_0_ym19_1_1499426697339_50832\" lang=\"EN-GB\" style=\"color: #ccffff;\" xml:lang=\"EN-GB\"><br id=\"yiv1685169422yui_3_16_0_ym19_1_1499426697339_50834\" \/><span id=\"yiv1685169422yui_3_16_0_ym19_1_1499426697339_50835\"><\/span><span id=\"yiv1685169422yui_3_16_0_ym19_1_1499426697339_50836\" lang=\"EN-GB\" xml:lang=\"EN-GB\"><\/span><\/span><\/div>\n<div id=\"yiv1685169422yui_3_16_0_ym19_1_1499426697339_50838\" dir=\"ltr\" style=\"text-align: center;\"><span style=\"color: #ccffff;\">Tambi\u00e9n estamos interesados en participar en proyectos de Cooperaci\u00f3n Europea adecuados bajo\u00a0<strong>Creative Media Europe<\/strong>. Tenemos una amplia experiencia en la propuesta de edici\u00f3n y nuestro principal deseo es ir m\u00e1s all\u00e1 de nuestras fronteras geogr\u00e1ficas.<\/span><\/div>\n<\/div>\n<div style=\"text-align: center;\"><\/div>\n<p>[\/vc_column_text]<style>.ld_spacer_69fac3042d16c{height:50px;}<\/style>\n<div class=\"ld-empty-space ld_spacer_69fac3042d16c\"><span class=\"liquid_empty_space_inner\"><\/span><\/div>[\/vc_column][\/vc_row][\/vc_section][vc_row][vc_column]<style>.ld_spacer_69fac3042d263{height:200px;}<\/style>\n<div class=\"ld-empty-space ld_spacer_69fac3042d263\"><span class=\"liquid_empty_space_inner\"><\/span><\/div>[\/vc_column][\/vc_row]<\/p>\n<\/div>","protected":false},"excerpt":{"rendered":"<p>[vc_row content_placement=\u00bbmiddle\u00bb css=\u00bb.vc_custom_1608040933391{margin-top: 200px !important;}\u00bb][vc_column][\/vc_column][\/vc_row][vc_row][vc_column][vc_media_grid style=\u00bbpagination\u00bb paging_design=\u00bbnone\u00bb item=\u00bbmediaGrid_ScaleWithRotation\u00bb grid_id=\u00bbvc_gid:1712760139537-44b07353a0eaef9b0b3dcb05a2c52b38-5&#8243; include=\u00bb12246,12252,12249,12255,12258,12261&#8243;][\/vc_column][\/vc_row][vc_section css=\u00bb.vc_custom_1608041100898{background-color: #7a25f9 !important;}\u00bb][vc_row][vc_column][vc_column_text] Creemos en&#8230;<\/p>\n","protected":false},"author":2,"featured_media":0,"parent":0,"menu_order":0,"comment_status":"closed","ping_status":"closed","template":"","meta":{"footnotes":""},"featured_image_urls":{"full":"","thumbnail":"","medium":"","medium_large":"","large":"","1536x1536":"","2048x2048":"","awb_sm":"","awb_md":"","awb_lg":"","awb_xl":"","liquid-default-blog":"","liquid-standard-blog":"","liquid-featured-blog":"","liquid-rounded-blog":"","liquid-classic-meta-blog":"","liquid-classic-2-blog":"","liquid-grid":"","liquid-split-blog":"","liquid-classic-full-blog":"","liquid-metro-blog":"","liquid-timeline-blog":"","liquid-carousel-blog":"","liquid-square-blog":"","liquid-candy-blog":"","liquid-category-blog":"","liquid-cover-post":"","liquid-default-post":"","liquid-cover-spaced":"","liquid-masonry-shortest":"","liquid-masonry-short":"","liquid-masonry-tall":"","liquid-masonry-taller":"","liquid-medium":"","liquid-large":"","liquid-thumbnail":"","liquid-masonry-header-small":"","liquid-masonry-header-big":"","liquid-thumbnail-post":"","liquid-small-blog":"","liquid-related-post":"","liquid-portfolio":"","liquid-portfolio-sq":"","liquid-portfolio-big-sq":"","liquid-portfolio-portrait":"","liquid-portfolio-wide":"","liquid-packery-wide":"","liquid-packery-portrait":"","liquid-grid-hover-overlay":"","liquid-grid-hover-classic":"","liquid-grid-hover-3d":"","liquid-grid-caption":"","liquid-large-slider":"","liquid-widget":"","liquid-portfolio-vertical-overlay":""},"post_excerpt_stackable":"<p>[vc_row content_placement=\u00bbmiddle\u00bb css=\u00bb.vc_custom_1608040933391{margin-top: 200px !important;}\u00bb][vc_column] EL ARTE ES NUESTRO FUTURO PARA CONSTRUIR UNA SOCIEDAD MEJOR [\/vc_column][\/vc_row][vc_row][vc_column][vc_media_grid style=\u00bbpagination\u00bb paging_design=\u00bbnone\u00bb item=\u00bbmediaGrid_ScaleWithRotation\u00bb grid_id=\u00bbvc_gid:1712760139537-44b07353a0eaef9b0b3dcb05a2c52b38-5&#8243; include=\u00bb12246,12252,12249,12255,12258,12261&#8243;][\/vc_column][\/vc_row][vc_section css=\u00bb.vc_custom_1608041100898{background-color: #7a25f9 !important;}\u00bb][vc_row][vc_column] [vc_column_text] Creemos en el poder del arte y su conexi\u00f3n con la ciencia y la tecnolog\u00eda. La innovaci\u00f3n no solo proviene de ecuaciones, matem\u00e1ticas o alguna f\u00f3rmula cient\u00edfica sino que proviene de un lugar humano. La innovaci\u00f3n en las ciencias siempre est\u00e1 vinculada de alguna manera, ya sea directa o indirectamente, a una experiencia humana. Y las experiencias humanas suceden a trav\u00e9s de la interacci\u00f3n con las artes y la creaci\u00f3n \u2013 tocar o escuchar m\u00fasica,&hellip;<\/p>\n","category_list":"","author_info":{"name":"vitor","url":"https:\/\/www.immensiva.com\/es\/author\/vitor\/"},"comments_num":"0 comentarios","yoast_head":"<!-- This site is optimized with the Yoast SEO plugin v22.5 - https:\/\/yoast.com\/wordpress\/plugins\/seo\/ -->\n<title>Proyectos de Innovaci\u00f3n IMMENSIVA: Impulsando la Creatividad<\/title>\n<meta name=\"description\" content=\"Explora los proyectos desarrollados por IMMENSIVA, donde creatividad y tecnolog\u00eda se unen para inspirar y transformar el arte digital.\" \/>\n<meta name=\"robots\" content=\"index, follow, max-snippet:-1, max-image-preview:large, max-video-preview:-1\" \/>\n<link rel=\"canonical\" href=\"https:\/\/www.immensiva.com\/es\/projects-innovation\/\" \/>\n<meta property=\"og:locale\" content=\"es_ES\" \/>\n<meta property=\"og:type\" content=\"article\" \/>\n<meta property=\"og:title\" content=\"Proyectos de Innovaci\u00f3n IMMENSIVA: Impulsando la Creatividad\" \/>\n<meta property=\"og:description\" content=\"Explora los proyectos desarrollados por IMMENSIVA, donde creatividad y tecnolog\u00eda se unen para inspirar y transformar el arte digital.\" \/>\n<meta property=\"og:url\" content=\"https:\/\/www.immensiva.com\/es\/projects-innovation\/\" \/>\n<meta property=\"og:site_name\" content=\"IMMENSIVA\" \/>\n<meta property=\"article:modified_time\" content=\"2024-04-13T12:44:32+00:00\" \/>\n<meta name=\"twitter:card\" content=\"summary_large_image\" \/>\n<meta name=\"twitter:label1\" content=\"Tiempo de lectura\" \/>\n\t<meta name=\"twitter:data1\" content=\"2 minutos\" \/>\n<script type=\"application\/ld+json\" class=\"yoast-schema-graph\">{\"@context\":\"https:\/\/schema.org\",\"@graph\":[{\"@type\":\"WebPage\",\"@id\":\"https:\/\/www.immensiva.com\/es\/projects-innovation\/\",\"url\":\"https:\/\/www.immensiva.com\/es\/projects-innovation\/\",\"name\":\"Proyectos de Innovaci\u00f3n IMMENSIVA: Impulsando la Creatividad\",\"isPartOf\":{\"@id\":\"https:\/\/www.immensiva.com\/#website\"},\"datePublished\":\"2020-12-14T20:29:38+00:00\",\"dateModified\":\"2024-04-13T12:44:32+00:00\",\"description\":\"Explora los proyectos desarrollados por IMMENSIVA, donde creatividad y tecnolog\u00eda se unen para inspirar y transformar el arte digital.\",\"breadcrumb\":{\"@id\":\"https:\/\/www.immensiva.com\/es\/projects-innovation\/#breadcrumb\"},\"inLanguage\":\"es\",\"potentialAction\":[{\"@type\":\"ReadAction\",\"target\":[\"https:\/\/www.immensiva.com\/es\/projects-innovation\/\"]}]},{\"@type\":\"BreadcrumbList\",\"@id\":\"https:\/\/www.immensiva.com\/es\/projects-innovation\/#breadcrumb\",\"itemListElement\":[{\"@type\":\"ListItem\",\"position\":1,\"name\":\"Home\",\"item\":\"https:\/\/www.immensiva.com\/es\/\"},{\"@type\":\"ListItem\",\"position\":2,\"name\":\"PROYECTOS E INNOVACI\u00d3N\"}]},{\"@type\":\"WebSite\",\"@id\":\"https:\/\/www.immensiva.com\/#website\",\"url\":\"https:\/\/www.immensiva.com\/\",\"name\":\"IMMENSIVA\",\"description\":\"Focusing on VR, AR, XR art &amp; AI art\",\"potentialAction\":[{\"@type\":\"SearchAction\",\"target\":{\"@type\":\"EntryPoint\",\"urlTemplate\":\"https:\/\/www.immensiva.com\/?s={search_term_string}\"},\"query-input\":\"required name=search_term_string\"}],\"inLanguage\":\"es\"}]}<\/script>\n<!-- \/ Yoast SEO plugin. -->","yoast_head_json":{"title":"Proyectos de Innovaci\u00f3n IMMENSIVA: Impulsando la Creatividad","description":"Explora los proyectos desarrollados por IMMENSIVA, donde creatividad y tecnolog\u00eda se unen para inspirar y transformar el arte digital.","robots":{"index":"index","follow":"follow","max-snippet":"max-snippet:-1","max-image-preview":"max-image-preview:large","max-video-preview":"max-video-preview:-1"},"canonical":"https:\/\/www.immensiva.com\/es\/projects-innovation\/","og_locale":"es_ES","og_type":"article","og_title":"Proyectos de Innovaci\u00f3n IMMENSIVA: Impulsando la Creatividad","og_description":"Explora los proyectos desarrollados por IMMENSIVA, donde creatividad y tecnolog\u00eda se unen para inspirar y transformar el arte digital.","og_url":"https:\/\/www.immensiva.com\/es\/projects-innovation\/","og_site_name":"IMMENSIVA","article_modified_time":"2024-04-13T12:44:32+00:00","twitter_card":"summary_large_image","twitter_misc":{"Tiempo de lectura":"2 minutos"},"schema":{"@context":"https:\/\/schema.org","@graph":[{"@type":"WebPage","@id":"https:\/\/www.immensiva.com\/es\/projects-innovation\/","url":"https:\/\/www.immensiva.com\/es\/projects-innovation\/","name":"Proyectos de Innovaci\u00f3n IMMENSIVA: Impulsando la Creatividad","isPartOf":{"@id":"https:\/\/www.immensiva.com\/#website"},"datePublished":"2020-12-14T20:29:38+00:00","dateModified":"2024-04-13T12:44:32+00:00","description":"Explora los proyectos desarrollados por IMMENSIVA, donde creatividad y tecnolog\u00eda se unen para inspirar y transformar el arte digital.","breadcrumb":{"@id":"https:\/\/www.immensiva.com\/es\/projects-innovation\/#breadcrumb"},"inLanguage":"es","potentialAction":[{"@type":"ReadAction","target":["https:\/\/www.immensiva.com\/es\/projects-innovation\/"]}]},{"@type":"BreadcrumbList","@id":"https:\/\/www.immensiva.com\/es\/projects-innovation\/#breadcrumb","itemListElement":[{"@type":"ListItem","position":1,"name":"Home","item":"https:\/\/www.immensiva.com\/es\/"},{"@type":"ListItem","position":2,"name":"PROYECTOS E INNOVACI\u00d3N"}]},{"@type":"WebSite","@id":"https:\/\/www.immensiva.com\/#website","url":"https:\/\/www.immensiva.com\/","name":"IMMENSIVA","description":"Focusing on VR, AR, XR art &amp; AI art","potentialAction":[{"@type":"SearchAction","target":{"@type":"EntryPoint","urlTemplate":"https:\/\/www.immensiva.com\/?s={search_term_string}"},"query-input":"required name=search_term_string"}],"inLanguage":"es"}]}},"_links":{"self":[{"href":"https:\/\/www.immensiva.com\/es\/wp-json\/wp\/v2\/pages\/9301"}],"collection":[{"href":"https:\/\/www.immensiva.com\/es\/wp-json\/wp\/v2\/pages"}],"about":[{"href":"https:\/\/www.immensiva.com\/es\/wp-json\/wp\/v2\/types\/page"}],"author":[{"embeddable":true,"href":"https:\/\/www.immensiva.com\/es\/wp-json\/wp\/v2\/users\/2"}],"replies":[{"embeddable":true,"href":"https:\/\/www.immensiva.com\/es\/wp-json\/wp\/v2\/comments?post=9301"}],"version-history":[{"count":8,"href":"https:\/\/www.immensiva.com\/es\/wp-json\/wp\/v2\/pages\/9301\/revisions"}],"predecessor-version":[{"id":12623,"href":"https:\/\/www.immensiva.com\/es\/wp-json\/wp\/v2\/pages\/9301\/revisions\/12623"}],"wp:attachment":[{"href":"https:\/\/www.immensiva.com\/es\/wp-json\/wp\/v2\/media?parent=9301"}],"curies":[{"name":"wp","href":"https:\/\/api.w.org\/{rel}","templated":true}]}}