{"id":9314,"date":"2020-12-14T21:30:58","date_gmt":"2020-12-14T20:30:58","guid":{"rendered":"https:\/\/www.immensiva.com\/eu-projects\/"},"modified":"2024-04-12T12:21:22","modified_gmt":"2024-04-12T10:21:22","slug":"eu-projects","status":"publish","type":"page","link":"https:\/\/www.immensiva.com\/es\/eu-projects\/","title":{"rendered":"EU PROJECTS"},"content":{"rendered":"<div class=\"wpb-content-wrapper\"><p>[vc_row css=\u00bb.vc_custom_1608035285224{margin-top: 200px !important;}\u00bb][vc_column align=\u00bbtext-center\u00bb]<style>.ld_fancy_heading_6a093b90add5f .lqd-highlight-inner{height:0.275em;bottom:0px;}<\/style><div class=\"ld-fancy-heading ld_fancy_heading_6a093b90add5f\">\n\t<h1 class=\"lqd-highlight-underline lqd-highlight-grow-left\" ><span class=\"ld-fh-txt\"> <\/p>\n<h3 style=\"text-align: center\"><strong>EU PROJECTS<\/strong><\/h3>\n<p><\/span><\/h1><\/div><style>.ld_spacer_6a093b90b2a89{height:30px;}<\/style>\n<div class=\"ld-empty-space ld_spacer_6a093b90b2a89\"><span class=\"liquid_empty_space_inner\"><\/span><\/div>[vc_column_text]Espronceda, Instituto de Arte y Cultura, apoyado por Lemongrass, son socios en los siguientes proyectos europeos[\/vc_column_text]<style>.ld_spacer_6a093b90b2b44{height:20px;}<\/style>\n<div class=\"ld-empty-space ld_spacer_6a093b90b2b44\"><span class=\"liquid_empty_space_inner\"><\/span><\/div>[\/vc_column][\/vc_row][vc_section][vc_row][vc_column width=\u00bb1\/4&#8243;]<style>.ld_spacer_6a093b90b2bdf{height:30px;}<\/style>\n<div class=\"ld-empty-space ld_spacer_6a093b90b2bdf\"><span class=\"liquid_empty_space_inner\"><\/span><\/div>[vc_column_text]<span style=\"color: #000000; font-size: 24px;\"><strong>MINDSPACES<\/strong><\/span>[\/vc_column_text]<style>.ld_spacer_6a093b90b2c71{height:50px;}<\/style>\n<div class=\"ld-empty-space ld_spacer_6a093b90b2c71\"><span class=\"liquid_empty_space_inner\"><\/span><\/div>[\/vc_column][vc_column width=\u00bb3\/4&#8243;]<style>.ld_spacer_6a093b90b2d00{height:30px;}<\/style>\n<div class=\"ld-empty-space ld_spacer_6a093b90b2d00\"><span class=\"liquid_empty_space_inner\"><\/span><\/div>[vc_column_text]<strong>EU CALL<br \/>\n<\/strong>Programa Horizon 2020 en el marco de la iniciativa STARTS (Ciencia, Tecnolog\u00eda y Artes)<\/p>\n<p><strong>CRONOLOG\u00cdA<br \/>\n<\/strong>2019 \u2013 2021<\/p>\n<p><strong>DESCRIPCI\u00d3N<br \/>\n<\/strong>Los pilotos del faro de STARTS explorar\u00e1n soluciones inspiradas en el arte para los desaf\u00edos industriales \/ sociales en dos \u00e1reas elegidas. Los pilotos involucrar\u00e1n a la industria, la tecnolog\u00eda, los usuarios finales y los artistas en una amplia exploraci\u00f3n art\u00edstica de tecnolog\u00edas con el objetivo de crear productos, procesos y servicios novedosos que respondan mejor a las necesidades humanas. El valor agregado de las pr\u00e1cticas art\u00edsticas para realizar soluciones inesperadas a trav\u00e9s de la exploraci\u00f3n art\u00edstica debe plantearse claramente en los dos pilotos del faro. MindSpaces es un esfuerzo multidisciplinario, que integra las artes, la neurociencia, la arquitectura, el modelado 3D, visual, texto, EEG, an\u00e1lisis de detecci\u00f3n fisiol\u00f3gica, AR \/ VR y una amplia gama de usuarios finales, desde habitantes de la ciudad hasta turistas, ancianos que viven de forma independiente. Su objetivo, mejorar el dise\u00f1o de los espacios p\u00fablicos al aire libre, el trabajo en interiores y los interiores de las casas a trav\u00e9s de un dise\u00f1o participativo que implica mediciones multisensoriales de las respuestas del usuario final, integrar\u00e1 inherentemente estas m\u00faltiples disciplinas hacia un objetivo com\u00fan. Las instalaciones art\u00edsticas AR \/ VR, las herramientas de dise\u00f1o y las metodolog\u00edas resultantes permitir\u00e1n desarrollos futuros dentro de este ecosistema a trav\u00e9s de su uso. MindSpaces tiene como objetivo hacer florecer el ecosistema STARTS mediante el desarrollo de un paradigma novedoso de cooperaci\u00f3n entre artistas, tecnolog\u00eda, investigaci\u00f3n, socios industriales y de usuarios, y un modelo de trabajo com\u00fan (SIO1), que permitir\u00e1 el inicio de proyectos de naturaleza similar en el marco de STARTS en evoluci\u00f3n ecosistema.<\/p>\n<p><strong>SOCIOS<\/strong><br \/>\nCentre for Research and Technology, Hellas, CERTH (GR), University of Maastricht (NL), Universitat Pompeu<br \/>\nFabra (ES), Aristotle University of Thessaloniki (GR), McNeel Europe SL (ES), Up2Metric (GR), Nurogames<br \/>\n(DE), Zaha Hadid Architects (UK), Maurice Benayoun (FR), Analog Native (DE), ESPRONCEDA, Institute of Art<br \/>\nand Culture (ES), e-Seniors (FR), City de l\u2019Hospitalet (ES), City of Hong Kong (HK).<\/p>\n<p><strong>SITIO WEB<\/strong><br \/>\n<a href=\"https:\/\/mindspaces.eu\/\">https:\/\/mindspaces.eu\/<\/a>[\/vc_column_text][\/vc_column][\/vc_row][vc_row][vc_column]<style>.ld_spacer_6a093b90b2d8c{height:50px;}<\/style>\n<div class=\"ld-empty-space ld_spacer_6a093b90b2d8c\"><span class=\"liquid_empty_space_inner\"><\/span><\/div>[\/vc_column][\/vc_row][\/vc_section][vc_section css=\u00bb.vc_custom_1608034682481{background-color: #7a25f9 !important;}\u00bb][vc_row][vc_column]<style>.ld_spacer_6a093b90b2e1c{height:50px;}<\/style>\n<div class=\"ld-empty-space ld_spacer_6a093b90b2e1c\"><span class=\"liquid_empty_space_inner\"><\/span><\/div>[vc_single_image image=\u00bb12289&#8243; img_size=\u00bbmedium\u00bb][\/vc_column][\/vc_row][vc_row][vc_column width=\u00bb1\/4&#8243;][vc_column_text]<span style=\"font-size: 24px; color: #ffffff;\"><strong>AI4FUTURE<\/strong><\/span>[\/vc_column_text][\/vc_column][vc_column width=\u00bb3\/4&#8243;][vc_column_text]<span style=\"color: #ffffff;\"><strong>EU CALL<br \/>\n<\/strong><span style=\"font-weight: 400;\">Creative Europe MEDIA program<\/span><\/span><\/p>\n<p><span style=\"color: #ffffff;\"><strong>CRONOLOG\u00cdA<br \/>\n<\/strong><span style=\"font-weight: 400;\">Artificial Intelligence for Future (2021 \u2013 2022)<\/span><\/span><\/p>\n<p><span style=\"color: #ffffff;\"><strong>DESCRIPCI\u00d3N<br \/>\n<\/strong>AI4Future es un proyecto de Europa Creativa que involucra a tres pa\u00edses europeos diferentes: Italia, Espa\u00f1a y Holanda. Su objetivo es mejorar la comprensi\u00f3n y la difusi\u00f3n de A.I. tecnolog\u00edas relacionadas para la participaci\u00f3n activa y creativa de j\u00f3venes activistas en la escena cultural europea, permiti\u00e9ndoles trabajar con artistas para la creaci\u00f3n conjunta de una nueva conciencia comunitaria urbana. El A.I. El enfoque permite el acceso y la interpretaci\u00f3n de datos para comprender mejor c\u00f3mo funcionan estas nuevas tecnolog\u00edas y descubrir nuevos aspectos de los mecanismos sociales comunitarios.<\/span><\/p>\n<p><span style=\"color: #ffffff;\">Las nuevas generaciones tendr\u00e1n un papel fundamental en este cambio a medida que vayan madurando y creciendo en el avance de la revoluci\u00f3n tecnol\u00f3gica. El tema principal de colaboraci\u00f3n entre j\u00f3venes activistas y artistas ser\u00e1 la \u201cmovilidad\u201d, considerada en diferentes significados y diferentes interpretaciones desarrolladas gracias al di\u00e1logo entre los socios. Los significados de movilidad que surgieron son: movilidad mental, fatiga pand\u00e9mica; movilidad social, econ\u00f3mica y pol\u00edtica; movilidad virtual e interactiva, en la que A.I. no es solo una herramienta. J\u00f3venes activistas, artistas y legisladores tendr\u00e1n la oportunidad de lidiar con reuniones internacionales, talleres y residencias de artistas.<\/span><\/p>\n<p><span style=\"color: #ffffff;\"><span style=\"font-weight: 400;\">.<\/span><\/span><\/p>\n<p><span style=\"color: #ffffff;\"><strong>SOCIOS<br \/>\n<\/strong><a style=\"color: #ffffff;\" href=\"https:\/\/www.sineglossa.it\/\"><span style=\"font-weight: 400;\">Sineglossa<\/span><\/a><span style=\"font-weight: 400;\"> Ancona (ITA), <\/span><a style=\"color: #ffffff;\" href=\"https:\/\/www.espronceda.net\/\"><span style=\"font-weight: 400;\">Espronceda<\/span><\/a><span style=\"font-weight: 400;\"> Institute of Art &amp; Culture, Barcelona (SPA), <\/span><a style=\"color: #ffffff;\" href=\"https:\/\/v2.nl\/\"><span style=\"font-weight: 400;\">V2_ Lab for the Unstable Media<\/span><\/a><span style=\"font-weight: 400;\"> Rotterdam (NL), <\/span><a style=\"color: #ffffff;\" href=\"https:\/\/www.meetcenter.it\/\"><span style=\"font-weight: 400;\">MEET Digital Culture Center<\/span><\/a><span style=\"font-weight: 400;\"> Milan (ITA)<\/span><\/span><\/p>\n<p><span style=\"color: #ffffff;\"><strong>SITIO WEB<\/strong><\/span><br \/>\n<span style=\"color: #ffffff;\"><a style=\"color: #ffffff;\" href=\"http:\/\/ai4future.eu\/\">http:\/\/ai4future.eu\/<\/a><\/span>[\/vc_column_text]<style>.ld_spacer_6a093b90b2ea7{height:50px;}<\/style>\n<div class=\"ld-empty-space ld_spacer_6a093b90b2ea7\"><span class=\"liquid_empty_space_inner\"><\/span><\/div>[\/vc_column][\/vc_row][\/vc_section][vc_row][vc_column width=\u00bb1\/4&#8243;]<style>.ld_spacer_6a093b90b2f31{height:50px;}<\/style>\n<div class=\"ld-empty-space ld_spacer_6a093b90b2f31\"><span class=\"liquid_empty_space_inner\"><\/span><\/div>[vc_column_text]<span style=\"font-size: 24px;\"><strong>REAL-IN<\/strong><\/span>[\/vc_column_text][\/vc_column][vc_column width=\u00bb3\/4&#8243;]<style>.ld_spacer_6a093b90b2fc5{height:50px;}<\/style>\n<div class=\"ld-empty-space ld_spacer_6a093b90b2fc5\"><span class=\"liquid_empty_space_inner\"><\/span><\/div>[vc_column_text]<strong>EU CALL<br \/>\n<\/strong>Creative Europe<\/p>\n<p><strong>CRONOLOG\u00cdA<br \/>\n<\/strong>2021 \u2013 2022<\/p>\n<p><strong>DESCRIPCI\u00d3N<\/strong><br \/>\nREAL-IN tiene como objetivo EXPLORAR la encrucijada de los sectores culturales, audiovisuales y creativos para propuestas inmersivas e interactivas, explotando tecnolog\u00edas de escaneo 3D combinadas con configuraciones XR. Construiremos un \u00c1REA DE JUEGOS para crear prototipos de escenarios colectivos para impulsar nuevos enfoques participativos y experiencias de usuario innovadoras para las industrias creativas y culturales y sus audiencias. REAL-IN activar\u00e1 sinergias multidisciplinares en un proceso de co-creaci\u00f3n entre creativos, codificadores, industrias creativas, con el resultado de ROMPER SILOS entre sectores creativos.<\/p>\n<p><strong>SOCIOS<\/strong><br \/>\nREAL-IN es una alianza formada por 2 importantes festivales de la UE (La Manufacture \/ artes esc\u00e9nicas en Avi\u00f1\u00f3n, VRHAM! \/ Artes visuales y dise\u00f1o interactivo en Hamburgo), 2 instituciones culturales innovadoras en 2 ciudades europeas importantes y eventos clasificados mundialmente en industrias creativas ( MEET Digital Culture Center en Mil\u00e1n, Espronceda, Instituto de Arte y Cultura, en Barcelona), y una premiada empresa de tecnolog\u00eda audiovisual Black Euphoria ubicada en uno de los principales hubs audiovisuales europeos en Marsella.<\/p>\n<p><strong>SITIO WEB<\/strong><br \/>\n<a href=\"http:\/\/real-in.eu\/\">http:\/\/real-in.eu\/<\/a>[\/vc_column_text][\/vc_column][\/vc_row][vc_row][vc_column]<style>.ld_spacer_6a093b90b3041{height:100px;}<\/style>\n<div class=\"ld-empty-space ld_spacer_6a093b90b3041\"><span class=\"liquid_empty_space_inner\"><\/span><\/div>[\/vc_column][\/vc_row]<\/p>\n<\/div>","protected":false},"excerpt":{"rendered":"<p>[vc_row css=\u00bb.vc_custom_1608035285224{margin-top: 200px !important;}\u00bb][vc_column align=\u00bbtext-center\u00bb][vc_column_text]Espronceda, Instituto de Arte y Cultura, apoyado por Lemongrass, son socios&#8230;<\/p>\n","protected":false},"author":2,"featured_media":0,"parent":0,"menu_order":0,"comment_status":"closed","ping_status":"closed","template":"","meta":{"footnotes":""},"featured_image_urls":{"full":"","thumbnail":"","medium":"","medium_large":"","large":"","1536x1536":"","2048x2048":"","awb_sm":"","awb_md":"","awb_lg":"","awb_xl":"","liquid-default-blog":"","liquid-standard-blog":"","liquid-featured-blog":"","liquid-rounded-blog":"","liquid-classic-meta-blog":"","liquid-classic-2-blog":"","liquid-grid":"","liquid-split-blog":"","liquid-classic-full-blog":"","liquid-metro-blog":"","liquid-timeline-blog":"","liquid-carousel-blog":"","liquid-square-blog":"","liquid-candy-blog":"","liquid-category-blog":"","liquid-cover-post":"","liquid-default-post":"","liquid-cover-spaced":"","liquid-masonry-shortest":"","liquid-masonry-short":"","liquid-masonry-tall":"","liquid-masonry-taller":"","liquid-medium":"","liquid-large":"","liquid-thumbnail":"","liquid-masonry-header-small":"","liquid-masonry-header-big":"","liquid-thumbnail-post":"","liquid-small-blog":"","liquid-related-post":"","liquid-portfolio":"","liquid-portfolio-sq":"","liquid-portfolio-big-sq":"","liquid-portfolio-portrait":"","liquid-portfolio-wide":"","liquid-packery-wide":"","liquid-packery-portrait":"","liquid-grid-hover-overlay":"","liquid-grid-hover-classic":"","liquid-grid-hover-3d":"","liquid-grid-caption":"","liquid-large-slider":"","liquid-widget":"","liquid-portfolio-vertical-overlay":""},"post_excerpt_stackable":"<p>[vc_row css=\u00bb.vc_custom_1608035285224{margin-top: 200px !important;}\u00bb][vc_column align=\u00bbtext-center\u00bb] EU PROJECTS [vc_column_text]Espronceda, Instituto de Arte y Cultura, apoyado por Lemongrass, son socios en los siguientes proyectos europeos[\/vc_column_text] [\/vc_column][\/vc_row][vc_section][vc_row][vc_column width=\u00bb1\/4&#8243;] [vc_column_text]MINDSPACES[\/vc_column_text] [\/vc_column][vc_column width=\u00bb3\/4&#8243;] [vc_column_text]EU CALL Programa Horizon 2020 en el marco de la iniciativa STARTS (Ciencia, Tecnolog\u00eda y Artes) CRONOLOG\u00cdA 2019 \u2013 2021 DESCRIPCI\u00d3N Los pilotos del faro de STARTS explorar\u00e1n soluciones inspiradas en el arte para los desaf\u00edos industriales \/ sociales en dos \u00e1reas elegidas. Los pilotos involucrar\u00e1n a la industria, la tecnolog\u00eda, los usuarios finales y los artistas en una amplia exploraci\u00f3n art\u00edstica de tecnolog\u00edas con el objetivo de crear productos, procesos y&hellip;<\/p>\n","category_list":"","author_info":{"name":"vitor","url":"https:\/\/www.immensiva.com\/es\/author\/vitor\/"},"comments_num":"0 comentarios","yoast_head":"<!-- This site is optimized with the Yoast SEO plugin v22.5 - https:\/\/yoast.com\/wordpress\/plugins\/seo\/ -->\n<title>Proyectos de la UE en IMMENSIVA: Arte y Tecnolog\u00eda<\/title>\n<meta name=\"description\" content=\"Explora proyectos de la UE en IMMENSIVA, donde arte y tecnolog\u00eda avanzada se fusionan en experiencias inmersivas innovadoras.\" \/>\n<meta name=\"robots\" content=\"index, follow, max-snippet:-1, max-image-preview:large, max-video-preview:-1\" \/>\n<link rel=\"canonical\" href=\"https:\/\/www.immensiva.com\/es\/eu-projects\/\" \/>\n<meta property=\"og:locale\" content=\"es_ES\" \/>\n<meta property=\"og:type\" content=\"article\" \/>\n<meta property=\"og:title\" content=\"Proyectos de la UE en IMMENSIVA: Arte y Tecnolog\u00eda\" \/>\n<meta property=\"og:description\" content=\"Explora proyectos de la UE en IMMENSIVA, donde arte y tecnolog\u00eda avanzada se fusionan en experiencias inmersivas innovadoras.\" \/>\n<meta property=\"og:url\" content=\"https:\/\/www.immensiva.com\/es\/eu-projects\/\" \/>\n<meta property=\"og:site_name\" content=\"IMMENSIVA\" \/>\n<meta property=\"article:modified_time\" content=\"2024-04-12T10:21:22+00:00\" \/>\n<meta name=\"twitter:card\" content=\"summary_large_image\" \/>\n<meta name=\"twitter:label1\" content=\"Tiempo de lectura\" \/>\n\t<meta name=\"twitter:data1\" content=\"4 minutos\" \/>\n<script type=\"application\/ld+json\" class=\"yoast-schema-graph\">{\"@context\":\"https:\/\/schema.org\",\"@graph\":[{\"@type\":\"WebPage\",\"@id\":\"https:\/\/www.immensiva.com\/es\/eu-projects\/\",\"url\":\"https:\/\/www.immensiva.com\/es\/eu-projects\/\",\"name\":\"Proyectos de la UE en IMMENSIVA: Arte y Tecnolog\u00eda\",\"isPartOf\":{\"@id\":\"https:\/\/www.immensiva.com\/#website\"},\"datePublished\":\"2020-12-14T20:30:58+00:00\",\"dateModified\":\"2024-04-12T10:21:22+00:00\",\"description\":\"Explora proyectos de la UE en IMMENSIVA, donde arte y tecnolog\u00eda avanzada se fusionan en experiencias inmersivas innovadoras.\",\"breadcrumb\":{\"@id\":\"https:\/\/www.immensiva.com\/es\/eu-projects\/#breadcrumb\"},\"inLanguage\":\"es\",\"potentialAction\":[{\"@type\":\"ReadAction\",\"target\":[\"https:\/\/www.immensiva.com\/es\/eu-projects\/\"]}]},{\"@type\":\"BreadcrumbList\",\"@id\":\"https:\/\/www.immensiva.com\/es\/eu-projects\/#breadcrumb\",\"itemListElement\":[{\"@type\":\"ListItem\",\"position\":1,\"name\":\"Home\",\"item\":\"https:\/\/www.immensiva.com\/es\/\"},{\"@type\":\"ListItem\",\"position\":2,\"name\":\"EU PROJECTS\"}]},{\"@type\":\"WebSite\",\"@id\":\"https:\/\/www.immensiva.com\/#website\",\"url\":\"https:\/\/www.immensiva.com\/\",\"name\":\"IMMENSIVA\",\"description\":\"Focusing on VR, AR, XR art &amp; AI art\",\"potentialAction\":[{\"@type\":\"SearchAction\",\"target\":{\"@type\":\"EntryPoint\",\"urlTemplate\":\"https:\/\/www.immensiva.com\/?s={search_term_string}\"},\"query-input\":\"required name=search_term_string\"}],\"inLanguage\":\"es\"}]}<\/script>\n<!-- \/ Yoast SEO plugin. -->","yoast_head_json":{"title":"Proyectos de la UE en IMMENSIVA: Arte y Tecnolog\u00eda","description":"Explora proyectos de la UE en IMMENSIVA, donde arte y tecnolog\u00eda avanzada se fusionan en experiencias inmersivas innovadoras.","robots":{"index":"index","follow":"follow","max-snippet":"max-snippet:-1","max-image-preview":"max-image-preview:large","max-video-preview":"max-video-preview:-1"},"canonical":"https:\/\/www.immensiva.com\/es\/eu-projects\/","og_locale":"es_ES","og_type":"article","og_title":"Proyectos de la UE en IMMENSIVA: Arte y Tecnolog\u00eda","og_description":"Explora proyectos de la UE en IMMENSIVA, donde arte y tecnolog\u00eda avanzada se fusionan en experiencias inmersivas innovadoras.","og_url":"https:\/\/www.immensiva.com\/es\/eu-projects\/","og_site_name":"IMMENSIVA","article_modified_time":"2024-04-12T10:21:22+00:00","twitter_card":"summary_large_image","twitter_misc":{"Tiempo de lectura":"4 minutos"},"schema":{"@context":"https:\/\/schema.org","@graph":[{"@type":"WebPage","@id":"https:\/\/www.immensiva.com\/es\/eu-projects\/","url":"https:\/\/www.immensiva.com\/es\/eu-projects\/","name":"Proyectos de la UE en IMMENSIVA: Arte y Tecnolog\u00eda","isPartOf":{"@id":"https:\/\/www.immensiva.com\/#website"},"datePublished":"2020-12-14T20:30:58+00:00","dateModified":"2024-04-12T10:21:22+00:00","description":"Explora proyectos de la UE en IMMENSIVA, donde arte y tecnolog\u00eda avanzada se fusionan en experiencias inmersivas innovadoras.","breadcrumb":{"@id":"https:\/\/www.immensiva.com\/es\/eu-projects\/#breadcrumb"},"inLanguage":"es","potentialAction":[{"@type":"ReadAction","target":["https:\/\/www.immensiva.com\/es\/eu-projects\/"]}]},{"@type":"BreadcrumbList","@id":"https:\/\/www.immensiva.com\/es\/eu-projects\/#breadcrumb","itemListElement":[{"@type":"ListItem","position":1,"name":"Home","item":"https:\/\/www.immensiva.com\/es\/"},{"@type":"ListItem","position":2,"name":"EU PROJECTS"}]},{"@type":"WebSite","@id":"https:\/\/www.immensiva.com\/#website","url":"https:\/\/www.immensiva.com\/","name":"IMMENSIVA","description":"Focusing on VR, AR, XR art &amp; AI art","potentialAction":[{"@type":"SearchAction","target":{"@type":"EntryPoint","urlTemplate":"https:\/\/www.immensiva.com\/?s={search_term_string}"},"query-input":"required name=search_term_string"}],"inLanguage":"es"}]}},"_links":{"self":[{"href":"https:\/\/www.immensiva.com\/es\/wp-json\/wp\/v2\/pages\/9314"}],"collection":[{"href":"https:\/\/www.immensiva.com\/es\/wp-json\/wp\/v2\/pages"}],"about":[{"href":"https:\/\/www.immensiva.com\/es\/wp-json\/wp\/v2\/types\/page"}],"author":[{"embeddable":true,"href":"https:\/\/www.immensiva.com\/es\/wp-json\/wp\/v2\/users\/2"}],"replies":[{"embeddable":true,"href":"https:\/\/www.immensiva.com\/es\/wp-json\/wp\/v2\/comments?post=9314"}],"version-history":[{"count":39,"href":"https:\/\/www.immensiva.com\/es\/wp-json\/wp\/v2\/pages\/9314\/revisions"}],"predecessor-version":[{"id":12532,"href":"https:\/\/www.immensiva.com\/es\/wp-json\/wp\/v2\/pages\/9314\/revisions\/12532"}],"wp:attachment":[{"href":"https:\/\/www.immensiva.com\/es\/wp-json\/wp\/v2\/media?parent=9314"}],"curies":[{"name":"wp","href":"https:\/\/api.w.org\/{rel}","templated":true}]}}