{"id":9711,"date":"2021-04-09T18:52:18","date_gmt":"2021-04-09T16:52:18","guid":{"rendered":"https:\/\/www.immensiva.com\/9658-2\/"},"modified":"2024-04-15T09:35:52","modified_gmt":"2024-04-15T07:35:52","slug":"stargazer","status":"publish","type":"page","link":"https:\/\/www.immensiva.com\/es\/stargazer\/","title":{"rendered":"STARGAZER"},"content":{"rendered":"<div class=\"wpb-content-wrapper\"><p>[vc_row][vc_column]<style>.ld_spacer_6a093b5bcee8a{height:200px;}<\/style>\n<div class=\"ld-empty-space ld_spacer_6a093b5bcee8a\"><span class=\"liquid_empty_space_inner\"><\/span><\/div><style>.ld_fancy_heading_6a093b5bcefb0 .lqd-highlight-inner{height:0.275em;bottom:0px;}<\/style><div class=\"ld-fancy-heading text-center ld_fancy_heading_6a093b5bcefb0\">\n\t<h1 class=\"lqd-highlight-underline lqd-highlight-grow-left\" ><span class=\"ld-fh-txt\"> <\/p>\n<p style=\"text-align: center\"><strong>STARGAZER<\/strong><\/p>\n<p><\/span><\/h1><\/div>[vc_single_image image=\u00bb12397&#8243; img_size=\u00bbmedium\u00bb alignment=\u00bbcenter\u00bb]<style>.ld_spacer_6a093b5bd17c1{height:32px;}<\/style>\n<div class=\"ld-empty-space ld_spacer_6a093b5bd17c1\"><span class=\"liquid_empty_space_inner\"><\/span><\/div><style>.ld_spacer_6a093b5bd1877{height:32px;}<\/style>\n<div class=\"ld-empty-space ld_spacer_6a093b5bd1877\"><span class=\"liquid_empty_space_inner\"><\/span><\/div>[vc_column_text]<\/p>\n<p style=\"text-align: left;\">\u201cStargazer\u201d es una instalaci\u00f3n h\u00edbrida profundamente participativa, que consta de dos partes complementarias y conectadas: un misterioso mundo de realidad virtual accesible globalmente en Mozilla Hubs y un sitio de proyecci\u00f3n esf\u00e9rica en Barcelona. Alienta a los asistentes a la exploraci\u00f3n espacial y a un compromiso profundo, a atravesar una frontera entre el mundo virtual y el f\u00edsico y conectarse con alguien del otro lado: los visitantes de Ars Electronica de todo el mundo pueden conocer e interactuar con la gente local en Barcelona visitando el espacio en Mozilla Hubs e interactuando con sus elementos, y viceversa, los habitantes de Barcelona pueden interactuar con una audiencia internacional visitando el sitio de proyecci\u00f3n del domo e interactuando con sus elementos.<\/p>\n<p style=\"text-align: left;\"><strong>Proyecto de:<\/strong><br \/>\nKris Pilcher<br \/>\nCenk Gunzelis<br \/>\nJosecarlos Florez<br \/>\nQuadrature<br \/>\nMohsen Hazrati<br \/>\n<span style=\"font-size: 16px;\">Burkart Schwaighofer<br \/>\n<\/span><span style=\"font-size: 16px;\">Matthew Gantt<\/span><\/p>\n<p style=\"text-align: left;\"><strong>Comisariado por <\/strong>Santeri Suominen &amp; Alejandro Mart\u00ecn<\/p>\n<p>[\/vc_column_text]<style>.ld_spacer_6a093b5bd191d{height:100px;}<\/style>\n<div class=\"ld-empty-space ld_spacer_6a093b5bd191d\"><span class=\"liquid_empty_space_inner\"><\/span><\/div>[vc_video link=\u00bbhttps:\/\/www.youtube.com\/watch?v=ndld4Z85Urw\u00bb align=\u00bbcenter\u00bb]<style>.ld_spacer_6a093b5bd19a8{height:50px;}<\/style>\n<div class=\"ld-empty-space ld_spacer_6a093b5bd19a8\"><span class=\"liquid_empty_space_inner\"><\/span><\/div>[\/vc_column][\/vc_row][vc_row css=\u00bb.vc_custom_1618257832807{background-color: #5024e2 !important;}\u00bb][vc_column]<style>.ld_spacer_6a093b5bd1a2e{height:50px;}<\/style>\n<div class=\"ld-empty-space ld_spacer_6a093b5bd1a2e\"><span class=\"liquid_empty_space_inner\"><\/span><\/div><style>.ld_fancy_heading_6a093b5bd1afa .lqd-highlight-inner{height:0.275em;bottom:0px;}<\/style><div class=\"ld-fancy-heading text-center ld_fancy_heading_6a093b5bd1afa\">\n\t<h1 class=\"lqd-highlight-underline lqd-highlight-grow-left\" ><span class=\"ld-fh-txt\"> <\/p>\n<h1 style=\"text-align: center\"><span style=\"font-size: 16px;color: #ccffff\"><strong>STARGAZER Live Streaming Ars Electronica 2020<\/strong><\/span><\/h1>\n<p><\/span><\/h1><\/div><style>.ld_spacer_6a093b5bd37f0{height:20px;}<\/style>\n<div class=\"ld-empty-space ld_spacer_6a093b5bd37f0\"><span class=\"liquid_empty_space_inner\"><\/span><\/div><style>.ld_media_6a093b5bd38d1{margin-left:-10px;margin-right:-10px;}.ld_media_6a093b5bd38d1 > div{padding-left:10px;padding-right:10px;margin-bottom:20px;}.ld_media_6a093b5bd38d1 .ld-media-item-overlay{color:rgb(255, 255, 255);}.ld_media_6a093b5bd38d1 .ld-media-bg{background:rgba(0, 0, 0, 0.634);}<\/style><div id=\"ld_media_6a093b5bd38d1\" class=\"ld-media-row row d-flex ld_media_6a093b5bd38d1\" data-liquid-masonry=\"true\" data-custom-animations=\"true\" data-ca-options='{\"triggerHandler\":\"inview\",\"animationTarget\":\".ld-media-item\",\"duration\":700,\"delay\":100,\"easing\":\"easeOutQuint\",\"initValues\":{\"scale\":1},\"animations\":{\"scale\":1}}'>\n\t<div id=\"ld_media_element_6a093b5bd3a1c\" class=\"vc_col-sm-6 masonry-item text-center align-items-center ld_media_element_6a093b5bd3a1c\">\n\n\t<div class=\"ld-media-item contents-visible shadow-onhover\">\n\n\t\t<figure class=\"bg-center-top\" data-responsive-bg=\"true\"><img loading=\"lazy\" decoding=\"async\" width=\"1920\" height=\"1080\" src=\"data:image\/svg+xml;charset=utf-8,&lt;svg xmlns%3D&#039;http%3A%2F%2Fwww.w3.org%2F2000%2Fsvg&#039; viewBox%3D&#039;0 0 1920 1080&#039;%2F&gt;\" class=\"attachment-full size-full ld-lazyload\" alt=\"\" srcset=\"\" sizes=\"(max-width: 1920px) 100vw, 1920px\" data-src=\"https:\/\/www.immensiva.com\/wp-content\/uploads\/2021\/04\/Stargazer_BG.jpg\" data-srcset=\"https:\/\/www.immensiva.com\/wp-content\/uploads\/2021\/04\/Stargazer_BG.jpg 1920w, https:\/\/www.immensiva.com\/wp-content\/uploads\/2021\/04\/Stargazer_BG-300x169.jpg 300w, https:\/\/www.immensiva.com\/wp-content\/uploads\/2021\/04\/Stargazer_BG-1024x576.jpg 1024w\" data-aspect=\"1.7777777777778\" \/><\/figure>\t\t\n\t\t<div class=\"ld-media-item-overlay d-flex flex-column text-center align-items-center justify-content-center\">\n\n\t\t\t<div class=\"ld-media-bg\"><\/div>\n\n\t\t\t<div class=\"ld-media-content\">\n\t\t\t\t\t\t\t\t<span class=\"ld-media-icon icon-play solid size-lg\">\n\t\t\t\t\t\t\t<span class=\"ld-media-icon-inner\">\n\t\t\t\t\t\t\t\t<i class=\"fa fa-play\"><\/i>\n\t\t\t\t\t\t\t<\/span><!-- \/.ld-media-icon-inner -->\n\t\t\t\t\t\t<\/span><!-- \/.media-icon -->\t\t\t<\/div><!-- \/.ld-media-content -->\n\n\t\t<\/div><!-- \/.ld-media-item-overlay -->\n\n\t\t<a href=\"https:\/\/www.youtube.com\/watch?v=dTetdhaodoo\" class=\"liquid-overlay-link fresco\" data-fresco-group=\"ld-1539866554963-b5f22642-dcd4\"><\/a>\n\t<\/div><!-- \/.ld-media-item -->\n\n<\/div><!-- \/.col-md-3 -->\n<div id=\"ld_media_element_6a093b5bdab7d\" class=\"vc_col-sm-6 masonry-item text-center align-items-center ld_media_element_6a093b5bdab7d\">\n\n\t<div class=\"ld-media-item contents-visible shadow-onhover\">\n\n\t\t<figure class=\"bg-center-top\" data-responsive-bg=\"true\"><img loading=\"lazy\" decoding=\"async\" width=\"1920\" height=\"1080\" src=\"data:image\/svg+xml;charset=utf-8,&lt;svg xmlns%3D&#039;http%3A%2F%2Fwww.w3.org%2F2000%2Fsvg&#039; viewBox%3D&#039;0 0 1920 1080&#039;%2F&gt;\" class=\"attachment-full size-full ld-lazyload\" alt=\"\" srcset=\"\" sizes=\"(max-width: 1920px) 100vw, 1920px\" data-src=\"https:\/\/www.immensiva.com\/wp-content\/uploads\/2021\/04\/Stargazer_BG.jpg\" data-srcset=\"https:\/\/www.immensiva.com\/wp-content\/uploads\/2021\/04\/Stargazer_BG.jpg 1920w, https:\/\/www.immensiva.com\/wp-content\/uploads\/2021\/04\/Stargazer_BG-300x169.jpg 300w, https:\/\/www.immensiva.com\/wp-content\/uploads\/2021\/04\/Stargazer_BG-1024x576.jpg 1024w\" data-aspect=\"1.7777777777778\" \/><\/figure>\t\t\n\t\t<div class=\"ld-media-item-overlay d-flex flex-column text-center align-items-center justify-content-center\">\n\n\t\t\t<div class=\"ld-media-bg\"><\/div>\n\n\t\t\t<div class=\"ld-media-content\">\n\t\t\t\t\t\t\t\t<span class=\"ld-media-icon icon-play bordered\">\n\t\t\t\t\t\t\t<span class=\"ld-media-icon-inner\">\n\t\t\t\t\t\t\t\t<i class=\"fa fa-play\"><\/i>\n\t\t\t\t\t\t\t<\/span><!-- \/.ld-media-icon-inner -->\n\t\t\t\t\t\t<\/span><!-- \/.media-icon -->\t\t\t<\/div><!-- \/.ld-media-content -->\n\n\t\t<\/div><!-- \/.ld-media-item-overlay -->\n\n\t\t<a href=\"https:\/\/www.youtube.com\/watch?v=y_XnuvyzpPA\" class=\"liquid-overlay-link fresco\" data-fresco-group=\"ld-1539866554963-b5f22642-dcd4\"><\/a>\n\t<\/div><!-- \/.ld-media-item -->\n\n<\/div><!-- \/.col-md-3 --><\/p>\n<\/div><!-- \/.ld-media-row -->\n\n\n<style>.ld_spacer_6a093b5be4cf3{height:100px;}<\/style>\n<div class=\"ld-empty-space ld_spacer_6a093b5be4cf3\"><span class=\"liquid_empty_space_inner\"><\/span><\/div><style>.ld_fancy_heading_6a093b5be50ed .lqd-highlight-inner{height:0.275em;bottom:0px;}<\/style><div class=\"ld-fancy-heading text-center ld_fancy_heading_6a093b5be50ed\">\n\t<h3 class=\"lqd-highlight-underline lqd-highlight-grow-left\" ><span class=\"ld-fh-txt\"> <\/p>\n<p style=\"text-align: center\"><strong><a href=\"https:\/\/stargazer.one\/\">www.stargazer.one<\/a><\/strong><\/p>\n<p><\/span><\/h3><\/div><style>.ld_spacer_6a093b5bea329{height:100px;}<\/style>\n<div class=\"ld-empty-space ld_spacer_6a093b5bea329\"><span class=\"liquid_empty_space_inner\"><\/span><\/div>[\/vc_column][\/vc_row][vc_row][vc_column]<style>.ld_spacer_6a093b5bea694{height:100px;}<\/style>\n<div class=\"ld-empty-space ld_spacer_6a093b5bea694\"><span class=\"liquid_empty_space_inner\"><\/span><\/div>[\/vc_column][\/vc_row]<\/p>\n<\/div>","protected":false},"excerpt":{"rendered":"<p>[vc_row][vc_column][vc_single_image image=\u00bb12397&#8243; img_size=\u00bbmedium\u00bb alignment=\u00bbcenter\u00bb][vc_column_text] \u201cStargazer\u201d es una instalaci\u00f3n h\u00edbrida profundamente participativa, que consta de dos&#8230;<\/p>\n","protected":false},"author":2,"featured_media":0,"parent":0,"menu_order":0,"comment_status":"closed","ping_status":"closed","template":"","meta":{"footnotes":""},"featured_image_urls":{"full":"","thumbnail":"","medium":"","medium_large":"","large":"","1536x1536":"","2048x2048":"","awb_sm":"","awb_md":"","awb_lg":"","awb_xl":"","liquid-default-blog":"","liquid-standard-blog":"","liquid-featured-blog":"","liquid-rounded-blog":"","liquid-classic-meta-blog":"","liquid-classic-2-blog":"","liquid-grid":"","liquid-split-blog":"","liquid-classic-full-blog":"","liquid-metro-blog":"","liquid-timeline-blog":"","liquid-carousel-blog":"","liquid-square-blog":"","liquid-candy-blog":"","liquid-category-blog":"","liquid-cover-post":"","liquid-default-post":"","liquid-cover-spaced":"","liquid-masonry-shortest":"","liquid-masonry-short":"","liquid-masonry-tall":"","liquid-masonry-taller":"","liquid-medium":"","liquid-large":"","liquid-thumbnail":"","liquid-masonry-header-small":"","liquid-masonry-header-big":"","liquid-thumbnail-post":"","liquid-small-blog":"","liquid-related-post":"","liquid-portfolio":"","liquid-portfolio-sq":"","liquid-portfolio-big-sq":"","liquid-portfolio-portrait":"","liquid-portfolio-wide":"","liquid-packery-wide":"","liquid-packery-portrait":"","liquid-grid-hover-overlay":"","liquid-grid-hover-classic":"","liquid-grid-hover-3d":"","liquid-grid-caption":"","liquid-large-slider":"","liquid-widget":"","liquid-portfolio-vertical-overlay":""},"post_excerpt_stackable":"<p>[vc_row][vc_column] STARGAZER [vc_single_image image=\u00bb12397&#8243; img_size=\u00bbmedium\u00bb alignment=\u00bbcenter\u00bb] [vc_column_text] \u201cStargazer\u201d es una instalaci\u00f3n h\u00edbrida profundamente participativa, que consta de dos partes complementarias y conectadas: un misterioso mundo de realidad virtual accesible globalmente en Mozilla Hubs y un sitio de proyecci\u00f3n esf\u00e9rica en Barcelona. Alienta a los asistentes a la exploraci\u00f3n espacial y a un compromiso profundo, a atravesar una frontera entre el mundo virtual y el f\u00edsico y conectarse con alguien del otro lado: los visitantes de Ars Electronica de todo el mundo pueden conocer e interactuar con la gente local en Barcelona visitando el espacio en Mozilla Hubs e interactuando con&hellip;<\/p>\n","category_list":"","author_info":{"name":"vitor","url":"https:\/\/www.immensiva.com\/es\/author\/vitor\/"},"comments_num":"0 comentarios","yoast_head":"<!-- This site is optimized with the Yoast SEO plugin v22.5 - https:\/\/yoast.com\/wordpress\/plugins\/seo\/ -->\n<title>Stargazer: Una experiencia inmersiva \u00fanica | Immensiva<\/title>\n<meta name=\"description\" content=\"Una innovadora instalaci\u00f3n participativa que permite atravesar la frontera entre el mundo virtual y el f\u00edsico y conectarse con el otro lado.\" \/>\n<meta name=\"robots\" content=\"index, follow, max-snippet:-1, max-image-preview:large, max-video-preview:-1\" \/>\n<link rel=\"canonical\" href=\"https:\/\/www.immensiva.com\/es\/stargazer\/\" \/>\n<meta property=\"og:locale\" content=\"es_ES\" \/>\n<meta property=\"og:type\" content=\"article\" \/>\n<meta property=\"og:title\" content=\"Stargazer: Una experiencia inmersiva \u00fanica | Immensiva\" \/>\n<meta property=\"og:description\" content=\"Una innovadora instalaci\u00f3n participativa que permite atravesar la frontera entre el mundo virtual y el f\u00edsico y conectarse con el otro lado.\" \/>\n<meta property=\"og:url\" content=\"https:\/\/www.immensiva.com\/es\/stargazer\/\" \/>\n<meta property=\"og:site_name\" content=\"IMMENSIVA\" \/>\n<meta property=\"article:modified_time\" content=\"2024-04-15T07:35:52+00:00\" \/>\n<meta name=\"twitter:card\" content=\"summary_large_image\" \/>\n<meta name=\"twitter:label1\" content=\"Tiempo de lectura\" \/>\n\t<meta name=\"twitter:data1\" content=\"1 minuto\" \/>\n<script type=\"application\/ld+json\" class=\"yoast-schema-graph\">{\"@context\":\"https:\/\/schema.org\",\"@graph\":[{\"@type\":\"WebPage\",\"@id\":\"https:\/\/www.immensiva.com\/es\/stargazer\/\",\"url\":\"https:\/\/www.immensiva.com\/es\/stargazer\/\",\"name\":\"Stargazer: Una experiencia inmersiva \u00fanica | Immensiva\",\"isPartOf\":{\"@id\":\"https:\/\/www.immensiva.com\/#website\"},\"datePublished\":\"2021-04-09T16:52:18+00:00\",\"dateModified\":\"2024-04-15T07:35:52+00:00\",\"description\":\"Una innovadora instalaci\u00f3n participativa que permite atravesar la frontera entre el mundo virtual y el f\u00edsico y conectarse con el otro lado.\",\"breadcrumb\":{\"@id\":\"https:\/\/www.immensiva.com\/es\/stargazer\/#breadcrumb\"},\"inLanguage\":\"es\",\"potentialAction\":[{\"@type\":\"ReadAction\",\"target\":[\"https:\/\/www.immensiva.com\/es\/stargazer\/\"]}]},{\"@type\":\"BreadcrumbList\",\"@id\":\"https:\/\/www.immensiva.com\/es\/stargazer\/#breadcrumb\",\"itemListElement\":[{\"@type\":\"ListItem\",\"position\":1,\"name\":\"Home\",\"item\":\"https:\/\/www.immensiva.com\/es\/\"},{\"@type\":\"ListItem\",\"position\":2,\"name\":\"STARGAZER\"}]},{\"@type\":\"WebSite\",\"@id\":\"https:\/\/www.immensiva.com\/#website\",\"url\":\"https:\/\/www.immensiva.com\/\",\"name\":\"IMMENSIVA\",\"description\":\"Focusing on VR, AR, XR art &amp; AI art\",\"potentialAction\":[{\"@type\":\"SearchAction\",\"target\":{\"@type\":\"EntryPoint\",\"urlTemplate\":\"https:\/\/www.immensiva.com\/?s={search_term_string}\"},\"query-input\":\"required name=search_term_string\"}],\"inLanguage\":\"es\"}]}<\/script>\n<!-- \/ Yoast SEO plugin. -->","yoast_head_json":{"title":"Stargazer: Una experiencia inmersiva \u00fanica | Immensiva","description":"Una innovadora instalaci\u00f3n participativa que permite atravesar la frontera entre el mundo virtual y el f\u00edsico y conectarse con el otro lado.","robots":{"index":"index","follow":"follow","max-snippet":"max-snippet:-1","max-image-preview":"max-image-preview:large","max-video-preview":"max-video-preview:-1"},"canonical":"https:\/\/www.immensiva.com\/es\/stargazer\/","og_locale":"es_ES","og_type":"article","og_title":"Stargazer: Una experiencia inmersiva \u00fanica | Immensiva","og_description":"Una innovadora instalaci\u00f3n participativa que permite atravesar la frontera entre el mundo virtual y el f\u00edsico y conectarse con el otro lado.","og_url":"https:\/\/www.immensiva.com\/es\/stargazer\/","og_site_name":"IMMENSIVA","article_modified_time":"2024-04-15T07:35:52+00:00","twitter_card":"summary_large_image","twitter_misc":{"Tiempo de lectura":"1 minuto"},"schema":{"@context":"https:\/\/schema.org","@graph":[{"@type":"WebPage","@id":"https:\/\/www.immensiva.com\/es\/stargazer\/","url":"https:\/\/www.immensiva.com\/es\/stargazer\/","name":"Stargazer: Una experiencia inmersiva \u00fanica | Immensiva","isPartOf":{"@id":"https:\/\/www.immensiva.com\/#website"},"datePublished":"2021-04-09T16:52:18+00:00","dateModified":"2024-04-15T07:35:52+00:00","description":"Una innovadora instalaci\u00f3n participativa que permite atravesar la frontera entre el mundo virtual y el f\u00edsico y conectarse con el otro lado.","breadcrumb":{"@id":"https:\/\/www.immensiva.com\/es\/stargazer\/#breadcrumb"},"inLanguage":"es","potentialAction":[{"@type":"ReadAction","target":["https:\/\/www.immensiva.com\/es\/stargazer\/"]}]},{"@type":"BreadcrumbList","@id":"https:\/\/www.immensiva.com\/es\/stargazer\/#breadcrumb","itemListElement":[{"@type":"ListItem","position":1,"name":"Home","item":"https:\/\/www.immensiva.com\/es\/"},{"@type":"ListItem","position":2,"name":"STARGAZER"}]},{"@type":"WebSite","@id":"https:\/\/www.immensiva.com\/#website","url":"https:\/\/www.immensiva.com\/","name":"IMMENSIVA","description":"Focusing on VR, AR, XR art &amp; AI art","potentialAction":[{"@type":"SearchAction","target":{"@type":"EntryPoint","urlTemplate":"https:\/\/www.immensiva.com\/?s={search_term_string}"},"query-input":"required name=search_term_string"}],"inLanguage":"es"}]}},"_links":{"self":[{"href":"https:\/\/www.immensiva.com\/es\/wp-json\/wp\/v2\/pages\/9711"}],"collection":[{"href":"https:\/\/www.immensiva.com\/es\/wp-json\/wp\/v2\/pages"}],"about":[{"href":"https:\/\/www.immensiva.com\/es\/wp-json\/wp\/v2\/types\/page"}],"author":[{"embeddable":true,"href":"https:\/\/www.immensiva.com\/es\/wp-json\/wp\/v2\/users\/2"}],"replies":[{"embeddable":true,"href":"https:\/\/www.immensiva.com\/es\/wp-json\/wp\/v2\/comments?post=9711"}],"version-history":[{"count":14,"href":"https:\/\/www.immensiva.com\/es\/wp-json\/wp\/v2\/pages\/9711\/revisions"}],"predecessor-version":[{"id":12625,"href":"https:\/\/www.immensiva.com\/es\/wp-json\/wp\/v2\/pages\/9711\/revisions\/12625"}],"wp:attachment":[{"href":"https:\/\/www.immensiva.com\/es\/wp-json\/wp\/v2\/media?parent=9711"}],"curies":[{"name":"wp","href":"https:\/\/api.w.org\/{rel}","templated":true}]}}