{"id":9761,"date":"2021-03-29T23:10:58","date_gmt":"2021-03-29T21:10:58","guid":{"rendered":"https:\/\/www.immensiva.com\/immensiva-open-call-2021\/"},"modified":"2024-04-13T07:46:45","modified_gmt":"2024-04-13T05:46:45","slug":"immensiva-open-call-2021","status":"publish","type":"page","link":"https:\/\/www.immensiva.com\/es\/immensiva-open-call-2021\/","title":{"rendered":"IMMENSIVA OPEN CALL 2021"},"content":{"rendered":"<div class=\"wpb-content-wrapper\"><p>[vc_row][vc_column]<style>.ld_spacer_69e051549125b{height:200px;}<\/style>\n<div class=\"ld-empty-space ld_spacer_69e051549125b\"><span class=\"liquid_empty_space_inner\"><\/span><\/div>[vc_single_image image=\u00bb12547&#8243; img_size=\u00bbfull\u00bb alignment=\u00bbcenter\u00bb css=\u00bb\u00bb]<style>.ld_spacer_69e051549131d{height:100px;}<\/style>\n<div class=\"ld-empty-space ld_spacer_69e051549131d\"><span class=\"liquid_empty_space_inner\"><\/span><\/div>[vc_column_text]<span style=\"font-size: 21px;\"><strong>RESIDENCIAS INTERNACIONALES IMMENSIVA 2021<\/strong><\/span><\/p>\n<p>&nbsp;<\/p>\n<p><strong>PRE-RESIDENCIAS, 1 al 15 de mayo de 2021<\/strong> en varias \u00e1reas \/ ciudades:<\/p>\n<p>Mil\u00e1n, Par\u00eds, Londres, Innsbruck, Rotterdam, Estambul, Helsinki y Nueva York.<\/p>\n<p><strong>RESIDENCIA INTERNACIONAL, 17 de mayo de 2021 al 20 de junio de 2021<\/strong> en Barcelona.<\/p>\n<p>&nbsp;<\/p>\n<p>ESPRONCEDA &#8211; Instituto de Arte y Cultura, lanza una convocatoria abierta internacional de residencias de artistas que se desarrolla en dos fases, una residencia local interconectada durante 2 semanas y una residencia final todos juntos en Barcelona (3-4 semanas).<\/p>\n<p>Este programa de residencias se realiza en colaboraci\u00f3n con socios internacionales:<\/p>\n<p>MEET Digital Culture Center, IRCAM, Aalto Studios, Dashboard, V2, Helsinki XR Center, .\/studio3 Institute for Experimental Architecture, Karma Lab, University for the Creative Arts, Actualizado Art Studio y Hard Disk Museum.<\/p>\n<p>\u00bfEres un artista (visual, musical, int\u00e9rprete) \/ creativo \/ codificador \/ mente curiosa interesado en co-crear proyectos inmersivos e interactivos utilizando las tecnolog\u00edas m\u00e1s avanzadas: VR, IA, proyecci\u00f3n 360, sonido 3D, esc\u00e1neres de c\u00e1mara y sensores?<\/p>\n<p>La convocatoria est\u00e1 abierta <strong>hasta el 15 de abril de 2021<\/strong>, pocos d\u00edas para postularse pero grandes posibilidades.<\/p>\n<p><strong>Formulario de aplicaci\u00f3n:<\/strong><\/p>\n<p><a href=\"https:\/\/docs.google.com\/forms\/d\/e\/1FAIpQLSczl7hW02rPRtLHO962xwVqYgXRRrha_NeenmTgKCPkl8BVaA\/viewform?usp=sf_link\">https:\/\/docs.google.com\/forms\/d\/e\/1FAIpQLSczl7hW02rPRtLHO962xwVqYgXRRrha_NeenmTgKCPkl8BVaA\/viewform?usp=sf_link<\/a><\/p>\n<p>&nbsp;<\/p>\n<p><strong>La residencia incluye:<\/strong><\/p>\n<p>Pre-residencias locales:<\/p>\n<ol>\n<li style=\"font-weight: 400;\" aria-level=\"1\">Tutor\u00eda de un profesional que guiar\u00e1 a su equipo en los primeros pasos del proyecto.<\/li>\n<li style=\"font-weight: 400;\" aria-level=\"1\">Colaboraci\u00f3n con instituciones locales para utilizar sus equipos, pidiendo asesoramiento o realizando una primera prueba del proyecto grupal.<\/li>\n<li style=\"font-weight: 400;\" aria-level=\"1\">Acceso gratuito a los webinars online.<\/li>\n<li style=\"font-weight: 400;\" aria-level=\"1\">Invitaci\u00f3n a la plataforma IMMENSIVA VR.<\/li>\n<li style=\"font-weight: 400;\" aria-level=\"1\">Trabajar en red con instituciones y profesionales internacionales.<\/li>\n<\/ol>\n<p>&nbsp;<\/p>\n<p>Residencia en Barcelona:<\/p>\n<ol>\n<li style=\"font-weight: 400;\" aria-level=\"1\">Espacio de trabajo con acceso de todo el equipamiento t\u00e9cnico de Espronceda.<\/li>\n<li style=\"font-weight: 400;\" aria-level=\"1\">Alojamiento en casas de artistas de Espronceda.<\/li>\n<li style=\"font-weight: 400;\" aria-level=\"1\">Participaci\u00f3n en talleres organizados por expertos en IA, sonido 3D, experiencias inmersivas, etc.<\/li>\n<li style=\"font-weight: 400;\" aria-level=\"1\">Visitas organizadas a espacios creativos y centros de Arte de la ciudad.<\/li>\n<li style=\"font-weight: 400;\" aria-level=\"1\">Participaci\u00f3n en la exposici\u00f3n final.<\/li>\n<li style=\"font-weight: 400;\" aria-level=\"1\">Entorno seguro para Covid.<\/li>\n<\/ol>\n<p>&nbsp;<\/p>\n<p><strong>La residencia no incluye:<\/strong><\/p>\n<ol>\n<li style=\"font-weight: 400;\" aria-level=\"1\">Precio de viaje. Te ayudaremos a conseguir una beca de programas de movilidad internacional.<\/li>\n<li style=\"font-weight: 400;\" aria-level=\"1\">Estipendios o tarifas.<\/li>\n<li style=\"font-weight: 400;\" aria-level=\"1\">Seguros.<\/li>\n<\/ol>\n<p>[\/vc_column_text]<style>.ld_spacer_69e05154913b0{height:100px;}<\/style>\n<div class=\"ld-empty-space ld_spacer_69e05154913b0\"><span class=\"liquid_empty_space_inner\"><\/span><\/div>[\/vc_column][\/vc_row]<\/p>\n<\/div>","protected":false},"excerpt":{"rendered":"<p>[vc_row][vc_column][vc_single_image image=\u00bb12547&#8243; img_size=\u00bbfull\u00bb alignment=\u00bbcenter\u00bb css=\u00bb\u00bb][vc_column_text]RESIDENCIAS INTERNACIONALES IMMENSIVA 2021 &nbsp; PRE-RESIDENCIAS, 1 al 15 de mayo&#8230;<\/p>\n","protected":false},"author":2,"featured_media":0,"parent":0,"menu_order":0,"comment_status":"closed","ping_status":"closed","template":"","meta":{"footnotes":""},"featured_image_urls":{"full":"","thumbnail":"","medium":"","medium_large":"","large":"","1536x1536":"","2048x2048":"","awb_sm":"","awb_md":"","awb_lg":"","awb_xl":"","liquid-default-blog":"","liquid-standard-blog":"","liquid-featured-blog":"","liquid-rounded-blog":"","liquid-classic-meta-blog":"","liquid-classic-2-blog":"","liquid-grid":"","liquid-split-blog":"","liquid-classic-full-blog":"","liquid-metro-blog":"","liquid-timeline-blog":"","liquid-carousel-blog":"","liquid-square-blog":"","liquid-candy-blog":"","liquid-category-blog":"","liquid-cover-post":"","liquid-default-post":"","liquid-cover-spaced":"","liquid-masonry-shortest":"","liquid-masonry-short":"","liquid-masonry-tall":"","liquid-masonry-taller":"","liquid-medium":"","liquid-large":"","liquid-thumbnail":"","liquid-masonry-header-small":"","liquid-masonry-header-big":"","liquid-thumbnail-post":"","liquid-small-blog":"","liquid-related-post":"","liquid-portfolio":"","liquid-portfolio-sq":"","liquid-portfolio-big-sq":"","liquid-portfolio-portrait":"","liquid-portfolio-wide":"","liquid-packery-wide":"","liquid-packery-portrait":"","liquid-grid-hover-overlay":"","liquid-grid-hover-classic":"","liquid-grid-hover-3d":"","liquid-grid-caption":"","liquid-large-slider":"","liquid-widget":"","liquid-portfolio-vertical-overlay":""},"post_excerpt_stackable":"<p>[vc_row][vc_column] [vc_single_image image=\u00bb12547&#8243; img_size=\u00bbfull\u00bb alignment=\u00bbcenter\u00bb css=\u00bb\u00bb] [vc_column_text]RESIDENCIAS INTERNACIONALES IMMENSIVA 2021 &nbsp; PRE-RESIDENCIAS, 1 al 15 de mayo de 2021 en varias \u00e1reas \/ ciudades: Mil\u00e1n, Par\u00eds, Londres, Innsbruck, Rotterdam, Estambul, Helsinki y Nueva York. RESIDENCIA INTERNACIONAL, 17 de mayo de 2021 al 20 de junio de 2021 en Barcelona. &nbsp; ESPRONCEDA &#8211; Instituto de Arte y Cultura, lanza una convocatoria abierta internacional de residencias de artistas que se desarrolla en dos fases, una residencia local interconectada durante 2 semanas y una residencia final todos juntos en Barcelona (3-4 semanas). Este programa de residencias se realiza en colaboraci\u00f3n con socios internacionales:&hellip;<\/p>\n","category_list":"","author_info":{"name":"vitor","url":"https:\/\/www.immensiva.com\/es\/author\/vitor\/"},"comments_num":"0 comentarios","yoast_head":"<!-- This site is optimized with the Yoast SEO plugin v22.5 - https:\/\/yoast.com\/wordpress\/plugins\/seo\/ -->\n<title>Immensiva Open Call 2021 - Residencia Internacional<\/title>\n<meta name=\"description\" content=\"Programa dirigido a artistas, creativos, programadores y mentes curiosas. VR, AI, proyecci\u00f3n 360\u00ba, sonido 3D y mucho m\u00e1s.\" \/>\n<meta name=\"robots\" content=\"index, follow, max-snippet:-1, max-image-preview:large, max-video-preview:-1\" \/>\n<link rel=\"canonical\" href=\"https:\/\/www.immensiva.com\/es\/immensiva-open-call-2021\/\" \/>\n<meta property=\"og:locale\" content=\"es_ES\" \/>\n<meta property=\"og:type\" content=\"article\" \/>\n<meta property=\"og:title\" content=\"Immensiva Open Call 2021 - Residencia Internacional\" \/>\n<meta property=\"og:description\" content=\"Programa dirigido a artistas, creativos, programadores y mentes curiosas. VR, AI, proyecci\u00f3n 360\u00ba, sonido 3D y mucho m\u00e1s.\" \/>\n<meta property=\"og:url\" content=\"https:\/\/www.immensiva.com\/es\/immensiva-open-call-2021\/\" \/>\n<meta property=\"og:site_name\" content=\"IMMENSIVA\" \/>\n<meta property=\"article:modified_time\" content=\"2024-04-13T05:46:45+00:00\" \/>\n<meta name=\"twitter:card\" content=\"summary_large_image\" \/>\n<meta name=\"twitter:label1\" content=\"Tiempo de lectura\" \/>\n\t<meta name=\"twitter:data1\" content=\"2 minutos\" \/>\n<script type=\"application\/ld+json\" class=\"yoast-schema-graph\">{\"@context\":\"https:\/\/schema.org\",\"@graph\":[{\"@type\":\"WebPage\",\"@id\":\"https:\/\/www.immensiva.com\/es\/immensiva-open-call-2021\/\",\"url\":\"https:\/\/www.immensiva.com\/es\/immensiva-open-call-2021\/\",\"name\":\"Immensiva Open Call 2021 - Residencia Internacional\",\"isPartOf\":{\"@id\":\"https:\/\/www.immensiva.com\/#website\"},\"datePublished\":\"2021-03-29T21:10:58+00:00\",\"dateModified\":\"2024-04-13T05:46:45+00:00\",\"description\":\"Programa dirigido a artistas, creativos, programadores y mentes curiosas. VR, AI, proyecci\u00f3n 360\u00ba, sonido 3D y mucho m\u00e1s.\",\"breadcrumb\":{\"@id\":\"https:\/\/www.immensiva.com\/es\/immensiva-open-call-2021\/#breadcrumb\"},\"inLanguage\":\"es\",\"potentialAction\":[{\"@type\":\"ReadAction\",\"target\":[\"https:\/\/www.immensiva.com\/es\/immensiva-open-call-2021\/\"]}]},{\"@type\":\"BreadcrumbList\",\"@id\":\"https:\/\/www.immensiva.com\/es\/immensiva-open-call-2021\/#breadcrumb\",\"itemListElement\":[{\"@type\":\"ListItem\",\"position\":1,\"name\":\"Home\",\"item\":\"https:\/\/www.immensiva.com\/es\/\"},{\"@type\":\"ListItem\",\"position\":2,\"name\":\"IMMENSIVA OPEN CALL 2021\"}]},{\"@type\":\"WebSite\",\"@id\":\"https:\/\/www.immensiva.com\/#website\",\"url\":\"https:\/\/www.immensiva.com\/\",\"name\":\"IMMENSIVA\",\"description\":\"Focusing on VR, AR, XR art &amp; AI art\",\"potentialAction\":[{\"@type\":\"SearchAction\",\"target\":{\"@type\":\"EntryPoint\",\"urlTemplate\":\"https:\/\/www.immensiva.com\/?s={search_term_string}\"},\"query-input\":\"required name=search_term_string\"}],\"inLanguage\":\"es\"}]}<\/script>\n<!-- \/ Yoast SEO plugin. -->","yoast_head_json":{"title":"Immensiva Open Call 2021 - Residencia Internacional","description":"Programa dirigido a artistas, creativos, programadores y mentes curiosas. VR, AI, proyecci\u00f3n 360\u00ba, sonido 3D y mucho m\u00e1s.","robots":{"index":"index","follow":"follow","max-snippet":"max-snippet:-1","max-image-preview":"max-image-preview:large","max-video-preview":"max-video-preview:-1"},"canonical":"https:\/\/www.immensiva.com\/es\/immensiva-open-call-2021\/","og_locale":"es_ES","og_type":"article","og_title":"Immensiva Open Call 2021 - Residencia Internacional","og_description":"Programa dirigido a artistas, creativos, programadores y mentes curiosas. VR, AI, proyecci\u00f3n 360\u00ba, sonido 3D y mucho m\u00e1s.","og_url":"https:\/\/www.immensiva.com\/es\/immensiva-open-call-2021\/","og_site_name":"IMMENSIVA","article_modified_time":"2024-04-13T05:46:45+00:00","twitter_card":"summary_large_image","twitter_misc":{"Tiempo de lectura":"2 minutos"},"schema":{"@context":"https:\/\/schema.org","@graph":[{"@type":"WebPage","@id":"https:\/\/www.immensiva.com\/es\/immensiva-open-call-2021\/","url":"https:\/\/www.immensiva.com\/es\/immensiva-open-call-2021\/","name":"Immensiva Open Call 2021 - Residencia Internacional","isPartOf":{"@id":"https:\/\/www.immensiva.com\/#website"},"datePublished":"2021-03-29T21:10:58+00:00","dateModified":"2024-04-13T05:46:45+00:00","description":"Programa dirigido a artistas, creativos, programadores y mentes curiosas. VR, AI, proyecci\u00f3n 360\u00ba, sonido 3D y mucho m\u00e1s.","breadcrumb":{"@id":"https:\/\/www.immensiva.com\/es\/immensiva-open-call-2021\/#breadcrumb"},"inLanguage":"es","potentialAction":[{"@type":"ReadAction","target":["https:\/\/www.immensiva.com\/es\/immensiva-open-call-2021\/"]}]},{"@type":"BreadcrumbList","@id":"https:\/\/www.immensiva.com\/es\/immensiva-open-call-2021\/#breadcrumb","itemListElement":[{"@type":"ListItem","position":1,"name":"Home","item":"https:\/\/www.immensiva.com\/es\/"},{"@type":"ListItem","position":2,"name":"IMMENSIVA OPEN CALL 2021"}]},{"@type":"WebSite","@id":"https:\/\/www.immensiva.com\/#website","url":"https:\/\/www.immensiva.com\/","name":"IMMENSIVA","description":"Focusing on VR, AR, XR art &amp; AI art","potentialAction":[{"@type":"SearchAction","target":{"@type":"EntryPoint","urlTemplate":"https:\/\/www.immensiva.com\/?s={search_term_string}"},"query-input":"required name=search_term_string"}],"inLanguage":"es"}]}},"_links":{"self":[{"href":"https:\/\/www.immensiva.com\/es\/wp-json\/wp\/v2\/pages\/9761"}],"collection":[{"href":"https:\/\/www.immensiva.com\/es\/wp-json\/wp\/v2\/pages"}],"about":[{"href":"https:\/\/www.immensiva.com\/es\/wp-json\/wp\/v2\/types\/page"}],"author":[{"embeddable":true,"href":"https:\/\/www.immensiva.com\/es\/wp-json\/wp\/v2\/users\/2"}],"replies":[{"embeddable":true,"href":"https:\/\/www.immensiva.com\/es\/wp-json\/wp\/v2\/comments?post=9761"}],"version-history":[{"count":5,"href":"https:\/\/www.immensiva.com\/es\/wp-json\/wp\/v2\/pages\/9761\/revisions"}],"predecessor-version":[{"id":12619,"href":"https:\/\/www.immensiva.com\/es\/wp-json\/wp\/v2\/pages\/9761\/revisions\/12619"}],"wp:attachment":[{"href":"https:\/\/www.immensiva.com\/es\/wp-json\/wp\/v2\/media?parent=9761"}],"curies":[{"name":"wp","href":"https:\/\/api.w.org\/{rel}","templated":true}]}}